{"id":1077,"date":"2019-12-31T11:35:04","date_gmt":"2019-12-31T10:35:04","guid":{"rendered":"http:\/\/ladoration.fr\/vanicet\/?page_id=1077"},"modified":"2019-12-31T11:36:40","modified_gmt":"2019-12-31T10:36:40","slug":"videos-2","status":"publish","type":"page","link":"http:\/\/ladoration.fr\/vanicet\/videos-2\/","title":{"rendered":"Films"},"content":{"rendered":"<p><span class=\"embed-youtube\" style=\"text-align:center; display: block;\"><iframe class=\"youtube-player\" width=\"900\" height=\"507\" src=\"https:\/\/www.youtube.com\/embed\/qzAucTYRODQ?version=3&#038;rel=1&#038;showsearch=0&#038;showinfo=1&#038;iv_load_policy=1&#038;fs=1&#038;hl=fr-FR&#038;autohide=2&#038;wmode=transparent\" allowfullscreen=\"true\" style=\"border:0;\" sandbox=\"allow-scripts allow-same-origin allow-popups allow-presentation allow-popups-to-escape-sandbox\"><\/iframe><\/span><\/p>\n<p style=\"text-align: center;\">\u00ab\u00a0Victor Anicet, c\u00e9ramiste et artiste martiniquais\u00a0\u00bb, Full Duck Productions \/ Mosaic Media, 2008.&nbsp;&nbsp;<strong><br \/>\nPour commander ce film visiter <a href=\"http:\/\/www.fullduck.com\/\" target=\"_blank\" rel=\"noopener noreferrer\">www.fullduck.com<\/a> ou <a href=\"http:\/\/www.mosaicmedias.net\/\" target=\"_blank\" rel=\"noopener noreferrer\">www.MosaicMedias.net<\/a><\/strong>.<\/p>\n<p><span class=\"embed-youtube\" style=\"text-align:center; display: block;\"><iframe class=\"youtube-player\" width=\"900\" height=\"507\" src=\"https:\/\/www.youtube.com\/embed\/EYtUAriDkOY?version=3&#038;rel=1&#038;showsearch=0&#038;showinfo=1&#038;iv_load_policy=1&#038;fs=1&#038;hl=fr-FR&#038;autohide=2&#038;wmode=transparent\" allowfullscreen=\"true\" style=\"border:0;\" sandbox=\"allow-scripts allow-same-origin allow-popups allow-presentation allow-popups-to-escape-sandbox\"><\/iframe><\/span><\/p>\n<p style=\"text-align: center;\">Film de Michel G. Traor\u00e9, <em>portrait de Victor Anicet<\/em>.<\/p>\n<p><span class=\"embed-youtube\" style=\"text-align:center; display: block;\"><iframe class=\"youtube-player\" width=\"900\" height=\"507\" src=\"https:\/\/www.youtube.com\/embed\/Z5jC3EUPwjU?version=3&#038;rel=1&#038;showsearch=0&#038;showinfo=1&#038;iv_load_policy=1&#038;fs=1&#038;hl=fr-FR&#038;autohide=2&#038;wmode=transparent\" allowfullscreen=\"true\" style=\"border:0;\" sandbox=\"allow-scripts allow-same-origin allow-popups allow-presentation allow-popups-to-escape-sandbox\"><\/iframe><\/span><\/p>\n<p style=\"text-align: center;\">Une vid\u00e9o de&nbsp;<a href=\"https:\/\/www.youtube.com\/channel\/UCLsmNdkjNkOyj7sfTmEf0mQ\" target=\"_blank\" rel=\"noopener\">Rhum HSE<\/a>.<\/p>\n<figure><a href=\"https:\/\/www.youtube.com\/watch?v=jGSBZm39iRc\" target=\"_blank\"><img fetchpriority=\"high\" decoding=\"async\" width=\"1005\" height=\"254\" src=\"http:\/\/ladoration.fr\/vanicet\/wp-content\/uploads\/2018\/04\/Aica.png\" alt=\"Ent\u00eate du site de l'AICA, Association Internationale des critiques d'art\" srcset=\"http:\/\/ladoration.fr\/vanicet\/wp-content\/uploads\/2018\/04\/Aica.png 1005w, http:\/\/ladoration.fr\/vanicet\/wp-content\/uploads\/2018\/04\/Aica-300x76.png 300w, http:\/\/ladoration.fr\/vanicet\/wp-content\/uploads\/2018\/04\/Aica-768x194.png 768w\" sizes=\"(max-width: 1005px) 100vw, 1005px\"><\/a><\/figure>\n<h3><a href=\"https:\/\/www.youtube.com\/watch?v=jGSBZm39iRc\" target=\"_blank\">Cliquer sur l&rsquo;image pour voir &nbsp;la vid\u00e9o que l&rsquo;AICA consacre \u00e0 Victor Anicet<\/a><\/h3>\n<p>Voir aussi <a href=\"http:\/\/ladoration.fr\/vanicet\/sculptures\/la-vision-du-vaincu\/\" target=\"_blank\" rel=\"noopener\">le film sur la vision du vaincu<\/a><\/p>\n<p>Voir aussi <a href=\"http:\/\/ladoration.fr\/vanicet\/sculptures\/le-fer-et-la-croix\/\" target=\"_blank\" rel=\"noopener\">le film sur la sculpture \u00ab\u00a0le fer et la croix\u00a0\u00bb<\/a><\/p>\n","protected":false},"excerpt":{"rendered":"<p>\u00ab\u00a0Victor Anicet, c\u00e9ramiste et artiste martiniquais\u00a0\u00bb, Full Duck Productions \/ Mosaic Media, 2008.&nbsp;&nbsp; Pour commander ce film visiter www.fullduck.com ou www.MosaicMedias.net. Film de Michel G. Traor\u00e9, portrait de Victor Anicet. Une vid\u00e9o de&nbsp;Rhum HSE. Cliquer sur l&rsquo;image pour voir &nbsp;la vid\u00e9o que l&rsquo;AICA consacre \u00e0 Victor Anicet Voir aussi le film sur la vision du [&hellip;]<\/p>\n","protected":false},"author":1,"featured_media":0,"parent":0,"menu_order":0,"comment_status":"closed","ping_status":"closed","template":"","meta":{"jetpack_post_was_ever_published":false,"footnotes":""},"class_list":["post-1077","page","type-page","status-publish","hentry","blog-blocks-layout","blog-style-postblock","","blog-alt-odd"],"yoast_head":"<!-- This site is optimized with the Yoast SEO plugin v23.0 - https:\/\/yoast.com\/wordpress\/plugins\/seo\/ -->\n<title>Vid\u00e9os sur l&#039;artiste martiniquais Victor Anicet et son travail.<\/title>\n<meta name=\"description\" content=\"Pour mieux cerner et comprendre le travail de Victor Anicet, regardez les vid\u00e9os qui montrent cet homme et artiste martiniquais\" \/>\n<meta name=\"robots\" content=\"index, follow, max-snippet:-1, max-image-preview:large, max-video-preview:-1\" \/>\n<link rel=\"canonical\" href=\"https:\/\/ladoration.fr\/vanicet\/videos-2\/\" \/>\n<meta property=\"og:locale\" content=\"fr_FR\" \/>\n<meta property=\"og:type\" content=\"article\" \/>\n<meta property=\"og:title\" content=\"Vid\u00e9os sur l&#039;artiste martiniquais Victor Anicet et son travail.\" \/>\n<meta property=\"og:description\" content=\"Pour mieux cerner et comprendre le travail de Victor Anicet, regardez les vid\u00e9os qui montrent cet homme et artiste martiniquais\" \/>\n<meta property=\"og:url\" content=\"https:\/\/ladoration.fr\/vanicet\/videos-2\/\" \/>\n<meta property=\"og:site_name\" content=\"Victor Anicet\" \/>\n<meta property=\"article:modified_time\" content=\"2019-12-31T10:36:40+00:00\" \/>\n<meta property=\"og:image\" content=\"http:\/\/ladoration.fr\/vanicet\/wp-content\/uploads\/2018\/04\/Aica.png\" \/>\n<meta name=\"twitter:card\" content=\"summary_large_image\" \/>\n<script type=\"application\/ld+json\" class=\"yoast-schema-graph\">{\"@context\":\"https:\/\/schema.org\",\"@graph\":[{\"@type\":\"WebPage\",\"@id\":\"https:\/\/ladoration.fr\/vanicet\/videos-2\/\",\"url\":\"https:\/\/ladoration.fr\/vanicet\/videos-2\/\",\"name\":\"Vid\u00e9os sur l'artiste martiniquais Victor Anicet et son travail.\",\"isPartOf\":{\"@id\":\"http:\/\/ladoration.fr\/vanicet\/#website\"},\"primaryImageOfPage\":{\"@id\":\"https:\/\/ladoration.fr\/vanicet\/videos-2\/#primaryimage\"},\"image\":{\"@id\":\"https:\/\/ladoration.fr\/vanicet\/videos-2\/#primaryimage\"},\"thumbnailUrl\":\"http:\/\/ladoration.fr\/vanicet\/wp-content\/uploads\/2018\/04\/Aica.png\",\"datePublished\":\"2019-12-31T10:35:04+00:00\",\"dateModified\":\"2019-12-31T10:36:40+00:00\",\"description\":\"Pour mieux cerner et comprendre le travail de Victor Anicet, regardez les vid\u00e9os qui montrent cet homme et artiste martiniquais\",\"breadcrumb\":{\"@id\":\"https:\/\/ladoration.fr\/vanicet\/videos-2\/#breadcrumb\"},\"inLanguage\":\"fr-FR\",\"potentialAction\":[{\"@type\":\"ReadAction\",\"target\":[\"https:\/\/ladoration.fr\/vanicet\/videos-2\/\"]}]},{\"@type\":\"ImageObject\",\"inLanguage\":\"fr-FR\",\"@id\":\"https:\/\/ladoration.fr\/vanicet\/videos-2\/#primaryimage\",\"url\":\"http:\/\/ladoration.fr\/vanicet\/wp-content\/uploads\/2018\/04\/Aica.png\",\"contentUrl\":\"http:\/\/ladoration.fr\/vanicet\/wp-content\/uploads\/2018\/04\/Aica.png\",\"width\":1005,\"height\":254,\"caption\":\"Ent\u00eate du site de l'AICA, Association Internationale des critiques d'art\"},{\"@type\":\"BreadcrumbList\",\"@id\":\"https:\/\/ladoration.fr\/vanicet\/videos-2\/#breadcrumb\",\"itemListElement\":[{\"@type\":\"ListItem\",\"position\":1,\"name\":\"Accueil\",\"item\":\"http:\/\/ladoration.fr\/vanicet\/\"},{\"@type\":\"ListItem\",\"position\":2,\"name\":\"Films\"}]},{\"@type\":\"WebSite\",\"@id\":\"http:\/\/ladoration.fr\/vanicet\/#website\",\"url\":\"http:\/\/ladoration.fr\/vanicet\/\",\"name\":\"Victor Anicet\",\"description\":\"Biface dit C\u00e9saire dans la Trag\u00e9die du Roi Christophe en pensant \u00e0 Janus, deux t\u00eates, deux directions, le pass\u00e9 et l&#039;Avenir\",\"potentialAction\":[{\"@type\":\"SearchAction\",\"target\":{\"@type\":\"EntryPoint\",\"urlTemplate\":\"http:\/\/ladoration.fr\/vanicet\/?s={search_term_string}\"},\"query-input\":\"required name=search_term_string\"}],\"inLanguage\":\"fr-FR\"}]}<\/script>\n<!-- \/ Yoast SEO plugin. -->","yoast_head_json":{"title":"Vid\u00e9os sur l'artiste martiniquais Victor Anicet et son travail.","description":"Pour mieux cerner et comprendre le travail de Victor Anicet, regardez les vid\u00e9os qui montrent cet homme et artiste martiniquais","robots":{"index":"index","follow":"follow","max-snippet":"max-snippet:-1","max-image-preview":"max-image-preview:large","max-video-preview":"max-video-preview:-1"},"canonical":"https:\/\/ladoration.fr\/vanicet\/videos-2\/","og_locale":"fr_FR","og_type":"article","og_title":"Vid\u00e9os sur l'artiste martiniquais Victor Anicet et son travail.","og_description":"Pour mieux cerner et comprendre le travail de Victor Anicet, regardez les vid\u00e9os qui montrent cet homme et artiste martiniquais","og_url":"https:\/\/ladoration.fr\/vanicet\/videos-2\/","og_site_name":"Victor Anicet","article_modified_time":"2019-12-31T10:36:40+00:00","og_image":[{"url":"http:\/\/ladoration.fr\/vanicet\/wp-content\/uploads\/2018\/04\/Aica.png"}],"twitter_card":"summary_large_image","schema":{"@context":"https:\/\/schema.org","@graph":[{"@type":"WebPage","@id":"https:\/\/ladoration.fr\/vanicet\/videos-2\/","url":"https:\/\/ladoration.fr\/vanicet\/videos-2\/","name":"Vid\u00e9os sur l'artiste martiniquais Victor Anicet et son travail.","isPartOf":{"@id":"http:\/\/ladoration.fr\/vanicet\/#website"},"primaryImageOfPage":{"@id":"https:\/\/ladoration.fr\/vanicet\/videos-2\/#primaryimage"},"image":{"@id":"https:\/\/ladoration.fr\/vanicet\/videos-2\/#primaryimage"},"thumbnailUrl":"http:\/\/ladoration.fr\/vanicet\/wp-content\/uploads\/2018\/04\/Aica.png","datePublished":"2019-12-31T10:35:04+00:00","dateModified":"2019-12-31T10:36:40+00:00","description":"Pour mieux cerner et comprendre le travail de Victor Anicet, regardez les vid\u00e9os qui montrent cet homme et artiste martiniquais","breadcrumb":{"@id":"https:\/\/ladoration.fr\/vanicet\/videos-2\/#breadcrumb"},"inLanguage":"fr-FR","potentialAction":[{"@type":"ReadAction","target":["https:\/\/ladoration.fr\/vanicet\/videos-2\/"]}]},{"@type":"ImageObject","inLanguage":"fr-FR","@id":"https:\/\/ladoration.fr\/vanicet\/videos-2\/#primaryimage","url":"http:\/\/ladoration.fr\/vanicet\/wp-content\/uploads\/2018\/04\/Aica.png","contentUrl":"http:\/\/ladoration.fr\/vanicet\/wp-content\/uploads\/2018\/04\/Aica.png","width":1005,"height":254,"caption":"Ent\u00eate du site de l'AICA, Association Internationale des critiques d'art"},{"@type":"BreadcrumbList","@id":"https:\/\/ladoration.fr\/vanicet\/videos-2\/#breadcrumb","itemListElement":[{"@type":"ListItem","position":1,"name":"Accueil","item":"http:\/\/ladoration.fr\/vanicet\/"},{"@type":"ListItem","position":2,"name":"Films"}]},{"@type":"WebSite","@id":"http:\/\/ladoration.fr\/vanicet\/#website","url":"http:\/\/ladoration.fr\/vanicet\/","name":"Victor Anicet","description":"Biface dit C\u00e9saire dans la Trag\u00e9die du Roi Christophe en pensant \u00e0 Janus, deux t\u00eates, deux directions, le pass\u00e9 et l&#039;Avenir","potentialAction":[{"@type":"SearchAction","target":{"@type":"EntryPoint","urlTemplate":"http:\/\/ladoration.fr\/vanicet\/?s={search_term_string}"},"query-input":"required name=search_term_string"}],"inLanguage":"fr-FR"}]}},"jetpack_sharing_enabled":true,"jetpack_shortlink":"https:\/\/wp.me\/Pax50O-hn","_links":{"self":[{"href":"http:\/\/ladoration.fr\/vanicet\/wp-json\/wp\/v2\/pages\/1077","targetHints":{"allow":["GET"]}}],"collection":[{"href":"http:\/\/ladoration.fr\/vanicet\/wp-json\/wp\/v2\/pages"}],"about":[{"href":"http:\/\/ladoration.fr\/vanicet\/wp-json\/wp\/v2\/types\/page"}],"author":[{"embeddable":true,"href":"http:\/\/ladoration.fr\/vanicet\/wp-json\/wp\/v2\/users\/1"}],"replies":[{"embeddable":true,"href":"http:\/\/ladoration.fr\/vanicet\/wp-json\/wp\/v2\/comments?post=1077"}],"version-history":[{"count":1,"href":"http:\/\/ladoration.fr\/vanicet\/wp-json\/wp\/v2\/pages\/1077\/revisions"}],"predecessor-version":[{"id":1078,"href":"http:\/\/ladoration.fr\/vanicet\/wp-json\/wp\/v2\/pages\/1077\/revisions\/1078"}],"wp:attachment":[{"href":"http:\/\/ladoration.fr\/vanicet\/wp-json\/wp\/v2\/media?parent=1077"}],"curies":[{"name":"wp","href":"https:\/\/api.w.org\/{rel}","templated":true}]}}