{"id":124,"date":"2018-04-03T11:05:22","date_gmt":"2018-04-03T09:05:22","guid":{"rendered":"http:\/\/ladoration.fr\/vanicet\/?page_id=124"},"modified":"2018-04-05T13:58:25","modified_gmt":"2018-04-05T11:58:25","slug":"culture-et-artisanat-victor-anicet","status":"publish","type":"page","link":"http:\/\/ladoration.fr\/vanicet\/textes\/culture-et-artisanat-victor-anicet\/","title":{"rendered":"Culture et Artisanat (Victor Anicet)"},"content":{"rendered":"\t\t<div data-elementor-type=\"wp-post\" data-elementor-id=\"124\" class=\"elementor elementor-124 elementor-bc-flex-widget\">\n\t\t\t\t\t\t<section class=\"elementor-section elementor-top-section elementor-element elementor-element-158aa95c elementor-section-boxed elementor-section-height-default elementor-section-height-default\" data-id=\"158aa95c\" data-element_type=\"section\">\n\t\t\t\t\t\t<div class=\"elementor-container elementor-column-gap-default\">\n\t\t\t\t\t<div class=\"elementor-column elementor-col-100 elementor-top-column elementor-element elementor-element-7c59d658\" data-id=\"7c59d658\" data-element_type=\"column\">\n\t\t\t<div class=\"elementor-widget-wrap elementor-element-populated\">\n\t\t\t\t\t\t<div class=\"elementor-element elementor-element-32ad47a2 elementor-widget elementor-widget-text-editor\" data-id=\"32ad47a2\" data-element_type=\"widget\" data-widget_type=\"text-editor.default\">\n\t\t\t\t<div class=\"elementor-widget-container\">\n\t\t\t\t\t\t\t<h1 style=\"text-align: center;\">Culture et Artisanat (Victor Anicet)<\/h1>\t\t\t\t\t\t<\/div>\n\t\t\t\t<\/div>\n\t\t\t\t<div class=\"elementor-element elementor-element-1a43384d elementor-widget elementor-widget-text-editor\" data-id=\"1a43384d\" data-element_type=\"widget\" data-widget_type=\"text-editor.default\">\n\t\t\t\t<div class=\"elementor-widget-container\">\n\t\t\t\t\t\t\t<p style=\"text-align: center;\"><span style=\"font-size: 14pt;\">I<\/span><\/p><p><span style=\"font-size: 14pt;\">N\u00e9 en Martinique, dans un village de p\u00eacheurs, cern\u00e9 de champs de cannes, le Marigot commune du Nord\u00a0Atlantique, j\u2019en ai longtemps parcouru les campagnes avec insouciance jusqu\u2019au jour o\u00f9 \u00e0 l\u2019instigation de\u00a0Monsieur Fran\u00e7ois de Reynal, j\u2019ai accompagn\u00e9 au quartier dit de \u00ab\u00a0l\u2019Adoration\u00a0\u00bb le tr\u00e8s regrett\u00e9 P\u00e8re Pinchon,<\/span><\/p><p><span style=\"font-size: 14pt;\">l\u2019initiateur des recherches arch\u00e9ologiques en Martinique, lequel grattant le sol a mis au jour en ma pr\u00e9sence des\u00a0fragments de poterie. Gr\u00e2ce \u00e0 ses explications, j\u2019ai d\u00e9couvert avec \u00e9merveillement que bien avant l\u2019arriv\u00e9e des\u00a0Europ\u00e9ens\u00a0; puis des noirs, une civilisation avait exist\u00e9 dans notre \u00eele, les Am\u00e9rindiens, en particulier dans ce site\u00a0privil\u00e9gi\u00e9 et en avait laiss\u00e9 des traces plastiques.<\/span><\/p><p><span style=\"font-size: 14pt;\">J\u2019avais d\u00e9couvert qu\u2019\u00e0 notre peuple multiracial (europ\u00e9en, africain, indien, chinois,\u00a0am\u00e9ricain disait le regrett\u00e9 romancier Vincent Placoly, tout un aspect de notre\u00a0patrimoine avait \u00e9t\u00e9 occult\u00e9.<\/span><\/p><p><span style=\"font-size: 14pt;\">Rappelons-nous cette citation d\u2019Eduardo Gal\u00e9ano \u00ab\u00a0Pour que quelque n\u2019existe pas, il\u00a0suffit de d\u00e9cr\u00e9ter de sa non existence.\u00a0\u00bb<\/span><\/p><p><span style=\"font-size: 14pt;\">Quelle est la part de l\u2019artiste contemporain vivant dans nos soci\u00e9t\u00e9s o\u00f9 volontairement\u00a0des pans de notre histoire ont \u00e9t\u00e9 occult\u00e9s, tronqu\u00e9s.<\/span><\/p><p><span style=\"font-size: 14pt;\">Ces peuples de l\u2019Avant ont laiss\u00e9 derri\u00e8re eux un champ de ruines\u00a0turbulentes parce qu\u2019elles ne cessent de nous troubler, nous interpeller, nous d\u00e9caler, je\u00a0parle ici, bien s\u00fbr, de la notion de temps.\u00a0Ces ruines nous d\u00e9calent par rapport \u00e0 notre pr\u00e9sent.<\/span><\/p><p><span style=\"font-size: 14pt;\">Et c\u2019est au profane, \u00e0 l\u2019artiste de se m\u00e9tamorphoser, non pas en chaman, mais en de se\u00a0faire qu\u00eateur d\u2019ombres, qu\u00eateur de sens.<\/span><\/p><p><span style=\"font-size: 14pt;\">C\u2019est \u00e0 l\u2019artiste contemporain de pratiquer les rites de passage. La cha\u00eene tragique a \u00e9t\u00e9\u00a0rompue, la fonction de l\u2019artiste est le d\u00e9voilement de cet aper\u00e7u\u00a0; car l\u2019\u00eele est un\u00a0r\u00e9servoir de secrets.<\/span><\/p><p><span style=\"font-size: 14pt;\">Sur nos terres traqu\u00e9es, nous sommes des d\u00e9port\u00e9s.<\/span><\/p><p><span style=\"font-size: 14pt;\">Je voudrais reconna\u00eetre, conna\u00eetre et appr\u00e9hender. Avoir la cl\u00e9\u00a0; mais ma qu\u00eate est vaine et\u00a0d\u00e9risoire. Moi le producteur d\u2019images, je suis au seuil des mondes et je voudrais \u00eatre le\u00a0t\u00e9moin du passage\u00a0: un passeur. Restituer, non pas reconstituer. Restituer au plus grand\u00a0nombre les traces que j\u2019ai cru avoir d\u00e9cel\u00e9es.<\/span><\/p><p><span style=\"font-size: 14pt;\">Il y a des lignes \u00e0 relier, des points \u00e0 marquer, il y a tant de mondes \u00e0 explorer dans nos \u00eeles.<\/span><\/p><p><span style=\"font-size: 14pt;\">L\u2019artiste doit redistribuer, en de nouvelles donnes, cet h\u00e9ritage d\u2019ombres et de fracas.<\/span><\/p><p><span style=\"font-size: 14pt;\">Conna\u00eetre tous les \u00e9l\u00e9ments (ou composants) du m\u00e9tissage de ce peuple cr\u00e9ole\u00a0: cara\u00efbe, europ\u00e9en, africain,\u00a0indien, chinois et leur interpr\u00e9tation dans notre v\u00e9cu actuel.<\/span><\/p><p><span style=\"font-size: 14pt;\">Il faut reconstituer la voile bris\u00e9e. T\u00e2che gigantesque mais empreinte d\u2019humilit\u00e9. Les signes peuvent \u00eatre\u00a0recharg\u00e9s de nos propres esp\u00e9rances, de notre propre tragique.<\/span><\/p><p><span style=\"font-size: 14pt;\">\u00ab\u00a0Nos barques sont ouvertes pour tous, nous les naviguons\u00a0\u00bb Edouard GLISSANT<\/span><\/p><p><span style=\"font-size: 14pt;\">Empruntons \u00e0 notre tour les gommiers, hissons la voile mosa\u00efque et allons \u00e0 la d\u00e9couverte de nos mondes.<\/span><\/p><p style=\"text-align: center;\"><span style=\"font-size: 14pt;\">II <\/span><\/p><p><span style=\"font-size: 14pt;\">La Culture\u00a0 \u00ab\u00a0c\u2019est l\u2019ensemble des caract\u00e8res propres \u00e0 la vie intellectuelle, artistique, morale\u00a0et religieuse d\u2019une soci\u00e9t\u00e9\u00a0\u00bb\u00a0; mais c\u2019est aussi \u00ab\u00a0l\u2019ensemble des objets produits par un groupe\u00a0social\u00a0\u00bb<\/span><\/p><p><span style=\"font-size: 14pt;\">N\u00e9cessairement donc, toute culture est inscrite dans son environnement historique et doit y\u00a0baigner pour pouvoir \u00e9voluer et \u00eatre un moyen de d\u00e9veloppement d\u2019une soci\u00e9t\u00e9.<\/span><\/p><p><span style=\"font-size: 14pt;\">Une des composantes de la culture est l\u2019Artisanat<\/span><\/p><p><span style=\"font-size: 14pt;\">Il faudrait \u00e9viter un artisanat coup\u00e9 de nos racines, qui aurait tendance \u00e0 flatter le go\u00fbt de\u00a0l\u2019exotisme. Or l\u2019Artisanat, produit de notre culture doit \u00eatre avant tout un ensemble d\u2019objets utilitaires\u00a0: Les intentions \u00e0 l\u2019origine des \u0153uvres sont diverses\u00a0: fonctions religieuses ou\u00a0mythiques, support de la m\u00e9moire collective, besoin de conjurer les forces ext\u00e9rieures devant\u00a0lesquelles l\u2019homme \u00e9prouve de la crainte. L\u2019artisan est donc au service de la communaut\u00e9<\/span><\/p><p><span style=\"font-size: 14pt;\">Le mat\u00e9riau ARGILE me permet un langage propre gr\u00e2ce \u00e0 son champ technique\u00a0(pr\u00e9paration, modelage, colombinage, plaque, \u00e9maillage, cuisson etc..)Il y a l\u00e0 une richesse\u00a0illimit\u00e9e. Le champ plastique est d\u2019expression et exp\u00e9rimental. Je puise dans mon\u00a0environnement le plus proche la recherche de la forme\u00a0: la mer, le gommier et, les signes\u00a0dans l\u2019Art de l\u2019AVANT.<\/span><\/p><p><span style=\"font-size: 14pt;\">Je souhaite que la forme puisse se suffire \u00e0 elle-m\u00eame, soit tendue surtout quand il y a\u00a0l\u2019emploi de, la terre chamott\u00e9e Autre cas, c\u2019est la teinture qui nous ram\u00e8ne \u00e0 la nature ou\u00a0encore l\u2019\u00e9mail blanc, la \u00ab\u00a0 non couleur\u00a0\u00bb, cet \u00e9mail stanif\u00e8re qui est une couche vitrifi\u00e9e, \u00e0\u00a0base d\u2019oxyde de plomb et de silice,rendue blanche et opaque par la pr\u00e9sence de sel d\u2019\u00e9tain<\/span><\/p><p><span style=\"font-size: 14pt;\">Victor ANICET<\/span><\/p><p><span style=\"font-size: 14pt;\">Schoelcher Septembre 2006<\/span><\/p>\t\t\t\t\t\t<\/div>\n\t\t\t\t<\/div>\n\t\t\t\t\t<\/div>\n\t\t<\/div>\n\t\t\t\t\t<\/div>\n\t\t<\/section>\n\t\t\t\t<section class=\"elementor-section elementor-top-section elementor-element elementor-element-990946a elementor-section-boxed elementor-section-height-default elementor-section-height-default\" data-id=\"990946a\" data-element_type=\"section\">\n\t\t\t\t\t\t<div class=\"elementor-container elementor-column-gap-default\">\n\t\t\t\t\t<div class=\"elementor-column elementor-col-100 elementor-top-column elementor-element elementor-element-bc4c686\" data-id=\"bc4c686\" data-element_type=\"column\">\n\t\t\t<div class=\"elementor-widget-wrap elementor-element-populated\">\n\t\t\t\t\t\t<div class=\"elementor-element elementor-element-7bc2a02 elementor-widget elementor-widget-text-editor\" data-id=\"7bc2a02\" data-element_type=\"widget\" data-widget_type=\"text-editor.default\">\n\t\t\t\t<div class=\"elementor-widget-container\">\n\t\t\t\t\t\t\t<p style=\"text-align: left;\"><span style=\"font-size: 14pt;\">Autres textes de Victor Anicet:<\/span><\/p><p style=\"text-align: left;\"><span style=\"font-size: 14pt;\"> <a href=\"http:\/\/ladoration.fr\/vanicet\/index.php\/textes\/150-ans-apres-lesclavage-sommes-nous-libres-anicet\/\" target=\"_blank\" rel=\"noopener\">150 ans apr\u00e8s l&rsquo;esclavage, sommes-nous <\/a><\/span><span style=\"font-size: 14pt;\"><a href=\"http:\/\/ladoration.fr\/vanicet\/index.php\/textes\/150-ans-apres-lesclavage-sommes-nous-libres-anicet\/\" target=\"_blank\" rel=\"noopener\">libres?<\/a><\/span><\/p><p style=\"text-align: left;\"><span style=\"font-size: 14pt;\"><a href=\"http:\/\/ladoration.fr\/vanicet\/index.php\/textes\/discours-dinauguration-a-saint-etienne-le-21-mai-2014\/\" target=\"_blank\" rel=\"noopener\">Discours d&rsquo;inauguration \u00e0 Saint Etienne le 21 mai 2014<\/a><\/span><\/p><p style=\"text-align: left;\"><span style=\"font-size: 14pt;\"><a href=\"http:\/\/ladoration.fr\/vanicet\/index.php\/textes\/les-arts-amerindiens-et-lart-contemporain-anicet\/\" target=\"_blank\" rel=\"noopener\">Les arts am\u00e9rindiens et l&rsquo;art contemporain<\/a><\/span><\/p><p style=\"text-align: left;\">\u00a0<\/p>\t\t\t\t\t\t<\/div>\n\t\t\t\t<\/div>\n\t\t\t\t<div class=\"elementor-element elementor-element-1edec9ec elementor-widget elementor-widget-text-editor\" data-id=\"1edec9ec\" data-element_type=\"widget\" data-widget_type=\"text-editor.default\">\n\t\t\t\t<div class=\"elementor-widget-container\">\n\t\t\t\t\t\t\t<p style=\"text-align: left;\"><a href=\"http:\/\/ladoration.fr\/vanicet\/index.php\/biographie-demarche\/\" target=\"_blank\" rel=\"noopener\"><span style=\"font-size: 14pt;\">Biographie de Victor Anicet<\/span><\/a><\/p>\t\t\t\t\t\t<\/div>\n\t\t\t\t<\/div>\n\t\t\t\t\t<\/div>\n\t\t<\/div>\n\t\t\t\t\t<\/div>\n\t\t<\/section>\n\t\t\t\t<\/div>\n\t\t","protected":false},"excerpt":{"rendered":"<p>Culture et Artisanat (Victor Anicet) I N\u00e9 en Martinique, dans un village de p\u00eacheurs, cern\u00e9 de champs de cannes, le Marigot commune du Nord\u00a0Atlantique, j\u2019en ai longtemps parcouru les campagnes avec insouciance jusqu\u2019au jour o\u00f9 \u00e0 l\u2019instigation de\u00a0Monsieur Fran\u00e7ois de Reynal, j\u2019ai accompagn\u00e9 au quartier dit de \u00ab\u00a0l\u2019Adoration\u00a0\u00bb le tr\u00e8s regrett\u00e9 P\u00e8re Pinchon, l\u2019initiateur des [&hellip;]<\/p>\n","protected":false},"author":1,"featured_media":0,"parent":96,"menu_order":0,"comment_status":"closed","ping_status":"closed","template":"","meta":{"jetpack_post_was_ever_published":false,"footnotes":""},"class_list":["post-124","page","type-page","status-publish","hentry","blog-blocks-layout","blog-style-postblock","","blog-alt-odd"],"yoast_head":"<!-- This site is optimized with the Yoast SEO plugin v23.0 - https:\/\/yoast.com\/wordpress\/plugins\/seo\/ -->\n<title>Culture et artisanat, une r\u00e9flexion de Victor Anicet sur le r\u00f4le de l&#039;artiste<\/title>\n<meta name=\"description\" content=\"Culture et artisanat, une r\u00e9flexion de Victor Anicet sur le r\u00f4le de l&#039;artiste contemporain dans des soci\u00e9t\u00e9s o\u00f9 &quot;volontairement des pans entiers de notre histoire ont \u00e9t\u00e9 occult\u00e9s, tronqu\u00e9s.&quot;\" \/>\n<meta name=\"robots\" content=\"index, follow, max-snippet:-1, max-image-preview:large, max-video-preview:-1\" \/>\n<link rel=\"canonical\" href=\"http:\/\/ladoration.fr\/vanicet\/textes\/culture-et-artisanat-victor-anicet\/\" \/>\n<meta property=\"og:locale\" content=\"fr_FR\" \/>\n<meta property=\"og:type\" content=\"article\" \/>\n<meta property=\"og:title\" content=\"Culture et artisanat, une r\u00e9flexion de Victor Anicet sur le r\u00f4le de l&#039;artiste\" \/>\n<meta property=\"og:description\" content=\"Culture et artisanat, une r\u00e9flexion de Victor Anicet sur le r\u00f4le de l&#039;artiste contemporain dans des soci\u00e9t\u00e9s o\u00f9 &quot;volontairement des pans entiers de notre histoire ont \u00e9t\u00e9 occult\u00e9s, tronqu\u00e9s.&quot;\" \/>\n<meta property=\"og:url\" content=\"http:\/\/ladoration.fr\/vanicet\/textes\/culture-et-artisanat-victor-anicet\/\" \/>\n<meta property=\"og:site_name\" content=\"Victor Anicet\" \/>\n<meta property=\"article:modified_time\" content=\"2018-04-05T11:58:25+00:00\" \/>\n<meta name=\"twitter:card\" content=\"summary_large_image\" \/>\n<meta name=\"twitter:label1\" content=\"Dur\u00e9e de lecture estim\u00e9e\" \/>\n\t<meta name=\"twitter:data1\" content=\"4 minutes\" \/>\n<script type=\"application\/ld+json\" class=\"yoast-schema-graph\">{\"@context\":\"https:\/\/schema.org\",\"@graph\":[{\"@type\":\"WebPage\",\"@id\":\"http:\/\/ladoration.fr\/vanicet\/textes\/culture-et-artisanat-victor-anicet\/\",\"url\":\"http:\/\/ladoration.fr\/vanicet\/textes\/culture-et-artisanat-victor-anicet\/\",\"name\":\"Culture et artisanat, une r\u00e9flexion de Victor Anicet sur le r\u00f4le de l'artiste\",\"isPartOf\":{\"@id\":\"http:\/\/ladoration.fr\/vanicet\/#website\"},\"datePublished\":\"2018-04-03T09:05:22+00:00\",\"dateModified\":\"2018-04-05T11:58:25+00:00\",\"description\":\"Culture et artisanat, une r\u00e9flexion de Victor Anicet sur le r\u00f4le de l'artiste contemporain dans des soci\u00e9t\u00e9s o\u00f9 \\\"volontairement des pans entiers de notre histoire ont \u00e9t\u00e9 occult\u00e9s, tronqu\u00e9s.\\\"\",\"breadcrumb\":{\"@id\":\"http:\/\/ladoration.fr\/vanicet\/textes\/culture-et-artisanat-victor-anicet\/#breadcrumb\"},\"inLanguage\":\"fr-FR\",\"potentialAction\":[{\"@type\":\"ReadAction\",\"target\":[\"http:\/\/ladoration.fr\/vanicet\/textes\/culture-et-artisanat-victor-anicet\/\"]}]},{\"@type\":\"BreadcrumbList\",\"@id\":\"http:\/\/ladoration.fr\/vanicet\/textes\/culture-et-artisanat-victor-anicet\/#breadcrumb\",\"itemListElement\":[{\"@type\":\"ListItem\",\"position\":1,\"name\":\"Accueil\",\"item\":\"http:\/\/ladoration.fr\/vanicet\/\"},{\"@type\":\"ListItem\",\"position\":2,\"name\":\"Textes\",\"item\":\"http:\/\/ladoration.fr\/vanicet\/textes\/\"},{\"@type\":\"ListItem\",\"position\":3,\"name\":\"Culture et Artisanat (Victor Anicet)\"}]},{\"@type\":\"WebSite\",\"@id\":\"http:\/\/ladoration.fr\/vanicet\/#website\",\"url\":\"http:\/\/ladoration.fr\/vanicet\/\",\"name\":\"Victor Anicet\",\"description\":\"Biface dit C\u00e9saire dans la Trag\u00e9die du Roi Christophe en pensant \u00e0 Janus, deux t\u00eates, deux directions, le pass\u00e9 et l&#039;Avenir\",\"potentialAction\":[{\"@type\":\"SearchAction\",\"target\":{\"@type\":\"EntryPoint\",\"urlTemplate\":\"http:\/\/ladoration.fr\/vanicet\/?s={search_term_string}\"},\"query-input\":\"required name=search_term_string\"}],\"inLanguage\":\"fr-FR\"}]}<\/script>\n<!-- \/ Yoast SEO plugin. -->","yoast_head_json":{"title":"Culture et artisanat, une r\u00e9flexion de Victor Anicet sur le r\u00f4le de l'artiste","description":"Culture et artisanat, une r\u00e9flexion de Victor Anicet sur le r\u00f4le de l'artiste contemporain dans des soci\u00e9t\u00e9s o\u00f9 \"volontairement des pans entiers de notre histoire ont \u00e9t\u00e9 occult\u00e9s, tronqu\u00e9s.\"","robots":{"index":"index","follow":"follow","max-snippet":"max-snippet:-1","max-image-preview":"max-image-preview:large","max-video-preview":"max-video-preview:-1"},"canonical":"http:\/\/ladoration.fr\/vanicet\/textes\/culture-et-artisanat-victor-anicet\/","og_locale":"fr_FR","og_type":"article","og_title":"Culture et artisanat, une r\u00e9flexion de Victor Anicet sur le r\u00f4le de l'artiste","og_description":"Culture et artisanat, une r\u00e9flexion de Victor Anicet sur le r\u00f4le de l'artiste contemporain dans des soci\u00e9t\u00e9s o\u00f9 \"volontairement des pans entiers de notre histoire ont \u00e9t\u00e9 occult\u00e9s, tronqu\u00e9s.\"","og_url":"http:\/\/ladoration.fr\/vanicet\/textes\/culture-et-artisanat-victor-anicet\/","og_site_name":"Victor Anicet","article_modified_time":"2018-04-05T11:58:25+00:00","twitter_card":"summary_large_image","twitter_misc":{"Dur\u00e9e de lecture estim\u00e9e":"4 minutes"},"schema":{"@context":"https:\/\/schema.org","@graph":[{"@type":"WebPage","@id":"http:\/\/ladoration.fr\/vanicet\/textes\/culture-et-artisanat-victor-anicet\/","url":"http:\/\/ladoration.fr\/vanicet\/textes\/culture-et-artisanat-victor-anicet\/","name":"Culture et artisanat, une r\u00e9flexion de Victor Anicet sur le r\u00f4le de l'artiste","isPartOf":{"@id":"http:\/\/ladoration.fr\/vanicet\/#website"},"datePublished":"2018-04-03T09:05:22+00:00","dateModified":"2018-04-05T11:58:25+00:00","description":"Culture et artisanat, une r\u00e9flexion de Victor Anicet sur le r\u00f4le de l'artiste contemporain dans des soci\u00e9t\u00e9s o\u00f9 \"volontairement des pans entiers de notre histoire ont \u00e9t\u00e9 occult\u00e9s, tronqu\u00e9s.\"","breadcrumb":{"@id":"http:\/\/ladoration.fr\/vanicet\/textes\/culture-et-artisanat-victor-anicet\/#breadcrumb"},"inLanguage":"fr-FR","potentialAction":[{"@type":"ReadAction","target":["http:\/\/ladoration.fr\/vanicet\/textes\/culture-et-artisanat-victor-anicet\/"]}]},{"@type":"BreadcrumbList","@id":"http:\/\/ladoration.fr\/vanicet\/textes\/culture-et-artisanat-victor-anicet\/#breadcrumb","itemListElement":[{"@type":"ListItem","position":1,"name":"Accueil","item":"http:\/\/ladoration.fr\/vanicet\/"},{"@type":"ListItem","position":2,"name":"Textes","item":"http:\/\/ladoration.fr\/vanicet\/textes\/"},{"@type":"ListItem","position":3,"name":"Culture et Artisanat (Victor Anicet)"}]},{"@type":"WebSite","@id":"http:\/\/ladoration.fr\/vanicet\/#website","url":"http:\/\/ladoration.fr\/vanicet\/","name":"Victor Anicet","description":"Biface dit C\u00e9saire dans la Trag\u00e9die du Roi Christophe en pensant \u00e0 Janus, deux t\u00eates, deux directions, le pass\u00e9 et l&#039;Avenir","potentialAction":[{"@type":"SearchAction","target":{"@type":"EntryPoint","urlTemplate":"http:\/\/ladoration.fr\/vanicet\/?s={search_term_string}"},"query-input":"required name=search_term_string"}],"inLanguage":"fr-FR"}]}},"jetpack_sharing_enabled":true,"jetpack_shortlink":"https:\/\/wp.me\/Pax50O-20","_links":{"self":[{"href":"http:\/\/ladoration.fr\/vanicet\/wp-json\/wp\/v2\/pages\/124","targetHints":{"allow":["GET"]}}],"collection":[{"href":"http:\/\/ladoration.fr\/vanicet\/wp-json\/wp\/v2\/pages"}],"about":[{"href":"http:\/\/ladoration.fr\/vanicet\/wp-json\/wp\/v2\/types\/page"}],"author":[{"embeddable":true,"href":"http:\/\/ladoration.fr\/vanicet\/wp-json\/wp\/v2\/users\/1"}],"replies":[{"embeddable":true,"href":"http:\/\/ladoration.fr\/vanicet\/wp-json\/wp\/v2\/comments?post=124"}],"version-history":[{"count":11,"href":"http:\/\/ladoration.fr\/vanicet\/wp-json\/wp\/v2\/pages\/124\/revisions"}],"predecessor-version":[{"id":311,"href":"http:\/\/ladoration.fr\/vanicet\/wp-json\/wp\/v2\/pages\/124\/revisions\/311"}],"up":[{"embeddable":true,"href":"http:\/\/ladoration.fr\/vanicet\/wp-json\/wp\/v2\/pages\/96"}],"wp:attachment":[{"href":"http:\/\/ladoration.fr\/vanicet\/wp-json\/wp\/v2\/media?parent=124"}],"curies":[{"name":"wp","href":"https:\/\/api.w.org\/{rel}","templated":true}]}}