{"id":158,"date":"2018-04-03T11:34:42","date_gmt":"2018-04-03T09:34:42","guid":{"rendered":"http:\/\/ladoration.fr\/vanicet\/?page_id=158"},"modified":"2019-12-30T18:44:36","modified_gmt":"2019-12-30T17:44:36","slug":"nos-barques-sont-ouvertes-pour-tous-nous-les-naviguons","status":"publish","type":"page","link":"http:\/\/ladoration.fr\/vanicet\/textes\/nos-barques-sont-ouvertes-pour-tous-nous-les-naviguons\/","title":{"rendered":"Nos barques sont ouvertes, pour tous nous les naviguons (E. Glissant)"},"content":{"rendered":"\t\t<div data-elementor-type=\"wp-post\" data-elementor-id=\"158\" class=\"elementor elementor-158 elementor-bc-flex-widget\">\n\t\t\t\t\t\t<section class=\"elementor-section elementor-top-section elementor-element elementor-element-5439a6d3 elementor-section-boxed elementor-section-height-default elementor-section-height-default\" data-id=\"5439a6d3\" data-element_type=\"section\">\n\t\t\t\t\t\t<div class=\"elementor-container elementor-column-gap-default\">\n\t\t\t\t\t<div class=\"elementor-column elementor-col-100 elementor-top-column elementor-element elementor-element-47c98a16\" data-id=\"47c98a16\" data-element_type=\"column\">\n\t\t\t<div class=\"elementor-widget-wrap elementor-element-populated\">\n\t\t\t\t\t\t<div class=\"elementor-element elementor-element-330cbdff elementor-widget elementor-widget-text-editor\" data-id=\"330cbdff\" data-element_type=\"widget\" data-widget_type=\"text-editor.default\">\n\t\t\t\t<div class=\"elementor-widget-container\">\n\t\t\t\t\t\t\t<h1 style=\"text-align: center;\">Nos barques sont ouvertes, pour tous nous les naviguons (E. Glissant)<\/h1>\t\t\t\t\t\t<\/div>\n\t\t\t\t<\/div>\n\t\t\t\t<div class=\"elementor-element elementor-element-73f3bbcd elementor-widget elementor-widget-text-editor\" data-id=\"73f3bbcd\" data-element_type=\"widget\" data-widget_type=\"text-editor.default\">\n\t\t\t\t<div class=\"elementor-widget-container\">\n\t\t\t\t\t\t\t<p><span style=\"font-size: 14pt;\">Hier, veille du 22 mai, date de la comm\u00e9moration de l\u2019abolition de l\u2019esclavage \u00e0 la Martinique \u00e9tait inaugur\u00e9e \u00e0 l\u2019Habitation Saint \u2013 Etienne une \u0153uvre monumentale de Victor Anicet. Cette caravelle, La vision des vaincus, en t\u00f4le noire de trois millim\u00e8tres d\u2019\u00e9paisseur, d\u2019imposante envergure,\u00a0 six m\u00e8tres de long sur trois m\u00e8tres quatre \u2013 vingt de haut, est une commande priv\u00e9e de Florette et Jos\u00e9 Hayot.<\/span><\/p><p><span style=\"font-size: 14pt;\">A l\u2019origine de ce projet,\u00a0 les trois c\u00e9ramiques de Victor Anicet pr\u00e9sent\u00e9es\u00a0 \u00e0 l\u2019or\u00e9e de l\u2019exposition, Les grands projet\u00e9s de l\u2019histoire , en octobre 2012 aux Foudres HSE du Gros \u2013 Morne ( Martinique) .<\/span><\/p><p><span style=\"font-size: 14pt;\">Une phrase d\u2019Edouard Glissant escortait alors l\u2019incarnation contemporaine des trois vaisseaux de Christophe Colomb,\u00a0 La Nina, la Pinta et la Santa Maria\u00a0:<\/span><\/p><p><span style=\"font-size: 14pt;\">Navires vous errez dans l\u2019immobilit\u00e9<\/span><\/p><p><span style=\"font-size: 14pt;\">Seules vous retenez l\u2019eau fruste sur vos reins<\/span><\/p><p><span style=\"font-size: 14pt;\">Lieu sur le rivage o\u00f9 le regard se fortifie (2)<\/span><\/p><p><span style=\"font-size: 14pt;\">De la terre au m\u00e9tal, de l\u2019objet au monument, multiples \u00e9tapes se sont succ\u00e9d\u00e9 \u00a0dans un hangar du Fran\u00e7ois. Modifier l\u2019\u00e9chelle. D\u00e9finir le module ad\u00e9quat de trois cents centim\u00e8tres sur trente.\u00a0 Surmonter les \u00e9cueils\u00a0 techniques,\u00a0 assist\u00e9 de Michel P\u00e9tris, designer, sculpteur en m\u00e9tal, maitrisant les diff\u00e9rentes techniques de soudure. La sculpture sera agr\u00e9ment\u00e9e de rivets type Tour Effel.<\/span><\/p><p><span style=\"font-size: 14pt;\">\u00ab\u00a0 C\u2019est \u00e0 l\u2019artiste\u00a0 contemporain de pratiquer les rites de passage, dit Victor Anicet. La cha\u00eene tragique a \u00e9t\u00e9 rompue. La fonction de l\u2019artiste est le d\u00e9voilement de l\u2019inaper\u00e7u car l\u2019\u00eele est un r\u00e9servoir de secrets.<\/span><\/p><p><span style=\"font-size: 14pt;\">Moi, l\u2019artiste, le producteur d\u2019images, je suis au seuil des mondes et je voudrais \u00eatre le t\u00e9moin du passage\u00a0: un passeur. Restituer, non pas reconstituer. Restituer au plus grand nombre de Martiniquais les traces que j\u2019ai cru avoir d\u00e9cel\u00e9es.\u00a0\u00bb<\/span><\/p><p><span style=\"font-size: 14pt;\">La Restitution est au c\u0153ur de la d\u00e9marche plastique de Victor Anicet\u00a0:<\/span><\/p><p><span style=\"font-size: 14pt;\"><a href=\"http:\/\/aica-sc.net\/2013\/09\/27\/victor-anicet-restitution\/\">http:\/\/aica-sc.net\/2013\/09\/27\/victor-anicet-restitution\/<\/a><\/span><\/p><p><span style=\"font-size: 14pt;\">N\u00e9 au Marigot, commune du Nord Atlantique de la Martinique, Victor Anicet retrouve sa terre natale en 1967 apr\u00e8s des \u00e9tudes \u00e0 l\u2019Ecole des M\u00e9tiers d\u2019art de Paris, aux Arts et M\u00e9tiers et plusieurs ann\u00e9es d\u2019exp\u00e9riences aupr\u00e8s de potiers en France, en Allemagne, en Angleterre. Membre fondateur du groupe Fwomaj\u00e9 d\u00e9di\u00e9 \u00e0 la recherche d\u2019une esth\u00e9tique carib\u00e9enne, il approfondit la veine am\u00e9rindienne\u00a0: \u00ab\u00a0Nous sommes tous des Am\u00e9rindiens. La nasse que tu jettes est am\u00e9rindienne, le lisser des tiges d\u2019amarante pour ton panier est am\u00e9rindien. Le balata que tu nommes est am\u00e9rindien. Nous sommes tous des Am\u00e9rindiens\u00a0\u00bb (3)<\/span><\/p><p><span style=\"font-size: 14pt;\">L\u2019espace public de Martinique accueille plusieurs \u0153uvres de Victor Anicet\u00a0: commandes publiques,\u00a0 commandes priv\u00e9es, 1\u00a0% artistiques.<\/span><\/p><p><span style=\"font-size: 14pt;\">Deux\u00a0 \u0153uvres ont \u00e9t\u00e9 r\u00e9alis\u00e9es dans le cadre du 1\u00a0% artistique, \u00e0 la Tr\u00e9sorerie g\u00e9n\u00e9rale de la Martinique et au Coll\u00e8ge de la Meynard. Le\u00a0 1% artistique,\u00a0\u00a0 proc\u00e9dure sp\u00e9cifique de commande publique d\u2019\u0153uvre d\u2019art offre un cadre original de rencontre entre un commanditaire public, un artiste, un architecte et le public, en dehors des seules\u00a0 institutions d\u00e9di\u00e9es \u00e0 l\u2019art contemporain.<\/span><br \/><span style=\"font-size: 14pt;\">La loi oblige les ma\u00eetres d\u2019ouvrages publics \u00e0 r\u00e9server un pour cent du co\u00fbt de leurs constructions pour la commande ou l\u2019acquisition d\u2019une ou plusieurs \u0153uvres d\u2019art sp\u00e9cialement con\u00e7ues pour le b\u00e2timent. D\u2019abord limit\u00e9 aux b\u00e2timents du minist\u00e8re de l\u2019Education nationale lors de sa cr\u00e9ation en 1951, le dispositif a \u00e9t\u00e9 \u00e9largi et s\u2019impose aujourd\u2019hui \u00e0 la plupart des constructions publiques de l\u2019Etat et \u00e0 celles des collectivit\u00e9s territoriales, dans la limite des comp\u00e9tences qui leur ont \u00e9t\u00e9 transf\u00e9r\u00e9es par les lois de d\u00e9centralisation.<\/span><\/p><p><span style=\"font-size: 14pt;\">L\u2019une d\u2019entre elles, Restitution, a \u00e9t\u00e9 s\u00e9lectionn\u00e9e pour figurer dans l\u2019ouvrage du Minist\u00e8re de la Culture, Editions du Patrimoine \u2013 \u00a0Centre des monuments nationaux, Cent 1\u00a0%, \u00e9dit\u00e9 \u00e0 l\u2019occasion des soixante ans du dispositif.<\/span><\/p><p><span style=\"font-size: 14pt;\">Victor Anicet a \u00e9galement con\u00e7u des vitraux contemporains pour la Cath\u00e9drale de la Ville de Saint Pierre dans le cadre d\u2019une Commande publique d\u00e9centralis\u00e9e du Minist\u00e8re de la Culture. La commande publique est la manifestation d\u2019une volont\u00e9 associant l\u2019Etat (minist\u00e8re de la Culture et de la Communication et des partenaires multiples (collectivit\u00e9s territoriales, \u00e9tablissements publics ou partenaires priv\u00e9s), de contribuer \u00e0 l\u2019enrichissement du cadre de vie et au d\u00e9veloppement du patrimoine national, par la pr\u00e9sence d\u2019\u0153uvres d\u2019art en dehors des institutions sp\u00e9cialis\u00e9es dans le domaine de l\u2019art contemporain. Elle vise \u00e9galement \u00e0 mettre \u00e0 la disposition des artistes un outil leur permettant de r\u00e9aliser des projets dont l\u2019ampleur, les enjeux ou la dimension n\u00e9cessitent des moyens inhabituels.<\/span><\/p><p><span style=\"font-size: 14pt;\">La commande publique d\u00e9signe donc \u00e0 la fois un objet (l\u2019art qui, en sortant de ses espaces r\u00e9serv\u00e9s, cherche \u00e0 rencontrer la population dans ses lieux de vie et dans l\u2019espace public) et une proc\u00e9dure, marqu\u00e9e par diff\u00e9rentes \u00e9tapes, de l\u2019initiative du commanditaire jusqu\u2019\u00e0 la r\u00e9alisation de l\u2019\u0153uvre par l\u2019artiste et sa r\u00e9ception par le public.<\/span><\/p><p><span style=\"font-size: 14pt;\">Par ailleurs, Victor Anicet \u00a0a r\u00e9pondu \u00e0 de nombreuses commandes municipales, \u00e0 Schoelcher, au Marin, \u00e0 Sainte \u2013 Luce, \u00e0 Basse- Pointe comme \u00e0 des commandes priv\u00e9es, pour l\u2019auberge de la Montagne Pel\u00e9e, pour l\u2019\u00e9glise du bourg de la ville de Schoelcher, pour la SATEC, pour l\u2019\u00e9cole municipale de Fond Lahaye.<\/span><\/p><p><span style=\"font-size: 14pt;\">C\u2019est une seizi\u00e8me cr\u00e9ation pour l\u2019espace public de Martinique qui s\u2019ajoute aujourd\u2019hui aux pr\u00e9c\u00e9dentes.<\/span><\/p><p><span style=\"font-size: 14pt;\">\u00ab\u00a0Chacun de nous a besoin de la m\u00e9moire de l\u2019autre, parce qu\u2019il n\u2019y va pas d\u2019une vertu de compassion ou de charit\u00e9, mais d\u2019une lucidit\u00e9 nouvelle dans un processus de la Relation. Et si nous voulons partager la beaut\u00e9 du monde, si nous voulons \u00eatre solidaires de ses souffrances, nous devons apprendre \u00e0 nous souvenir ensemble.\u00a0\u00bb (4)<\/span><\/p><p>\u00a0<\/p><p><span style=\"font-size: 14pt;\">(1) Edouard Glissant, Po\u00e9tique de la relation<\/span><\/p><p><span style=\"font-size: 14pt;\">(2) Edouard Glissant, La Maison des sables<\/span><\/p><p><span style=\"font-size: 14pt;\">(3) Victor Anicet<\/span><\/p><p><span style=\"font-size: 14pt;\">(4) Edouard Glissant<\/span><\/p>\t\t\t\t\t\t<\/div>\n\t\t\t\t<\/div>\n\t\t\t\t<div class=\"elementor-element elementor-element-6f62e80e elementor-widget elementor-widget-text-editor\" data-id=\"6f62e80e\" data-element_type=\"widget\" data-widget_type=\"text-editor.default\">\n\t\t\t\t<div class=\"elementor-widget-container\">\n\t\t\t\t\t\t\t<p><span style=\"font-size: 14pt;\">Sur la m\u00eame th\u00e9matique :<\/span><\/p><p><span style=\"font-size: 14pt;\"><a href=\"http:\/\/aica-sc.net\/2014\/04\/05\/les-traces-amerindiennes-dans-lart-contemporain-caribeen-francophone\/\">Les traces am\u00e9rindiennes dans l\u2019art contemporain carib\u00e9en\u00a0francophone<\/a><\/span><\/p>\t\t\t\t\t\t<\/div>\n\t\t\t\t<\/div>\n\t\t\t\t<div class=\"elementor-element elementor-element-17dc213 elementor-widget elementor-widget-text-editor\" data-id=\"17dc213\" data-element_type=\"widget\" data-widget_type=\"text-editor.default\">\n\t\t\t\t<div class=\"elementor-widget-container\">\n\t\t\t\t\t\t\t<p><a href=\"http:\/\/ladoration.fr\/vanicet\/index.php\/textes\/discours-dinauguration-a-saint-etienne-le-21-mai-2014\/\" target=\"_blank\" rel=\"noopener\"><span style=\"font-size: 14pt;\">Lire sur le m\u00eame sujet: un texte de Victor Anicet<\/span><\/a><\/p>\t\t\t\t\t\t<\/div>\n\t\t\t\t<\/div>\n\t\t\t\t\t<\/div>\n\t\t<\/div>\n\t\t\t\t\t<\/div>\n\t\t<\/section>\n\t\t\t\t<\/div>\n\t\t","protected":false},"excerpt":{"rendered":"<p>Nos barques sont ouvertes, pour tous nous les naviguons (E. Glissant) Hier, veille du 22 mai, date de la comm\u00e9moration de l\u2019abolition de l\u2019esclavage \u00e0 la Martinique \u00e9tait inaugur\u00e9e \u00e0 l\u2019Habitation Saint \u2013 Etienne une \u0153uvre monumentale de Victor Anicet. Cette caravelle, La vision des vaincus, en t\u00f4le noire de trois millim\u00e8tres d\u2019\u00e9paisseur, d\u2019imposante envergure,\u00a0 [&hellip;]<\/p>\n","protected":false},"author":1,"featured_media":0,"parent":96,"menu_order":0,"comment_status":"closed","ping_status":"closed","template":"","meta":{"jetpack_post_was_ever_published":false,"footnotes":""},"class_list":["post-158","page","type-page","status-publish","hentry","blog-blocks-layout","blog-style-postblock","","blog-alt-odd"],"yoast_head":"<!-- This site is optimized with the Yoast SEO plugin v23.0 - https:\/\/yoast.com\/wordpress\/plugins\/seo\/ -->\n<title>Glissant Edouard: a propos du travail de Victor Anicet<\/title>\n<meta name=\"description\" content=\"Glissant Edouard: a propos du travail de Victor Anicet: &quot;La restitution est au coeur de la d\u00e9marche plastique de Victor Anicet\" \/>\n<meta name=\"robots\" content=\"index, follow, max-snippet:-1, max-image-preview:large, max-video-preview:-1\" \/>\n<link rel=\"canonical\" href=\"http:\/\/ladoration.fr\/vanicet\/textes\/nos-barques-sont-ouvertes-pour-tous-nous-les-naviguons\/\" \/>\n<meta property=\"og:locale\" content=\"fr_FR\" \/>\n<meta property=\"og:type\" content=\"article\" \/>\n<meta property=\"og:title\" content=\"Glissant Edouard: a propos du travail de Victor Anicet\" \/>\n<meta property=\"og:description\" content=\"Glissant Edouard: a propos du travail de Victor Anicet: &quot;La restitution est au coeur de la d\u00e9marche plastique de Victor Anicet\" \/>\n<meta property=\"og:url\" content=\"http:\/\/ladoration.fr\/vanicet\/textes\/nos-barques-sont-ouvertes-pour-tous-nous-les-naviguons\/\" \/>\n<meta property=\"og:site_name\" content=\"Victor Anicet\" \/>\n<meta property=\"article:modified_time\" content=\"2019-12-30T17:44:36+00:00\" \/>\n<meta name=\"twitter:card\" content=\"summary_large_image\" \/>\n<meta name=\"twitter:label1\" content=\"Dur\u00e9e de lecture estim\u00e9e\" \/>\n\t<meta name=\"twitter:data1\" content=\"5 minutes\" \/>\n<script type=\"application\/ld+json\" class=\"yoast-schema-graph\">{\"@context\":\"https:\/\/schema.org\",\"@graph\":[{\"@type\":\"WebPage\",\"@id\":\"http:\/\/ladoration.fr\/vanicet\/textes\/nos-barques-sont-ouvertes-pour-tous-nous-les-naviguons\/\",\"url\":\"http:\/\/ladoration.fr\/vanicet\/textes\/nos-barques-sont-ouvertes-pour-tous-nous-les-naviguons\/\",\"name\":\"Glissant Edouard: a propos du travail de Victor Anicet\",\"isPartOf\":{\"@id\":\"http:\/\/ladoration.fr\/vanicet\/#website\"},\"datePublished\":\"2018-04-03T09:34:42+00:00\",\"dateModified\":\"2019-12-30T17:44:36+00:00\",\"description\":\"Glissant Edouard: a propos du travail de Victor Anicet: \\\"La restitution est au coeur de la d\u00e9marche plastique de Victor Anicet\",\"breadcrumb\":{\"@id\":\"http:\/\/ladoration.fr\/vanicet\/textes\/nos-barques-sont-ouvertes-pour-tous-nous-les-naviguons\/#breadcrumb\"},\"inLanguage\":\"fr-FR\",\"potentialAction\":[{\"@type\":\"ReadAction\",\"target\":[\"http:\/\/ladoration.fr\/vanicet\/textes\/nos-barques-sont-ouvertes-pour-tous-nous-les-naviguons\/\"]}]},{\"@type\":\"BreadcrumbList\",\"@id\":\"http:\/\/ladoration.fr\/vanicet\/textes\/nos-barques-sont-ouvertes-pour-tous-nous-les-naviguons\/#breadcrumb\",\"itemListElement\":[{\"@type\":\"ListItem\",\"position\":1,\"name\":\"Accueil\",\"item\":\"http:\/\/ladoration.fr\/vanicet\/\"},{\"@type\":\"ListItem\",\"position\":2,\"name\":\"Textes\",\"item\":\"http:\/\/ladoration.fr\/vanicet\/textes\/\"},{\"@type\":\"ListItem\",\"position\":3,\"name\":\"Nos barques sont ouvertes, pour tous nous les naviguons (E. Glissant)\"}]},{\"@type\":\"WebSite\",\"@id\":\"http:\/\/ladoration.fr\/vanicet\/#website\",\"url\":\"http:\/\/ladoration.fr\/vanicet\/\",\"name\":\"Victor Anicet\",\"description\":\"Biface dit C\u00e9saire dans la Trag\u00e9die du Roi Christophe en pensant \u00e0 Janus, deux t\u00eates, deux directions, le pass\u00e9 et l&#039;Avenir\",\"potentialAction\":[{\"@type\":\"SearchAction\",\"target\":{\"@type\":\"EntryPoint\",\"urlTemplate\":\"http:\/\/ladoration.fr\/vanicet\/?s={search_term_string}\"},\"query-input\":\"required name=search_term_string\"}],\"inLanguage\":\"fr-FR\"}]}<\/script>\n<!-- \/ Yoast SEO plugin. -->","yoast_head_json":{"title":"Glissant Edouard: a propos du travail de Victor Anicet","description":"Glissant Edouard: a propos du travail de Victor Anicet: \"La restitution est au coeur de la d\u00e9marche plastique de Victor Anicet","robots":{"index":"index","follow":"follow","max-snippet":"max-snippet:-1","max-image-preview":"max-image-preview:large","max-video-preview":"max-video-preview:-1"},"canonical":"http:\/\/ladoration.fr\/vanicet\/textes\/nos-barques-sont-ouvertes-pour-tous-nous-les-naviguons\/","og_locale":"fr_FR","og_type":"article","og_title":"Glissant Edouard: a propos du travail de Victor Anicet","og_description":"Glissant Edouard: a propos du travail de Victor Anicet: \"La restitution est au coeur de la d\u00e9marche plastique de Victor Anicet","og_url":"http:\/\/ladoration.fr\/vanicet\/textes\/nos-barques-sont-ouvertes-pour-tous-nous-les-naviguons\/","og_site_name":"Victor Anicet","article_modified_time":"2019-12-30T17:44:36+00:00","twitter_card":"summary_large_image","twitter_misc":{"Dur\u00e9e de lecture estim\u00e9e":"5 minutes"},"schema":{"@context":"https:\/\/schema.org","@graph":[{"@type":"WebPage","@id":"http:\/\/ladoration.fr\/vanicet\/textes\/nos-barques-sont-ouvertes-pour-tous-nous-les-naviguons\/","url":"http:\/\/ladoration.fr\/vanicet\/textes\/nos-barques-sont-ouvertes-pour-tous-nous-les-naviguons\/","name":"Glissant Edouard: a propos du travail de Victor Anicet","isPartOf":{"@id":"http:\/\/ladoration.fr\/vanicet\/#website"},"datePublished":"2018-04-03T09:34:42+00:00","dateModified":"2019-12-30T17:44:36+00:00","description":"Glissant Edouard: a propos du travail de Victor Anicet: \"La restitution est au coeur de la d\u00e9marche plastique de Victor Anicet","breadcrumb":{"@id":"http:\/\/ladoration.fr\/vanicet\/textes\/nos-barques-sont-ouvertes-pour-tous-nous-les-naviguons\/#breadcrumb"},"inLanguage":"fr-FR","potentialAction":[{"@type":"ReadAction","target":["http:\/\/ladoration.fr\/vanicet\/textes\/nos-barques-sont-ouvertes-pour-tous-nous-les-naviguons\/"]}]},{"@type":"BreadcrumbList","@id":"http:\/\/ladoration.fr\/vanicet\/textes\/nos-barques-sont-ouvertes-pour-tous-nous-les-naviguons\/#breadcrumb","itemListElement":[{"@type":"ListItem","position":1,"name":"Accueil","item":"http:\/\/ladoration.fr\/vanicet\/"},{"@type":"ListItem","position":2,"name":"Textes","item":"http:\/\/ladoration.fr\/vanicet\/textes\/"},{"@type":"ListItem","position":3,"name":"Nos barques sont ouvertes, pour tous nous les naviguons (E. Glissant)"}]},{"@type":"WebSite","@id":"http:\/\/ladoration.fr\/vanicet\/#website","url":"http:\/\/ladoration.fr\/vanicet\/","name":"Victor Anicet","description":"Biface dit C\u00e9saire dans la Trag\u00e9die du Roi Christophe en pensant \u00e0 Janus, deux t\u00eates, deux directions, le pass\u00e9 et l&#039;Avenir","potentialAction":[{"@type":"SearchAction","target":{"@type":"EntryPoint","urlTemplate":"http:\/\/ladoration.fr\/vanicet\/?s={search_term_string}"},"query-input":"required name=search_term_string"}],"inLanguage":"fr-FR"}]}},"jetpack_sharing_enabled":true,"jetpack_shortlink":"https:\/\/wp.me\/Pax50O-2y","_links":{"self":[{"href":"http:\/\/ladoration.fr\/vanicet\/wp-json\/wp\/v2\/pages\/158","targetHints":{"allow":["GET"]}}],"collection":[{"href":"http:\/\/ladoration.fr\/vanicet\/wp-json\/wp\/v2\/pages"}],"about":[{"href":"http:\/\/ladoration.fr\/vanicet\/wp-json\/wp\/v2\/types\/page"}],"author":[{"embeddable":true,"href":"http:\/\/ladoration.fr\/vanicet\/wp-json\/wp\/v2\/users\/1"}],"replies":[{"embeddable":true,"href":"http:\/\/ladoration.fr\/vanicet\/wp-json\/wp\/v2\/comments?post=158"}],"version-history":[{"count":13,"href":"http:\/\/ladoration.fr\/vanicet\/wp-json\/wp\/v2\/pages\/158\/revisions"}],"predecessor-version":[{"id":308,"href":"http:\/\/ladoration.fr\/vanicet\/wp-json\/wp\/v2\/pages\/158\/revisions\/308"}],"up":[{"embeddable":true,"href":"http:\/\/ladoration.fr\/vanicet\/wp-json\/wp\/v2\/pages\/96"}],"wp:attachment":[{"href":"http:\/\/ladoration.fr\/vanicet\/wp-json\/wp\/v2\/media?parent=158"}],"curies":[{"name":"wp","href":"https:\/\/api.w.org\/{rel}","templated":true}]}}