{"id":170,"date":"2018-04-03T11:46:17","date_gmt":"2018-04-03T09:46:17","guid":{"rendered":"http:\/\/ladoration.fr\/vanicet\/?page_id=170"},"modified":"2018-04-05T14:05:08","modified_gmt":"2018-04-05T12:05:08","slug":"discours-dinauguration-a-saint-etienne-le-21-mai-2014","status":"publish","type":"page","link":"http:\/\/ladoration.fr\/vanicet\/textes\/discours-dinauguration-a-saint-etienne-le-21-mai-2014\/","title":{"rendered":"Discours d&rsquo;inauguration \u00e0 Saint-Etienne le 21 mai 2014 (Victor Anicet)"},"content":{"rendered":"\t\t<div data-elementor-type=\"wp-post\" data-elementor-id=\"170\" class=\"elementor elementor-170 elementor-bc-flex-widget\">\n\t\t\t\t\t\t<section class=\"elementor-section elementor-top-section elementor-element elementor-element-4fa2a827 elementor-section-boxed elementor-section-height-default elementor-section-height-default\" data-id=\"4fa2a827\" data-element_type=\"section\">\n\t\t\t\t\t\t<div class=\"elementor-container elementor-column-gap-default\">\n\t\t\t\t\t<div class=\"elementor-column elementor-col-100 elementor-top-column elementor-element elementor-element-71a2e4e0\" data-id=\"71a2e4e0\" data-element_type=\"column\">\n\t\t\t<div class=\"elementor-widget-wrap elementor-element-populated\">\n\t\t\t\t\t\t<div class=\"elementor-element elementor-element-4140705d elementor-widget elementor-widget-text-editor\" data-id=\"4140705d\" data-element_type=\"widget\" data-widget_type=\"text-editor.default\">\n\t\t\t\t<div class=\"elementor-widget-container\">\n\t\t\t\t\t\t\t<h1 style=\"text-align: center;\">Le discours d&rsquo;inauguration \u00e0 Saint Etienne le 21 mai 2014\u00a0<\/h1>\t\t\t\t\t\t<\/div>\n\t\t\t\t<\/div>\n\t\t\t\t<div class=\"elementor-element elementor-element-7bb8d420 elementor-widget elementor-widget-text-editor\" data-id=\"7bb8d420\" data-element_type=\"widget\" data-widget_type=\"text-editor.default\">\n\t\t\t\t<div class=\"elementor-widget-container\">\n\t\t\t\t\t\t\t<p><span style=\"font-size: 14pt;\">Ch\u00e8re Florette, cher Jos\u00e9 Hayot<\/span><\/p><p><span style=\"font-size: 14pt;\">Mesdames et Messieurs, Chers amis,<\/span><\/p><p><span style=\"font-size: 14pt;\">Bonsoir,<\/span><\/p><p><span style=\"font-size: 14pt;\">Lors d\u2019une exposition que j\u2019ai r\u00e9alis\u00e9e l\u2019ann\u00e9e derni\u00e8re dans les Foudres Edouard Glissant salle d\u2019exposition situ\u00e9e sur cette Habitation, Jos\u00e9 Hayot a d\u00e9couvert une de mes cr\u00e9ations en c\u00e9ramique et m\u2019a demand\u00e9 s\u2019il m\u2019\u00e9tait possible de la produire en plus grand pour l\u2019installer dans son parc.<\/span><\/p><p><span style=\"font-size: 14pt;\">J\u2019ai relev\u00e9 le d\u00e9fi et avec Michel P\u00e9tris, Designer, sculpteur en m\u00e9tal, maitrisant les diff\u00e9rentes techniques de soudure, nous avons fabriqu\u00e9 l\u2019\u0153uvre en t\u00f4le que vous d\u00e9couvrirez ce soir et que j\u2019ai appel\u00e9e \u00ab\u00a0La vision du vaincu\u00a0\u00bb Pourquoi cette appellation\u00a0?<\/span><\/p><p><span style=\"font-size: 14pt;\">Tout au long de mes \u00e9tudes, j\u2019ai constat\u00e9 qu\u2019un pan de notre histoire martiniquaise a \u00e9t\u00e9 occult\u00e9 : la part de la culture am\u00e9rindienne.<\/span><\/p><p><span style=\"font-size: 14pt;\">Durant mon adolescence, j\u2019ai suivi les pas du regret\u00e9\u00a0 P\u00e8re Pinchon sur l\u2019Habitation du Hautmont \u00e0 Marigot \u00a0Martinique\u00a0; mais qui \u00e9tait le p\u00e8re Pinchon\u00a0? Plus religieux que scientifique ou inversement\u00a0? En tout cas, il a fait beaucoup pour la mise en valeur de la culture am\u00e9rindienne gr\u00e2ce \u00e0 ses fouilles arch\u00e9ologiques aux quartiers l\u2019Adoration, la Marie, la Pointe, Fonds d\u2019Or \u00e0 Marigot.<\/span><\/p><p><span style=\"font-size: 14pt;\">Avec mes yeux d\u2019adolescent, je voyais avec \u00e9merveillement quelqu\u2019un fouiller le sol Martiniquais et en sortir des tessons riches de gravures, de couleurs et des petits personnages zoomorphes.<\/span><\/p><p><span style=\"font-size: 14pt;\">Plus tard, apr\u00e8s quatre ann\u00e9es en section c\u00e9ramique aux Arts Appliqu\u00e9s de la Martinique, je poursuis mes \u00e9tudes \u00e0 l\u2019Ecole des M\u00e9tiers d\u2019Art de Paris et je consacre mon temps libre \u00e0 la lecture du journal des Am\u00e9ricanistes au Mus\u00e9e de l\u2019Homme.<\/span><\/p><p><span style=\"font-size: 14pt;\">Et c\u2019est la rencontre exceptionnelle et enrichissante\u00a0 dans les caves de ce Mus\u00e9e avec Eug\u00e8ne Revert, charg\u00e9 de Mission par le Mus\u00e9e de l\u2019Homme d\u2019effectuer en 1939-1940 des fouilles sur les principaux sites de l\u2019Anse Belleville au Pr\u00eacheur, Paquemar \u00a0au Vauclin, \u00a0Viv\u00e9 au Lorrain.<\/span><\/p><p><span style=\"font-size: 14pt;\">Et puis cette autre rencontre avec Monsieur Henri Lehmann arch\u00e9ologue Allemand d\u2019une gentillesse l\u00e9gendaire, apr\u00e8s la guerre, il arrive au Mus\u00e9e de l\u2019Homme. En 1938, il fait l\u2019analyse tr\u00e8s pouss\u00e9e d\u2019un vase mexicain de l\u2019\u00e9poque pr\u00e9colombienne, \u00e9tude que l\u2019on peut trouver dans le Journal des Am\u00e9ricanistes.<\/span><\/p><p><span style=\"font-size: 14pt;\">Et j\u2019attrape le \u00a0virus am\u00e9rindien!!<\/span><\/p><p><span style=\"font-size: 14pt;\">Je d\u00e9couvre la valeur et la richesse de la culture de ce peuple am\u00e9rindien \u00e0 qui le monde doit beaucoup\u00a0: le ma\u00efs, le cacao, le \u00a0piment, l\u2019ananas, le quipu, le bolas, le caoutchouc, le balata, la tomate, le haricot, le manioc, la pomme de terre\u2026.<\/span><\/p><p><span style=\"font-size: 14pt;\">Mais il convient aussi de signaler leurs temples, leur architecture, leur bible, le popolvu \u00e9crit des si\u00e8cles avant la bible chr\u00e9tienne, l\u2019astronomie, leur \u00a0rythme de vie, le matin la chasse, le travail aux champs et l\u2019apr\u00e8s-midi le sport, les activit\u00e9s culturelles.<\/span><\/p><p><span style=\"font-size: 14pt;\">A nous de reprendre tous les possibles de la recherche, de la connaissance de cette civilisation avec tous les carib\u00e9ens dispers\u00e9s dans toutes les Universit\u00e9s du Monde.<\/span><\/p><p><span style=\"font-size: 14pt;\">\u00ab\u00a0Ayons faim de faire\u00a0\u00bb dirait Aim\u00e9 C\u00e9saire<\/span><\/p><p><span style=\"font-size: 14pt;\">Et \u00a0je d\u00e9couvre plus j\u2019avance dans mes lectures, \u00a0que le choc des deux mondes a d\u00fb \u00eatre terrible et je comprends que l\u2019histoire est souvent \u00e9crite par les vainqueurs\u00a0; alors j\u2019ai d\u00e9cid\u00e9 de me mettre dans la posture d\u2019un am\u00e9rindien\u00a0quand il voit s\u2019approcher des c\u00f4tes de l\u2019\u00eele la caravelle de Christophe Colomb, ses canons et l\u2019imposante masse de ce vaisseau.<\/span><\/p><p><span style=\"font-size: 14pt;\">Aussi, \u00a0ce soir je vous propose \u00ab\u00a0la vision du vaincu\u00a0\u00bb.<\/span><\/p><p><span style=\"font-size: 14pt;\">Les vaincus \u00e0 jamais\u00a0? NON \u00a0si l\u2019humanit\u00e9 a encore une chance de survie, dans le monde de demain.<\/span><\/p><p><span style=\"font-size: 14pt;\">Et comme l\u2019a dit Edouard Glissant,\u00a0\u00ab\u00a0Si nous voulons partager la beaut\u00e9 du monde, si nous voulons \u00eatre solidaire de ses souffrances, nous devons apprendre \u00e0 nous souvenir ensemble\u00a0\u00bb.<\/span><\/p><p><span style=\"font-size: 14pt;\">Discours prononc\u00e9 \u00e0 l\u2019Habitation Saint-Etienne au Gros-Morne le 21 Mai 2014.<\/span><\/p>\t\t\t\t\t\t<\/div>\n\t\t\t\t<\/div>\n\t\t\t\t\t<\/div>\n\t\t<\/div>\n\t\t\t\t\t<\/div>\n\t\t<\/section>\n\t\t\t\t<section class=\"elementor-section elementor-top-section elementor-element elementor-element-3e552ab7 elementor-section-boxed elementor-section-height-default elementor-section-height-default\" data-id=\"3e552ab7\" data-element_type=\"section\">\n\t\t\t\t\t\t<div class=\"elementor-container elementor-column-gap-default\">\n\t\t\t\t\t<div class=\"elementor-column elementor-col-100 elementor-top-column elementor-element elementor-element-53cccce3\" data-id=\"53cccce3\" data-element_type=\"column\">\n\t\t\t<div class=\"elementor-widget-wrap elementor-element-populated\">\n\t\t\t\t\t\t<div class=\"elementor-element elementor-element-371db651 elementor-widget elementor-widget-text-editor\" data-id=\"371db651\" data-element_type=\"widget\" data-widget_type=\"text-editor.default\">\n\t\t\t\t<div class=\"elementor-widget-container\">\n\t\t\t\t\t\t\t<p style=\"text-align: left;\"><span style=\"font-size: 14pt;\">Autres textes de Victor Anicet:<\/span><\/p><p style=\"text-align: left;\"><span style=\"font-size: 14pt;\"> <a href=\"http:\/\/ladoration.fr\/vanicet\/index.php\/textes\/150-ans-apres-lesclavage-sommes-nous-libres-anicet\/\" target=\"_blank\" rel=\"noopener\">150 ans apr\u00e8s l&rsquo;esclavage, sommes-nous <\/a><\/span><span style=\"font-size: 14pt;\"><a href=\"http:\/\/ladoration.fr\/vanicet\/index.php\/textes\/150-ans-apres-lesclavage-sommes-nous-libres-anicet\/\" target=\"_blank\" rel=\"noopener\">libres?<\/a><\/span><\/p><p style=\"text-align: left;\"><a href=\"http:\/\/ladoration.fr\/vanicet\/index.php\/textes\/culture-et-artisanat-victor-anicet\/\" target=\"_blank\" rel=\"noopener\"><span style=\"font-size: 14pt;\">Culture et artisanat<\/span><\/a><\/p><p style=\"text-align: left;\"><span style=\"font-size: 14pt;\"><a href=\"http:\/\/ladoration.fr\/vanicet\/index.php\/textes\/les-arts-amerindiens-et-lart-contemporain-anicet\/\" target=\"_blank\" rel=\"noopener\">Les arts am\u00e9rindiens et l&rsquo;art contemporain<\/a><\/span><\/p><p style=\"text-align: left;\">\u00a0<\/p>\t\t\t\t\t\t<\/div>\n\t\t\t\t<\/div>\n\t\t\t\t<div class=\"elementor-element elementor-element-29e24593 elementor-widget elementor-widget-text-editor\" data-id=\"29e24593\" data-element_type=\"widget\" data-widget_type=\"text-editor.default\">\n\t\t\t\t<div class=\"elementor-widget-container\">\n\t\t\t\t\t\t\t<p style=\"text-align: left;\"><a href=\"http:\/\/ladoration.fr\/vanicet\/index.php\/biographie-demarche\/\" target=\"_blank\" rel=\"noopener\"><span style=\"font-size: 14pt;\">Biographie de Victor Anicet<\/span><\/a><\/p>\t\t\t\t\t\t<\/div>\n\t\t\t\t<\/div>\n\t\t\t\t\t<\/div>\n\t\t<\/div>\n\t\t\t\t\t<\/div>\n\t\t<\/section>\n\t\t\t\t<\/div>\n\t\t","protected":false},"excerpt":{"rendered":"<p>Le discours d&rsquo;inauguration \u00e0 Saint Etienne le 21 mai 2014\u00a0 Ch\u00e8re Florette, cher Jos\u00e9 Hayot Mesdames et Messieurs, Chers amis, Bonsoir, Lors d\u2019une exposition que j\u2019ai r\u00e9alis\u00e9e l\u2019ann\u00e9e derni\u00e8re dans les Foudres Edouard Glissant salle d\u2019exposition situ\u00e9e sur cette Habitation, Jos\u00e9 Hayot a d\u00e9couvert une de mes cr\u00e9ations en c\u00e9ramique et m\u2019a demand\u00e9 s\u2019il m\u2019\u00e9tait [&hellip;]<\/p>\n","protected":false},"author":1,"featured_media":0,"parent":96,"menu_order":0,"comment_status":"closed","ping_status":"closed","template":"","meta":{"jetpack_post_was_ever_published":false,"footnotes":""},"class_list":["post-170","page","type-page","status-publish","hentry","blog-blocks-layout","blog-style-postblock","","blog-alt-odd"],"yoast_head":"<!-- This site is optimized with the Yoast SEO plugin v23.0 - https:\/\/yoast.com\/wordpress\/plugins\/seo\/ -->\n<title>Discours de Victor Anicet aux Foudres Saint-Etienne<\/title>\n<meta name=\"robots\" content=\"index, follow, max-snippet:-1, max-image-preview:large, max-video-preview:-1\" \/>\n<link rel=\"canonical\" href=\"http:\/\/ladoration.fr\/vanicet\/textes\/discours-dinauguration-a-saint-etienne-le-21-mai-2014\/\" \/>\n<meta property=\"og:locale\" content=\"fr_FR\" \/>\n<meta property=\"og:type\" content=\"article\" \/>\n<meta property=\"og:title\" content=\"Discours de Victor Anicet aux Foudres Saint-Etienne\" \/>\n<meta property=\"og:description\" content=\"Le discours d&rsquo;inauguration \u00e0 Saint Etienne le 21 mai 2014\u00a0 Ch\u00e8re Florette, cher Jos\u00e9 Hayot Mesdames et Messieurs, Chers amis, Bonsoir, Lors d\u2019une exposition que j\u2019ai r\u00e9alis\u00e9e l\u2019ann\u00e9e derni\u00e8re dans les Foudres Edouard Glissant salle d\u2019exposition situ\u00e9e sur cette Habitation, Jos\u00e9 Hayot a d\u00e9couvert une de mes cr\u00e9ations en c\u00e9ramique et m\u2019a demand\u00e9 s\u2019il m\u2019\u00e9tait [&hellip;]\" \/>\n<meta property=\"og:url\" content=\"http:\/\/ladoration.fr\/vanicet\/textes\/discours-dinauguration-a-saint-etienne-le-21-mai-2014\/\" \/>\n<meta property=\"og:site_name\" content=\"Victor Anicet\" \/>\n<meta property=\"article:modified_time\" content=\"2018-04-05T12:05:08+00:00\" \/>\n<meta name=\"twitter:card\" content=\"summary_large_image\" \/>\n<meta name=\"twitter:label1\" content=\"Dur\u00e9e de lecture estim\u00e9e\" \/>\n\t<meta name=\"twitter:data1\" content=\"4 minutes\" \/>\n<script type=\"application\/ld+json\" class=\"yoast-schema-graph\">{\"@context\":\"https:\/\/schema.org\",\"@graph\":[{\"@type\":\"WebPage\",\"@id\":\"http:\/\/ladoration.fr\/vanicet\/textes\/discours-dinauguration-a-saint-etienne-le-21-mai-2014\/\",\"url\":\"http:\/\/ladoration.fr\/vanicet\/textes\/discours-dinauguration-a-saint-etienne-le-21-mai-2014\/\",\"name\":\"Discours de Victor Anicet aux Foudres Saint-Etienne\",\"isPartOf\":{\"@id\":\"https:\/\/ladoration.fr\/vanicet\/#website\"},\"datePublished\":\"2018-04-03T09:46:17+00:00\",\"dateModified\":\"2018-04-05T12:05:08+00:00\",\"breadcrumb\":{\"@id\":\"http:\/\/ladoration.fr\/vanicet\/textes\/discours-dinauguration-a-saint-etienne-le-21-mai-2014\/#breadcrumb\"},\"inLanguage\":\"fr-FR\",\"potentialAction\":[{\"@type\":\"ReadAction\",\"target\":[\"http:\/\/ladoration.fr\/vanicet\/textes\/discours-dinauguration-a-saint-etienne-le-21-mai-2014\/\"]}]},{\"@type\":\"BreadcrumbList\",\"@id\":\"http:\/\/ladoration.fr\/vanicet\/textes\/discours-dinauguration-a-saint-etienne-le-21-mai-2014\/#breadcrumb\",\"itemListElement\":[{\"@type\":\"ListItem\",\"position\":1,\"name\":\"Accueil\",\"item\":\"https:\/\/ladoration.fr\/vanicet\/\"},{\"@type\":\"ListItem\",\"position\":2,\"name\":\"Textes\",\"item\":\"https:\/\/ladoration.fr\/vanicet\/textes\/\"},{\"@type\":\"ListItem\",\"position\":3,\"name\":\"Discours d&rsquo;inauguration \u00e0 Saint-Etienne le 21 mai 2014 (Victor Anicet)\"}]},{\"@type\":\"WebSite\",\"@id\":\"https:\/\/ladoration.fr\/vanicet\/#website\",\"url\":\"https:\/\/ladoration.fr\/vanicet\/\",\"name\":\"Victor Anicet\",\"description\":\"Biface dit C\u00e9saire dans la Trag\u00e9die du Roi Christophe en pensant \u00e0 Janus, deux t\u00eates, deux directions, le pass\u00e9 et l&#039;Avenir\",\"potentialAction\":[{\"@type\":\"SearchAction\",\"target\":{\"@type\":\"EntryPoint\",\"urlTemplate\":\"https:\/\/ladoration.fr\/vanicet\/?s={search_term_string}\"},\"query-input\":\"required name=search_term_string\"}],\"inLanguage\":\"fr-FR\"}]}<\/script>\n<!-- \/ Yoast SEO plugin. -->","yoast_head_json":{"title":"Discours de Victor Anicet aux Foudres Saint-Etienne","robots":{"index":"index","follow":"follow","max-snippet":"max-snippet:-1","max-image-preview":"max-image-preview:large","max-video-preview":"max-video-preview:-1"},"canonical":"http:\/\/ladoration.fr\/vanicet\/textes\/discours-dinauguration-a-saint-etienne-le-21-mai-2014\/","og_locale":"fr_FR","og_type":"article","og_title":"Discours de Victor Anicet aux Foudres Saint-Etienne","og_description":"Le discours d&rsquo;inauguration \u00e0 Saint Etienne le 21 mai 2014\u00a0 Ch\u00e8re Florette, cher Jos\u00e9 Hayot Mesdames et Messieurs, Chers amis, Bonsoir, Lors d\u2019une exposition que j\u2019ai r\u00e9alis\u00e9e l\u2019ann\u00e9e derni\u00e8re dans les Foudres Edouard Glissant salle d\u2019exposition situ\u00e9e sur cette Habitation, Jos\u00e9 Hayot a d\u00e9couvert une de mes cr\u00e9ations en c\u00e9ramique et m\u2019a demand\u00e9 s\u2019il m\u2019\u00e9tait [&hellip;]","og_url":"http:\/\/ladoration.fr\/vanicet\/textes\/discours-dinauguration-a-saint-etienne-le-21-mai-2014\/","og_site_name":"Victor Anicet","article_modified_time":"2018-04-05T12:05:08+00:00","twitter_card":"summary_large_image","twitter_misc":{"Dur\u00e9e de lecture estim\u00e9e":"4 minutes"},"schema":{"@context":"https:\/\/schema.org","@graph":[{"@type":"WebPage","@id":"http:\/\/ladoration.fr\/vanicet\/textes\/discours-dinauguration-a-saint-etienne-le-21-mai-2014\/","url":"http:\/\/ladoration.fr\/vanicet\/textes\/discours-dinauguration-a-saint-etienne-le-21-mai-2014\/","name":"Discours de Victor Anicet aux Foudres Saint-Etienne","isPartOf":{"@id":"https:\/\/ladoration.fr\/vanicet\/#website"},"datePublished":"2018-04-03T09:46:17+00:00","dateModified":"2018-04-05T12:05:08+00:00","breadcrumb":{"@id":"http:\/\/ladoration.fr\/vanicet\/textes\/discours-dinauguration-a-saint-etienne-le-21-mai-2014\/#breadcrumb"},"inLanguage":"fr-FR","potentialAction":[{"@type":"ReadAction","target":["http:\/\/ladoration.fr\/vanicet\/textes\/discours-dinauguration-a-saint-etienne-le-21-mai-2014\/"]}]},{"@type":"BreadcrumbList","@id":"http:\/\/ladoration.fr\/vanicet\/textes\/discours-dinauguration-a-saint-etienne-le-21-mai-2014\/#breadcrumb","itemListElement":[{"@type":"ListItem","position":1,"name":"Accueil","item":"https:\/\/ladoration.fr\/vanicet\/"},{"@type":"ListItem","position":2,"name":"Textes","item":"https:\/\/ladoration.fr\/vanicet\/textes\/"},{"@type":"ListItem","position":3,"name":"Discours d&rsquo;inauguration \u00e0 Saint-Etienne le 21 mai 2014 (Victor Anicet)"}]},{"@type":"WebSite","@id":"https:\/\/ladoration.fr\/vanicet\/#website","url":"https:\/\/ladoration.fr\/vanicet\/","name":"Victor Anicet","description":"Biface dit C\u00e9saire dans la Trag\u00e9die du Roi Christophe en pensant \u00e0 Janus, deux t\u00eates, deux directions, le pass\u00e9 et l&#039;Avenir","potentialAction":[{"@type":"SearchAction","target":{"@type":"EntryPoint","urlTemplate":"https:\/\/ladoration.fr\/vanicet\/?s={search_term_string}"},"query-input":"required name=search_term_string"}],"inLanguage":"fr-FR"}]}},"jetpack_sharing_enabled":true,"jetpack_shortlink":"https:\/\/wp.me\/Pax50O-2K","_links":{"self":[{"href":"http:\/\/ladoration.fr\/vanicet\/wp-json\/wp\/v2\/pages\/170","targetHints":{"allow":["GET"]}}],"collection":[{"href":"http:\/\/ladoration.fr\/vanicet\/wp-json\/wp\/v2\/pages"}],"about":[{"href":"http:\/\/ladoration.fr\/vanicet\/wp-json\/wp\/v2\/types\/page"}],"author":[{"embeddable":true,"href":"http:\/\/ladoration.fr\/vanicet\/wp-json\/wp\/v2\/users\/1"}],"replies":[{"embeddable":true,"href":"http:\/\/ladoration.fr\/vanicet\/wp-json\/wp\/v2\/comments?post=170"}],"version-history":[{"count":8,"href":"http:\/\/ladoration.fr\/vanicet\/wp-json\/wp\/v2\/pages\/170\/revisions"}],"predecessor-version":[{"id":318,"href":"http:\/\/ladoration.fr\/vanicet\/wp-json\/wp\/v2\/pages\/170\/revisions\/318"}],"up":[{"embeddable":true,"href":"http:\/\/ladoration.fr\/vanicet\/wp-json\/wp\/v2\/pages\/96"}],"wp:attachment":[{"href":"http:\/\/ladoration.fr\/vanicet\/wp-json\/wp\/v2\/media?parent=170"}],"curies":[{"name":"wp","href":"https:\/\/api.w.org\/{rel}","templated":true}]}}