{"id":323,"date":"2018-04-06T09:34:20","date_gmt":"2018-04-06T07:34:20","guid":{"rendered":"http:\/\/ladoration.fr\/vanicet\/?page_id=323"},"modified":"2018-04-15T19:33:45","modified_gmt":"2018-04-15T17:33:45","slug":"restitution","status":"publish","type":"page","link":"http:\/\/ladoration.fr\/vanicet\/restitutions\/autres_ceramiques\/restitution\/","title":{"rendered":"Restitution"},"content":{"rendered":"\t\t<div data-elementor-type=\"wp-post\" data-elementor-id=\"323\" class=\"elementor elementor-323 elementor-bc-flex-widget\">\n\t\t\t\t\t\t<section class=\"elementor-section elementor-top-section elementor-element elementor-element-6c6f63b3 elementor-section-boxed elementor-section-height-default elementor-section-height-default\" data-id=\"6c6f63b3\" data-element_type=\"section\">\n\t\t\t\t\t\t<div class=\"elementor-container elementor-column-gap-default\">\n\t\t\t\t\t<div class=\"elementor-column elementor-col-50 elementor-top-column elementor-element elementor-element-60f6e1eb\" data-id=\"60f6e1eb\" data-element_type=\"column\">\n\t\t\t<div class=\"elementor-widget-wrap elementor-element-populated\">\n\t\t\t\t\t\t<div class=\"elementor-element elementor-element-c507f82 elementor-position-top elementor-widget elementor-widget-image-box\" data-id=\"c507f82\" data-element_type=\"widget\" data-widget_type=\"image-box.default\">\n\t\t\t\t<div class=\"elementor-widget-container\">\n\t\t\t<div class=\"elementor-image-box-wrapper\"><figure class=\"elementor-image-box-img\"><a href=\"http:\/\/ladoration.fr\/vanicet\/wp-content\/uploads\/2018\/04\/RESTITUTION-1-M-1536x1152_c.jpg\" target=\"_blank\" tabindex=\"-1\"><img fetchpriority=\"high\" decoding=\"async\" width=\"1536\" height=\"1152\" src=\"http:\/\/ladoration.fr\/vanicet\/wp-content\/uploads\/2018\/04\/RESTITUTION-1-M-1536x1152_c.jpg\" class=\"attachment-full size-full wp-image-328\" alt=\"Restitution. C\u00e9ramique originale de l&#039;artiste Victor Anicet\" srcset=\"http:\/\/ladoration.fr\/vanicet\/wp-content\/uploads\/2018\/04\/RESTITUTION-1-M-1536x1152_c.jpg 1536w, http:\/\/ladoration.fr\/vanicet\/wp-content\/uploads\/2018\/04\/RESTITUTION-1-M-1536x1152_c-300x225.jpg 300w, http:\/\/ladoration.fr\/vanicet\/wp-content\/uploads\/2018\/04\/RESTITUTION-1-M-1536x1152_c-768x576.jpg 768w, http:\/\/ladoration.fr\/vanicet\/wp-content\/uploads\/2018\/04\/RESTITUTION-1-M-1536x1152_c-1024x768.jpg 1024w\" sizes=\"(max-width: 1536px) 100vw, 1536px\" \/><\/a><\/figure><\/div>\t\t<\/div>\n\t\t\t\t<\/div>\n\t\t\t\t\t<\/div>\n\t\t<\/div>\n\t\t\t\t<div class=\"elementor-column elementor-col-50 elementor-top-column elementor-element elementor-element-7d4dd767\" data-id=\"7d4dd767\" data-element_type=\"column\">\n\t\t\t<div class=\"elementor-widget-wrap elementor-element-populated\">\n\t\t\t\t\t\t<div class=\"elementor-element elementor-element-48e4f956 elementor-position-top elementor-widget elementor-widget-image-box\" data-id=\"48e4f956\" data-element_type=\"widget\" data-widget_type=\"image-box.default\">\n\t\t\t\t<div class=\"elementor-widget-container\">\n\t\t\t<div class=\"elementor-image-box-wrapper\"><figure class=\"elementor-image-box-img\"><a href=\"http:\/\/ladoration.fr\/vanicet\/wp-content\/uploads\/2018\/04\/RESTITUTION-1-N-1536x1152_c.jpg\" target=\"_blank\" tabindex=\"-1\"><img decoding=\"async\" width=\"1536\" height=\"1152\" src=\"http:\/\/ladoration.fr\/vanicet\/wp-content\/uploads\/2018\/04\/RESTITUTION-1-N-1536x1152_c.jpg\" class=\"attachment-full size-full wp-image-329\" alt=\"Restitution. C\u00e9ramique originale de l&#039;artiste Victor Anicet\" srcset=\"http:\/\/ladoration.fr\/vanicet\/wp-content\/uploads\/2018\/04\/RESTITUTION-1-N-1536x1152_c.jpg 1536w, http:\/\/ladoration.fr\/vanicet\/wp-content\/uploads\/2018\/04\/RESTITUTION-1-N-1536x1152_c-300x225.jpg 300w, http:\/\/ladoration.fr\/vanicet\/wp-content\/uploads\/2018\/04\/RESTITUTION-1-N-1536x1152_c-768x576.jpg 768w, http:\/\/ladoration.fr\/vanicet\/wp-content\/uploads\/2018\/04\/RESTITUTION-1-N-1536x1152_c-1024x768.jpg 1024w\" sizes=\"(max-width: 1536px) 100vw, 1536px\" \/><\/a><\/figure><\/div>\t\t<\/div>\n\t\t\t\t<\/div>\n\t\t\t\t\t<\/div>\n\t\t<\/div>\n\t\t\t\t\t<\/div>\n\t\t<\/section>\n\t\t\t\t<section class=\"elementor-section elementor-top-section elementor-element elementor-element-5826dbb elementor-section-boxed elementor-section-height-default elementor-section-height-default\" data-id=\"5826dbb\" data-element_type=\"section\">\n\t\t\t\t\t\t<div class=\"elementor-container elementor-column-gap-default\">\n\t\t\t\t\t<div class=\"elementor-column elementor-col-50 elementor-top-column elementor-element elementor-element-bc504ad\" data-id=\"bc504ad\" data-element_type=\"column\">\n\t\t\t<div class=\"elementor-widget-wrap\">\n\t\t\t\t\t\t\t<\/div>\n\t\t<\/div>\n\t\t\t\t<div class=\"elementor-column elementor-col-50 elementor-top-column elementor-element elementor-element-ea85878\" data-id=\"ea85878\" data-element_type=\"column\">\n\t\t\t<div class=\"elementor-widget-wrap\">\n\t\t\t\t\t\t\t<\/div>\n\t\t<\/div>\n\t\t\t\t\t<\/div>\n\t\t<\/section>\n\t\t\t\t<section class=\"elementor-section elementor-top-section elementor-element elementor-element-fa1b5e4 elementor-section-boxed elementor-section-height-default elementor-section-height-default\" data-id=\"fa1b5e4\" data-element_type=\"section\">\n\t\t\t\t\t\t<div class=\"elementor-container elementor-column-gap-default\">\n\t\t\t\t\t<div class=\"elementor-column elementor-col-100 elementor-top-column elementor-element elementor-element-86a7f4d\" data-id=\"86a7f4d\" data-element_type=\"column\">\n\t\t\t<div class=\"elementor-widget-wrap elementor-element-populated\">\n\t\t\t\t\t\t<div class=\"elementor-element elementor-element-68dc8e0 elementor-position-top elementor-widget elementor-widget-image-box\" data-id=\"68dc8e0\" data-element_type=\"widget\" data-widget_type=\"image-box.default\">\n\t\t\t\t<div class=\"elementor-widget-container\">\n\t\t\t<div class=\"elementor-image-box-wrapper\"><figure class=\"elementor-image-box-img\"><a href=\"http:\/\/ladoration.fr\/vanicet\/wp-content\/uploads\/2018\/04\/RESTITUTION-1-1536x1152_c.jpg\" target=\"_blank\" tabindex=\"-1\"><img decoding=\"async\" width=\"1536\" height=\"1152\" src=\"http:\/\/ladoration.fr\/vanicet\/wp-content\/uploads\/2018\/04\/RESTITUTION-1-1536x1152_c.jpg\" class=\"attachment-full size-full wp-image-330\" alt=\"Restitution. C\u00e9ramique originale de l&#039;artiste Victor Anicet\" srcset=\"http:\/\/ladoration.fr\/vanicet\/wp-content\/uploads\/2018\/04\/RESTITUTION-1-1536x1152_c.jpg 1536w, http:\/\/ladoration.fr\/vanicet\/wp-content\/uploads\/2018\/04\/RESTITUTION-1-1536x1152_c-300x225.jpg 300w, http:\/\/ladoration.fr\/vanicet\/wp-content\/uploads\/2018\/04\/RESTITUTION-1-1536x1152_c-768x576.jpg 768w, http:\/\/ladoration.fr\/vanicet\/wp-content\/uploads\/2018\/04\/RESTITUTION-1-1536x1152_c-1024x768.jpg 1024w\" sizes=\"(max-width: 1536px) 100vw, 1536px\" \/><\/a><\/figure><\/div>\t\t<\/div>\n\t\t\t\t<\/div>\n\t\t\t\t\t<\/div>\n\t\t<\/div>\n\t\t\t\t\t<\/div>\n\t\t<\/section>\n\t\t\t\t<section class=\"elementor-section elementor-top-section elementor-element elementor-element-7be8202 elementor-section-boxed elementor-section-height-default elementor-section-height-default\" data-id=\"7be8202\" data-element_type=\"section\">\n\t\t\t\t\t\t<div class=\"elementor-container elementor-column-gap-default\">\n\t\t\t\t\t<div class=\"elementor-column elementor-col-100 elementor-top-column elementor-element elementor-element-75ead27\" data-id=\"75ead27\" data-element_type=\"column\">\n\t\t\t<div class=\"elementor-widget-wrap elementor-element-populated\">\n\t\t\t\t\t\t<div class=\"elementor-element elementor-element-50b2a3e elementor-position-top elementor-widget elementor-widget-image-box\" data-id=\"50b2a3e\" data-element_type=\"widget\" data-widget_type=\"image-box.default\">\n\t\t\t\t<div class=\"elementor-widget-container\">\n\t\t\t<div class=\"elementor-image-box-wrapper\"><figure class=\"elementor-image-box-img\"><a href=\"http:\/\/ladoration.fr\/vanicet\/wp-content\/uploads\/2018\/04\/RESTITUTION-1-F-1536x2048_c.jpg\" target=\"_blank\" tabindex=\"-1\"><img loading=\"lazy\" decoding=\"async\" width=\"1536\" height=\"2048\" src=\"http:\/\/ladoration.fr\/vanicet\/wp-content\/uploads\/2018\/04\/RESTITUTION-1-F-1536x2048_c.jpg\" class=\"attachment-full size-full wp-image-331\" alt=\"Restitution. C\u00e9ramique originale de l&#039;artiste Victor Anicet\" srcset=\"http:\/\/ladoration.fr\/vanicet\/wp-content\/uploads\/2018\/04\/RESTITUTION-1-F-1536x2048_c.jpg 1536w, http:\/\/ladoration.fr\/vanicet\/wp-content\/uploads\/2018\/04\/RESTITUTION-1-F-1536x2048_c-225x300.jpg 225w, http:\/\/ladoration.fr\/vanicet\/wp-content\/uploads\/2018\/04\/RESTITUTION-1-F-1536x2048_c-768x1024.jpg 768w\" sizes=\"(max-width: 1536px) 100vw, 1536px\" \/><\/a><\/figure><\/div>\t\t<\/div>\n\t\t\t\t<\/div>\n\t\t\t\t\t<\/div>\n\t\t<\/div>\n\t\t\t\t\t<\/div>\n\t\t<\/section>\n\t\t\t\t<section class=\"elementor-section elementor-top-section elementor-element elementor-element-13148795 elementor-section-boxed elementor-section-height-default elementor-section-height-default\" data-id=\"13148795\" data-element_type=\"section\">\n\t\t\t\t\t\t<div class=\"elementor-container elementor-column-gap-default\">\n\t\t\t\t\t<div class=\"elementor-column elementor-col-100 elementor-top-column elementor-element elementor-element-736cfdd8\" data-id=\"736cfdd8\" data-element_type=\"column\">\n\t\t\t<div class=\"elementor-widget-wrap elementor-element-populated\">\n\t\t\t\t\t\t<div class=\"elementor-element elementor-element-2549c29a elementor-align-center elementor-widget elementor-widget-button\" data-id=\"2549c29a\" data-element_type=\"widget\" data-widget_type=\"button.default\">\n\t\t\t\t<div class=\"elementor-widget-container\">\n\t\t\t\t\t<div class=\"elementor-button-wrapper\">\n\t\t\t<a class=\"elementor-button elementor-button-link elementor-size-sm\" href=\"http:\/\/ladoration.fr\/vanicet\/restitutions\/\">\n\t\t\t\t\t\t<span class=\"elementor-button-content-wrapper\">\n\t\t\t\t\t\t\t\t\t<span class=\"elementor-button-text\">Retour \u00e0 la liste des oeuvres<\/span>\n\t\t\t\t\t<\/span>\n\t\t\t\t\t<\/a>\n\t\t<\/div>\n\t\t\t\t<\/div>\n\t\t\t\t<\/div>\n\t\t\t\t\t<\/div>\n\t\t<\/div>\n\t\t\t\t\t<\/div>\n\t\t<\/section>\n\t\t\t\t<\/div>\n\t\t","protected":false},"excerpt":{"rendered":"<p>Retour \u00e0 la liste des oeuvres<\/p>\n","protected":false},"author":1,"featured_media":0,"parent":623,"menu_order":0,"comment_status":"closed","ping_status":"closed","template":"","meta":{"jetpack_post_was_ever_published":false,"footnotes":""},"class_list":["post-323","page","type-page","status-publish","hentry","blog-blocks-layout","blog-style-postblock","","blog-alt-odd"],"yoast_head":"<!-- This site is optimized with the Yoast SEO plugin v23.0 - https:\/\/yoast.com\/wordpress\/plugins\/seo\/ -->\n<title>Restitution. Oeuvre originale de l&#039;artiste martiniquais Victor Anicet<\/title>\n<meta name=\"description\" content=\"Restitution. Oeuvre originale de l&#039;artiste martiniquais Victor Anicet. &quot;Je cannibalise les signes africains par des signes am\u00e9rindiens, ce qui fait que cela me donne d\u2019autres signes, une cosmogonie. Je cr\u00e9e ma propre cosmogonie, ce dont j\u2019ai besoin pour ma cr\u00e9ation, pour mon inspiration pour cr\u00e9er.&quot;\" \/>\n<meta name=\"robots\" content=\"index, follow, max-snippet:-1, max-image-preview:large, max-video-preview:-1\" \/>\n<link rel=\"canonical\" href=\"http:\/\/ladoration.fr\/vanicet\/restitutions\/autres_ceramiques\/restitution\/\" \/>\n<meta property=\"og:locale\" content=\"fr_FR\" \/>\n<meta property=\"og:type\" content=\"article\" \/>\n<meta property=\"og:title\" content=\"Restitution. Oeuvre originale de l&#039;artiste martiniquais Victor Anicet\" \/>\n<meta property=\"og:description\" content=\"Restitution. Oeuvre originale de l&#039;artiste martiniquais Victor Anicet. &quot;Je cannibalise les signes africains par des signes am\u00e9rindiens, ce qui fait que cela me donne d\u2019autres signes, une cosmogonie. Je cr\u00e9e ma propre cosmogonie, ce dont j\u2019ai besoin pour ma cr\u00e9ation, pour mon inspiration pour cr\u00e9er.&quot;\" \/>\n<meta property=\"og:url\" content=\"http:\/\/ladoration.fr\/vanicet\/restitutions\/autres_ceramiques\/restitution\/\" \/>\n<meta property=\"og:site_name\" content=\"Victor Anicet\" \/>\n<meta property=\"article:modified_time\" content=\"2018-04-15T17:33:45+00:00\" \/>\n<meta property=\"og:image\" content=\"http:\/\/ladoration.fr\/vanicet\/wp-content\/uploads\/2018\/04\/RESTITUTION-1-M-1536x1152_c.jpg\" \/>\n<meta name=\"twitter:card\" content=\"summary_large_image\" \/>\n<script type=\"application\/ld+json\" class=\"yoast-schema-graph\">{\"@context\":\"https:\/\/schema.org\",\"@graph\":[{\"@type\":\"WebPage\",\"@id\":\"http:\/\/ladoration.fr\/vanicet\/restitutions\/autres_ceramiques\/restitution\/\",\"url\":\"http:\/\/ladoration.fr\/vanicet\/restitutions\/autres_ceramiques\/restitution\/\",\"name\":\"Restitution. Oeuvre originale de l'artiste martiniquais Victor Anicet\",\"isPartOf\":{\"@id\":\"http:\/\/ladoration.fr\/vanicet\/#website\"},\"primaryImageOfPage\":{\"@id\":\"http:\/\/ladoration.fr\/vanicet\/restitutions\/autres_ceramiques\/restitution\/#primaryimage\"},\"image\":{\"@id\":\"http:\/\/ladoration.fr\/vanicet\/restitutions\/autres_ceramiques\/restitution\/#primaryimage\"},\"thumbnailUrl\":\"http:\/\/ladoration.fr\/vanicet\/wp-content\/uploads\/2018\/04\/RESTITUTION-1-M-1536x1152_c.jpg\",\"datePublished\":\"2018-04-06T07:34:20+00:00\",\"dateModified\":\"2018-04-15T17:33:45+00:00\",\"description\":\"Restitution. Oeuvre originale de l'artiste martiniquais Victor Anicet. \\\"Je cannibalise les signes africains par des signes am\u00e9rindiens, ce qui fait que cela me donne d\u2019autres signes, une cosmogonie. Je cr\u00e9e ma propre cosmogonie, ce dont j\u2019ai besoin pour ma cr\u00e9ation, pour mon inspiration pour cr\u00e9er.\\\"\",\"breadcrumb\":{\"@id\":\"http:\/\/ladoration.fr\/vanicet\/restitutions\/autres_ceramiques\/restitution\/#breadcrumb\"},\"inLanguage\":\"fr-FR\",\"potentialAction\":[{\"@type\":\"ReadAction\",\"target\":[\"http:\/\/ladoration.fr\/vanicet\/restitutions\/autres_ceramiques\/restitution\/\"]}]},{\"@type\":\"ImageObject\",\"inLanguage\":\"fr-FR\",\"@id\":\"http:\/\/ladoration.fr\/vanicet\/restitutions\/autres_ceramiques\/restitution\/#primaryimage\",\"url\":\"http:\/\/ladoration.fr\/vanicet\/wp-content\/uploads\/2018\/04\/RESTITUTION-1-M-1536x1152_c.jpg\",\"contentUrl\":\"http:\/\/ladoration.fr\/vanicet\/wp-content\/uploads\/2018\/04\/RESTITUTION-1-M-1536x1152_c.jpg\"},{\"@type\":\"BreadcrumbList\",\"@id\":\"http:\/\/ladoration.fr\/vanicet\/restitutions\/autres_ceramiques\/restitution\/#breadcrumb\",\"itemListElement\":[{\"@type\":\"ListItem\",\"position\":1,\"name\":\"Accueil\",\"item\":\"http:\/\/ladoration.fr\/vanicet\/\"},{\"@type\":\"ListItem\",\"position\":2,\"name\":\"Restitutions\",\"item\":\"https:\/\/ladoration.fr\/vanicet\/restitutions\/\"},{\"@type\":\"ListItem\",\"position\":3,\"name\":\"Autres c\u00e9ramiques\",\"item\":\"https:\/\/ladoration.fr\/vanicet\/restitutions\/autres_ceramiques\/\"},{\"@type\":\"ListItem\",\"position\":4,\"name\":\"Restitution\"}]},{\"@type\":\"WebSite\",\"@id\":\"http:\/\/ladoration.fr\/vanicet\/#website\",\"url\":\"http:\/\/ladoration.fr\/vanicet\/\",\"name\":\"Victor Anicet\",\"description\":\"Biface dit C\u00e9saire dans la Trag\u00e9die du Roi Christophe en pensant \u00e0 Janus, deux t\u00eates, deux directions, le pass\u00e9 et l&#039;Avenir\",\"potentialAction\":[{\"@type\":\"SearchAction\",\"target\":{\"@type\":\"EntryPoint\",\"urlTemplate\":\"http:\/\/ladoration.fr\/vanicet\/?s={search_term_string}\"},\"query-input\":\"required name=search_term_string\"}],\"inLanguage\":\"fr-FR\"}]}<\/script>\n<!-- \/ Yoast SEO plugin. -->","yoast_head_json":{"title":"Restitution. Oeuvre originale de l'artiste martiniquais Victor Anicet","description":"Restitution. Oeuvre originale de l'artiste martiniquais Victor Anicet. \"Je cannibalise les signes africains par des signes am\u00e9rindiens, ce qui fait que cela me donne d\u2019autres signes, une cosmogonie. Je cr\u00e9e ma propre cosmogonie, ce dont j\u2019ai besoin pour ma cr\u00e9ation, pour mon inspiration pour cr\u00e9er.\"","robots":{"index":"index","follow":"follow","max-snippet":"max-snippet:-1","max-image-preview":"max-image-preview:large","max-video-preview":"max-video-preview:-1"},"canonical":"http:\/\/ladoration.fr\/vanicet\/restitutions\/autres_ceramiques\/restitution\/","og_locale":"fr_FR","og_type":"article","og_title":"Restitution. Oeuvre originale de l'artiste martiniquais Victor Anicet","og_description":"Restitution. Oeuvre originale de l'artiste martiniquais Victor Anicet. \"Je cannibalise les signes africains par des signes am\u00e9rindiens, ce qui fait que cela me donne d\u2019autres signes, une cosmogonie. Je cr\u00e9e ma propre cosmogonie, ce dont j\u2019ai besoin pour ma cr\u00e9ation, pour mon inspiration pour cr\u00e9er.\"","og_url":"http:\/\/ladoration.fr\/vanicet\/restitutions\/autres_ceramiques\/restitution\/","og_site_name":"Victor Anicet","article_modified_time":"2018-04-15T17:33:45+00:00","og_image":[{"url":"http:\/\/ladoration.fr\/vanicet\/wp-content\/uploads\/2018\/04\/RESTITUTION-1-M-1536x1152_c.jpg"}],"twitter_card":"summary_large_image","schema":{"@context":"https:\/\/schema.org","@graph":[{"@type":"WebPage","@id":"http:\/\/ladoration.fr\/vanicet\/restitutions\/autres_ceramiques\/restitution\/","url":"http:\/\/ladoration.fr\/vanicet\/restitutions\/autres_ceramiques\/restitution\/","name":"Restitution. Oeuvre originale de l'artiste martiniquais Victor Anicet","isPartOf":{"@id":"http:\/\/ladoration.fr\/vanicet\/#website"},"primaryImageOfPage":{"@id":"http:\/\/ladoration.fr\/vanicet\/restitutions\/autres_ceramiques\/restitution\/#primaryimage"},"image":{"@id":"http:\/\/ladoration.fr\/vanicet\/restitutions\/autres_ceramiques\/restitution\/#primaryimage"},"thumbnailUrl":"http:\/\/ladoration.fr\/vanicet\/wp-content\/uploads\/2018\/04\/RESTITUTION-1-M-1536x1152_c.jpg","datePublished":"2018-04-06T07:34:20+00:00","dateModified":"2018-04-15T17:33:45+00:00","description":"Restitution. Oeuvre originale de l'artiste martiniquais Victor Anicet. \"Je cannibalise les signes africains par des signes am\u00e9rindiens, ce qui fait que cela me donne d\u2019autres signes, une cosmogonie. Je cr\u00e9e ma propre cosmogonie, ce dont j\u2019ai besoin pour ma cr\u00e9ation, pour mon inspiration pour cr\u00e9er.\"","breadcrumb":{"@id":"http:\/\/ladoration.fr\/vanicet\/restitutions\/autres_ceramiques\/restitution\/#breadcrumb"},"inLanguage":"fr-FR","potentialAction":[{"@type":"ReadAction","target":["http:\/\/ladoration.fr\/vanicet\/restitutions\/autres_ceramiques\/restitution\/"]}]},{"@type":"ImageObject","inLanguage":"fr-FR","@id":"http:\/\/ladoration.fr\/vanicet\/restitutions\/autres_ceramiques\/restitution\/#primaryimage","url":"http:\/\/ladoration.fr\/vanicet\/wp-content\/uploads\/2018\/04\/RESTITUTION-1-M-1536x1152_c.jpg","contentUrl":"http:\/\/ladoration.fr\/vanicet\/wp-content\/uploads\/2018\/04\/RESTITUTION-1-M-1536x1152_c.jpg"},{"@type":"BreadcrumbList","@id":"http:\/\/ladoration.fr\/vanicet\/restitutions\/autres_ceramiques\/restitution\/#breadcrumb","itemListElement":[{"@type":"ListItem","position":1,"name":"Accueil","item":"http:\/\/ladoration.fr\/vanicet\/"},{"@type":"ListItem","position":2,"name":"Restitutions","item":"https:\/\/ladoration.fr\/vanicet\/restitutions\/"},{"@type":"ListItem","position":3,"name":"Autres c\u00e9ramiques","item":"https:\/\/ladoration.fr\/vanicet\/restitutions\/autres_ceramiques\/"},{"@type":"ListItem","position":4,"name":"Restitution"}]},{"@type":"WebSite","@id":"http:\/\/ladoration.fr\/vanicet\/#website","url":"http:\/\/ladoration.fr\/vanicet\/","name":"Victor Anicet","description":"Biface dit C\u00e9saire dans la Trag\u00e9die du Roi Christophe en pensant \u00e0 Janus, deux t\u00eates, deux directions, le pass\u00e9 et l&#039;Avenir","potentialAction":[{"@type":"SearchAction","target":{"@type":"EntryPoint","urlTemplate":"http:\/\/ladoration.fr\/vanicet\/?s={search_term_string}"},"query-input":"required name=search_term_string"}],"inLanguage":"fr-FR"}]}},"jetpack_sharing_enabled":true,"jetpack_shortlink":"https:\/\/wp.me\/Pax50O-5d","_links":{"self":[{"href":"http:\/\/ladoration.fr\/vanicet\/wp-json\/wp\/v2\/pages\/323","targetHints":{"allow":["GET"]}}],"collection":[{"href":"http:\/\/ladoration.fr\/vanicet\/wp-json\/wp\/v2\/pages"}],"about":[{"href":"http:\/\/ladoration.fr\/vanicet\/wp-json\/wp\/v2\/types\/page"}],"author":[{"embeddable":true,"href":"http:\/\/ladoration.fr\/vanicet\/wp-json\/wp\/v2\/users\/1"}],"replies":[{"embeddable":true,"href":"http:\/\/ladoration.fr\/vanicet\/wp-json\/wp\/v2\/comments?post=323"}],"version-history":[{"count":9,"href":"http:\/\/ladoration.fr\/vanicet\/wp-json\/wp\/v2\/pages\/323\/revisions"}],"predecessor-version":[{"id":787,"href":"http:\/\/ladoration.fr\/vanicet\/wp-json\/wp\/v2\/pages\/323\/revisions\/787"}],"up":[{"embeddable":true,"href":"http:\/\/ladoration.fr\/vanicet\/wp-json\/wp\/v2\/pages\/623"}],"wp:attachment":[{"href":"http:\/\/ladoration.fr\/vanicet\/wp-json\/wp\/v2\/media?parent=323"}],"curies":[{"name":"wp","href":"https:\/\/api.w.org\/{rel}","templated":true}]}}