{"id":33,"date":"2018-04-02T11:16:08","date_gmt":"2018-04-02T09:16:08","guid":{"rendered":"http:\/\/ladoration.fr\/vanicet\/?page_id=33"},"modified":"2018-04-02T11:16:08","modified_gmt":"2018-04-02T09:16:08","slug":"mentions-legales","status":"publish","type":"page","link":"http:\/\/ladoration.fr\/vanicet\/mentions-legales\/","title":{"rendered":"Mentions l\u00e9gales"},"content":{"rendered":"<p><strong>EDITEUR<\/strong><\/p>\n<p>Victor Anicet<\/p>\n<p>57 rue Falaye<\/p>\n<p>97233 Schoelcher<\/p>\n<p>t\u00e9l\u00e9phone\u00a0: +33 (0)<\/p>\n<p>victor.anicet@gmail.com<\/p>\n<p><strong>CREDIT ET HEBERGEMENT<\/strong><\/p>\n<p>Ce site a \u00e9t\u00e9 con\u00e7u et r\u00e9alis\u00e9\u00a0 par Christian Broise au moyen du CMS WordPress.<\/p>\n<p>L&rsquo;h\u00e9bergement du site est assur\u00e9 par la soci\u00e9t\u00e9 OVH\u00a0 2 rue Kellermann BP 80157 59100 Roubaix\u00a0: <a href=\"http:\/\/www.ovh.com\/\" target=\"_blank\" rel=\"noopener\">http:\/\/www.ovh.com<\/a><\/p>\n<p><strong>OBJET<\/strong><\/p>\n<p>Le domaine\u00a0 \u00ab\u00a0<a href=\"http:\/\/www.broise.net\/\">ladoration.fr<\/a>\u00a0\u00bb a\u00a0pour objet la pr\u00e9sentation et la promotion du travail artistique de VICTOR ANICET.<\/p>\n<p><strong>DROITS DE PROPRIETES INTELLECTUELLES<\/strong><\/p>\n<p>L&rsquo;ensemble de ce site rel\u00e8ve de la l\u00e9gislation fran\u00e7aise et internationale du droit d&rsquo;auteur et la propri\u00e9t\u00e9 intellectuelle fran\u00e7aise, qui mentionne que les cr\u00e9ations graphiques ou sonores, photos, etc. sont prot\u00e9g\u00e9es du simple fait de leur cr\u00e9ation et de leur originalit\u00e9. Toute utilisation ou extraction d&rsquo;\u00e9l\u00e9ments du site non autoris\u00e9e est illicite et sanctionn\u00e9e p\u00e9nalement par le d\u00e9lit de contrefa\u00e7on<\/p>\n<p>Le site ainsi que les donn\u00e9es qui y figurent telles que marques logos, graphismes, images, textes r\u00e9dactionnels sont prot\u00e9g\u00e9s au titre de la propri\u00e9t\u00e9 intellectuelle. Le site et les informations qui y figurent sont destin\u00e9s \u00e0 l\u2019usage strictement personnel de l\u2019utilisateur et ne peuvent \u00eatre reproduits, ni communiqu\u00e9s \u00e0 des tiers, ni utilis\u00e9s en tout ou partie, \u00e0 quelque fin que ce soit, ni servir \u00e0 la cr\u00e9ation d\u2019\u0153uvres d\u00e9riv\u00e9es. En cons\u00e9quence, l\u2019exploitation non autoris\u00e9e de tout ou partie du site (reproduction, repr\u00e9sentation, publication, etc.) est formellement interdite sauf autorisation expresse \u00e9crite de VICTOR ANICET et engage la responsabilit\u00e9 de l\u2019utilisateur et est susceptible d\u2019entra\u00eener des poursuites judiciaires.<\/p>\n<p><strong>PROTECTIONS DES DONNEES PERSONNELLES<\/strong><\/p>\n<p>Les donn\u00e9es personnelles recueillies sur le site r\u00e9sultent de la communication volontaire d&rsquo;une adresse de courrier \u00e9lectronique lors du d\u00e9p\u00f4t d&rsquo;un message \u00e9lectronique.<br \/>\nLes donn\u00e9es ainsi recueillies ne servent qu&rsquo;\u00e0 transmettre les \u00e9l\u00e9ments d&rsquo;informations demand\u00e9s et n&rsquo;ont pour seul destinataire que VICTOR ANICET aupr\u00e8s duquel peuvent s&rsquo;exercer les droits d&rsquo;acc\u00e8s et de rectification, conform\u00e9ment \u00e0 l&rsquo;article 27 de la loi N\u00b0 78-17 du 6 janvier 1978 relative \u00e0 l&rsquo;informatique, aux fichiers et aux libert\u00e9s.<br \/>\nPour l&rsquo;exercer, adresser votre demande \u00e9crite aupr\u00e8s de VICTOR ANICET \u00e0 l&rsquo;adresse indiqu\u00e9e ci-dessus. Les donn\u00e9es recueillies dans ce cadre ne pourront \u00eatre c\u00e9d\u00e9es \u00e0 des tiers ou communiqu\u00e9es \u00e0 des fins non pr\u00e9vues.<\/p>\n<p><strong>LIENS<\/strong><\/p>\n<p>Le site peut inclure des liens vers d\u2019autres sites ou sources externes. Dans la mesure o\u00f9 VICTOR ANICET ne peut contr\u00f4ler ces sites et sources externes, VICTOR ANICET ne peut \u00eatre tenu pour responsable de la mise \u00e0 disposition de ces sites et sources externes et ne peut supporter aucune responsabilit\u00e9 quant au contenu, publicit\u00e9s, produits, services ou tout autre mat\u00e9riel disponible sur et \u00e0 partir de ces sites ou ces sources externes.<\/p>\n","protected":false},"excerpt":{"rendered":"<p>EDITEUR Victor Anicet 57 rue Falaye 97233 Schoelcher t\u00e9l\u00e9phone\u00a0: +33 (0) victor.anicet@gmail.com CREDIT ET HEBERGEMENT Ce site a \u00e9t\u00e9 con\u00e7u et r\u00e9alis\u00e9\u00a0 par Christian Broise au moyen du CMS WordPress. L&rsquo;h\u00e9bergement du site est assur\u00e9 par la soci\u00e9t\u00e9 OVH\u00a0 2 rue Kellermann BP 80157 59100 Roubaix\u00a0: http:\/\/www.ovh.com OBJET Le domaine\u00a0 \u00ab\u00a0ladoration.fr\u00a0\u00bb a\u00a0pour objet la pr\u00e9sentation [&hellip;]<\/p>\n","protected":false},"author":1,"featured_media":0,"parent":0,"menu_order":0,"comment_status":"closed","ping_status":"closed","template":"","meta":{"jetpack_post_was_ever_published":false,"footnotes":""},"class_list":["post-33","page","type-page","status-publish","hentry","blog-blocks-layout","blog-style-postblock","","blog-alt-odd"],"yoast_head":"<!-- This site is optimized with the Yoast SEO plugin v23.0 - https:\/\/yoast.com\/wordpress\/plugins\/seo\/ -->\n<title>Mentions l\u00e9gales du site officiel de Victor Anicet<\/title>\n<meta name=\"robots\" content=\"index, follow, max-snippet:-1, max-image-preview:large, max-video-preview:-1\" \/>\n<link rel=\"canonical\" href=\"http:\/\/ladoration.fr\/vanicet\/mentions-legales\/\" \/>\n<meta property=\"og:locale\" content=\"fr_FR\" \/>\n<meta property=\"og:type\" content=\"article\" \/>\n<meta property=\"og:title\" content=\"Mentions l\u00e9gales du site officiel de Victor Anicet\" \/>\n<meta property=\"og:description\" content=\"EDITEUR Victor Anicet 57 rue Falaye 97233 Schoelcher t\u00e9l\u00e9phone\u00a0: +33 (0) victor.anicet@gmail.com CREDIT ET HEBERGEMENT Ce site a \u00e9t\u00e9 con\u00e7u et r\u00e9alis\u00e9\u00a0 par Christian Broise au moyen du CMS WordPress. L&rsquo;h\u00e9bergement du site est assur\u00e9 par la soci\u00e9t\u00e9 OVH\u00a0 2 rue Kellermann BP 80157 59100 Roubaix\u00a0: http:\/\/www.ovh.com OBJET Le domaine\u00a0 \u00ab\u00a0ladoration.fr\u00a0\u00bb a\u00a0pour objet la pr\u00e9sentation [&hellip;]\" \/>\n<meta property=\"og:url\" content=\"http:\/\/ladoration.fr\/vanicet\/mentions-legales\/\" \/>\n<meta property=\"og:site_name\" content=\"Victor Anicet\" \/>\n<meta name=\"twitter:card\" content=\"summary_large_image\" \/>\n<meta name=\"twitter:label1\" content=\"Dur\u00e9e de lecture estim\u00e9e\" \/>\n\t<meta name=\"twitter:data1\" content=\"2 minutes\" \/>\n<script type=\"application\/ld+json\" class=\"yoast-schema-graph\">{\"@context\":\"https:\/\/schema.org\",\"@graph\":[{\"@type\":\"WebPage\",\"@id\":\"http:\/\/ladoration.fr\/vanicet\/mentions-legales\/\",\"url\":\"http:\/\/ladoration.fr\/vanicet\/mentions-legales\/\",\"name\":\"Mentions l\u00e9gales du site officiel de Victor Anicet\",\"isPartOf\":{\"@id\":\"http:\/\/ladoration.fr\/vanicet\/#website\"},\"datePublished\":\"2018-04-02T09:16:08+00:00\",\"dateModified\":\"2018-04-02T09:16:08+00:00\",\"breadcrumb\":{\"@id\":\"http:\/\/ladoration.fr\/vanicet\/mentions-legales\/#breadcrumb\"},\"inLanguage\":\"fr-FR\",\"potentialAction\":[{\"@type\":\"ReadAction\",\"target\":[\"http:\/\/ladoration.fr\/vanicet\/mentions-legales\/\"]}]},{\"@type\":\"BreadcrumbList\",\"@id\":\"http:\/\/ladoration.fr\/vanicet\/mentions-legales\/#breadcrumb\",\"itemListElement\":[{\"@type\":\"ListItem\",\"position\":1,\"name\":\"Accueil\",\"item\":\"http:\/\/ladoration.fr\/vanicet\/\"},{\"@type\":\"ListItem\",\"position\":2,\"name\":\"Mentions l\u00e9gales\"}]},{\"@type\":\"WebSite\",\"@id\":\"http:\/\/ladoration.fr\/vanicet\/#website\",\"url\":\"http:\/\/ladoration.fr\/vanicet\/\",\"name\":\"Victor Anicet\",\"description\":\"Biface dit C\u00e9saire dans la Trag\u00e9die du Roi Christophe en pensant \u00e0 Janus, deux t\u00eates, deux directions, le pass\u00e9 et l&#039;Avenir\",\"potentialAction\":[{\"@type\":\"SearchAction\",\"target\":{\"@type\":\"EntryPoint\",\"urlTemplate\":\"http:\/\/ladoration.fr\/vanicet\/?s={search_term_string}\"},\"query-input\":\"required name=search_term_string\"}],\"inLanguage\":\"fr-FR\"}]}<\/script>\n<!-- \/ Yoast SEO plugin. -->","yoast_head_json":{"title":"Mentions l\u00e9gales du site officiel de Victor Anicet","robots":{"index":"index","follow":"follow","max-snippet":"max-snippet:-1","max-image-preview":"max-image-preview:large","max-video-preview":"max-video-preview:-1"},"canonical":"http:\/\/ladoration.fr\/vanicet\/mentions-legales\/","og_locale":"fr_FR","og_type":"article","og_title":"Mentions l\u00e9gales du site officiel de Victor Anicet","og_description":"EDITEUR Victor Anicet 57 rue Falaye 97233 Schoelcher t\u00e9l\u00e9phone\u00a0: +33 (0) victor.anicet@gmail.com CREDIT ET HEBERGEMENT Ce site a \u00e9t\u00e9 con\u00e7u et r\u00e9alis\u00e9\u00a0 par Christian Broise au moyen du CMS WordPress. L&rsquo;h\u00e9bergement du site est assur\u00e9 par la soci\u00e9t\u00e9 OVH\u00a0 2 rue Kellermann BP 80157 59100 Roubaix\u00a0: http:\/\/www.ovh.com OBJET Le domaine\u00a0 \u00ab\u00a0ladoration.fr\u00a0\u00bb a\u00a0pour objet la pr\u00e9sentation [&hellip;]","og_url":"http:\/\/ladoration.fr\/vanicet\/mentions-legales\/","og_site_name":"Victor Anicet","twitter_card":"summary_large_image","twitter_misc":{"Dur\u00e9e de lecture estim\u00e9e":"2 minutes"},"schema":{"@context":"https:\/\/schema.org","@graph":[{"@type":"WebPage","@id":"http:\/\/ladoration.fr\/vanicet\/mentions-legales\/","url":"http:\/\/ladoration.fr\/vanicet\/mentions-legales\/","name":"Mentions l\u00e9gales du site officiel de Victor Anicet","isPartOf":{"@id":"http:\/\/ladoration.fr\/vanicet\/#website"},"datePublished":"2018-04-02T09:16:08+00:00","dateModified":"2018-04-02T09:16:08+00:00","breadcrumb":{"@id":"http:\/\/ladoration.fr\/vanicet\/mentions-legales\/#breadcrumb"},"inLanguage":"fr-FR","potentialAction":[{"@type":"ReadAction","target":["http:\/\/ladoration.fr\/vanicet\/mentions-legales\/"]}]},{"@type":"BreadcrumbList","@id":"http:\/\/ladoration.fr\/vanicet\/mentions-legales\/#breadcrumb","itemListElement":[{"@type":"ListItem","position":1,"name":"Accueil","item":"http:\/\/ladoration.fr\/vanicet\/"},{"@type":"ListItem","position":2,"name":"Mentions l\u00e9gales"}]},{"@type":"WebSite","@id":"http:\/\/ladoration.fr\/vanicet\/#website","url":"http:\/\/ladoration.fr\/vanicet\/","name":"Victor Anicet","description":"Biface dit C\u00e9saire dans la Trag\u00e9die du Roi Christophe en pensant \u00e0 Janus, deux t\u00eates, deux directions, le pass\u00e9 et l&#039;Avenir","potentialAction":[{"@type":"SearchAction","target":{"@type":"EntryPoint","urlTemplate":"http:\/\/ladoration.fr\/vanicet\/?s={search_term_string}"},"query-input":"required name=search_term_string"}],"inLanguage":"fr-FR"}]}},"jetpack_sharing_enabled":true,"jetpack_shortlink":"https:\/\/wp.me\/Pax50O-x","_links":{"self":[{"href":"http:\/\/ladoration.fr\/vanicet\/wp-json\/wp\/v2\/pages\/33","targetHints":{"allow":["GET"]}}],"collection":[{"href":"http:\/\/ladoration.fr\/vanicet\/wp-json\/wp\/v2\/pages"}],"about":[{"href":"http:\/\/ladoration.fr\/vanicet\/wp-json\/wp\/v2\/types\/page"}],"author":[{"embeddable":true,"href":"http:\/\/ladoration.fr\/vanicet\/wp-json\/wp\/v2\/users\/1"}],"replies":[{"embeddable":true,"href":"http:\/\/ladoration.fr\/vanicet\/wp-json\/wp\/v2\/comments?post=33"}],"version-history":[{"count":1,"href":"http:\/\/ladoration.fr\/vanicet\/wp-json\/wp\/v2\/pages\/33\/revisions"}],"predecessor-version":[{"id":34,"href":"http:\/\/ladoration.fr\/vanicet\/wp-json\/wp\/v2\/pages\/33\/revisions\/34"}],"wp:attachment":[{"href":"http:\/\/ladoration.fr\/vanicet\/wp-json\/wp\/v2\/media?parent=33"}],"curies":[{"name":"wp","href":"https:\/\/api.w.org\/{rel}","templated":true}]}}