{"id":412,"date":"2018-04-08T10:54:58","date_gmt":"2018-04-08T08:54:58","guid":{"rendered":"http:\/\/ladoration.fr\/vanicet\/?page_id=412"},"modified":"2018-06-09T10:52:45","modified_gmt":"2018-06-09T08:52:45","slug":"vitraux","status":"publish","type":"page","link":"http:\/\/ladoration.fr\/vanicet\/restitutions\/signes\/vitraux\/","title":{"rendered":"Vitraux"},"content":{"rendered":"\t\t<div data-elementor-type=\"wp-post\" data-elementor-id=\"412\" class=\"elementor elementor-412 elementor-bc-flex-widget\">\n\t\t\t\t\t\t<section class=\"elementor-section elementor-top-section elementor-element elementor-element-36e22ba elementor-section-boxed elementor-section-height-default elementor-section-height-default\" data-id=\"36e22ba\" data-element_type=\"section\">\n\t\t\t\t\t\t<div class=\"elementor-container elementor-column-gap-default\">\n\t\t\t\t\t<div class=\"elementor-column elementor-col-100 elementor-top-column elementor-element elementor-element-424ebe4\" data-id=\"424ebe4\" data-element_type=\"column\">\n\t\t\t<div class=\"elementor-widget-wrap elementor-element-populated\">\n\t\t\t\t\t\t<div class=\"elementor-element elementor-element-bdd99b9 elementor-position-top elementor-widget elementor-widget-image-box\" data-id=\"bdd99b9\" data-element_type=\"widget\" data-widget_type=\"image-box.default\">\n\t\t\t\t<div class=\"elementor-widget-container\">\n\t\t\t<div class=\"elementor-image-box-wrapper\"><figure class=\"elementor-image-box-img\"><a href=\"http:\/\/ladoration.fr\/vanicet\/wp-content\/uploads\/2018\/04\/30032018-DSC_0011-1536x2290_c.jpg\" target=\"_blank\" tabindex=\"-1\"><img fetchpriority=\"high\" decoding=\"async\" width=\"671\" height=\"1000\" src=\"http:\/\/ladoration.fr\/vanicet\/wp-content\/uploads\/2018\/04\/30032018-DSC_0011-1536x2290_c.jpg\" class=\"attachment-full size-full wp-image-418\" alt=\"Vitraux \u00e0 la cath\u00e9drale de Saint Pierre (Martinique) r\u00e9alisation de l&#039;artiste Victor Anicet\" srcset=\"http:\/\/ladoration.fr\/vanicet\/wp-content\/uploads\/2018\/04\/30032018-DSC_0011-1536x2290_c.jpg 671w, http:\/\/ladoration.fr\/vanicet\/wp-content\/uploads\/2018\/04\/30032018-DSC_0011-1536x2290_c-201x300.jpg 201w\" sizes=\"(max-width: 671px) 100vw, 671px\" \/><\/a><\/figure><\/div>\t\t<\/div>\n\t\t\t\t<\/div>\n\t\t\t\t<div class=\"elementor-element elementor-element-c7e2fd3 elementor-position-top elementor-widget elementor-widget-image-box\" data-id=\"c7e2fd3\" data-element_type=\"widget\" data-widget_type=\"image-box.default\">\n\t\t\t\t<div class=\"elementor-widget-container\">\n\t\t\t<div class=\"elementor-image-box-wrapper\"><figure class=\"elementor-image-box-img\"><a href=\"http:\/\/ladoration.fr\/vanicet\/wp-content\/uploads\/2018\/04\/30032018-DSC_0006-1536x1028_c.jpg\" target=\"_blank\" tabindex=\"-1\"><img decoding=\"async\" width=\"1000\" height=\"669\" src=\"http:\/\/ladoration.fr\/vanicet\/wp-content\/uploads\/2018\/04\/30032018-DSC_0006-1536x1028_c.jpg\" class=\"attachment-full size-full wp-image-420\" alt=\"Vitraux \u00e0 la cath\u00e9drale de Saint Pierre (Martinique) r\u00e9alisation de l&#039;artiste Victor Anicet\" srcset=\"http:\/\/ladoration.fr\/vanicet\/wp-content\/uploads\/2018\/04\/30032018-DSC_0006-1536x1028_c.jpg 1000w, http:\/\/ladoration.fr\/vanicet\/wp-content\/uploads\/2018\/04\/30032018-DSC_0006-1536x1028_c-300x201.jpg 300w, http:\/\/ladoration.fr\/vanicet\/wp-content\/uploads\/2018\/04\/30032018-DSC_0006-1536x1028_c-768x514.jpg 768w\" sizes=\"(max-width: 1000px) 100vw, 1000px\" \/><\/a><\/figure><\/div>\t\t<\/div>\n\t\t\t\t<\/div>\n\t\t\t\t<div class=\"elementor-element elementor-element-f3b3c93 elementor-position-top elementor-widget elementor-widget-image-box\" data-id=\"f3b3c93\" data-element_type=\"widget\" data-widget_type=\"image-box.default\">\n\t\t\t\t<div class=\"elementor-widget-container\">\n\t\t\t<div class=\"elementor-image-box-wrapper\"><figure class=\"elementor-image-box-img\"><a href=\"http:\/\/ladoration.fr\/vanicet\/wp-content\/uploads\/2018\/04\/30032018-DSC_0046-1536x1028_c.jpg\" target=\"_blank\" tabindex=\"-1\"><img decoding=\"async\" width=\"1000\" height=\"669\" src=\"http:\/\/ladoration.fr\/vanicet\/wp-content\/uploads\/2018\/04\/30032018-DSC_0046-1536x1028_c.jpg\" class=\"attachment-full size-full wp-image-422\" alt=\"Vitraux \u00e0 la cath\u00e9drale de Saint Pierre (Martinique) r\u00e9alisation de l&#039;artiste Victor Anicet\" srcset=\"http:\/\/ladoration.fr\/vanicet\/wp-content\/uploads\/2018\/04\/30032018-DSC_0046-1536x1028_c.jpg 1000w, http:\/\/ladoration.fr\/vanicet\/wp-content\/uploads\/2018\/04\/30032018-DSC_0046-1536x1028_c-300x201.jpg 300w, http:\/\/ladoration.fr\/vanicet\/wp-content\/uploads\/2018\/04\/30032018-DSC_0046-1536x1028_c-768x514.jpg 768w\" sizes=\"(max-width: 1000px) 100vw, 1000px\" \/><\/a><\/figure><\/div>\t\t<\/div>\n\t\t\t\t<\/div>\n\t\t\t\t<div class=\"elementor-element elementor-element-e44d665 elementor-widget elementor-widget-text-editor\" data-id=\"e44d665\" data-element_type=\"widget\" data-widget_type=\"text-editor.default\">\n\t\t\t\t<div class=\"elementor-widget-container\">\n\t\t\t\t\t\t\t<p align=\"CENTER\"><span style=\"font-size: 14pt;\"><b>Epop\u00e9e au c\u0153ur de la lumi\u00e8re<\/b><\/span><\/p><p align=\"CENTER\">\u00a0<\/p><p align=\"JUSTIFY\"><span style=\"font-size: 14pt;\"><em>Monsieur l\u2019Archev\u00eaque de Fort de France et Saint-Pierre, <\/em><\/span><\/p><p align=\"JUSTIFY\"><span style=\"font-size: 14pt;\"><em>Mesdames et Messieurs les repr\u00e9sentants des autorit\u00e9s civiles, militaires et religieuses,<\/em><\/span><\/p><p align=\"JUSTIFY\"><span style=\"font-size: 14pt;\"><em>Mesdames, Messieurs,<\/em><\/span><\/p><p align=\"JUSTIFY\">\u00a0<\/p><p align=\"JUSTIFY\"><span style=\"font-size: 14pt;\">Il est des cr\u00e9ations dont se satisfait plus ou moins l\u2019artiste qui les con\u00e7oit\u00a0; des cr\u00e9ations \u00ab\u00a0contentement\u00a0\u00bb, des cr\u00e9ations \u00ab\u00a0t\u00e2tonnement\u00a0\u00bb, des cr\u00e9ations \u00ab\u00a0atermoiement\u00a0\u00bb\u2026 <\/span><\/p><p align=\"JUSTIFY\"><span style=\"font-size: 14pt;\">Et puis, il est des cr\u00e9ations comme du nouveau n\u00e9 qui parait, qui s\u2019insinuant dans la vie de l\u2019artiste, \u00e9branlent ses habitudes ; des cr\u00e9ations \u00ab\u00a0temp\u00eate\u00a0\u00bb qui s\u2019abattant sur la t\u00eate de l\u2019homme, bouleversent le champ de ses perceptions&#8230; <\/span><\/p><p align=\"JUSTIFY\"><span style=\"font-size: 14pt;\">Lorsqu\u2019on me confia en 2002 la r\u00e9alisation des vitraux de la cath\u00e9drale de Saint-Pierre, j\u2019avais conscience du d\u00e9fi artistique \u00e0 relever, mais non des limites qu\u2019il me faudrait repousser dans l\u2019exercice de mon art, ni de l\u2019extraordinaire introspection qu\u2019il me faudrait mener dans l\u2019antre indicible de la lumi\u00e8re. <\/span><\/p><p align=\"JUSTIFY\"><span style=\"font-size: 14pt;\">Ma d\u00e9marche a consist\u00e9 tout d\u2019abord \u00e0 m\u2019impr\u00e9gner du lieu. Je voulais cr\u00e9er des vitraux, \u00e0 l\u2019image de cet espace, propice au recueillement, symbole de rassemblement\u00a0; en rapport avec cette cit\u00e9 charg\u00e9e d\u2019histoires\u00a0; en accord avec la culture et l\u2019identit\u00e9 d\u2019un peuple. <\/span><\/p><p align=\"JUSTIFY\"><span style=\"font-size: 14pt;\">Le th\u00e8me sugg\u00e9r\u00e9 par le p\u00e8re Catay\u00e9e aux membres du Club Soroptimist de Trinit\u00e9 -Saint-Pierre\u00a0: la r\u00e9surrection. Th\u00e8me biblique, th\u00e8me philosophique, th\u00e8me universel\u2026 Th\u00e8me cher \u00e0 la ville de Saint-Pierre, meurtrie dans son sang et dans sa chair, pour rena\u00eetre d\u2019elle-m\u00eame sur les cendres du volcan. <\/span><\/p><p align=\"JUSTIFY\"><span style=\"font-size: 14pt;\">C\u2019est au mitan de notre for\u00eat tropicale, espace matriciel par excellence, que j\u2019ai trouv\u00e9 l\u2019inspiration salvatrice. Durant des semaines, j\u2019ai sillonn\u00e9 la route de la Trace, de l\u2019Alma aux Nuages, contemplant le silence, traquant les ambiances, scrutant les nuances, les jeux d\u2019ombre et de transparence. Mon regard a chemin\u00e9 le long de l\u2019enchev\u00eatrement v\u00e9g\u00e9tal, photographiant l\u2019entrelacs de formes et de courbes, d\u00e9tourant au passage les interstices de mati\u00e8re ajour\u00e9e. Je voulais diss\u00e9quer \u00e0 l\u2019\u0153il nu le spectre de la lumi\u00e8re, p\u00e9n\u00e9trer au c\u0153ur de sa substance pour en extraire la quintessence color\u00e9e.<\/span><\/p><p align=\"JUSTIFY\"><span style=\"font-size: 14pt;\">Apr\u00e8s plusieurs mois de recherches et de maturation, je me suis mis \u00e0 peindre d\u2019une \u00e9criture inspir\u00e9e,\u00a0guid\u00e9e par mes rencontres, investie par des souvenirs et mes sensations.<\/span><\/p><p align=\"JUSTIFY\"><span style=\"font-size: 14pt;\">Il me fallait enfin choisir les artisans qui passeraient \u00e0 la r\u00e9alisation effective du vitrail.<\/span><\/p><p align=\"JUSTIFY\"><span style=\"font-size: 14pt;\">En effet chaque morceau du vitrail, c\u2019est du verre blanc qui a \u00e9t\u00e9 teint\u00e9 \u00e0 l\u2019aide d\u2019oxyde m\u00e9tallique et cuit au four entre 600 et 650\u00b0\u00a0; c\u2019est le plomb qui sertit chaque morceau de verre et qui s\u2019appelle l\u2019AME. <\/span><\/p><p align=\"JUSTIFY\"><span style=\"font-size: 14pt;\">C\u2019est \u00e0 Reims, \u00e0 la Maison Simon, sous le patronage de Beno\u00eet que j\u2019ai trouv\u00e9 les comp\u00e9tences appropri\u00e9es. Gr\u00e2ce au talent exceptionnel de ces Compagnons de France, aguerris au travail minutieux et rigoureux, ma cr\u00e9ation a enfin pris corps. <\/span><\/p><p align=\"JUSTIFY\"><span style=\"font-size: 14pt;\">Au Moyen-\u00e2ge, les vitraux servaient \u00e0 enseigner les principes religieux et \u00e0 illustrer les passages-cl\u00e9s de la Bible\u00a0; ce vitrail n\u2019est pas une image.<\/span><\/p><p align=\"JUSTIFY\"><span style=\"font-size: 14pt;\">La lecture verticale des vitraux de la cath\u00e9drale de Saint-Pierre invite \u00e0 l\u2019\u00e9l\u00e9vation spirituelle, comme un long cheminement de l\u2019ombre \u00e0 la lumi\u00e8re. La base d\u00e9cline des tons froids et des coloris sombres qui progressivement se teintent en chaleur, en courbes et en rougeoiement pour atteindre, au sommet, le cercle protecteur et rayonnant, symbole de communion, de pl\u00e9nitude, \u00e0 l\u2019instar de l\u2019hostie ou du soleil couchant. <\/span><\/p><p align=\"JUSTIFY\"><span style=\"font-size: 14pt;\">Il est des cr\u00e9ations dont se satisfait plus ou moins l\u2019artiste qui les con\u00e7oit\u00a0; des cr\u00e9ations \u00ab\u00a0contentement\u00a0\u00bb, des cr\u00e9ations \u00ab\u00a0t\u00e2tonnement\u00a0\u00bb, des cr\u00e9ations \u00ab\u00a0atermoiement\u00a0\u00bb\u2026Et puis, il y a La Cr\u00e9ation, celle qui marque le parcours artistique et spirituel d\u2019un homme et qui donne sens \u00e0 son existence. <\/span><\/p><p align=\"JUSTIFY\"><span style=\"font-size: 14pt;\">Ces vitraux qui ornent maintenant la fa\u00e7ade ouest de la cath\u00e9drale de Saint-Pierre, tourneront le dos aux fid\u00e8les venus assister \u00e0 l\u2019office. Filtres color\u00e9s, cr\u00e9ateurs d\u2019ambiance et de solennit\u00e9, distillateur d\u2019intemporalit\u00e9, ils leur apporteront, je l\u2019esp\u00e8re, la lumi\u00e8re s\u00e9curisante et apaisante qu\u2019ils sont venus trouver.<\/span><\/p><p><em><span style=\"font-size: 14pt;\">Discours de Victor ANICET prononc\u00e9 \u00e0 l\u2019occasion de l\u2019inauguration des vitraux de la Cath\u00e9drale de la Ville de Saint-Pierre \u2013 Martinique.\u00a0<\/span><span style=\"font-size: 14pt;\">Saint-Pierre le 08 D\u00e9cembre 2006.<\/span><\/em><\/p>\t\t\t\t\t\t<\/div>\n\t\t\t\t<\/div>\n\t\t\t\t<div class=\"elementor-element elementor-element-f724395 elementor-widget elementor-widget-text-editor\" data-id=\"f724395\" data-element_type=\"widget\" data-widget_type=\"text-editor.default\">\n\t\t\t\t<div class=\"elementor-widget-container\">\n\t\t\t\t\t\t\t<p><span style=\"font-size: 14pt;\">Voir aussi un autre projet: <a href=\"http:\/\/ladoration.fr\/vanicet\/restitutions\/annees-1990\/choeur-de-la-paroisse-notre-dame-de-la-nativite-de-schoelcher\/\" target=\"_blank\" rel=\"noopener\">terre cuite<\/a> du Choeur de la Paroisse Notre Dame de la Nativit\u00e9 de Schoelcher<\/span><\/p>\t\t\t\t\t\t<\/div>\n\t\t\t\t<\/div>\n\t\t\t\t\t<\/div>\n\t\t<\/div>\n\t\t\t\t\t<\/div>\n\t\t<\/section>\n\t\t\t\t<section class=\"elementor-section elementor-top-section elementor-element elementor-element-248ee7f7 elementor-section-boxed elementor-section-height-default elementor-section-height-default\" data-id=\"248ee7f7\" data-element_type=\"section\">\n\t\t\t\t\t\t<div class=\"elementor-container elementor-column-gap-default\">\n\t\t\t\t\t<div class=\"elementor-column elementor-col-100 elementor-top-column elementor-element elementor-element-73510ec8\" data-id=\"73510ec8\" data-element_type=\"column\">\n\t\t\t<div class=\"elementor-widget-wrap elementor-element-populated\">\n\t\t\t\t\t\t<div class=\"elementor-element elementor-element-78b78b9c elementor-align-center elementor-widget elementor-widget-button\" data-id=\"78b78b9c\" data-element_type=\"widget\" data-widget_type=\"button.default\">\n\t\t\t\t<div class=\"elementor-widget-container\">\n\t\t\t\t\t<div class=\"elementor-button-wrapper\">\n\t\t\t<a class=\"elementor-button elementor-button-link elementor-size-sm\" href=\"http:\/\/ladoration.fr\/vanicet\/restitutions\/\">\n\t\t\t\t\t\t<span class=\"elementor-button-content-wrapper\">\n\t\t\t\t\t\t\t\t\t<span class=\"elementor-button-text\">Retour \u00e0 la liste des oeuvres<\/span>\n\t\t\t\t\t<\/span>\n\t\t\t\t\t<\/a>\n\t\t<\/div>\n\t\t\t\t<\/div>\n\t\t\t\t<\/div>\n\t\t\t\t\t<\/div>\n\t\t<\/div>\n\t\t\t\t\t<\/div>\n\t\t<\/section>\n\t\t\t\t<\/div>\n\t\t","protected":false},"excerpt":{"rendered":"<p>Epop\u00e9e au c\u0153ur de la lumi\u00e8re \u00a0 Monsieur l\u2019Archev\u00eaque de Fort de France et Saint-Pierre, Mesdames et Messieurs les repr\u00e9sentants des autorit\u00e9s civiles, militaires et religieuses, Mesdames, Messieurs, \u00a0 Il est des cr\u00e9ations dont se satisfait plus ou moins l\u2019artiste qui les con\u00e7oit\u00a0; des cr\u00e9ations \u00ab\u00a0contentement\u00a0\u00bb, des cr\u00e9ations \u00ab\u00a0t\u00e2tonnement\u00a0\u00bb, des cr\u00e9ations \u00ab\u00a0atermoiement\u00a0\u00bb\u2026 Et puis, il [&hellip;]<\/p>\n","protected":false},"author":1,"featured_media":0,"parent":646,"menu_order":0,"comment_status":"closed","ping_status":"closed","template":"","meta":{"jetpack_post_was_ever_published":false,"footnotes":""},"class_list":["post-412","page","type-page","status-publish","hentry","blog-blocks-layout","blog-style-postblock","","blog-alt-odd"],"yoast_head":"<!-- This site is optimized with the Yoast SEO plugin v23.0 - https:\/\/yoast.com\/wordpress\/plugins\/seo\/ -->\n<title>Vitraux. Oeuvre de l&#039;artiste martiniquais Victor Anicet.<\/title>\n<meta name=\"description\" content=\"Vitraux. Oeuvre de l&#039;artiste martiniquais Victor Anicet occupant les 3 baies de la fa\u00e7ade occidentale de la Cath\u00e9drale de Notre Dame du Bon Port (Saint Pierre, Martinique). Inauguration en d\u00e9cembre 2006.\" \/>\n<meta name=\"robots\" content=\"index, follow, max-snippet:-1, max-image-preview:large, max-video-preview:-1\" \/>\n<link rel=\"canonical\" href=\"https:\/\/ladoration.fr\/vanicet\/restitutions\/signes\/vitraux\/\" \/>\n<meta property=\"og:locale\" content=\"fr_FR\" \/>\n<meta property=\"og:type\" content=\"article\" \/>\n<meta property=\"og:title\" content=\"Vitraux. Oeuvre de l&#039;artiste martiniquais Victor Anicet.\" \/>\n<meta property=\"og:description\" content=\"Vitraux. Oeuvre de l&#039;artiste martiniquais Victor Anicet occupant les 3 baies de la fa\u00e7ade occidentale de la Cath\u00e9drale de Notre Dame du Bon Port (Saint Pierre, Martinique). Inauguration en d\u00e9cembre 2006.\" \/>\n<meta property=\"og:url\" content=\"https:\/\/ladoration.fr\/vanicet\/restitutions\/signes\/vitraux\/\" \/>\n<meta property=\"og:site_name\" content=\"Victor Anicet\" \/>\n<meta property=\"article:modified_time\" content=\"2018-06-09T08:52:45+00:00\" \/>\n<meta property=\"og:image\" content=\"http:\/\/ladoration.fr\/vanicet\/wp-content\/uploads\/2018\/04\/30032018-DSC_0011-1536x2290_c.jpg\" \/>\n<meta name=\"twitter:card\" content=\"summary_large_image\" \/>\n<meta name=\"twitter:label1\" content=\"Dur\u00e9e de lecture estim\u00e9e\" \/>\n\t<meta name=\"twitter:data1\" content=\"4 minutes\" \/>\n<script type=\"application\/ld+json\" class=\"yoast-schema-graph\">{\"@context\":\"https:\/\/schema.org\",\"@graph\":[{\"@type\":\"WebPage\",\"@id\":\"https:\/\/ladoration.fr\/vanicet\/restitutions\/signes\/vitraux\/\",\"url\":\"https:\/\/ladoration.fr\/vanicet\/restitutions\/signes\/vitraux\/\",\"name\":\"Vitraux. Oeuvre de l'artiste martiniquais Victor Anicet.\",\"isPartOf\":{\"@id\":\"http:\/\/ladoration.fr\/vanicet\/#website\"},\"primaryImageOfPage\":{\"@id\":\"https:\/\/ladoration.fr\/vanicet\/restitutions\/signes\/vitraux\/#primaryimage\"},\"image\":{\"@id\":\"https:\/\/ladoration.fr\/vanicet\/restitutions\/signes\/vitraux\/#primaryimage\"},\"thumbnailUrl\":\"http:\/\/ladoration.fr\/vanicet\/wp-content\/uploads\/2018\/04\/30032018-DSC_0011-1536x2290_c.jpg\",\"datePublished\":\"2018-04-08T08:54:58+00:00\",\"dateModified\":\"2018-06-09T08:52:45+00:00\",\"description\":\"Vitraux. Oeuvre de l'artiste martiniquais Victor Anicet occupant les 3 baies de la fa\u00e7ade occidentale de la Cath\u00e9drale de Notre Dame du Bon Port (Saint Pierre, Martinique). Inauguration en d\u00e9cembre 2006.\",\"breadcrumb\":{\"@id\":\"https:\/\/ladoration.fr\/vanicet\/restitutions\/signes\/vitraux\/#breadcrumb\"},\"inLanguage\":\"fr-FR\",\"potentialAction\":[{\"@type\":\"ReadAction\",\"target\":[\"https:\/\/ladoration.fr\/vanicet\/restitutions\/signes\/vitraux\/\"]}]},{\"@type\":\"ImageObject\",\"inLanguage\":\"fr-FR\",\"@id\":\"https:\/\/ladoration.fr\/vanicet\/restitutions\/signes\/vitraux\/#primaryimage\",\"url\":\"http:\/\/ladoration.fr\/vanicet\/wp-content\/uploads\/2018\/04\/30032018-DSC_0011-1536x2290_c.jpg\",\"contentUrl\":\"http:\/\/ladoration.fr\/vanicet\/wp-content\/uploads\/2018\/04\/30032018-DSC_0011-1536x2290_c.jpg\"},{\"@type\":\"BreadcrumbList\",\"@id\":\"https:\/\/ladoration.fr\/vanicet\/restitutions\/signes\/vitraux\/#breadcrumb\",\"itemListElement\":[{\"@type\":\"ListItem\",\"position\":1,\"name\":\"Accueil\",\"item\":\"http:\/\/ladoration.fr\/vanicet\/\"},{\"@type\":\"ListItem\",\"position\":2,\"name\":\"Restitutions\",\"item\":\"https:\/\/ladoration.fr\/vanicet\/restitutions\/\"},{\"@type\":\"ListItem\",\"position\":3,\"name\":\"Signes\",\"item\":\"http:\/\/ladoration.fr\/vanicet\/restitutions\/signes\/\"},{\"@type\":\"ListItem\",\"position\":4,\"name\":\"Vitraux\"}]},{\"@type\":\"WebSite\",\"@id\":\"http:\/\/ladoration.fr\/vanicet\/#website\",\"url\":\"http:\/\/ladoration.fr\/vanicet\/\",\"name\":\"Victor Anicet\",\"description\":\"Biface dit C\u00e9saire dans la Trag\u00e9die du Roi Christophe en pensant \u00e0 Janus, deux t\u00eates, deux directions, le pass\u00e9 et l&#039;Avenir\",\"potentialAction\":[{\"@type\":\"SearchAction\",\"target\":{\"@type\":\"EntryPoint\",\"urlTemplate\":\"http:\/\/ladoration.fr\/vanicet\/?s={search_term_string}\"},\"query-input\":\"required name=search_term_string\"}],\"inLanguage\":\"fr-FR\"}]}<\/script>\n<!-- \/ Yoast SEO plugin. -->","yoast_head_json":{"title":"Vitraux. Oeuvre de l'artiste martiniquais Victor Anicet.","description":"Vitraux. Oeuvre de l'artiste martiniquais Victor Anicet occupant les 3 baies de la fa\u00e7ade occidentale de la Cath\u00e9drale de Notre Dame du Bon Port (Saint Pierre, Martinique). Inauguration en d\u00e9cembre 2006.","robots":{"index":"index","follow":"follow","max-snippet":"max-snippet:-1","max-image-preview":"max-image-preview:large","max-video-preview":"max-video-preview:-1"},"canonical":"https:\/\/ladoration.fr\/vanicet\/restitutions\/signes\/vitraux\/","og_locale":"fr_FR","og_type":"article","og_title":"Vitraux. Oeuvre de l'artiste martiniquais Victor Anicet.","og_description":"Vitraux. Oeuvre de l'artiste martiniquais Victor Anicet occupant les 3 baies de la fa\u00e7ade occidentale de la Cath\u00e9drale de Notre Dame du Bon Port (Saint Pierre, Martinique). Inauguration en d\u00e9cembre 2006.","og_url":"https:\/\/ladoration.fr\/vanicet\/restitutions\/signes\/vitraux\/","og_site_name":"Victor Anicet","article_modified_time":"2018-06-09T08:52:45+00:00","og_image":[{"url":"http:\/\/ladoration.fr\/vanicet\/wp-content\/uploads\/2018\/04\/30032018-DSC_0011-1536x2290_c.jpg"}],"twitter_card":"summary_large_image","twitter_misc":{"Dur\u00e9e de lecture estim\u00e9e":"4 minutes"},"schema":{"@context":"https:\/\/schema.org","@graph":[{"@type":"WebPage","@id":"https:\/\/ladoration.fr\/vanicet\/restitutions\/signes\/vitraux\/","url":"https:\/\/ladoration.fr\/vanicet\/restitutions\/signes\/vitraux\/","name":"Vitraux. Oeuvre de l'artiste martiniquais Victor Anicet.","isPartOf":{"@id":"http:\/\/ladoration.fr\/vanicet\/#website"},"primaryImageOfPage":{"@id":"https:\/\/ladoration.fr\/vanicet\/restitutions\/signes\/vitraux\/#primaryimage"},"image":{"@id":"https:\/\/ladoration.fr\/vanicet\/restitutions\/signes\/vitraux\/#primaryimage"},"thumbnailUrl":"http:\/\/ladoration.fr\/vanicet\/wp-content\/uploads\/2018\/04\/30032018-DSC_0011-1536x2290_c.jpg","datePublished":"2018-04-08T08:54:58+00:00","dateModified":"2018-06-09T08:52:45+00:00","description":"Vitraux. Oeuvre de l'artiste martiniquais Victor Anicet occupant les 3 baies de la fa\u00e7ade occidentale de la Cath\u00e9drale de Notre Dame du Bon Port (Saint Pierre, Martinique). Inauguration en d\u00e9cembre 2006.","breadcrumb":{"@id":"https:\/\/ladoration.fr\/vanicet\/restitutions\/signes\/vitraux\/#breadcrumb"},"inLanguage":"fr-FR","potentialAction":[{"@type":"ReadAction","target":["https:\/\/ladoration.fr\/vanicet\/restitutions\/signes\/vitraux\/"]}]},{"@type":"ImageObject","inLanguage":"fr-FR","@id":"https:\/\/ladoration.fr\/vanicet\/restitutions\/signes\/vitraux\/#primaryimage","url":"http:\/\/ladoration.fr\/vanicet\/wp-content\/uploads\/2018\/04\/30032018-DSC_0011-1536x2290_c.jpg","contentUrl":"http:\/\/ladoration.fr\/vanicet\/wp-content\/uploads\/2018\/04\/30032018-DSC_0011-1536x2290_c.jpg"},{"@type":"BreadcrumbList","@id":"https:\/\/ladoration.fr\/vanicet\/restitutions\/signes\/vitraux\/#breadcrumb","itemListElement":[{"@type":"ListItem","position":1,"name":"Accueil","item":"http:\/\/ladoration.fr\/vanicet\/"},{"@type":"ListItem","position":2,"name":"Restitutions","item":"https:\/\/ladoration.fr\/vanicet\/restitutions\/"},{"@type":"ListItem","position":3,"name":"Signes","item":"http:\/\/ladoration.fr\/vanicet\/restitutions\/signes\/"},{"@type":"ListItem","position":4,"name":"Vitraux"}]},{"@type":"WebSite","@id":"http:\/\/ladoration.fr\/vanicet\/#website","url":"http:\/\/ladoration.fr\/vanicet\/","name":"Victor Anicet","description":"Biface dit C\u00e9saire dans la Trag\u00e9die du Roi Christophe en pensant \u00e0 Janus, deux t\u00eates, deux directions, le pass\u00e9 et l&#039;Avenir","potentialAction":[{"@type":"SearchAction","target":{"@type":"EntryPoint","urlTemplate":"http:\/\/ladoration.fr\/vanicet\/?s={search_term_string}"},"query-input":"required name=search_term_string"}],"inLanguage":"fr-FR"}]}},"jetpack_sharing_enabled":true,"jetpack_shortlink":"https:\/\/wp.me\/Pax50O-6E","_links":{"self":[{"href":"http:\/\/ladoration.fr\/vanicet\/wp-json\/wp\/v2\/pages\/412","targetHints":{"allow":["GET"]}}],"collection":[{"href":"http:\/\/ladoration.fr\/vanicet\/wp-json\/wp\/v2\/pages"}],"about":[{"href":"http:\/\/ladoration.fr\/vanicet\/wp-json\/wp\/v2\/types\/page"}],"author":[{"embeddable":true,"href":"http:\/\/ladoration.fr\/vanicet\/wp-json\/wp\/v2\/users\/1"}],"replies":[{"embeddable":true,"href":"http:\/\/ladoration.fr\/vanicet\/wp-json\/wp\/v2\/comments?post=412"}],"version-history":[{"count":9,"href":"http:\/\/ladoration.fr\/vanicet\/wp-json\/wp\/v2\/pages\/412\/revisions"}],"predecessor-version":[{"id":907,"href":"http:\/\/ladoration.fr\/vanicet\/wp-json\/wp\/v2\/pages\/412\/revisions\/907"}],"up":[{"embeddable":true,"href":"http:\/\/ladoration.fr\/vanicet\/wp-json\/wp\/v2\/pages\/646"}],"wp:attachment":[{"href":"http:\/\/ladoration.fr\/vanicet\/wp-json\/wp\/v2\/media?parent=412"}],"curies":[{"name":"wp","href":"https:\/\/api.w.org\/{rel}","templated":true}]}}