{"id":425,"date":"2018-04-09T09:59:04","date_gmt":"2018-04-09T07:59:04","guid":{"rendered":"http:\/\/ladoration.fr\/vanicet\/?page_id=425"},"modified":"2018-06-11T10:23:38","modified_gmt":"2018-06-11T08:23:38","slug":"la-vision-du-vaincu","status":"publish","type":"page","link":"http:\/\/ladoration.fr\/vanicet\/restitutions\/sculptures\/la-vision-du-vaincu\/","title":{"rendered":"La vision du vaincu"},"content":{"rendered":"\t\t<div data-elementor-type=\"wp-post\" data-elementor-id=\"425\" class=\"elementor elementor-425 elementor-bc-flex-widget\">\n\t\t\t\t\t\t<section class=\"elementor-section elementor-top-section elementor-element elementor-element-3108458 elementor-section-boxed elementor-section-height-default elementor-section-height-default\" data-id=\"3108458\" data-element_type=\"section\">\n\t\t\t\t\t\t<div class=\"elementor-container elementor-column-gap-default\">\n\t\t\t\t\t<div class=\"elementor-column elementor-col-100 elementor-top-column elementor-element elementor-element-599194c\" data-id=\"599194c\" data-element_type=\"column\">\n\t\t\t<div class=\"elementor-widget-wrap elementor-element-populated\">\n\t\t\t\t\t\t<div class=\"elementor-element elementor-element-67c8592 elementor-position-top elementor-widget elementor-widget-image-box\" data-id=\"67c8592\" data-element_type=\"widget\" data-widget_type=\"image-box.default\">\n\t\t\t\t<div class=\"elementor-widget-container\">\n\t\t\t<div class=\"elementor-image-box-wrapper\"><figure class=\"elementor-image-box-img\"><a href=\"http:\/\/ladoration.fr\/vanicet\/wp-content\/uploads\/2018\/04\/11012018-_BRO27442.jpg\" target=\"_blank\" tabindex=\"-1\"><img fetchpriority=\"high\" decoding=\"async\" width=\"1000\" height=\"668\" src=\"http:\/\/ladoration.fr\/vanicet\/wp-content\/uploads\/2018\/04\/11012018-_BRO27442.jpg\" class=\"attachment-full size-full wp-image-445\" alt=\"La vision du vaincu. Oeuvre de Victor Anicet expos\u00e9e dans les jardins de l&#039;Habitation Saint-Etienne, Martinique. Cr\u00e9dits photographiques \u00a9Christian Broise\" srcset=\"http:\/\/ladoration.fr\/vanicet\/wp-content\/uploads\/2018\/04\/11012018-_BRO27442.jpg 1000w, http:\/\/ladoration.fr\/vanicet\/wp-content\/uploads\/2018\/04\/11012018-_BRO27442-300x200.jpg 300w, http:\/\/ladoration.fr\/vanicet\/wp-content\/uploads\/2018\/04\/11012018-_BRO27442-768x513.jpg 768w\" sizes=\"(max-width: 1000px) 100vw, 1000px\" \/><\/a><\/figure><div class=\"elementor-image-box-content\"><h3 class=\"elementor-image-box-title\"><a href=\"http:\/\/ladoration.fr\/vanicet\/wp-content\/uploads\/2018\/04\/11012018-_BRO27442.jpg\" target=\"_blank\">La vision des vaincus Victor Anicet. Foudres HSE, 2014<\/a><\/h3><p class=\"elementor-image-box-description\">\u00a9Photo Christian Broise<\/p><\/div><\/div>\t\t<\/div>\n\t\t\t\t<\/div>\n\t\t\t\t<div class=\"elementor-element elementor-element-5309de0 elementor-position-top elementor-widget elementor-widget-image-box\" data-id=\"5309de0\" data-element_type=\"widget\" data-widget_type=\"image-box.default\">\n\t\t\t\t<div class=\"elementor-widget-container\">\n\t\t\t<div class=\"elementor-image-box-wrapper\"><figure class=\"elementor-image-box-img\"><a href=\"http:\/\/ladoration.fr\/vanicet\/wp-content\/uploads\/2018\/04\/11012018-_BRO2745-1.jpg\" target=\"_blank\" tabindex=\"-1\"><img decoding=\"async\" width=\"1000\" height=\"668\" src=\"http:\/\/ladoration.fr\/vanicet\/wp-content\/uploads\/2018\/04\/11012018-_BRO2745-1.jpg\" class=\"attachment-full size-full wp-image-443\" alt=\"La vision du vaincu. Oeuvre de Victor Anicet expos\u00e9e dans les jardins de l&#039;Habitation Saint-Etienne, Martinique. Cr\u00e9dits photographiques \u00a9Christian Broise\" srcset=\"http:\/\/ladoration.fr\/vanicet\/wp-content\/uploads\/2018\/04\/11012018-_BRO2745-1.jpg 1000w, http:\/\/ladoration.fr\/vanicet\/wp-content\/uploads\/2018\/04\/11012018-_BRO2745-1-300x200.jpg 300w, http:\/\/ladoration.fr\/vanicet\/wp-content\/uploads\/2018\/04\/11012018-_BRO2745-1-768x513.jpg 768w\" sizes=\"(max-width: 1000px) 100vw, 1000px\" \/><\/a><\/figure><div class=\"elementor-image-box-content\"><h3 class=\"elementor-image-box-title\"><a href=\"http:\/\/ladoration.fr\/vanicet\/wp-content\/uploads\/2018\/04\/11012018-_BRO2745-1.jpg\" target=\"_blank\">La vision des vaincus Victor Anicet Foudres HSE 2014<\/a><\/h3><p class=\"elementor-image-box-description\">\n\u00a9Photo Christian Broise<\/p><\/div><\/div>\t\t<\/div>\n\t\t\t\t<\/div>\n\t\t\t\t<div class=\"elementor-element elementor-element-e604da9 elementor-widget elementor-widget-text-editor\" data-id=\"e604da9\" data-element_type=\"widget\" data-widget_type=\"text-editor.default\">\n\t\t\t\t<div class=\"elementor-widget-container\">\n\t\t\t\t\t\t\t<p>Sur ce projet, voir <a href=\"https:\/\/aica-sc.net\/2014\/05\/22\/nos-barques-sont-ouvertes-pour-tous-nous-les-naviguons-1\/\" target=\"_blank\" rel=\"noopener\">l&rsquo;article\u00a0<\/a> sur le site de l&rsquo;Aica<\/p><p>Voir aussi\u00a0<a href=\"http:\/\/www.madinin-art.net\/la-vision-des-vaincus\/\" target=\"_blank\" rel=\"noopener\">l&rsquo;article de\u00a0Guillaume Pigeard de Gurbert<\/a> sur le site madinin-art.<\/p>\t\t\t\t\t\t<\/div>\n\t\t\t\t<\/div>\n\t\t\t\t<div class=\"elementor-element elementor-element-b344944 elementor-widget elementor-widget-video\" data-id=\"b344944\" data-element_type=\"widget\" data-settings=\"{&quot;youtube_url&quot;:&quot;https:\\\/\\\/vimeo.com\\\/143947014&quot;,&quot;video_type&quot;:&quot;youtube&quot;,&quot;controls&quot;:&quot;yes&quot;}\" data-widget_type=\"video.default\">\n\t\t\t\t<div class=\"elementor-widget-container\">\n\t\t\t\t\t<div class=\"elementor-wrapper elementor-open-inline\">\n\t\t\t<div class=\"elementor-video\"><\/div>\t\t<\/div>\n\t\t\t\t<\/div>\n\t\t\t\t<\/div>\n\t\t\t\t\t<\/div>\n\t\t<\/div>\n\t\t\t\t\t<\/div>\n\t\t<\/section>\n\t\t\t\t<section class=\"elementor-section elementor-top-section elementor-element elementor-element-31d40466 elementor-section-boxed elementor-section-height-default elementor-section-height-default\" data-id=\"31d40466\" data-element_type=\"section\">\n\t\t\t\t\t\t<div class=\"elementor-container elementor-column-gap-default\">\n\t\t\t\t\t<div class=\"elementor-column elementor-col-100 elementor-top-column elementor-element elementor-element-356c86b8\" data-id=\"356c86b8\" data-element_type=\"column\">\n\t\t\t<div class=\"elementor-widget-wrap elementor-element-populated\">\n\t\t\t\t\t\t<div class=\"elementor-element elementor-element-59a7e74e elementor-align-center elementor-widget elementor-widget-button\" data-id=\"59a7e74e\" data-element_type=\"widget\" data-widget_type=\"button.default\">\n\t\t\t\t<div class=\"elementor-widget-container\">\n\t\t\t\t\t<div class=\"elementor-button-wrapper\">\n\t\t\t<a class=\"elementor-button elementor-button-link elementor-size-sm\" href=\"http:\/\/ladoration.fr\/vanicet\/restitutions\/\">\n\t\t\t\t\t\t<span class=\"elementor-button-content-wrapper\">\n\t\t\t\t\t\t\t\t\t<span class=\"elementor-button-text\">Retour \u00e0 la liste des oeuvres<\/span>\n\t\t\t\t\t<\/span>\n\t\t\t\t\t<\/a>\n\t\t<\/div>\n\t\t\t\t<\/div>\n\t\t\t\t<\/div>\n\t\t\t\t\t<\/div>\n\t\t<\/div>\n\t\t\t\t\t<\/div>\n\t\t<\/section>\n\t\t\t\t<\/div>\n\t\t","protected":false},"excerpt":{"rendered":"<p>La vision des vaincus Victor Anicet. Foudres HSE, 2014 \u00a9Photo Christian Broise La vision des vaincus Victor Anicet Foudres HSE 2014 \u00a9Photo Christian Broise Sur ce projet, voir l&rsquo;article\u00a0 sur le site de l&rsquo;Aica Voir aussi\u00a0l&rsquo;article de\u00a0Guillaume Pigeard de Gurbert sur le site madinin-art. https:\/\/vimeo.com\/143947014 Retour \u00e0 la liste des oeuvres<\/p>\n","protected":false},"author":1,"featured_media":0,"parent":657,"menu_order":0,"comment_status":"closed","ping_status":"closed","template":"","meta":{"jetpack_post_was_ever_published":false,"footnotes":""},"class_list":["post-425","page","type-page","status-publish","hentry","blog-blocks-layout","blog-style-postblock","","blog-alt-odd"],"yoast_head":"<!-- This site is optimized with the Yoast SEO plugin v23.0 - https:\/\/yoast.com\/wordpress\/plugins\/seo\/ -->\n<title>la vision du vaincu.Sculpture de l&#039;artiste martiniquais Victor Anicet<\/title>\n<meta name=\"description\" content=\"La vision du vaincu est une oeuvre du plasticien et c\u00e9ramiste Victor Anicet. Cette oeuvre monumentale a \u00e9t\u00e9 inaugur\u00e9e le 21 mai 2014 dans l\u2019Habitation Saint-Etienne au Gros Morne, \u00e0 la Martinique.\" \/>\n<meta name=\"robots\" content=\"index, follow, max-snippet:-1, max-image-preview:large, max-video-preview:-1\" \/>\n<link rel=\"canonical\" href=\"http:\/\/ladoration.fr\/vanicet\/restitutions\/sculptures\/la-vision-du-vaincu\/\" \/>\n<meta property=\"og:locale\" content=\"fr_FR\" \/>\n<meta property=\"og:type\" content=\"article\" \/>\n<meta property=\"og:title\" content=\"la vision du vaincu.Sculpture de l&#039;artiste martiniquais Victor Anicet\" \/>\n<meta property=\"og:description\" content=\"La vision du vaincu est une oeuvre du plasticien et c\u00e9ramiste Victor Anicet. Cette oeuvre monumentale a \u00e9t\u00e9 inaugur\u00e9e le 21 mai 2014 dans l\u2019Habitation Saint-Etienne au Gros Morne, \u00e0 la Martinique.\" \/>\n<meta property=\"og:url\" content=\"http:\/\/ladoration.fr\/vanicet\/restitutions\/sculptures\/la-vision-du-vaincu\/\" \/>\n<meta property=\"og:site_name\" content=\"Victor Anicet\" \/>\n<meta property=\"article:modified_time\" content=\"2018-06-11T08:23:38+00:00\" \/>\n<meta property=\"og:image\" content=\"http:\/\/ladoration.fr\/vanicet\/wp-content\/uploads\/2018\/04\/11012018-_BRO27442.jpg\" \/>\n<meta name=\"twitter:card\" content=\"summary_large_image\" \/>\n<script type=\"application\/ld+json\" class=\"yoast-schema-graph\">{\"@context\":\"https:\/\/schema.org\",\"@graph\":[{\"@type\":\"WebPage\",\"@id\":\"http:\/\/ladoration.fr\/vanicet\/restitutions\/sculptures\/la-vision-du-vaincu\/\",\"url\":\"http:\/\/ladoration.fr\/vanicet\/restitutions\/sculptures\/la-vision-du-vaincu\/\",\"name\":\"la vision du vaincu.Sculpture de l'artiste martiniquais Victor Anicet\",\"isPartOf\":{\"@id\":\"http:\/\/ladoration.fr\/vanicet\/#website\"},\"primaryImageOfPage\":{\"@id\":\"http:\/\/ladoration.fr\/vanicet\/restitutions\/sculptures\/la-vision-du-vaincu\/#primaryimage\"},\"image\":{\"@id\":\"http:\/\/ladoration.fr\/vanicet\/restitutions\/sculptures\/la-vision-du-vaincu\/#primaryimage\"},\"thumbnailUrl\":\"http:\/\/ladoration.fr\/vanicet\/wp-content\/uploads\/2018\/04\/11012018-_BRO27442.jpg\",\"datePublished\":\"2018-04-09T07:59:04+00:00\",\"dateModified\":\"2018-06-11T08:23:38+00:00\",\"description\":\"La vision du vaincu est une oeuvre du plasticien et c\u00e9ramiste Victor Anicet. Cette oeuvre monumentale a \u00e9t\u00e9 inaugur\u00e9e le 21 mai 2014 dans l\u2019Habitation Saint-Etienne au Gros Morne, \u00e0 la Martinique.\",\"breadcrumb\":{\"@id\":\"http:\/\/ladoration.fr\/vanicet\/restitutions\/sculptures\/la-vision-du-vaincu\/#breadcrumb\"},\"inLanguage\":\"fr-FR\",\"potentialAction\":[{\"@type\":\"ReadAction\",\"target\":[\"http:\/\/ladoration.fr\/vanicet\/restitutions\/sculptures\/la-vision-du-vaincu\/\"]}]},{\"@type\":\"ImageObject\",\"inLanguage\":\"fr-FR\",\"@id\":\"http:\/\/ladoration.fr\/vanicet\/restitutions\/sculptures\/la-vision-du-vaincu\/#primaryimage\",\"url\":\"http:\/\/ladoration.fr\/vanicet\/wp-content\/uploads\/2018\/04\/11012018-_BRO27442.jpg\",\"contentUrl\":\"http:\/\/ladoration.fr\/vanicet\/wp-content\/uploads\/2018\/04\/11012018-_BRO27442.jpg\"},{\"@type\":\"BreadcrumbList\",\"@id\":\"http:\/\/ladoration.fr\/vanicet\/restitutions\/sculptures\/la-vision-du-vaincu\/#breadcrumb\",\"itemListElement\":[{\"@type\":\"ListItem\",\"position\":1,\"name\":\"Accueil\",\"item\":\"http:\/\/ladoration.fr\/vanicet\/\"},{\"@type\":\"ListItem\",\"position\":2,\"name\":\"Restitutions\",\"item\":\"https:\/\/ladoration.fr\/vanicet\/restitutions\/\"},{\"@type\":\"ListItem\",\"position\":3,\"name\":\"Sculptures\",\"item\":\"http:\/\/ladoration.fr\/vanicet\/restitutions\/sculptures\/\"},{\"@type\":\"ListItem\",\"position\":4,\"name\":\"La vision du vaincu\"}]},{\"@type\":\"WebSite\",\"@id\":\"http:\/\/ladoration.fr\/vanicet\/#website\",\"url\":\"http:\/\/ladoration.fr\/vanicet\/\",\"name\":\"Victor Anicet\",\"description\":\"Biface dit C\u00e9saire dans la Trag\u00e9die du Roi Christophe en pensant \u00e0 Janus, deux t\u00eates, deux directions, le pass\u00e9 et l&#039;Avenir\",\"potentialAction\":[{\"@type\":\"SearchAction\",\"target\":{\"@type\":\"EntryPoint\",\"urlTemplate\":\"http:\/\/ladoration.fr\/vanicet\/?s={search_term_string}\"},\"query-input\":\"required name=search_term_string\"}],\"inLanguage\":\"fr-FR\"}]}<\/script>\n<!-- \/ Yoast SEO plugin. -->","yoast_head_json":{"title":"la vision du vaincu.Sculpture de l'artiste martiniquais Victor Anicet","description":"La vision du vaincu est une oeuvre du plasticien et c\u00e9ramiste Victor Anicet. Cette oeuvre monumentale a \u00e9t\u00e9 inaugur\u00e9e le 21 mai 2014 dans l\u2019Habitation Saint-Etienne au Gros Morne, \u00e0 la Martinique.","robots":{"index":"index","follow":"follow","max-snippet":"max-snippet:-1","max-image-preview":"max-image-preview:large","max-video-preview":"max-video-preview:-1"},"canonical":"http:\/\/ladoration.fr\/vanicet\/restitutions\/sculptures\/la-vision-du-vaincu\/","og_locale":"fr_FR","og_type":"article","og_title":"la vision du vaincu.Sculpture de l'artiste martiniquais Victor Anicet","og_description":"La vision du vaincu est une oeuvre du plasticien et c\u00e9ramiste Victor Anicet. Cette oeuvre monumentale a \u00e9t\u00e9 inaugur\u00e9e le 21 mai 2014 dans l\u2019Habitation Saint-Etienne au Gros Morne, \u00e0 la Martinique.","og_url":"http:\/\/ladoration.fr\/vanicet\/restitutions\/sculptures\/la-vision-du-vaincu\/","og_site_name":"Victor Anicet","article_modified_time":"2018-06-11T08:23:38+00:00","og_image":[{"url":"http:\/\/ladoration.fr\/vanicet\/wp-content\/uploads\/2018\/04\/11012018-_BRO27442.jpg"}],"twitter_card":"summary_large_image","schema":{"@context":"https:\/\/schema.org","@graph":[{"@type":"WebPage","@id":"http:\/\/ladoration.fr\/vanicet\/restitutions\/sculptures\/la-vision-du-vaincu\/","url":"http:\/\/ladoration.fr\/vanicet\/restitutions\/sculptures\/la-vision-du-vaincu\/","name":"la vision du vaincu.Sculpture de l'artiste martiniquais Victor Anicet","isPartOf":{"@id":"http:\/\/ladoration.fr\/vanicet\/#website"},"primaryImageOfPage":{"@id":"http:\/\/ladoration.fr\/vanicet\/restitutions\/sculptures\/la-vision-du-vaincu\/#primaryimage"},"image":{"@id":"http:\/\/ladoration.fr\/vanicet\/restitutions\/sculptures\/la-vision-du-vaincu\/#primaryimage"},"thumbnailUrl":"http:\/\/ladoration.fr\/vanicet\/wp-content\/uploads\/2018\/04\/11012018-_BRO27442.jpg","datePublished":"2018-04-09T07:59:04+00:00","dateModified":"2018-06-11T08:23:38+00:00","description":"La vision du vaincu est une oeuvre du plasticien et c\u00e9ramiste Victor Anicet. Cette oeuvre monumentale a \u00e9t\u00e9 inaugur\u00e9e le 21 mai 2014 dans l\u2019Habitation Saint-Etienne au Gros Morne, \u00e0 la Martinique.","breadcrumb":{"@id":"http:\/\/ladoration.fr\/vanicet\/restitutions\/sculptures\/la-vision-du-vaincu\/#breadcrumb"},"inLanguage":"fr-FR","potentialAction":[{"@type":"ReadAction","target":["http:\/\/ladoration.fr\/vanicet\/restitutions\/sculptures\/la-vision-du-vaincu\/"]}]},{"@type":"ImageObject","inLanguage":"fr-FR","@id":"http:\/\/ladoration.fr\/vanicet\/restitutions\/sculptures\/la-vision-du-vaincu\/#primaryimage","url":"http:\/\/ladoration.fr\/vanicet\/wp-content\/uploads\/2018\/04\/11012018-_BRO27442.jpg","contentUrl":"http:\/\/ladoration.fr\/vanicet\/wp-content\/uploads\/2018\/04\/11012018-_BRO27442.jpg"},{"@type":"BreadcrumbList","@id":"http:\/\/ladoration.fr\/vanicet\/restitutions\/sculptures\/la-vision-du-vaincu\/#breadcrumb","itemListElement":[{"@type":"ListItem","position":1,"name":"Accueil","item":"http:\/\/ladoration.fr\/vanicet\/"},{"@type":"ListItem","position":2,"name":"Restitutions","item":"https:\/\/ladoration.fr\/vanicet\/restitutions\/"},{"@type":"ListItem","position":3,"name":"Sculptures","item":"http:\/\/ladoration.fr\/vanicet\/restitutions\/sculptures\/"},{"@type":"ListItem","position":4,"name":"La vision du vaincu"}]},{"@type":"WebSite","@id":"http:\/\/ladoration.fr\/vanicet\/#website","url":"http:\/\/ladoration.fr\/vanicet\/","name":"Victor Anicet","description":"Biface dit C\u00e9saire dans la Trag\u00e9die du Roi Christophe en pensant \u00e0 Janus, deux t\u00eates, deux directions, le pass\u00e9 et l&#039;Avenir","potentialAction":[{"@type":"SearchAction","target":{"@type":"EntryPoint","urlTemplate":"http:\/\/ladoration.fr\/vanicet\/?s={search_term_string}"},"query-input":"required name=search_term_string"}],"inLanguage":"fr-FR"}]}},"jetpack_sharing_enabled":true,"jetpack_shortlink":"https:\/\/wp.me\/Pax50O-6R","_links":{"self":[{"href":"http:\/\/ladoration.fr\/vanicet\/wp-json\/wp\/v2\/pages\/425","targetHints":{"allow":["GET"]}}],"collection":[{"href":"http:\/\/ladoration.fr\/vanicet\/wp-json\/wp\/v2\/pages"}],"about":[{"href":"http:\/\/ladoration.fr\/vanicet\/wp-json\/wp\/v2\/types\/page"}],"author":[{"embeddable":true,"href":"http:\/\/ladoration.fr\/vanicet\/wp-json\/wp\/v2\/users\/1"}],"replies":[{"embeddable":true,"href":"http:\/\/ladoration.fr\/vanicet\/wp-json\/wp\/v2\/comments?post=425"}],"version-history":[{"count":19,"href":"http:\/\/ladoration.fr\/vanicet\/wp-json\/wp\/v2\/pages\/425\/revisions"}],"predecessor-version":[{"id":911,"href":"http:\/\/ladoration.fr\/vanicet\/wp-json\/wp\/v2\/pages\/425\/revisions\/911"}],"up":[{"embeddable":true,"href":"http:\/\/ladoration.fr\/vanicet\/wp-json\/wp\/v2\/pages\/657"}],"wp:attachment":[{"href":"http:\/\/ladoration.fr\/vanicet\/wp-json\/wp\/v2\/media?parent=425"}],"curies":[{"name":"wp","href":"https:\/\/api.w.org\/{rel}","templated":true}]}}