{"id":454,"date":"2018-04-09T11:08:14","date_gmt":"2018-04-09T09:08:14","guid":{"rendered":"http:\/\/ladoration.fr\/vanicet\/?page_id=454"},"modified":"2018-06-11T10:49:20","modified_gmt":"2018-06-11T08:49:20","slug":"le-fer-et-la-croix","status":"publish","type":"page","link":"http:\/\/ladoration.fr\/vanicet\/restitutions\/sculptures\/le-fer-et-la-croix\/","title":{"rendered":"Le fer et la croix"},"content":{"rendered":"\t\t<div data-elementor-type=\"wp-post\" data-elementor-id=\"454\" class=\"elementor elementor-454 elementor-bc-flex-widget\">\n\t\t\t\t\t\t<section class=\"elementor-section elementor-top-section elementor-element elementor-element-1889a187 elementor-section-boxed elementor-section-height-default elementor-section-height-default\" data-id=\"1889a187\" data-element_type=\"section\">\n\t\t\t\t\t\t<div class=\"elementor-container elementor-column-gap-default\">\n\t\t\t\t\t<div class=\"elementor-column elementor-col-100 elementor-top-column elementor-element elementor-element-683f32fe\" data-id=\"683f32fe\" data-element_type=\"column\">\n\t\t\t<div class=\"elementor-widget-wrap elementor-element-populated\">\n\t\t\t\t\t\t<div class=\"elementor-element elementor-element-437c59c7 elementor-position-top elementor-widget elementor-widget-image-box\" data-id=\"437c59c7\" data-element_type=\"widget\" data-widget_type=\"image-box.default\">\n\t\t\t\t<div class=\"elementor-widget-container\">\n\t\t\t<div class=\"elementor-image-box-wrapper\"><figure class=\"elementor-image-box-img\"><a href=\"http:\/\/ladoration.fr\/vanicet\/wp-content\/uploads\/2018\/04\/11012018-_BRO27492.jpg\" target=\"_blank\" tabindex=\"-1\"><img fetchpriority=\"high\" decoding=\"async\" width=\"1000\" height=\"668\" src=\"http:\/\/ladoration.fr\/vanicet\/wp-content\/uploads\/2018\/04\/11012018-_BRO27492.jpg\" class=\"attachment-full size-full wp-image-457\" alt=\"Le fer et la croix. Oeuvre de Victor Anicet expos\u00e9e dans les jardins de l&#039;Habitation Saint-Etienne, Martinique. Cr\u00e9dits photographiques \u00a9Christian Broise\" srcset=\"http:\/\/ladoration.fr\/vanicet\/wp-content\/uploads\/2018\/04\/11012018-_BRO27492.jpg 1000w, http:\/\/ladoration.fr\/vanicet\/wp-content\/uploads\/2018\/04\/11012018-_BRO27492-300x200.jpg 300w, http:\/\/ladoration.fr\/vanicet\/wp-content\/uploads\/2018\/04\/11012018-_BRO27492-768x513.jpg 768w\" sizes=\"(max-width: 1000px) 100vw, 1000px\" \/><\/a><\/figure><div class=\"elementor-image-box-content\"><h3 class=\"elementor-image-box-title\"><a href=\"http:\/\/ladoration.fr\/vanicet\/wp-content\/uploads\/2018\/04\/11012018-_BRO27492.jpg\" target=\"_blank\">Le fer et la croix. Foudres HSE, 2014<\/a><\/h3><p class=\"elementor-image-box-description\">\u00a9Photo Christian Broise<\/p><\/div><\/div>\t\t<\/div>\n\t\t\t\t<\/div>\n\t\t\t\t<div class=\"elementor-element elementor-element-4ce2cc8c elementor-position-top elementor-widget elementor-widget-image-box\" data-id=\"4ce2cc8c\" data-element_type=\"widget\" data-widget_type=\"image-box.default\">\n\t\t\t\t<div class=\"elementor-widget-container\">\n\t\t\t<div class=\"elementor-image-box-wrapper\"><figure class=\"elementor-image-box-img\"><a href=\"http:\/\/ladoration.fr\/vanicet\/wp-content\/uploads\/2018\/04\/11012018-_BRO27502.jpg\" target=\"_blank\" tabindex=\"-1\"><img decoding=\"async\" width=\"1000\" height=\"668\" src=\"http:\/\/ladoration.fr\/vanicet\/wp-content\/uploads\/2018\/04\/11012018-_BRO27502.jpg\" class=\"attachment-full size-full wp-image-458\" alt=\"Le fer et la croix. Oeuvre de Victor Anicet expos\u00e9e dans les jardins de l&#039;Habitation Saint-Etienne, Martinique. Cr\u00e9dits photographiques \u00a9Christian Broise\" srcset=\"http:\/\/ladoration.fr\/vanicet\/wp-content\/uploads\/2018\/04\/11012018-_BRO27502.jpg 1000w, http:\/\/ladoration.fr\/vanicet\/wp-content\/uploads\/2018\/04\/11012018-_BRO27502-300x200.jpg 300w, http:\/\/ladoration.fr\/vanicet\/wp-content\/uploads\/2018\/04\/11012018-_BRO27502-768x513.jpg 768w\" sizes=\"(max-width: 1000px) 100vw, 1000px\" \/><\/a><\/figure><div class=\"elementor-image-box-content\"><h3 class=\"elementor-image-box-title\"><a href=\"http:\/\/ladoration.fr\/vanicet\/wp-content\/uploads\/2018\/04\/11012018-_BRO27502.jpg\" target=\"_blank\">Le fer et la croix. Victor Anicet. Foudres HSE 2014<\/a><\/h3><p class=\"elementor-image-box-description\">\u00a9Photo Christian Broise<\/p><\/div><\/div>\t\t<\/div>\n\t\t\t\t<\/div>\n\t\t\t\t<div class=\"elementor-element elementor-element-df7eab9 elementor-widget elementor-widget-html\" data-id=\"df7eab9\" data-element_type=\"widget\" data-widget_type=\"html.default\">\n\t\t\t\t<div class=\"elementor-widget-container\">\n\t\t\t<iframe frameborder=\"0\" width=\"480\" height=\"270\" src=\"\/\/www.dailymotion.com\/embed\/video\/x2rzm0r\" allowfullscreen allow=\"autoplay\"><\/iframe>\t\t<\/div>\n\t\t\t\t<\/div>\n\t\t\t\t<div class=\"elementor-element elementor-element-823a9c6 elementor-widget elementor-widget-text-editor\" data-id=\"823a9c6\" data-element_type=\"widget\" data-widget_type=\"text-editor.default\">\n\t\t\t\t<div class=\"elementor-widget-container\">\n\t\t\t\t\t\t\t<p>Vid\u00e9o de l&rsquo;association \u00ab\u00a0<a href=\"https:\/\/www.dailymotion.com\/Les-Foudres-HSE\" target=\"_blank\" rel=\"noopener\">Les foudres HSE<\/a>\u00a0\u00bb \u00e0 la Martinique pour la diffusion de l&rsquo;art contemporain (expositions, concerts, spectacles, litt\u00e9rature)<\/p>\t\t\t\t\t\t<\/div>\n\t\t\t\t<\/div>\n\t\t\t\t<div class=\"elementor-element elementor-element-6cae8c0 elementor-widget elementor-widget-text-editor\" data-id=\"6cae8c0\" data-element_type=\"widget\" data-widget_type=\"text-editor.default\">\n\t\t\t\t<div class=\"elementor-widget-container\">\n\t\t\t\t\t\t\t<p style=\"text-align: center;\">Lire le texte de\u00a0Guillaume Pigeard de Gurbert prononc\u00e9 \u00e0 cette occasion<\/p>\t\t\t\t\t\t<\/div>\n\t\t\t\t<\/div>\n\t\t\t\t\t<\/div>\n\t\t<\/div>\n\t\t\t\t\t<\/div>\n\t\t<\/section>\n\t\t\t\t<section class=\"elementor-section elementor-top-section elementor-element elementor-element-57f8c085 elementor-section-boxed elementor-section-height-default elementor-section-height-default\" data-id=\"57f8c085\" data-element_type=\"section\">\n\t\t\t\t\t\t<div class=\"elementor-container elementor-column-gap-default\">\n\t\t\t\t\t<div class=\"elementor-column elementor-col-100 elementor-top-column elementor-element elementor-element-4eced9e3\" data-id=\"4eced9e3\" data-element_type=\"column\">\n\t\t\t<div class=\"elementor-widget-wrap elementor-element-populated\">\n\t\t\t\t\t\t<div class=\"elementor-element elementor-element-2755f416 elementor-align-center elementor-widget elementor-widget-button\" data-id=\"2755f416\" data-element_type=\"widget\" data-widget_type=\"button.default\">\n\t\t\t\t<div class=\"elementor-widget-container\">\n\t\t\t\t\t<div class=\"elementor-button-wrapper\">\n\t\t\t<a class=\"elementor-button elementor-button-link elementor-size-sm\" href=\"http:\/\/ladoration.fr\/vanicet\/restitutions\/\">\n\t\t\t\t\t\t<span class=\"elementor-button-content-wrapper\">\n\t\t\t\t\t\t\t\t\t<span class=\"elementor-button-text\">Retour \u00e0 la liste des oeuvres<\/span>\n\t\t\t\t\t<\/span>\n\t\t\t\t\t<\/a>\n\t\t<\/div>\n\t\t\t\t<\/div>\n\t\t\t\t<\/div>\n\t\t\t\t\t<\/div>\n\t\t<\/div>\n\t\t\t\t\t<\/div>\n\t\t<\/section>\n\t\t\t\t<\/div>\n\t\t","protected":false},"excerpt":{"rendered":"<p>Le fer et la croix. Foudres HSE, 2014 \u00a9Photo Christian Broise Le fer et la croix. Victor Anicet. Foudres HSE 2014 \u00a9Photo Christian Broise Vid\u00e9o de l&rsquo;association \u00ab\u00a0Les foudres HSE\u00a0\u00bb \u00e0 la Martinique pour la diffusion de l&rsquo;art contemporain (expositions, concerts, spectacles, litt\u00e9rature) Lire le texte de\u00a0Guillaume Pigeard de Gurbert prononc\u00e9 \u00e0 cette occasion Retour [&hellip;]<\/p>\n","protected":false},"author":1,"featured_media":0,"parent":657,"menu_order":0,"comment_status":"closed","ping_status":"closed","template":"","meta":{"jetpack_post_was_ever_published":false,"footnotes":""},"class_list":["post-454","page","type-page","status-publish","hentry","blog-blocks-layout","blog-style-postblock","","blog-alt-odd"],"yoast_head":"<!-- This site is optimized with the Yoast SEO plugin v23.0 - https:\/\/yoast.com\/wordpress\/plugins\/seo\/ -->\n<title>le fer et la croix, une oeuvre de l&#039;artiste martiniquais Victor Anicet<\/title>\n<meta name=\"description\" content=\"le fer et la croix, , une oeuvre de l&#039;artiste martiniquais Victor Anicet. Mai 2015 : Le fer \u00e0 cheval et la croix, l&#039;arche de l&#039;alliance dans les jardins de l&#039;habitation Saint-Etienne.\" \/>\n<meta name=\"robots\" content=\"index, follow, max-snippet:-1, max-image-preview:large, max-video-preview:-1\" \/>\n<link rel=\"canonical\" href=\"http:\/\/ladoration.fr\/vanicet\/restitutions\/sculptures\/le-fer-et-la-croix\/\" \/>\n<meta property=\"og:locale\" content=\"fr_FR\" \/>\n<meta property=\"og:type\" content=\"article\" \/>\n<meta property=\"og:title\" content=\"le fer et la croix, une oeuvre de l&#039;artiste martiniquais Victor Anicet\" \/>\n<meta property=\"og:description\" content=\"le fer et la croix, , une oeuvre de l&#039;artiste martiniquais Victor Anicet. Mai 2015 : Le fer \u00e0 cheval et la croix, l&#039;arche de l&#039;alliance dans les jardins de l&#039;habitation Saint-Etienne.\" \/>\n<meta property=\"og:url\" content=\"http:\/\/ladoration.fr\/vanicet\/restitutions\/sculptures\/le-fer-et-la-croix\/\" \/>\n<meta property=\"og:site_name\" content=\"Victor Anicet\" \/>\n<meta property=\"article:modified_time\" content=\"2018-06-11T08:49:20+00:00\" \/>\n<meta property=\"og:image\" content=\"http:\/\/ladoration.fr\/vanicet\/wp-content\/uploads\/2018\/04\/11012018-_BRO27492.jpg\" \/>\n<meta name=\"twitter:card\" content=\"summary_large_image\" \/>\n<script type=\"application\/ld+json\" class=\"yoast-schema-graph\">{\"@context\":\"https:\/\/schema.org\",\"@graph\":[{\"@type\":\"WebPage\",\"@id\":\"http:\/\/ladoration.fr\/vanicet\/restitutions\/sculptures\/le-fer-et-la-croix\/\",\"url\":\"http:\/\/ladoration.fr\/vanicet\/restitutions\/sculptures\/le-fer-et-la-croix\/\",\"name\":\"le fer et la croix, une oeuvre de l'artiste martiniquais Victor Anicet\",\"isPartOf\":{\"@id\":\"http:\/\/ladoration.fr\/vanicet\/#website\"},\"primaryImageOfPage\":{\"@id\":\"http:\/\/ladoration.fr\/vanicet\/restitutions\/sculptures\/le-fer-et-la-croix\/#primaryimage\"},\"image\":{\"@id\":\"http:\/\/ladoration.fr\/vanicet\/restitutions\/sculptures\/le-fer-et-la-croix\/#primaryimage\"},\"thumbnailUrl\":\"http:\/\/ladoration.fr\/vanicet\/wp-content\/uploads\/2018\/04\/11012018-_BRO27492.jpg\",\"datePublished\":\"2018-04-09T09:08:14+00:00\",\"dateModified\":\"2018-06-11T08:49:20+00:00\",\"description\":\"le fer et la croix, , une oeuvre de l'artiste martiniquais Victor Anicet. Mai 2015 : Le fer \u00e0 cheval et la croix, l'arche de l'alliance dans les jardins de l'habitation Saint-Etienne.\",\"breadcrumb\":{\"@id\":\"http:\/\/ladoration.fr\/vanicet\/restitutions\/sculptures\/le-fer-et-la-croix\/#breadcrumb\"},\"inLanguage\":\"fr-FR\",\"potentialAction\":[{\"@type\":\"ReadAction\",\"target\":[\"http:\/\/ladoration.fr\/vanicet\/restitutions\/sculptures\/le-fer-et-la-croix\/\"]}]},{\"@type\":\"ImageObject\",\"inLanguage\":\"fr-FR\",\"@id\":\"http:\/\/ladoration.fr\/vanicet\/restitutions\/sculptures\/le-fer-et-la-croix\/#primaryimage\",\"url\":\"http:\/\/ladoration.fr\/vanicet\/wp-content\/uploads\/2018\/04\/11012018-_BRO27492.jpg\",\"contentUrl\":\"http:\/\/ladoration.fr\/vanicet\/wp-content\/uploads\/2018\/04\/11012018-_BRO27492.jpg\"},{\"@type\":\"BreadcrumbList\",\"@id\":\"http:\/\/ladoration.fr\/vanicet\/restitutions\/sculptures\/le-fer-et-la-croix\/#breadcrumb\",\"itemListElement\":[{\"@type\":\"ListItem\",\"position\":1,\"name\":\"Accueil\",\"item\":\"http:\/\/ladoration.fr\/vanicet\/\"},{\"@type\":\"ListItem\",\"position\":2,\"name\":\"Restitutions\",\"item\":\"https:\/\/ladoration.fr\/vanicet\/restitutions\/\"},{\"@type\":\"ListItem\",\"position\":3,\"name\":\"Sculptures\",\"item\":\"http:\/\/ladoration.fr\/vanicet\/restitutions\/sculptures\/\"},{\"@type\":\"ListItem\",\"position\":4,\"name\":\"Le fer et la croix\"}]},{\"@type\":\"WebSite\",\"@id\":\"http:\/\/ladoration.fr\/vanicet\/#website\",\"url\":\"http:\/\/ladoration.fr\/vanicet\/\",\"name\":\"Victor Anicet\",\"description\":\"Biface dit C\u00e9saire dans la Trag\u00e9die du Roi Christophe en pensant \u00e0 Janus, deux t\u00eates, deux directions, le pass\u00e9 et l&#039;Avenir\",\"potentialAction\":[{\"@type\":\"SearchAction\",\"target\":{\"@type\":\"EntryPoint\",\"urlTemplate\":\"http:\/\/ladoration.fr\/vanicet\/?s={search_term_string}\"},\"query-input\":\"required name=search_term_string\"}],\"inLanguage\":\"fr-FR\"}]}<\/script>\n<!-- \/ Yoast SEO plugin. -->","yoast_head_json":{"title":"le fer et la croix, une oeuvre de l'artiste martiniquais Victor Anicet","description":"le fer et la croix, , une oeuvre de l'artiste martiniquais Victor Anicet. Mai 2015 : Le fer \u00e0 cheval et la croix, l'arche de l'alliance dans les jardins de l'habitation Saint-Etienne.","robots":{"index":"index","follow":"follow","max-snippet":"max-snippet:-1","max-image-preview":"max-image-preview:large","max-video-preview":"max-video-preview:-1"},"canonical":"http:\/\/ladoration.fr\/vanicet\/restitutions\/sculptures\/le-fer-et-la-croix\/","og_locale":"fr_FR","og_type":"article","og_title":"le fer et la croix, une oeuvre de l'artiste martiniquais Victor Anicet","og_description":"le fer et la croix, , une oeuvre de l'artiste martiniquais Victor Anicet. Mai 2015 : Le fer \u00e0 cheval et la croix, l'arche de l'alliance dans les jardins de l'habitation Saint-Etienne.","og_url":"http:\/\/ladoration.fr\/vanicet\/restitutions\/sculptures\/le-fer-et-la-croix\/","og_site_name":"Victor Anicet","article_modified_time":"2018-06-11T08:49:20+00:00","og_image":[{"url":"http:\/\/ladoration.fr\/vanicet\/wp-content\/uploads\/2018\/04\/11012018-_BRO27492.jpg"}],"twitter_card":"summary_large_image","schema":{"@context":"https:\/\/schema.org","@graph":[{"@type":"WebPage","@id":"http:\/\/ladoration.fr\/vanicet\/restitutions\/sculptures\/le-fer-et-la-croix\/","url":"http:\/\/ladoration.fr\/vanicet\/restitutions\/sculptures\/le-fer-et-la-croix\/","name":"le fer et la croix, une oeuvre de l'artiste martiniquais Victor Anicet","isPartOf":{"@id":"http:\/\/ladoration.fr\/vanicet\/#website"},"primaryImageOfPage":{"@id":"http:\/\/ladoration.fr\/vanicet\/restitutions\/sculptures\/le-fer-et-la-croix\/#primaryimage"},"image":{"@id":"http:\/\/ladoration.fr\/vanicet\/restitutions\/sculptures\/le-fer-et-la-croix\/#primaryimage"},"thumbnailUrl":"http:\/\/ladoration.fr\/vanicet\/wp-content\/uploads\/2018\/04\/11012018-_BRO27492.jpg","datePublished":"2018-04-09T09:08:14+00:00","dateModified":"2018-06-11T08:49:20+00:00","description":"le fer et la croix, , une oeuvre de l'artiste martiniquais Victor Anicet. Mai 2015 : Le fer \u00e0 cheval et la croix, l'arche de l'alliance dans les jardins de l'habitation Saint-Etienne.","breadcrumb":{"@id":"http:\/\/ladoration.fr\/vanicet\/restitutions\/sculptures\/le-fer-et-la-croix\/#breadcrumb"},"inLanguage":"fr-FR","potentialAction":[{"@type":"ReadAction","target":["http:\/\/ladoration.fr\/vanicet\/restitutions\/sculptures\/le-fer-et-la-croix\/"]}]},{"@type":"ImageObject","inLanguage":"fr-FR","@id":"http:\/\/ladoration.fr\/vanicet\/restitutions\/sculptures\/le-fer-et-la-croix\/#primaryimage","url":"http:\/\/ladoration.fr\/vanicet\/wp-content\/uploads\/2018\/04\/11012018-_BRO27492.jpg","contentUrl":"http:\/\/ladoration.fr\/vanicet\/wp-content\/uploads\/2018\/04\/11012018-_BRO27492.jpg"},{"@type":"BreadcrumbList","@id":"http:\/\/ladoration.fr\/vanicet\/restitutions\/sculptures\/le-fer-et-la-croix\/#breadcrumb","itemListElement":[{"@type":"ListItem","position":1,"name":"Accueil","item":"http:\/\/ladoration.fr\/vanicet\/"},{"@type":"ListItem","position":2,"name":"Restitutions","item":"https:\/\/ladoration.fr\/vanicet\/restitutions\/"},{"@type":"ListItem","position":3,"name":"Sculptures","item":"http:\/\/ladoration.fr\/vanicet\/restitutions\/sculptures\/"},{"@type":"ListItem","position":4,"name":"Le fer et la croix"}]},{"@type":"WebSite","@id":"http:\/\/ladoration.fr\/vanicet\/#website","url":"http:\/\/ladoration.fr\/vanicet\/","name":"Victor Anicet","description":"Biface dit C\u00e9saire dans la Trag\u00e9die du Roi Christophe en pensant \u00e0 Janus, deux t\u00eates, deux directions, le pass\u00e9 et l&#039;Avenir","potentialAction":[{"@type":"SearchAction","target":{"@type":"EntryPoint","urlTemplate":"http:\/\/ladoration.fr\/vanicet\/?s={search_term_string}"},"query-input":"required name=search_term_string"}],"inLanguage":"fr-FR"}]}},"jetpack_sharing_enabled":true,"jetpack_shortlink":"https:\/\/wp.me\/Pax50O-7k","_links":{"self":[{"href":"http:\/\/ladoration.fr\/vanicet\/wp-json\/wp\/v2\/pages\/454","targetHints":{"allow":["GET"]}}],"collection":[{"href":"http:\/\/ladoration.fr\/vanicet\/wp-json\/wp\/v2\/pages"}],"about":[{"href":"http:\/\/ladoration.fr\/vanicet\/wp-json\/wp\/v2\/types\/page"}],"author":[{"embeddable":true,"href":"http:\/\/ladoration.fr\/vanicet\/wp-json\/wp\/v2\/users\/1"}],"replies":[{"embeddable":true,"href":"http:\/\/ladoration.fr\/vanicet\/wp-json\/wp\/v2\/comments?post=454"}],"version-history":[{"count":12,"href":"http:\/\/ladoration.fr\/vanicet\/wp-json\/wp\/v2\/pages\/454\/revisions"}],"predecessor-version":[{"id":916,"href":"http:\/\/ladoration.fr\/vanicet\/wp-json\/wp\/v2\/pages\/454\/revisions\/916"}],"up":[{"embeddable":true,"href":"http:\/\/ladoration.fr\/vanicet\/wp-json\/wp\/v2\/pages\/657"}],"wp:attachment":[{"href":"http:\/\/ladoration.fr\/vanicet\/wp-json\/wp\/v2\/media?parent=454"}],"curies":[{"name":"wp","href":"https:\/\/api.w.org\/{rel}","templated":true}]}}