{"id":505,"date":"2018-04-11T10:45:47","date_gmt":"2018-04-11T08:45:47","guid":{"rendered":"http:\/\/ladoration.fr\/vanicet\/?page_id=505"},"modified":"2018-04-11T10:48:39","modified_gmt":"2018-04-11T08:48:39","slug":"me-contacter","status":"publish","type":"page","link":"http:\/\/ladoration.fr\/vanicet\/me-contacter\/","title":{"rendered":"Me contacter"},"content":{"rendered":"\t\t<div data-elementor-type=\"wp-post\" data-elementor-id=\"505\" class=\"elementor elementor-505 elementor-bc-flex-widget\">\n\t\t\t\t\t\t<section class=\"elementor-section elementor-top-section elementor-element elementor-element-fca486b elementor-section-boxed elementor-section-height-default elementor-section-height-default\" data-id=\"fca486b\" data-element_type=\"section\">\n\t\t\t\t\t\t<div class=\"elementor-container elementor-column-gap-default\">\n\t\t\t\t\t<div class=\"elementor-column elementor-col-100 elementor-top-column elementor-element elementor-element-7bc6b18\" data-id=\"7bc6b18\" data-element_type=\"column\">\n\t\t\t<div class=\"elementor-widget-wrap elementor-element-populated\">\n\t\t\t\t\t\t<div class=\"elementor-element elementor-element-40dab68 elementor-widget elementor-widget-shortcode\" data-id=\"40dab68\" data-element_type=\"widget\" data-widget_type=\"shortcode.default\">\n\t\t\t\t<div class=\"elementor-widget-container\">\n\t\t\t\t\t<div class=\"elementor-shortcode\">\n<div class=\"wpcf7 no-js\" id=\"wpcf7-f4-o1\" lang=\"fr-FR\" dir=\"ltr\">\n<div class=\"screen-reader-response\"><p role=\"status\" aria-live=\"polite\" aria-atomic=\"true\"><\/p> <ul><\/ul><\/div>\n<form action=\"\/vanicet\/wp-json\/wp\/v2\/pages\/505#wpcf7-f4-o1\" method=\"post\" class=\"wpcf7-form init\" aria-label=\"Formulaire de contact\" novalidate=\"novalidate\" data-status=\"init\">\n<div style=\"display: none;\">\n<input type=\"hidden\" name=\"_wpcf7\" value=\"4\" \/>\n<input type=\"hidden\" name=\"_wpcf7_version\" value=\"5.9.7\" \/>\n<input type=\"hidden\" name=\"_wpcf7_locale\" value=\"fr_FR\" \/>\n<input type=\"hidden\" name=\"_wpcf7_unit_tag\" value=\"wpcf7-f4-o1\" \/>\n<input type=\"hidden\" name=\"_wpcf7_container_post\" value=\"0\" \/>\n<input type=\"hidden\" name=\"_wpcf7_posted_data_hash\" value=\"\" \/>\n<\/div>\n<p><label> Votre nom (obligatoire)<br \/>\n<span class=\"wpcf7-form-control-wrap\" data-name=\"your-name\"><input size=\"40\" maxlength=\"400\" class=\"wpcf7-form-control wpcf7-text wpcf7-validates-as-required\" aria-required=\"true\" aria-invalid=\"false\" value=\"\" type=\"text\" name=\"your-name\" \/><\/span> <\/label>\n<\/p>\n<p><label> Votre adresse de messagerie (obligatoire)<br \/>\n<span class=\"wpcf7-form-control-wrap\" data-name=\"your-email\"><input size=\"40\" maxlength=\"400\" class=\"wpcf7-form-control wpcf7-email wpcf7-validates-as-required wpcf7-text wpcf7-validates-as-email\" aria-required=\"true\" aria-invalid=\"false\" value=\"\" type=\"email\" name=\"your-email\" \/><\/span> <\/label>\n<\/p>\n<p><label> Objet<br \/>\n<span class=\"wpcf7-form-control-wrap\" data-name=\"your-subject\"><input size=\"40\" maxlength=\"400\" class=\"wpcf7-form-control wpcf7-text\" aria-invalid=\"false\" value=\"\" type=\"text\" name=\"your-subject\" \/><\/span> <\/label>\n<\/p>\n<p><label> Votre message<br \/>\n<span class=\"wpcf7-form-control-wrap\" data-name=\"your-message\"><textarea cols=\"40\" rows=\"10\" maxlength=\"2000\" class=\"wpcf7-form-control wpcf7-textarea\" aria-invalid=\"false\" name=\"your-message\"><\/textarea><\/span> <\/label>\n<\/p>\n<p><input class=\"wpcf7-form-control wpcf7-submit has-spinner\" type=\"submit\" value=\"Envoyer\" \/>\n<\/p><p style=\"display: none !important;\" class=\"akismet-fields-container\" data-prefix=\"_wpcf7_ak_\"><label>&#916;<textarea name=\"_wpcf7_ak_hp_textarea\" cols=\"45\" rows=\"8\" maxlength=\"100\"><\/textarea><\/label><input type=\"hidden\" id=\"ak_js_1\" name=\"_wpcf7_ak_js\" value=\"239\"\/><script>document.getElementById( \"ak_js_1\" ).setAttribute( \"value\", ( new Date() ).getTime() );<\/script><\/p><div class=\"wpcf7-response-output\" aria-hidden=\"true\"><\/div>\n<\/form>\n<\/div>\n<\/div>\n\t\t\t\t<\/div>\n\t\t\t\t<\/div>\n\t\t\t\t\t<\/div>\n\t\t<\/div>\n\t\t\t\t\t<\/div>\n\t\t<\/section>\n\t\t\t\t<\/div>\n\t\t","protected":false},"excerpt":{"rendered":"","protected":false},"author":1,"featured_media":0,"parent":0,"menu_order":0,"comment_status":"closed","ping_status":"closed","template":"","meta":{"jetpack_post_was_ever_published":false,"footnotes":""},"class_list":["post-505","page","type-page","status-publish","hentry","blog-blocks-layout","blog-style-postblock","","blog-alt-odd"],"yoast_head":"<!-- This site is optimized with the Yoast SEO plugin v23.0 - https:\/\/yoast.com\/wordpress\/plugins\/seo\/ -->\n<title>Page de contact de Victor Anicet<\/title>\n<meta name=\"robots\" content=\"index, follow, max-snippet:-1, max-image-preview:large, max-video-preview:-1\" \/>\n<link rel=\"canonical\" href=\"https:\/\/ladoration.fr\/vanicet\/me-contacter\/\" \/>\n<meta property=\"og:locale\" content=\"fr_FR\" \/>\n<meta property=\"og:type\" content=\"article\" \/>\n<meta property=\"og:title\" content=\"Page de contact de Victor Anicet\" \/>\n<meta property=\"og:url\" content=\"https:\/\/ladoration.fr\/vanicet\/me-contacter\/\" \/>\n<meta property=\"og:site_name\" content=\"Victor Anicet\" \/>\n<meta property=\"article:modified_time\" content=\"2018-04-11T08:48:39+00:00\" \/>\n<meta name=\"twitter:card\" content=\"summary_large_image\" \/>\n<script type=\"application\/ld+json\" class=\"yoast-schema-graph\">{\"@context\":\"https:\/\/schema.org\",\"@graph\":[{\"@type\":\"WebPage\",\"@id\":\"https:\/\/ladoration.fr\/vanicet\/me-contacter\/\",\"url\":\"https:\/\/ladoration.fr\/vanicet\/me-contacter\/\",\"name\":\"Page de contact de Victor Anicet\",\"isPartOf\":{\"@id\":\"http:\/\/ladoration.fr\/vanicet\/#website\"},\"datePublished\":\"2018-04-11T08:45:47+00:00\",\"dateModified\":\"2018-04-11T08:48:39+00:00\",\"breadcrumb\":{\"@id\":\"https:\/\/ladoration.fr\/vanicet\/me-contacter\/#breadcrumb\"},\"inLanguage\":\"fr-FR\",\"potentialAction\":[{\"@type\":\"ReadAction\",\"target\":[\"https:\/\/ladoration.fr\/vanicet\/me-contacter\/\"]}]},{\"@type\":\"BreadcrumbList\",\"@id\":\"https:\/\/ladoration.fr\/vanicet\/me-contacter\/#breadcrumb\",\"itemListElement\":[{\"@type\":\"ListItem\",\"position\":1,\"name\":\"Accueil\",\"item\":\"http:\/\/ladoration.fr\/vanicet\/\"},{\"@type\":\"ListItem\",\"position\":2,\"name\":\"Me contacter\"}]},{\"@type\":\"WebSite\",\"@id\":\"http:\/\/ladoration.fr\/vanicet\/#website\",\"url\":\"http:\/\/ladoration.fr\/vanicet\/\",\"name\":\"Victor Anicet\",\"description\":\"Biface dit C\u00e9saire dans la Trag\u00e9die du Roi Christophe en pensant \u00e0 Janus, deux t\u00eates, deux directions, le pass\u00e9 et l&#039;Avenir\",\"potentialAction\":[{\"@type\":\"SearchAction\",\"target\":{\"@type\":\"EntryPoint\",\"urlTemplate\":\"http:\/\/ladoration.fr\/vanicet\/?s={search_term_string}\"},\"query-input\":\"required name=search_term_string\"}],\"inLanguage\":\"fr-FR\"}]}<\/script>\n<!-- \/ Yoast SEO plugin. -->","yoast_head_json":{"title":"Page de contact de Victor Anicet","robots":{"index":"index","follow":"follow","max-snippet":"max-snippet:-1","max-image-preview":"max-image-preview:large","max-video-preview":"max-video-preview:-1"},"canonical":"https:\/\/ladoration.fr\/vanicet\/me-contacter\/","og_locale":"fr_FR","og_type":"article","og_title":"Page de contact de Victor Anicet","og_url":"https:\/\/ladoration.fr\/vanicet\/me-contacter\/","og_site_name":"Victor Anicet","article_modified_time":"2018-04-11T08:48:39+00:00","twitter_card":"summary_large_image","schema":{"@context":"https:\/\/schema.org","@graph":[{"@type":"WebPage","@id":"https:\/\/ladoration.fr\/vanicet\/me-contacter\/","url":"https:\/\/ladoration.fr\/vanicet\/me-contacter\/","name":"Page de contact de Victor Anicet","isPartOf":{"@id":"http:\/\/ladoration.fr\/vanicet\/#website"},"datePublished":"2018-04-11T08:45:47+00:00","dateModified":"2018-04-11T08:48:39+00:00","breadcrumb":{"@id":"https:\/\/ladoration.fr\/vanicet\/me-contacter\/#breadcrumb"},"inLanguage":"fr-FR","potentialAction":[{"@type":"ReadAction","target":["https:\/\/ladoration.fr\/vanicet\/me-contacter\/"]}]},{"@type":"BreadcrumbList","@id":"https:\/\/ladoration.fr\/vanicet\/me-contacter\/#breadcrumb","itemListElement":[{"@type":"ListItem","position":1,"name":"Accueil","item":"http:\/\/ladoration.fr\/vanicet\/"},{"@type":"ListItem","position":2,"name":"Me contacter"}]},{"@type":"WebSite","@id":"http:\/\/ladoration.fr\/vanicet\/#website","url":"http:\/\/ladoration.fr\/vanicet\/","name":"Victor Anicet","description":"Biface dit C\u00e9saire dans la Trag\u00e9die du Roi Christophe en pensant \u00e0 Janus, deux t\u00eates, deux directions, le pass\u00e9 et l&#039;Avenir","potentialAction":[{"@type":"SearchAction","target":{"@type":"EntryPoint","urlTemplate":"http:\/\/ladoration.fr\/vanicet\/?s={search_term_string}"},"query-input":"required name=search_term_string"}],"inLanguage":"fr-FR"}]}},"jetpack_sharing_enabled":true,"jetpack_shortlink":"https:\/\/wp.me\/Pax50O-89","_links":{"self":[{"href":"http:\/\/ladoration.fr\/vanicet\/wp-json\/wp\/v2\/pages\/505","targetHints":{"allow":["GET"]}}],"collection":[{"href":"http:\/\/ladoration.fr\/vanicet\/wp-json\/wp\/v2\/pages"}],"about":[{"href":"http:\/\/ladoration.fr\/vanicet\/wp-json\/wp\/v2\/types\/page"}],"author":[{"embeddable":true,"href":"http:\/\/ladoration.fr\/vanicet\/wp-json\/wp\/v2\/users\/1"}],"replies":[{"embeddable":true,"href":"http:\/\/ladoration.fr\/vanicet\/wp-json\/wp\/v2\/comments?post=505"}],"version-history":[{"count":2,"href":"http:\/\/ladoration.fr\/vanicet\/wp-json\/wp\/v2\/pages\/505\/revisions"}],"predecessor-version":[{"id":507,"href":"http:\/\/ladoration.fr\/vanicet\/wp-json\/wp\/v2\/pages\/505\/revisions\/507"}],"wp:attachment":[{"href":"http:\/\/ladoration.fr\/vanicet\/wp-json\/wp\/v2\/media?parent=505"}],"curies":[{"name":"wp","href":"https:\/\/api.w.org\/{rel}","templated":true}]}}