{"id":509,"date":"2018-04-11T11:09:14","date_gmt":"2018-04-11T09:09:14","guid":{"rendered":"http:\/\/ladoration.fr\/vanicet\/?page_id=509"},"modified":"2018-06-01T09:19:16","modified_gmt":"2018-06-01T07:19:16","slug":"bonbon-chouval","status":"publish","type":"page","link":"http:\/\/ladoration.fr\/vanicet\/restitutions\/autres_ceramiques\/bonbon-chouval\/","title":{"rendered":"Bonbon Chouval"},"content":{"rendered":"\t\t<div data-elementor-type=\"wp-post\" data-elementor-id=\"509\" class=\"elementor elementor-509 elementor-bc-flex-widget\">\n\t\t\t\t\t\t<section class=\"elementor-section elementor-top-section elementor-element elementor-element-235a9aa9 elementor-section-boxed elementor-section-height-default elementor-section-height-default\" data-id=\"235a9aa9\" data-element_type=\"section\">\n\t\t\t\t\t\t<div class=\"elementor-container elementor-column-gap-default\">\n\t\t\t\t\t<div class=\"elementor-column elementor-col-100 elementor-top-column elementor-element elementor-element-6331fa5c\" data-id=\"6331fa5c\" data-element_type=\"column\">\n\t\t\t<div class=\"elementor-widget-wrap elementor-element-populated\">\n\t\t\t\t\t\t<div class=\"elementor-element elementor-element-6e6a955c elementor-position-top elementor-widget elementor-widget-image-box\" data-id=\"6e6a955c\" data-element_type=\"widget\" data-widget_type=\"image-box.default\">\n\t\t\t\t<div class=\"elementor-widget-container\">\n\t\t\t<div class=\"elementor-image-box-wrapper\"><figure class=\"elementor-image-box-img\"><a href=\"http:\/\/ladoration.fr\/vanicet\/wp-content\/uploads\/2018\/04\/30032018-Bonbon_Chouval-2.jpg\" target=\"_blank\" tabindex=\"-1\"><img fetchpriority=\"high\" decoding=\"async\" width=\"1000\" height=\"750\" src=\"http:\/\/ladoration.fr\/vanicet\/wp-content\/uploads\/2018\/04\/30032018-Bonbon_Chouval-2.jpg\" class=\"attachment-full size-full wp-image-514\" alt=\"http:\/\/ladoration.fr\/vanicet\/wp-content\/uploads\/2018\/04\/30032018-Bonbon_Chouval.jpg\" srcset=\"http:\/\/ladoration.fr\/vanicet\/wp-content\/uploads\/2018\/04\/30032018-Bonbon_Chouval-2.jpg 1000w, http:\/\/ladoration.fr\/vanicet\/wp-content\/uploads\/2018\/04\/30032018-Bonbon_Chouval-2-300x225.jpg 300w, http:\/\/ladoration.fr\/vanicet\/wp-content\/uploads\/2018\/04\/30032018-Bonbon_Chouval-2-768x576.jpg 768w\" sizes=\"(max-width: 1000px) 100vw, 1000px\" \/><\/a><\/figure><\/div>\t\t<\/div>\n\t\t\t\t<\/div>\n\t\t\t\t<section class=\"elementor-section elementor-inner-section elementor-element elementor-element-354f69f elementor-section-boxed elementor-section-height-default elementor-section-height-default\" data-id=\"354f69f\" data-element_type=\"section\">\n\t\t\t\t\t\t<div class=\"elementor-container elementor-column-gap-default\">\n\t\t\t\t\t<div class=\"elementor-column elementor-col-50 elementor-inner-column elementor-element elementor-element-3e8dd30\" data-id=\"3e8dd30\" data-element_type=\"column\">\n\t\t\t<div class=\"elementor-widget-wrap elementor-element-populated\">\n\t\t\t\t\t\t<div class=\"elementor-element elementor-element-f937f62 elementor-widget elementor-widget-text-editor\" data-id=\"f937f62\" data-element_type=\"widget\" data-widget_type=\"text-editor.default\">\n\t\t\t\t<div class=\"elementor-widget-container\">\n\t\t\t\t\t\t\t<p style=\"text-align: center;\"><span style=\"font-size: 14pt;\">\u00ab\u00a0Bonbon chouval\u00a0\u00bb Air populaire<\/span><\/p><p align=\"JUSTIFY\"><span style=\"font-size: 14pt;\">Air populaire chant\u00e9 par les marchandes de p\u00e2tisseries autour des autobus de quartiers et de communes, stationn\u00e9s \u00e0 Fort de France, pour vanter leurs produits aux passagers en attente du d\u00e9part du v\u00e9hicule.<\/span><\/p><p align=\"JUSTIFY\"><span style=\"font-size: 14pt;\">Air restitu\u00e9 par Monsieur Fran\u00e7ois DAMBO, originaire de Fort de France<\/span><\/p>\t\t\t\t\t\t<\/div>\n\t\t\t\t<\/div>\n\t\t\t\t\t<\/div>\n\t\t<\/div>\n\t\t\t\t<div class=\"elementor-column elementor-col-50 elementor-inner-column elementor-element elementor-element-6472264\" data-id=\"6472264\" data-element_type=\"column\">\n\t\t\t<div class=\"elementor-widget-wrap elementor-element-populated\">\n\t\t\t\t\t\t<div class=\"elementor-element elementor-element-292b35e elementor-widget elementor-widget-text-editor\" data-id=\"292b35e\" data-element_type=\"widget\" data-widget_type=\"text-editor.default\">\n\t\t\t\t<div class=\"elementor-widget-container\">\n\t\t\t\t\t\t\t<p style=\"text-align: center;\" align=\"JUSTIFY\"><span style=\"font-size: 14pt;\">\u00ab\u00a0Moin ni chouval,mil\u00e9, bouric,b\u00e8f,l\u00e9fan,<\/span><\/p><p style=\"text-align: center;\" align=\"JUSTIFY\"><span style=\"font-size: 14pt;\">c\u00e9 chouval au galop passagers\u00a0\u00bb<\/span><\/p>\t\t\t\t\t\t<\/div>\n\t\t\t\t<\/div>\n\t\t\t\t<div class=\"elementor-element elementor-element-a8d7e2a elementor-widget elementor-widget-wp-widget-media_audio\" data-id=\"a8d7e2a\" data-element_type=\"widget\" data-widget_type=\"wp-widget-media_audio.default\">\n\t\t\t\t<div class=\"elementor-widget-container\">\n\t\t\t<audio class=\"wp-audio-shortcode\" id=\"audio-509-1\" preload=\"none\" style=\"width: 100%;\" controls=\"controls\"><source type=\"audio\/mpeg\" src=\"http:\/\/ladoration.fr\/vanicet\/wp-content\/uploads\/2018\/06\/Bonbon-Chouval.mp3?_=1\" \/><source type=\"audio\/mpeg\" src=\"http:\/\/ladoration.fr\/vanicet\/wp-content\/uploads\/2018\/06\/Bonbon-Chouval.mp3?_=1\" \/><a href=\"http:\/\/ladoration.fr\/vanicet\/wp-content\/uploads\/2018\/06\/Bonbon-Chouval.mp3\">http:\/\/ladoration.fr\/vanicet\/wp-content\/uploads\/2018\/06\/Bonbon-Chouval.mp3<\/a><\/audio>\t\t<\/div>\n\t\t\t\t<\/div>\n\t\t\t\t\t<\/div>\n\t\t<\/div>\n\t\t\t\t\t<\/div>\n\t\t<\/section>\n\t\t\t\t<div class=\"elementor-element elementor-element-2a0587fa elementor-position-top elementor-widget elementor-widget-image-box\" data-id=\"2a0587fa\" data-element_type=\"widget\" data-widget_type=\"image-box.default\">\n\t\t\t\t<div class=\"elementor-widget-container\">\n\t\t\t<div class=\"elementor-image-box-wrapper\"><figure class=\"elementor-image-box-img\"><a href=\"http:\/\/ladoration.fr\/vanicet\/wp-content\/uploads\/2018\/04\/30032018-Bonbon_Chouval-3.jpg\" target=\"_blank\" tabindex=\"-1\"><img decoding=\"async\" width=\"1000\" height=\"750\" src=\"http:\/\/ladoration.fr\/vanicet\/wp-content\/uploads\/2018\/04\/30032018-Bonbon_Chouval-3.jpg\" class=\"attachment-full size-full wp-image-516\" alt=\"Bonbon Chouval. C\u00e9ramique de l&#039;artiste martiniquais Victor Anicet.\" srcset=\"http:\/\/ladoration.fr\/vanicet\/wp-content\/uploads\/2018\/04\/30032018-Bonbon_Chouval-3.jpg 1000w, http:\/\/ladoration.fr\/vanicet\/wp-content\/uploads\/2018\/04\/30032018-Bonbon_Chouval-3-300x225.jpg 300w, http:\/\/ladoration.fr\/vanicet\/wp-content\/uploads\/2018\/04\/30032018-Bonbon_Chouval-3-768x576.jpg 768w\" sizes=\"(max-width: 1000px) 100vw, 1000px\" \/><\/a><\/figure><\/div>\t\t<\/div>\n\t\t\t\t<\/div>\n\t\t\t\t<div class=\"elementor-element elementor-element-bc3433c elementor-position-top elementor-widget elementor-widget-image-box\" data-id=\"bc3433c\" data-element_type=\"widget\" data-widget_type=\"image-box.default\">\n\t\t\t\t<div class=\"elementor-widget-container\">\n\t\t\t<div class=\"elementor-image-box-wrapper\"><figure class=\"elementor-image-box-img\"><a href=\"http:\/\/ladoration.fr\/vanicet\/wp-content\/uploads\/2018\/04\/30032018-Bonbon_Chouval-4.jpg\" target=\"_blank\" tabindex=\"-1\"><img decoding=\"async\" width=\"750\" height=\"1000\" src=\"http:\/\/ladoration.fr\/vanicet\/wp-content\/uploads\/2018\/04\/30032018-Bonbon_Chouval-4.jpg\" class=\"attachment-full size-full wp-image-518\" alt=\"\" srcset=\"http:\/\/ladoration.fr\/vanicet\/wp-content\/uploads\/2018\/04\/30032018-Bonbon_Chouval-4.jpg 750w, http:\/\/ladoration.fr\/vanicet\/wp-content\/uploads\/2018\/04\/30032018-Bonbon_Chouval-4-225x300.jpg 225w\" sizes=\"(max-width: 750px) 100vw, 750px\" \/><\/a><\/figure><\/div>\t\t<\/div>\n\t\t\t\t<\/div>\n\t\t\t\t<div class=\"elementor-element elementor-element-7d9458b elementor-widget elementor-widget-text-editor\" data-id=\"7d9458b\" data-element_type=\"widget\" data-widget_type=\"text-editor.default\">\n\t\t\t\t<div class=\"elementor-widget-container\">\n\t\t\t\t\t\t\t<p style=\"text-align: left;\"><span style=\"font-size: 14pt;\">Les chevaux du pays dogon<\/span><br \/><span style=\"font-size: 14pt;\">cheminent<\/span><br \/><span style=\"font-size: 14pt;\">Les chevaux qui n\u2019existent pas au pays dogon<\/span><br \/><span style=\"font-size: 14pt;\">sont sortis du tray,<\/span><br \/><span style=\"font-size: 14pt;\">(bonbon chouval: farine et sucre gambadant aux cot\u00e9s des lotchos et<\/span><br \/><span style=\"font-size: 14pt;\">des bracelets en sucre rouge)<\/span><br \/><span style=\"font-size: 14pt;\">Ils se sont redress\u00e9s sur leurs longues pattes<\/span><br \/><span style=\"font-size: 14pt;\">Ils chevauchent les savanes oubli\u00e9es par les fils,<\/span><br \/><span style=\"font-size: 14pt;\">Ils marchent dans le tray<\/span><br \/><span style=\"font-size: 14pt;\">Ils marchent dans nos t\u00eates<\/span><br \/><span style=\"font-size: 14pt;\">Les chevaux oubli\u00e9s du pays dogon.<\/span><\/p><p style=\"text-align: left;\"><span style=\"font-size: 14pt;\">Aur\u00e9lia Dominique<\/span><\/p>\t\t\t\t\t\t<\/div>\n\t\t\t\t<\/div>\n\t\t\t\t<div class=\"elementor-element elementor-element-a340c1d elementor-position-top elementor-widget elementor-widget-image-box\" data-id=\"a340c1d\" data-element_type=\"widget\" data-widget_type=\"image-box.default\">\n\t\t\t\t<div class=\"elementor-widget-container\">\n\t\t\t<div class=\"elementor-image-box-wrapper\"><figure class=\"elementor-image-box-img\"><a href=\"http:\/\/ladoration.fr\/vanicet\/wp-content\/uploads\/2018\/04\/30032018-Bonbon_Chouval-5.jpg\" tabindex=\"-1\"><img loading=\"lazy\" decoding=\"async\" width=\"1000\" height=\"750\" src=\"http:\/\/ladoration.fr\/vanicet\/wp-content\/uploads\/2018\/04\/30032018-Bonbon_Chouval-5.jpg\" class=\"attachment-full size-full wp-image-522\" alt=\"Bonbon Chouval. C\u00e9ramiques de l&#039;artiste martiniquais Victor Anicet.\" srcset=\"http:\/\/ladoration.fr\/vanicet\/wp-content\/uploads\/2018\/04\/30032018-Bonbon_Chouval-5.jpg 1000w, http:\/\/ladoration.fr\/vanicet\/wp-content\/uploads\/2018\/04\/30032018-Bonbon_Chouval-5-300x225.jpg 300w, http:\/\/ladoration.fr\/vanicet\/wp-content\/uploads\/2018\/04\/30032018-Bonbon_Chouval-5-768x576.jpg 768w\" sizes=\"(max-width: 1000px) 100vw, 1000px\" \/><\/a><\/figure><\/div>\t\t<\/div>\n\t\t\t\t<\/div>\n\t\t\t\t<div class=\"elementor-element elementor-element-76a1a4ae elementor-widget elementor-widget-text-editor\" data-id=\"76a1a4ae\" data-element_type=\"widget\" data-widget_type=\"text-editor.default\">\n\t\t\t\t<div class=\"elementor-widget-container\">\n\t\t\t\t\t\t\t<p><span style=\"font-size: 14pt;\"><a href=\"http:\/\/www.tout-monde.com\/prixcarbet.html\" target=\"_blank\" rel=\"noopener\">Le Prix Carbet<\/a>, port\u00e9 par l\u2019Institut du Tout-Monde, r\u00e9compense chaque ann\u00e9e une \u0153uvre de la Cara\u00efbe ouverte aux imaginaires et aux identit\u00e9s multiples, particuliers et compl\u00e9mentaires. Bonbon Chouval est le troph\u00e9e de ce prix.<\/span><\/p>\t\t\t\t\t\t<\/div>\n\t\t\t\t<\/div>\n\t\t\t\t<div class=\"elementor-element elementor-element-209e88b elementor-widget elementor-widget-text-editor\" data-id=\"209e88b\" data-element_type=\"widget\" data-widget_type=\"text-editor.default\">\n\t\t\t\t<div class=\"elementor-widget-container\">\n\t\t\t\t\t\t\t<p style=\"text-align: center;\"><span style=\"font-size: 18.6667px;\">Lire aussi de Dominique Aur\u00e9lia. <\/span><\/p><p style=\"text-align: center;\"><a href=\"http:\/\/ladoration.fr\/vanicet\/textes\/la-calebasse\/\" target=\"_blank\" rel=\"noopener\"><span style=\"font-size: 18.6667px;\">La calebasse<\/span><\/a><\/p><p style=\"text-align: center;\"><a href=\"http:\/\/ladoration.fr\/vanicet\/wp-content\/uploads\/2018\/05\/Texte-de-Aur%C3%A9lia-Dominique-sur-VA.pdf\" target=\"_blank\" rel=\"noopener\"><span style=\"font-size: 14pt;\">Ilets : pays \u00e9br\u00e9ch\u00e9s, pays rapi\u00e9c\u00e9s <\/span><\/a><\/p><p>\u00a0<\/p>\t\t\t\t\t\t<\/div>\n\t\t\t\t<\/div>\n\t\t\t\t\t<\/div>\n\t\t<\/div>\n\t\t\t\t\t<\/div>\n\t\t<\/section>\n\t\t\t\t<section class=\"elementor-section elementor-top-section elementor-element elementor-element-65d21317 elementor-section-boxed elementor-section-height-default elementor-section-height-default\" data-id=\"65d21317\" data-element_type=\"section\">\n\t\t\t\t\t\t<div class=\"elementor-container elementor-column-gap-default\">\n\t\t\t\t\t<div class=\"elementor-column elementor-col-100 elementor-top-column elementor-element elementor-element-2953dd5b\" data-id=\"2953dd5b\" data-element_type=\"column\">\n\t\t\t<div class=\"elementor-widget-wrap elementor-element-populated\">\n\t\t\t\t\t\t<div class=\"elementor-element elementor-element-5391339d elementor-align-center elementor-widget elementor-widget-button\" data-id=\"5391339d\" data-element_type=\"widget\" data-widget_type=\"button.default\">\n\t\t\t\t<div class=\"elementor-widget-container\">\n\t\t\t\t\t<div class=\"elementor-button-wrapper\">\n\t\t\t<a class=\"elementor-button elementor-button-link elementor-size-sm\" href=\"http:\/\/ladoration.fr\/vanicet\/restitutions\/\">\n\t\t\t\t\t\t<span class=\"elementor-button-content-wrapper\">\n\t\t\t\t\t\t\t\t\t<span class=\"elementor-button-text\">Retour \u00e0 la liste des oeuvres<\/span>\n\t\t\t\t\t<\/span>\n\t\t\t\t\t<\/a>\n\t\t<\/div>\n\t\t\t\t<\/div>\n\t\t\t\t<\/div>\n\t\t\t\t\t<\/div>\n\t\t<\/div>\n\t\t\t\t\t<\/div>\n\t\t<\/section>\n\t\t\t\t<\/div>\n\t\t","protected":false},"excerpt":{"rendered":"<p>\u00ab\u00a0Bonbon chouval\u00a0\u00bb Air populaire Air populaire chant\u00e9 par les marchandes de p\u00e2tisseries autour des autobus de quartiers et de communes, stationn\u00e9s \u00e0 Fort de France, pour vanter leurs produits aux passagers en attente du d\u00e9part du v\u00e9hicule. Air restitu\u00e9 par Monsieur Fran\u00e7ois DAMBO, originaire de Fort de France \u00ab\u00a0Moin ni chouval,mil\u00e9, bouric,b\u00e8f,l\u00e9fan, c\u00e9 chouval au [&hellip;]<\/p>\n","protected":false},"author":1,"featured_media":0,"parent":623,"menu_order":0,"comment_status":"closed","ping_status":"closed","template":"","meta":{"jetpack_post_was_ever_published":false,"footnotes":""},"class_list":["post-509","page","type-page","status-publish","hentry","blog-blocks-layout","blog-style-postblock","","blog-alt-odd"],"yoast_head":"<!-- This site is optimized with the Yoast SEO plugin v23.0 - https:\/\/yoast.com\/wordpress\/plugins\/seo\/ -->\n<title>Bonbon Chouval. C\u00e9ramique de l&#039;artiste martiniquais Victor Anicet<\/title>\n<meta name=\"description\" content=\"Bonbon Chouval. C\u00e9ramique de l&#039;artiste martiniquais Victor Anicet. Le Prix Carbet, port\u00e9 par l\u2019Institut du Tout-Monde, r\u00e9compense chaque ann\u00e9e une \u0153uvre de la Cara\u00efbe ouverte aux imaginaires et aux identit\u00e9s multiples, particuliers et compl\u00e9mentaires. Bonbon Chouval est le troph\u00e9e de ce prix.\" \/>\n<meta name=\"robots\" content=\"index, follow, max-snippet:-1, max-image-preview:large, max-video-preview:-1\" \/>\n<link rel=\"canonical\" href=\"https:\/\/ladoration.fr\/vanicet\/restitutions\/autres_ceramiques\/bonbon-chouval\/\" \/>\n<meta property=\"og:locale\" content=\"fr_FR\" \/>\n<meta property=\"og:type\" content=\"article\" \/>\n<meta property=\"og:title\" content=\"Bonbon Chouval. C\u00e9ramique de l&#039;artiste martiniquais Victor Anicet\" \/>\n<meta property=\"og:description\" content=\"Bonbon Chouval. C\u00e9ramique de l&#039;artiste martiniquais Victor Anicet. Le Prix Carbet, port\u00e9 par l\u2019Institut du Tout-Monde, r\u00e9compense chaque ann\u00e9e une \u0153uvre de la Cara\u00efbe ouverte aux imaginaires et aux identit\u00e9s multiples, particuliers et compl\u00e9mentaires. Bonbon Chouval est le troph\u00e9e de ce prix.\" \/>\n<meta property=\"og:url\" content=\"https:\/\/ladoration.fr\/vanicet\/restitutions\/autres_ceramiques\/bonbon-chouval\/\" \/>\n<meta property=\"og:site_name\" content=\"Victor Anicet\" \/>\n<meta property=\"article:modified_time\" content=\"2018-06-01T07:19:16+00:00\" \/>\n<meta property=\"og:image\" content=\"http:\/\/ladoration.fr\/vanicet\/wp-content\/uploads\/2018\/04\/30032018-Bonbon_Chouval-2.jpg\" \/>\n<meta name=\"twitter:card\" content=\"summary_large_image\" \/>\n<meta name=\"twitter:label1\" content=\"Dur\u00e9e de lecture estim\u00e9e\" \/>\n\t<meta name=\"twitter:data1\" content=\"1 minute\" \/>\n<script type=\"application\/ld+json\" class=\"yoast-schema-graph\">{\"@context\":\"https:\/\/schema.org\",\"@graph\":[{\"@type\":\"WebPage\",\"@id\":\"https:\/\/ladoration.fr\/vanicet\/restitutions\/autres_ceramiques\/bonbon-chouval\/\",\"url\":\"https:\/\/ladoration.fr\/vanicet\/restitutions\/autres_ceramiques\/bonbon-chouval\/\",\"name\":\"Bonbon Chouval. C\u00e9ramique de l'artiste martiniquais Victor Anicet\",\"isPartOf\":{\"@id\":\"http:\/\/ladoration.fr\/vanicet\/#website\"},\"primaryImageOfPage\":{\"@id\":\"https:\/\/ladoration.fr\/vanicet\/restitutions\/autres_ceramiques\/bonbon-chouval\/#primaryimage\"},\"image\":{\"@id\":\"https:\/\/ladoration.fr\/vanicet\/restitutions\/autres_ceramiques\/bonbon-chouval\/#primaryimage\"},\"thumbnailUrl\":\"http:\/\/ladoration.fr\/vanicet\/wp-content\/uploads\/2018\/04\/30032018-Bonbon_Chouval-2.jpg\",\"datePublished\":\"2018-04-11T09:09:14+00:00\",\"dateModified\":\"2018-06-01T07:19:16+00:00\",\"description\":\"Bonbon Chouval. C\u00e9ramique de l'artiste martiniquais Victor Anicet. Le Prix Carbet, port\u00e9 par l\u2019Institut du Tout-Monde, r\u00e9compense chaque ann\u00e9e une \u0153uvre de la Cara\u00efbe ouverte aux imaginaires et aux identit\u00e9s multiples, particuliers et compl\u00e9mentaires. Bonbon Chouval est le troph\u00e9e de ce prix.\",\"breadcrumb\":{\"@id\":\"https:\/\/ladoration.fr\/vanicet\/restitutions\/autres_ceramiques\/bonbon-chouval\/#breadcrumb\"},\"inLanguage\":\"fr-FR\",\"potentialAction\":[{\"@type\":\"ReadAction\",\"target\":[\"https:\/\/ladoration.fr\/vanicet\/restitutions\/autres_ceramiques\/bonbon-chouval\/\"]}]},{\"@type\":\"ImageObject\",\"inLanguage\":\"fr-FR\",\"@id\":\"https:\/\/ladoration.fr\/vanicet\/restitutions\/autres_ceramiques\/bonbon-chouval\/#primaryimage\",\"url\":\"http:\/\/ladoration.fr\/vanicet\/wp-content\/uploads\/2018\/04\/30032018-Bonbon_Chouval-2.jpg\",\"contentUrl\":\"http:\/\/ladoration.fr\/vanicet\/wp-content\/uploads\/2018\/04\/30032018-Bonbon_Chouval-2.jpg\"},{\"@type\":\"BreadcrumbList\",\"@id\":\"https:\/\/ladoration.fr\/vanicet\/restitutions\/autres_ceramiques\/bonbon-chouval\/#breadcrumb\",\"itemListElement\":[{\"@type\":\"ListItem\",\"position\":1,\"name\":\"Accueil\",\"item\":\"http:\/\/ladoration.fr\/vanicet\/\"},{\"@type\":\"ListItem\",\"position\":2,\"name\":\"Restitutions\",\"item\":\"http:\/\/ladoration.fr\/vanicet\/restitutions\/\"},{\"@type\":\"ListItem\",\"position\":3,\"name\":\"Autres c\u00e9ramiques\",\"item\":\"http:\/\/ladoration.fr\/vanicet\/restitutions\/autres_ceramiques\/\"},{\"@type\":\"ListItem\",\"position\":4,\"name\":\"Bonbon Chouval\"}]},{\"@type\":\"WebSite\",\"@id\":\"http:\/\/ladoration.fr\/vanicet\/#website\",\"url\":\"http:\/\/ladoration.fr\/vanicet\/\",\"name\":\"Victor Anicet\",\"description\":\"Biface dit C\u00e9saire dans la Trag\u00e9die du Roi Christophe en pensant \u00e0 Janus, deux t\u00eates, deux directions, le pass\u00e9 et l&#039;Avenir\",\"potentialAction\":[{\"@type\":\"SearchAction\",\"target\":{\"@type\":\"EntryPoint\",\"urlTemplate\":\"http:\/\/ladoration.fr\/vanicet\/?s={search_term_string}\"},\"query-input\":\"required name=search_term_string\"}],\"inLanguage\":\"fr-FR\"}]}<\/script>\n<!-- \/ Yoast SEO plugin. -->","yoast_head_json":{"title":"Bonbon Chouval. C\u00e9ramique de l'artiste martiniquais Victor Anicet","description":"Bonbon Chouval. C\u00e9ramique de l'artiste martiniquais Victor Anicet. Le Prix Carbet, port\u00e9 par l\u2019Institut du Tout-Monde, r\u00e9compense chaque ann\u00e9e une \u0153uvre de la Cara\u00efbe ouverte aux imaginaires et aux identit\u00e9s multiples, particuliers et compl\u00e9mentaires. Bonbon Chouval est le troph\u00e9e de ce prix.","robots":{"index":"index","follow":"follow","max-snippet":"max-snippet:-1","max-image-preview":"max-image-preview:large","max-video-preview":"max-video-preview:-1"},"canonical":"https:\/\/ladoration.fr\/vanicet\/restitutions\/autres_ceramiques\/bonbon-chouval\/","og_locale":"fr_FR","og_type":"article","og_title":"Bonbon Chouval. C\u00e9ramique de l'artiste martiniquais Victor Anicet","og_description":"Bonbon Chouval. C\u00e9ramique de l'artiste martiniquais Victor Anicet. Le Prix Carbet, port\u00e9 par l\u2019Institut du Tout-Monde, r\u00e9compense chaque ann\u00e9e une \u0153uvre de la Cara\u00efbe ouverte aux imaginaires et aux identit\u00e9s multiples, particuliers et compl\u00e9mentaires. Bonbon Chouval est le troph\u00e9e de ce prix.","og_url":"https:\/\/ladoration.fr\/vanicet\/restitutions\/autres_ceramiques\/bonbon-chouval\/","og_site_name":"Victor Anicet","article_modified_time":"2018-06-01T07:19:16+00:00","og_image":[{"url":"http:\/\/ladoration.fr\/vanicet\/wp-content\/uploads\/2018\/04\/30032018-Bonbon_Chouval-2.jpg"}],"twitter_card":"summary_large_image","twitter_misc":{"Dur\u00e9e de lecture estim\u00e9e":"1 minute"},"schema":{"@context":"https:\/\/schema.org","@graph":[{"@type":"WebPage","@id":"https:\/\/ladoration.fr\/vanicet\/restitutions\/autres_ceramiques\/bonbon-chouval\/","url":"https:\/\/ladoration.fr\/vanicet\/restitutions\/autres_ceramiques\/bonbon-chouval\/","name":"Bonbon Chouval. C\u00e9ramique de l'artiste martiniquais Victor Anicet","isPartOf":{"@id":"http:\/\/ladoration.fr\/vanicet\/#website"},"primaryImageOfPage":{"@id":"https:\/\/ladoration.fr\/vanicet\/restitutions\/autres_ceramiques\/bonbon-chouval\/#primaryimage"},"image":{"@id":"https:\/\/ladoration.fr\/vanicet\/restitutions\/autres_ceramiques\/bonbon-chouval\/#primaryimage"},"thumbnailUrl":"http:\/\/ladoration.fr\/vanicet\/wp-content\/uploads\/2018\/04\/30032018-Bonbon_Chouval-2.jpg","datePublished":"2018-04-11T09:09:14+00:00","dateModified":"2018-06-01T07:19:16+00:00","description":"Bonbon Chouval. C\u00e9ramique de l'artiste martiniquais Victor Anicet. Le Prix Carbet, port\u00e9 par l\u2019Institut du Tout-Monde, r\u00e9compense chaque ann\u00e9e une \u0153uvre de la Cara\u00efbe ouverte aux imaginaires et aux identit\u00e9s multiples, particuliers et compl\u00e9mentaires. Bonbon Chouval est le troph\u00e9e de ce prix.","breadcrumb":{"@id":"https:\/\/ladoration.fr\/vanicet\/restitutions\/autres_ceramiques\/bonbon-chouval\/#breadcrumb"},"inLanguage":"fr-FR","potentialAction":[{"@type":"ReadAction","target":["https:\/\/ladoration.fr\/vanicet\/restitutions\/autres_ceramiques\/bonbon-chouval\/"]}]},{"@type":"ImageObject","inLanguage":"fr-FR","@id":"https:\/\/ladoration.fr\/vanicet\/restitutions\/autres_ceramiques\/bonbon-chouval\/#primaryimage","url":"http:\/\/ladoration.fr\/vanicet\/wp-content\/uploads\/2018\/04\/30032018-Bonbon_Chouval-2.jpg","contentUrl":"http:\/\/ladoration.fr\/vanicet\/wp-content\/uploads\/2018\/04\/30032018-Bonbon_Chouval-2.jpg"},{"@type":"BreadcrumbList","@id":"https:\/\/ladoration.fr\/vanicet\/restitutions\/autres_ceramiques\/bonbon-chouval\/#breadcrumb","itemListElement":[{"@type":"ListItem","position":1,"name":"Accueil","item":"http:\/\/ladoration.fr\/vanicet\/"},{"@type":"ListItem","position":2,"name":"Restitutions","item":"http:\/\/ladoration.fr\/vanicet\/restitutions\/"},{"@type":"ListItem","position":3,"name":"Autres c\u00e9ramiques","item":"http:\/\/ladoration.fr\/vanicet\/restitutions\/autres_ceramiques\/"},{"@type":"ListItem","position":4,"name":"Bonbon Chouval"}]},{"@type":"WebSite","@id":"http:\/\/ladoration.fr\/vanicet\/#website","url":"http:\/\/ladoration.fr\/vanicet\/","name":"Victor Anicet","description":"Biface dit C\u00e9saire dans la Trag\u00e9die du Roi Christophe en pensant \u00e0 Janus, deux t\u00eates, deux directions, le pass\u00e9 et l&#039;Avenir","potentialAction":[{"@type":"SearchAction","target":{"@type":"EntryPoint","urlTemplate":"http:\/\/ladoration.fr\/vanicet\/?s={search_term_string}"},"query-input":"required name=search_term_string"}],"inLanguage":"fr-FR"}]}},"jetpack_sharing_enabled":true,"jetpack_shortlink":"https:\/\/wp.me\/Pax50O-8d","_links":{"self":[{"href":"http:\/\/ladoration.fr\/vanicet\/wp-json\/wp\/v2\/pages\/509","targetHints":{"allow":["GET"]}}],"collection":[{"href":"http:\/\/ladoration.fr\/vanicet\/wp-json\/wp\/v2\/pages"}],"about":[{"href":"http:\/\/ladoration.fr\/vanicet\/wp-json\/wp\/v2\/types\/page"}],"author":[{"embeddable":true,"href":"http:\/\/ladoration.fr\/vanicet\/wp-json\/wp\/v2\/users\/1"}],"replies":[{"embeddable":true,"href":"http:\/\/ladoration.fr\/vanicet\/wp-json\/wp\/v2\/comments?post=509"}],"version-history":[{"count":12,"href":"http:\/\/ladoration.fr\/vanicet\/wp-json\/wp\/v2\/pages\/509\/revisions"}],"predecessor-version":[{"id":882,"href":"http:\/\/ladoration.fr\/vanicet\/wp-json\/wp\/v2\/pages\/509\/revisions\/882"}],"up":[{"embeddable":true,"href":"http:\/\/ladoration.fr\/vanicet\/wp-json\/wp\/v2\/pages\/623"}],"wp:attachment":[{"href":"http:\/\/ladoration.fr\/vanicet\/wp-json\/wp\/v2\/media?parent=509"}],"curies":[{"name":"wp","href":"https:\/\/api.w.org\/{rel}","templated":true}]}}