{"id":565,"date":"2018-04-13T11:25:23","date_gmt":"2018-04-13T09:25:23","guid":{"rendered":"http:\/\/ladoration.fr\/vanicet\/?page_id=565"},"modified":"2019-02-06T10:25:14","modified_gmt":"2019-02-06T09:25:14","slug":"plaque-totemique-au-lpo-victor-anicet","status":"publish","type":"page","link":"http:\/\/ladoration.fr\/vanicet\/restitutions\/plaque-totemique-au-lpo-victor-anicet\/","title":{"rendered":"Plaque tot\u00e9mique au LPO Victor Anicet"},"content":{"rendered":"\t\t<div data-elementor-type=\"wp-post\" data-elementor-id=\"565\" class=\"elementor elementor-565 elementor-bc-flex-widget\">\n\t\t\t\t\t\t<section class=\"elementor-section elementor-top-section elementor-element elementor-element-28c5c3c elementor-section-boxed elementor-section-height-default elementor-section-height-default\" data-id=\"28c5c3c\" data-element_type=\"section\">\n\t\t\t\t\t\t<div class=\"elementor-container elementor-column-gap-default\">\n\t\t\t\t\t<div class=\"elementor-column elementor-col-100 elementor-top-column elementor-element elementor-element-cf62c7b\" data-id=\"cf62c7b\" data-element_type=\"column\">\n\t\t\t<div class=\"elementor-widget-wrap elementor-element-populated\">\n\t\t\t\t\t\t<div class=\"elementor-element elementor-element-798812b elementor-widget elementor-widget-video\" data-id=\"798812b\" data-element_type=\"widget\" data-settings=\"{&quot;youtube_url&quot;:&quot;https:\\\/\\\/www.youtube.com\\\/watch?v=VhsxUygvYkc&quot;,&quot;video_type&quot;:&quot;youtube&quot;,&quot;controls&quot;:&quot;yes&quot;}\" data-widget_type=\"video.default\">\n\t\t\t\t<div class=\"elementor-widget-container\">\n\t\t\t\t\t<div class=\"elementor-wrapper elementor-open-inline\">\n\t\t\t<div class=\"elementor-video\"><\/div>\t\t<\/div>\n\t\t\t\t<\/div>\n\t\t\t\t<\/div>\n\t\t\t\t<div class=\"elementor-element elementor-element-3479ef2 elementor-position-top elementor-widget elementor-widget-image-box\" data-id=\"3479ef2\" data-element_type=\"widget\" data-widget_type=\"image-box.default\">\n\t\t\t\t<div class=\"elementor-widget-container\">\n\t\t\t<div class=\"elementor-image-box-wrapper\"><figure class=\"elementor-image-box-img\"><img fetchpriority=\"high\" decoding=\"async\" width=\"719\" height=\"1280\" src=\"http:\/\/ladoration.fr\/vanicet\/wp-content\/uploads\/2018\/04\/Lyc\u00e9e_Victor_Anicet.jpg\" class=\"attachment-full size-full wp-image-568\" alt=\"Plaque tot\u00e9mique. Oeuvre r\u00e9alis\u00e9e par l&#039;artiste Victor Anicet pour la cr\u00e9ation du nouveau lyc\u00e9e Polyvalent du Num\u00e9rique, du Design et des Arts Appliqu\u00e9s\" srcset=\"http:\/\/ladoration.fr\/vanicet\/wp-content\/uploads\/2018\/04\/Lyc\u00e9e_Victor_Anicet.jpg 719w, http:\/\/ladoration.fr\/vanicet\/wp-content\/uploads\/2018\/04\/Lyc\u00e9e_Victor_Anicet-169x300.jpg 169w, http:\/\/ladoration.fr\/vanicet\/wp-content\/uploads\/2018\/04\/Lyc\u00e9e_Victor_Anicet-575x1024.jpg 575w\" sizes=\"(max-width: 719px) 100vw, 719px\" \/><\/figure><div class=\"elementor-image-box-content\"><h3 class=\"elementor-image-box-title\">2017. Discours de M. Anicet devant la plaque tot\u00e9mique<\/h3><p class=\"elementor-image-box-description\">Cr\u00e9dit Photo: \u00a9Tous droits R\u00e9serv\u00e9s<\/p><\/div><\/div>\t\t<\/div>\n\t\t\t\t<\/div>\n\t\t\t\t<div class=\"elementor-element elementor-element-3959206 elementor-widget elementor-widget-text-editor\" data-id=\"3959206\" data-element_type=\"widget\" data-widget_type=\"text-editor.default\">\n\t\t\t\t<div class=\"elementor-widget-container\">\n\t\t\t\t\t\t\t<div id=\"chapo\"><p><span style=\"font-size: 14pt;\">Depuis vendredi 24 novembre 2017, le lyc\u00e9e Saint James de Saint-Pierre est devenu officiellement le Lyc\u00e9e polyvalent du num\u00e9rique, du design et des arts appliqu\u00e9s \u00ab\u00a0Victor ANICET\u00a0\u00bb.<\/span><\/p><\/div><div id=\"principal\"><p><span style=\"font-size: 14pt;\">Cette c\u00e9r\u00e9monie de d\u00e9nomination s&rsquo;est faite en pr\u00e9sence de B\u00e9atrice Cormier, la Rectrice de l&rsquo;acad\u00e9mie de la Martinique, d&rsquo;Alfred Marie-Jeanne, le Pr\u00e9sident du Conseil ex\u00e9cutif de la Collectivit\u00e9 Territoriale de Martinique, et de Victor ANICET lui-m\u00eame, artiste plasticien martiniquais.<\/span><\/p><\/div>\t\t\t\t\t\t<\/div>\n\t\t\t\t<\/div>\n\t\t\t\t\t<\/div>\n\t\t<\/div>\n\t\t\t\t\t<\/div>\n\t\t<\/section>\n\t\t\t\t<\/div>\n\t\t","protected":false},"excerpt":{"rendered":"<p>2017. Discours de M. Anicet devant la plaque tot\u00e9mique Cr\u00e9dit Photo: \u00a9Tous droits R\u00e9serv\u00e9s Depuis vendredi 24 novembre 2017, le lyc\u00e9e Saint James de Saint-Pierre est devenu officiellement le Lyc\u00e9e polyvalent du num\u00e9rique, du design et des arts appliqu\u00e9s \u00ab\u00a0Victor ANICET\u00a0\u00bb. Cette c\u00e9r\u00e9monie de d\u00e9nomination s&rsquo;est faite en pr\u00e9sence de B\u00e9atrice Cormier, la Rectrice de [&hellip;]<\/p>\n","protected":false},"author":1,"featured_media":0,"parent":241,"menu_order":0,"comment_status":"closed","ping_status":"closed","template":"","meta":{"jetpack_post_was_ever_published":false,"footnotes":""},"class_list":["post-565","page","type-page","status-publish","hentry","blog-blocks-layout","blog-style-postblock","","blog-alt-odd"],"yoast_head":"<!-- This site is optimized with the Yoast SEO plugin v23.0 - https:\/\/yoast.com\/wordpress\/plugins\/seo\/ -->\n<title>plaque tot\u00e9mique. Oeuvre de l&#039;artiste martiniquais Victor Anicet<\/title>\n<meta name=\"description\" content=\"plaque tot\u00e9mique. Oeuvre de l&#039;artiste martiniquais Victor Anicet, r\u00e9alis\u00e9e dans le cadre de la nouvelle d\u00e9nomination du Lyc\u00e9e polyvalent Saint-James en Lyc\u00e9e Polyvalent du Num\u00e9rique, du Design et des Arts Appliqu\u00e9s Victor Anicet.\" \/>\n<meta name=\"robots\" content=\"index, follow, max-snippet:-1, max-image-preview:large, max-video-preview:-1\" \/>\n<link rel=\"canonical\" href=\"http:\/\/ladoration.fr\/vanicet\/restitutions\/plaque-totemique-au-lpo-victor-anicet\/\" \/>\n<meta property=\"og:locale\" content=\"fr_FR\" \/>\n<meta property=\"og:type\" content=\"article\" \/>\n<meta property=\"og:title\" content=\"plaque tot\u00e9mique. Oeuvre de l&#039;artiste martiniquais Victor Anicet\" \/>\n<meta property=\"og:description\" content=\"plaque tot\u00e9mique. Oeuvre de l&#039;artiste martiniquais Victor Anicet, r\u00e9alis\u00e9e dans le cadre de la nouvelle d\u00e9nomination du Lyc\u00e9e polyvalent Saint-James en Lyc\u00e9e Polyvalent du Num\u00e9rique, du Design et des Arts Appliqu\u00e9s Victor Anicet.\" \/>\n<meta property=\"og:url\" content=\"http:\/\/ladoration.fr\/vanicet\/restitutions\/plaque-totemique-au-lpo-victor-anicet\/\" \/>\n<meta property=\"og:site_name\" content=\"Victor Anicet\" \/>\n<meta property=\"article:modified_time\" content=\"2019-02-06T09:25:14+00:00\" \/>\n<meta name=\"twitter:card\" content=\"summary_large_image\" \/>\n<meta name=\"twitter:label1\" content=\"Dur\u00e9e de lecture estim\u00e9e\" \/>\n\t<meta name=\"twitter:data1\" content=\"1 minute\" \/>\n<script type=\"application\/ld+json\" class=\"yoast-schema-graph\">{\"@context\":\"https:\/\/schema.org\",\"@graph\":[{\"@type\":\"WebPage\",\"@id\":\"http:\/\/ladoration.fr\/vanicet\/restitutions\/plaque-totemique-au-lpo-victor-anicet\/\",\"url\":\"http:\/\/ladoration.fr\/vanicet\/restitutions\/plaque-totemique-au-lpo-victor-anicet\/\",\"name\":\"plaque tot\u00e9mique. Oeuvre de l'artiste martiniquais Victor Anicet\",\"isPartOf\":{\"@id\":\"https:\/\/ladoration.fr\/vanicet\/#website\"},\"datePublished\":\"2018-04-13T09:25:23+00:00\",\"dateModified\":\"2019-02-06T09:25:14+00:00\",\"description\":\"plaque tot\u00e9mique. Oeuvre de l'artiste martiniquais Victor Anicet, r\u00e9alis\u00e9e dans le cadre de la nouvelle d\u00e9nomination du Lyc\u00e9e polyvalent Saint-James en Lyc\u00e9e Polyvalent du Num\u00e9rique, du Design et des Arts Appliqu\u00e9s Victor Anicet.\",\"breadcrumb\":{\"@id\":\"http:\/\/ladoration.fr\/vanicet\/restitutions\/plaque-totemique-au-lpo-victor-anicet\/#breadcrumb\"},\"inLanguage\":\"fr-FR\",\"potentialAction\":[{\"@type\":\"ReadAction\",\"target\":[\"http:\/\/ladoration.fr\/vanicet\/restitutions\/plaque-totemique-au-lpo-victor-anicet\/\"]}]},{\"@type\":\"BreadcrumbList\",\"@id\":\"http:\/\/ladoration.fr\/vanicet\/restitutions\/plaque-totemique-au-lpo-victor-anicet\/#breadcrumb\",\"itemListElement\":[{\"@type\":\"ListItem\",\"position\":1,\"name\":\"Accueil\",\"item\":\"https:\/\/ladoration.fr\/vanicet\/\"},{\"@type\":\"ListItem\",\"position\":2,\"name\":\"Restitutions\",\"item\":\"https:\/\/ladoration.fr\/vanicet\/restitutions\/\"},{\"@type\":\"ListItem\",\"position\":3,\"name\":\"Plaque tot\u00e9mique au LPO Victor Anicet\"}]},{\"@type\":\"WebSite\",\"@id\":\"https:\/\/ladoration.fr\/vanicet\/#website\",\"url\":\"https:\/\/ladoration.fr\/vanicet\/\",\"name\":\"Victor Anicet\",\"description\":\"Biface dit C\u00e9saire dans la Trag\u00e9die du Roi Christophe en pensant \u00e0 Janus, deux t\u00eates, deux directions, le pass\u00e9 et l&#039;Avenir\",\"potentialAction\":[{\"@type\":\"SearchAction\",\"target\":{\"@type\":\"EntryPoint\",\"urlTemplate\":\"https:\/\/ladoration.fr\/vanicet\/?s={search_term_string}\"},\"query-input\":\"required name=search_term_string\"}],\"inLanguage\":\"fr-FR\"}]}<\/script>\n<!-- \/ Yoast SEO plugin. -->","yoast_head_json":{"title":"plaque tot\u00e9mique. Oeuvre de l'artiste martiniquais Victor Anicet","description":"plaque tot\u00e9mique. Oeuvre de l'artiste martiniquais Victor Anicet, r\u00e9alis\u00e9e dans le cadre de la nouvelle d\u00e9nomination du Lyc\u00e9e polyvalent Saint-James en Lyc\u00e9e Polyvalent du Num\u00e9rique, du Design et des Arts Appliqu\u00e9s Victor Anicet.","robots":{"index":"index","follow":"follow","max-snippet":"max-snippet:-1","max-image-preview":"max-image-preview:large","max-video-preview":"max-video-preview:-1"},"canonical":"http:\/\/ladoration.fr\/vanicet\/restitutions\/plaque-totemique-au-lpo-victor-anicet\/","og_locale":"fr_FR","og_type":"article","og_title":"plaque tot\u00e9mique. Oeuvre de l'artiste martiniquais Victor Anicet","og_description":"plaque tot\u00e9mique. Oeuvre de l'artiste martiniquais Victor Anicet, r\u00e9alis\u00e9e dans le cadre de la nouvelle d\u00e9nomination du Lyc\u00e9e polyvalent Saint-James en Lyc\u00e9e Polyvalent du Num\u00e9rique, du Design et des Arts Appliqu\u00e9s Victor Anicet.","og_url":"http:\/\/ladoration.fr\/vanicet\/restitutions\/plaque-totemique-au-lpo-victor-anicet\/","og_site_name":"Victor Anicet","article_modified_time":"2019-02-06T09:25:14+00:00","twitter_card":"summary_large_image","twitter_misc":{"Dur\u00e9e de lecture estim\u00e9e":"1 minute"},"schema":{"@context":"https:\/\/schema.org","@graph":[{"@type":"WebPage","@id":"http:\/\/ladoration.fr\/vanicet\/restitutions\/plaque-totemique-au-lpo-victor-anicet\/","url":"http:\/\/ladoration.fr\/vanicet\/restitutions\/plaque-totemique-au-lpo-victor-anicet\/","name":"plaque tot\u00e9mique. Oeuvre de l'artiste martiniquais Victor Anicet","isPartOf":{"@id":"https:\/\/ladoration.fr\/vanicet\/#website"},"datePublished":"2018-04-13T09:25:23+00:00","dateModified":"2019-02-06T09:25:14+00:00","description":"plaque tot\u00e9mique. Oeuvre de l'artiste martiniquais Victor Anicet, r\u00e9alis\u00e9e dans le cadre de la nouvelle d\u00e9nomination du Lyc\u00e9e polyvalent Saint-James en Lyc\u00e9e Polyvalent du Num\u00e9rique, du Design et des Arts Appliqu\u00e9s Victor Anicet.","breadcrumb":{"@id":"http:\/\/ladoration.fr\/vanicet\/restitutions\/plaque-totemique-au-lpo-victor-anicet\/#breadcrumb"},"inLanguage":"fr-FR","potentialAction":[{"@type":"ReadAction","target":["http:\/\/ladoration.fr\/vanicet\/restitutions\/plaque-totemique-au-lpo-victor-anicet\/"]}]},{"@type":"BreadcrumbList","@id":"http:\/\/ladoration.fr\/vanicet\/restitutions\/plaque-totemique-au-lpo-victor-anicet\/#breadcrumb","itemListElement":[{"@type":"ListItem","position":1,"name":"Accueil","item":"https:\/\/ladoration.fr\/vanicet\/"},{"@type":"ListItem","position":2,"name":"Restitutions","item":"https:\/\/ladoration.fr\/vanicet\/restitutions\/"},{"@type":"ListItem","position":3,"name":"Plaque tot\u00e9mique au LPO Victor Anicet"}]},{"@type":"WebSite","@id":"https:\/\/ladoration.fr\/vanicet\/#website","url":"https:\/\/ladoration.fr\/vanicet\/","name":"Victor Anicet","description":"Biface dit C\u00e9saire dans la Trag\u00e9die du Roi Christophe en pensant \u00e0 Janus, deux t\u00eates, deux directions, le pass\u00e9 et l&#039;Avenir","potentialAction":[{"@type":"SearchAction","target":{"@type":"EntryPoint","urlTemplate":"https:\/\/ladoration.fr\/vanicet\/?s={search_term_string}"},"query-input":"required name=search_term_string"}],"inLanguage":"fr-FR"}]}},"jetpack_sharing_enabled":true,"jetpack_shortlink":"https:\/\/wp.me\/Pax50O-97","_links":{"self":[{"href":"http:\/\/ladoration.fr\/vanicet\/wp-json\/wp\/v2\/pages\/565","targetHints":{"allow":["GET"]}}],"collection":[{"href":"http:\/\/ladoration.fr\/vanicet\/wp-json\/wp\/v2\/pages"}],"about":[{"href":"http:\/\/ladoration.fr\/vanicet\/wp-json\/wp\/v2\/types\/page"}],"author":[{"embeddable":true,"href":"http:\/\/ladoration.fr\/vanicet\/wp-json\/wp\/v2\/users\/1"}],"replies":[{"embeddable":true,"href":"http:\/\/ladoration.fr\/vanicet\/wp-json\/wp\/v2\/comments?post=565"}],"version-history":[{"count":4,"href":"http:\/\/ladoration.fr\/vanicet\/wp-json\/wp\/v2\/pages\/565\/revisions"}],"predecessor-version":[{"id":945,"href":"http:\/\/ladoration.fr\/vanicet\/wp-json\/wp\/v2\/pages\/565\/revisions\/945"}],"up":[{"embeddable":true,"href":"http:\/\/ladoration.fr\/vanicet\/wp-json\/wp\/v2\/pages\/241"}],"wp:attachment":[{"href":"http:\/\/ladoration.fr\/vanicet\/wp-json\/wp\/v2\/media?parent=565"}],"curies":[{"name":"wp","href":"https:\/\/api.w.org\/{rel}","templated":true}]}}