{"id":597,"date":"2018-04-14T11:39:32","date_gmt":"2018-04-14T09:39:32","guid":{"rendered":"http:\/\/ladoration.fr\/vanicet\/?page_id=597"},"modified":"2018-04-15T19:30:56","modified_gmt":"2018-04-15T17:30:56","slug":"terre-cuite-institut-martiniquais-detudes","status":"publish","type":"page","link":"http:\/\/ladoration.fr\/vanicet\/restitutions\/animations-murales\/terre-cuite-institut-martiniquais-detudes\/","title":{"rendered":"Terre cuite. Institut Martiniquais d&rsquo;Etudes"},"content":{"rendered":"\t\t<div data-elementor-type=\"wp-page\" data-elementor-id=\"597\" class=\"elementor elementor-597 elementor-bc-flex-widget\">\n\t\t\t\t\t\t<section class=\"elementor-section elementor-top-section elementor-element elementor-element-b3cf048 elementor-section-boxed elementor-section-height-default elementor-section-height-default\" data-id=\"b3cf048\" data-element_type=\"section\">\n\t\t\t\t\t\t<div class=\"elementor-container elementor-column-gap-default\">\n\t\t\t\t\t<div class=\"elementor-column elementor-col-100 elementor-top-column elementor-element elementor-element-d333263\" data-id=\"d333263\" data-element_type=\"column\">\n\t\t\t<div class=\"elementor-widget-wrap elementor-element-populated\">\n\t\t\t\t\t\t<div class=\"elementor-element elementor-element-2068ea0 elementor-position-top elementor-widget elementor-widget-image-box\" data-id=\"2068ea0\" data-element_type=\"widget\" data-widget_type=\"image-box.default\">\n\t\t\t\t<div class=\"elementor-widget-container\">\n\t\t\t<div class=\"elementor-image-box-wrapper\"><figure class=\"elementor-image-box-img\"><img fetchpriority=\"high\" decoding=\"async\" width=\"960\" height=\"1000\" src=\"http:\/\/ladoration.fr\/vanicet\/wp-content\/uploads\/2018\/04\/33-terre-cuite-institut-martiniquais-d\u00e9tude-1536x1916_c.png\" class=\"attachment-full size-full wp-image-599\" alt=\"Terre cuite. Oeuvre de Victor Anicet \u00e0 l&#039;Institut Martiniquais d&#039;Etudes de Fort de France\" srcset=\"http:\/\/ladoration.fr\/vanicet\/wp-content\/uploads\/2018\/04\/33-terre-cuite-institut-martiniquais-d\u00e9tude-1536x1916_c.png 960w, http:\/\/ladoration.fr\/vanicet\/wp-content\/uploads\/2018\/04\/33-terre-cuite-institut-martiniquais-d\u00e9tude-1536x1916_c-288x300.png 288w, http:\/\/ladoration.fr\/vanicet\/wp-content\/uploads\/2018\/04\/33-terre-cuite-institut-martiniquais-d\u00e9tude-1536x1916_c-768x800.png 768w\" sizes=\"(max-width: 960px) 100vw, 960px\" \/><\/figure><div class=\"elementor-image-box-content\"><h3 class=\"elementor-image-box-title\">Terre cuite. Victor Anicet.<\/h3><p class=\"elementor-image-box-description\">Lyc\u00e9e de l'Union \u00e0 Fort de France.<\/p><\/div><\/div>\t\t<\/div>\n\t\t\t\t<\/div>\n\t\t\t\t\t<\/div>\n\t\t<\/div>\n\t\t\t\t\t<\/div>\n\t\t<\/section>\n\t\t\t\t<section class=\"elementor-section elementor-top-section elementor-element elementor-element-16f67b65 elementor-section-boxed elementor-section-height-default elementor-section-height-default\" data-id=\"16f67b65\" data-element_type=\"section\">\n\t\t\t\t\t\t<div class=\"elementor-container elementor-column-gap-default\">\n\t\t\t\t\t<div class=\"elementor-column elementor-col-100 elementor-top-column elementor-element elementor-element-35c65b15\" data-id=\"35c65b15\" data-element_type=\"column\">\n\t\t\t<div class=\"elementor-widget-wrap elementor-element-populated\">\n\t\t\t\t\t\t<div class=\"elementor-element elementor-element-5ccf45b6 elementor-align-center elementor-widget elementor-widget-button\" data-id=\"5ccf45b6\" data-element_type=\"widget\" data-widget_type=\"button.default\">\n\t\t\t\t<div class=\"elementor-widget-container\">\n\t\t\t\t\t<div class=\"elementor-button-wrapper\">\n\t\t\t<a class=\"elementor-button elementor-button-link elementor-size-sm\" href=\"http:\/\/ladoration.fr\/vanicet\/restitutions\/\">\n\t\t\t\t\t\t<span class=\"elementor-button-content-wrapper\">\n\t\t\t\t\t\t\t\t\t<span class=\"elementor-button-text\">Retour \u00e0 la liste des oeuvres<\/span>\n\t\t\t\t\t<\/span>\n\t\t\t\t\t<\/a>\n\t\t<\/div>\n\t\t\t\t<\/div>\n\t\t\t\t<\/div>\n\t\t\t\t\t<\/div>\n\t\t<\/div>\n\t\t\t\t\t<\/div>\n\t\t<\/section>\n\t\t\t\t<\/div>\n\t\t","protected":false},"excerpt":{"rendered":"<p>Terre cuite. Victor Anicet. Lyc\u00e9e de l&rsquo;Union \u00e0 Fort de France. Retour \u00e0 la liste des oeuvres<\/p>\n","protected":false},"author":1,"featured_media":0,"parent":630,"menu_order":0,"comment_status":"closed","ping_status":"closed","template":"","meta":{"jetpack_post_was_ever_published":false,"footnotes":""},"class_list":["post-597","page","type-page","status-publish","hentry","blog-blocks-layout","blog-style-postblock","","blog-alt-odd"],"yoast_head":"<!-- This site is optimized with the Yoast SEO plugin v23.0 - https:\/\/yoast.com\/wordpress\/plugins\/seo\/ -->\n<title>terre cuite<\/title>\n<meta name=\"description\" content=\"terre cuite\" \/>\n<meta name=\"robots\" content=\"index, follow, max-snippet:-1, max-image-preview:large, max-video-preview:-1\" \/>\n<link rel=\"canonical\" href=\"http:\/\/ladoration.fr\/vanicet\/restitutions\/animations-murales\/terre-cuite-institut-martiniquais-detudes\/\" \/>\n<meta property=\"og:locale\" content=\"fr_FR\" \/>\n<meta property=\"og:type\" content=\"article\" \/>\n<meta property=\"og:title\" content=\"terre cuite\" \/>\n<meta property=\"og:description\" content=\"terre cuite\" \/>\n<meta property=\"og:url\" content=\"http:\/\/ladoration.fr\/vanicet\/restitutions\/animations-murales\/terre-cuite-institut-martiniquais-detudes\/\" \/>\n<meta property=\"og:site_name\" content=\"Victor Anicet\" \/>\n<meta property=\"article:modified_time\" content=\"2018-04-15T17:30:56+00:00\" \/>\n<meta name=\"twitter:card\" content=\"summary_large_image\" \/>\n<script type=\"application\/ld+json\" class=\"yoast-schema-graph\">{\"@context\":\"https:\/\/schema.org\",\"@graph\":[{\"@type\":\"WebPage\",\"@id\":\"http:\/\/ladoration.fr\/vanicet\/restitutions\/animations-murales\/terre-cuite-institut-martiniquais-detudes\/\",\"url\":\"http:\/\/ladoration.fr\/vanicet\/restitutions\/animations-murales\/terre-cuite-institut-martiniquais-detudes\/\",\"name\":\"terre cuite\",\"isPartOf\":{\"@id\":\"http:\/\/ladoration.fr\/vanicet\/#website\"},\"datePublished\":\"2018-04-14T09:39:32+00:00\",\"dateModified\":\"2018-04-15T17:30:56+00:00\",\"description\":\"terre cuite\",\"breadcrumb\":{\"@id\":\"http:\/\/ladoration.fr\/vanicet\/restitutions\/animations-murales\/terre-cuite-institut-martiniquais-detudes\/#breadcrumb\"},\"inLanguage\":\"fr-FR\",\"potentialAction\":[{\"@type\":\"ReadAction\",\"target\":[\"http:\/\/ladoration.fr\/vanicet\/restitutions\/animations-murales\/terre-cuite-institut-martiniquais-detudes\/\"]}]},{\"@type\":\"BreadcrumbList\",\"@id\":\"http:\/\/ladoration.fr\/vanicet\/restitutions\/animations-murales\/terre-cuite-institut-martiniquais-detudes\/#breadcrumb\",\"itemListElement\":[{\"@type\":\"ListItem\",\"position\":1,\"name\":\"Accueil\",\"item\":\"http:\/\/ladoration.fr\/vanicet\/\"},{\"@type\":\"ListItem\",\"position\":2,\"name\":\"Restitutions\",\"item\":\"https:\/\/ladoration.fr\/vanicet\/restitutions\/\"},{\"@type\":\"ListItem\",\"position\":3,\"name\":\"Animations murales\",\"item\":\"http:\/\/ladoration.fr\/vanicet\/restitutions\/animations-murales\/\"},{\"@type\":\"ListItem\",\"position\":4,\"name\":\"Terre cuite. Institut Martiniquais d&rsquo;Etudes\"}]},{\"@type\":\"WebSite\",\"@id\":\"http:\/\/ladoration.fr\/vanicet\/#website\",\"url\":\"http:\/\/ladoration.fr\/vanicet\/\",\"name\":\"Victor Anicet\",\"description\":\"Biface dit C\u00e9saire dans la Trag\u00e9die du Roi Christophe en pensant \u00e0 Janus, deux t\u00eates, deux directions, le pass\u00e9 et l&#039;Avenir\",\"potentialAction\":[{\"@type\":\"SearchAction\",\"target\":{\"@type\":\"EntryPoint\",\"urlTemplate\":\"http:\/\/ladoration.fr\/vanicet\/?s={search_term_string}\"},\"query-input\":\"required name=search_term_string\"}],\"inLanguage\":\"fr-FR\"}]}<\/script>\n<!-- \/ Yoast SEO plugin. -->","yoast_head_json":{"title":"terre cuite","description":"terre cuite","robots":{"index":"index","follow":"follow","max-snippet":"max-snippet:-1","max-image-preview":"max-image-preview:large","max-video-preview":"max-video-preview:-1"},"canonical":"http:\/\/ladoration.fr\/vanicet\/restitutions\/animations-murales\/terre-cuite-institut-martiniquais-detudes\/","og_locale":"fr_FR","og_type":"article","og_title":"terre cuite","og_description":"terre cuite","og_url":"http:\/\/ladoration.fr\/vanicet\/restitutions\/animations-murales\/terre-cuite-institut-martiniquais-detudes\/","og_site_name":"Victor Anicet","article_modified_time":"2018-04-15T17:30:56+00:00","twitter_card":"summary_large_image","schema":{"@context":"https:\/\/schema.org","@graph":[{"@type":"WebPage","@id":"http:\/\/ladoration.fr\/vanicet\/restitutions\/animations-murales\/terre-cuite-institut-martiniquais-detudes\/","url":"http:\/\/ladoration.fr\/vanicet\/restitutions\/animations-murales\/terre-cuite-institut-martiniquais-detudes\/","name":"terre cuite","isPartOf":{"@id":"http:\/\/ladoration.fr\/vanicet\/#website"},"datePublished":"2018-04-14T09:39:32+00:00","dateModified":"2018-04-15T17:30:56+00:00","description":"terre cuite","breadcrumb":{"@id":"http:\/\/ladoration.fr\/vanicet\/restitutions\/animations-murales\/terre-cuite-institut-martiniquais-detudes\/#breadcrumb"},"inLanguage":"fr-FR","potentialAction":[{"@type":"ReadAction","target":["http:\/\/ladoration.fr\/vanicet\/restitutions\/animations-murales\/terre-cuite-institut-martiniquais-detudes\/"]}]},{"@type":"BreadcrumbList","@id":"http:\/\/ladoration.fr\/vanicet\/restitutions\/animations-murales\/terre-cuite-institut-martiniquais-detudes\/#breadcrumb","itemListElement":[{"@type":"ListItem","position":1,"name":"Accueil","item":"http:\/\/ladoration.fr\/vanicet\/"},{"@type":"ListItem","position":2,"name":"Restitutions","item":"https:\/\/ladoration.fr\/vanicet\/restitutions\/"},{"@type":"ListItem","position":3,"name":"Animations murales","item":"http:\/\/ladoration.fr\/vanicet\/restitutions\/animations-murales\/"},{"@type":"ListItem","position":4,"name":"Terre cuite. Institut Martiniquais d&rsquo;Etudes"}]},{"@type":"WebSite","@id":"http:\/\/ladoration.fr\/vanicet\/#website","url":"http:\/\/ladoration.fr\/vanicet\/","name":"Victor Anicet","description":"Biface dit C\u00e9saire dans la Trag\u00e9die du Roi Christophe en pensant \u00e0 Janus, deux t\u00eates, deux directions, le pass\u00e9 et l&#039;Avenir","potentialAction":[{"@type":"SearchAction","target":{"@type":"EntryPoint","urlTemplate":"http:\/\/ladoration.fr\/vanicet\/?s={search_term_string}"},"query-input":"required name=search_term_string"}],"inLanguage":"fr-FR"}]}},"jetpack_sharing_enabled":true,"jetpack_shortlink":"https:\/\/wp.me\/Pax50O-9D","_links":{"self":[{"href":"http:\/\/ladoration.fr\/vanicet\/wp-json\/wp\/v2\/pages\/597","targetHints":{"allow":["GET"]}}],"collection":[{"href":"http:\/\/ladoration.fr\/vanicet\/wp-json\/wp\/v2\/pages"}],"about":[{"href":"http:\/\/ladoration.fr\/vanicet\/wp-json\/wp\/v2\/types\/page"}],"author":[{"embeddable":true,"href":"http:\/\/ladoration.fr\/vanicet\/wp-json\/wp\/v2\/users\/1"}],"replies":[{"embeddable":true,"href":"http:\/\/ladoration.fr\/vanicet\/wp-json\/wp\/v2\/comments?post=597"}],"version-history":[{"count":5,"href":"http:\/\/ladoration.fr\/vanicet\/wp-json\/wp\/v2\/pages\/597\/revisions"}],"predecessor-version":[{"id":781,"href":"http:\/\/ladoration.fr\/vanicet\/wp-json\/wp\/v2\/pages\/597\/revisions\/781"}],"up":[{"embeddable":true,"href":"http:\/\/ladoration.fr\/vanicet\/wp-json\/wp\/v2\/pages\/630"}],"wp:attachment":[{"href":"http:\/\/ladoration.fr\/vanicet\/wp-json\/wp\/v2\/media?parent=597"}],"curies":[{"name":"wp","href":"https:\/\/api.w.org\/{rel}","templated":true}]}}