{"id":604,"date":"2018-04-14T12:02:49","date_gmt":"2018-04-14T10:02:49","guid":{"rendered":"http:\/\/ladoration.fr\/vanicet\/?page_id=604"},"modified":"2018-04-15T19:32:23","modified_gmt":"2018-04-15T17:32:23","slug":"ceramiques-1","status":"publish","type":"page","link":"http:\/\/ladoration.fr\/vanicet\/restitutions\/autres_ceramiques\/ceramiques-1\/","title":{"rendered":"C\u00e9ramiques 1"},"content":{"rendered":"\t\t<div data-elementor-type=\"wp-post\" data-elementor-id=\"604\" class=\"elementor elementor-604 elementor-bc-flex-widget\">\n\t\t\t\t\t\t<section class=\"elementor-section elementor-top-section elementor-element elementor-element-7eca1d59 elementor-section-boxed elementor-section-height-default elementor-section-height-default\" data-id=\"7eca1d59\" data-element_type=\"section\">\n\t\t\t\t\t\t<div class=\"elementor-container elementor-column-gap-default\">\n\t\t\t\t\t<div class=\"elementor-column elementor-col-100 elementor-top-column elementor-element elementor-element-a1df984\" data-id=\"a1df984\" data-element_type=\"column\">\n\t\t\t<div class=\"elementor-widget-wrap elementor-element-populated\">\n\t\t\t\t\t\t<div class=\"elementor-element elementor-element-55225a35 elementor-position-top elementor-widget elementor-widget-image-box\" data-id=\"55225a35\" data-element_type=\"widget\" data-widget_type=\"image-box.default\">\n\t\t\t\t<div class=\"elementor-widget-container\">\n\t\t\t<div class=\"elementor-image-box-wrapper\"><figure class=\"elementor-image-box-img\"><a href=\"http:\/\/ladoration.fr\/vanicet\/wp-content\/uploads\/2018\/04\/30032018-c\u00e9ramique-4.jpg\" target=\"_blank\" tabindex=\"-1\"><img fetchpriority=\"high\" decoding=\"async\" width=\"1000\" height=\"807\" src=\"http:\/\/ladoration.fr\/vanicet\/wp-content\/uploads\/2018\/04\/30032018-c\u00e9ramique-4.jpg\" class=\"attachment-full size-full wp-image-606\" alt=\"C\u00e9ramique de l&#039;artiste martiniquais Victor Anicet\" srcset=\"http:\/\/ladoration.fr\/vanicet\/wp-content\/uploads\/2018\/04\/30032018-c\u00e9ramique-4.jpg 1000w, http:\/\/ladoration.fr\/vanicet\/wp-content\/uploads\/2018\/04\/30032018-c\u00e9ramique-4-300x242.jpg 300w, http:\/\/ladoration.fr\/vanicet\/wp-content\/uploads\/2018\/04\/30032018-c\u00e9ramique-4-768x620.jpg 768w\" sizes=\"(max-width: 1000px) 100vw, 1000px\" \/><\/a><\/figure><\/div>\t\t<\/div>\n\t\t\t\t<\/div>\n\t\t\t\t<div class=\"elementor-element elementor-element-5b571e45 elementor-position-top elementor-widget elementor-widget-image-box\" data-id=\"5b571e45\" data-element_type=\"widget\" data-widget_type=\"image-box.default\">\n\t\t\t\t<div class=\"elementor-widget-container\">\n\t\t\t<div class=\"elementor-image-box-wrapper\"><figure class=\"elementor-image-box-img\"><a href=\"http:\/\/ladoration.fr\/vanicet\/wp-content\/uploads\/2018\/04\/30032018-c\u00e9ramique-6.jpg\" target=\"_blank\" tabindex=\"-1\"><img decoding=\"async\" width=\"1000\" height=\"750\" src=\"http:\/\/ladoration.fr\/vanicet\/wp-content\/uploads\/2018\/04\/30032018-c\u00e9ramique-6.jpg\" class=\"attachment-full size-full wp-image-608\" alt=\"C\u00e9ramique de l&#039;artiste martiniquais Victor Anicet\" srcset=\"http:\/\/ladoration.fr\/vanicet\/wp-content\/uploads\/2018\/04\/30032018-c\u00e9ramique-6.jpg 1000w, http:\/\/ladoration.fr\/vanicet\/wp-content\/uploads\/2018\/04\/30032018-c\u00e9ramique-6-300x225.jpg 300w, http:\/\/ladoration.fr\/vanicet\/wp-content\/uploads\/2018\/04\/30032018-c\u00e9ramique-6-768x576.jpg 768w\" sizes=\"(max-width: 1000px) 100vw, 1000px\" \/><\/a><\/figure><\/div>\t\t<\/div>\n\t\t\t\t<\/div>\n\t\t\t\t<div class=\"elementor-element elementor-element-2aedb6e5 elementor-position-top elementor-widget elementor-widget-image-box\" data-id=\"2aedb6e5\" data-element_type=\"widget\" data-widget_type=\"image-box.default\">\n\t\t\t\t<div class=\"elementor-widget-container\">\n\t\t\t<div class=\"elementor-image-box-wrapper\"><figure class=\"elementor-image-box-img\"><a href=\"http:\/\/ladoration.fr\/vanicet\/wp-content\/uploads\/2018\/04\/30032018-c\u00e9ramique-9.jpg\" target=\"_blank\" tabindex=\"-1\"><img decoding=\"async\" width=\"1000\" height=\"750\" src=\"http:\/\/ladoration.fr\/vanicet\/wp-content\/uploads\/2018\/04\/30032018-c\u00e9ramique-9.jpg\" class=\"attachment-full size-full wp-image-609\" alt=\"C\u00e9ramique de l&#039;artiste martiniquais Victor Anicet\" srcset=\"http:\/\/ladoration.fr\/vanicet\/wp-content\/uploads\/2018\/04\/30032018-c\u00e9ramique-9.jpg 1000w, http:\/\/ladoration.fr\/vanicet\/wp-content\/uploads\/2018\/04\/30032018-c\u00e9ramique-9-300x225.jpg 300w, http:\/\/ladoration.fr\/vanicet\/wp-content\/uploads\/2018\/04\/30032018-c\u00e9ramique-9-768x576.jpg 768w\" sizes=\"(max-width: 1000px) 100vw, 1000px\" \/><\/a><\/figure><\/div>\t\t<\/div>\n\t\t\t\t<\/div>\n\t\t\t\t<div class=\"elementor-element elementor-element-627a08e elementor-position-top elementor-widget elementor-widget-image-box\" data-id=\"627a08e\" data-element_type=\"widget\" data-widget_type=\"image-box.default\">\n\t\t\t\t<div class=\"elementor-widget-container\">\n\t\t\t<div class=\"elementor-image-box-wrapper\"><figure class=\"elementor-image-box-img\"><a href=\"http:\/\/ladoration.fr\/vanicet\/wp-content\/uploads\/2018\/04\/30032018-c\u00e9ramique-9.jpg\" target=\"_blank\" tabindex=\"-1\"><img loading=\"lazy\" decoding=\"async\" width=\"750\" height=\"1000\" src=\"http:\/\/ladoration.fr\/vanicet\/wp-content\/uploads\/2018\/04\/30032018-c\u00e9ramique-5.jpg\" class=\"attachment-full size-full wp-image-684\" alt=\"C\u00e9ramique de l&#039;artiste martiniquais Victor Anicet\" srcset=\"http:\/\/ladoration.fr\/vanicet\/wp-content\/uploads\/2018\/04\/30032018-c\u00e9ramique-5.jpg 750w, http:\/\/ladoration.fr\/vanicet\/wp-content\/uploads\/2018\/04\/30032018-c\u00e9ramique-5-225x300.jpg 225w\" sizes=\"(max-width: 750px) 100vw, 750px\" \/><\/a><\/figure><\/div>\t\t<\/div>\n\t\t\t\t<\/div>\n\t\t\t\t\t<\/div>\n\t\t<\/div>\n\t\t\t\t\t<\/div>\n\t\t<\/section>\n\t\t\t\t<section class=\"elementor-section elementor-top-section elementor-element elementor-element-2e69fd31 elementor-section-boxed elementor-section-height-default elementor-section-height-default\" data-id=\"2e69fd31\" data-element_type=\"section\">\n\t\t\t\t\t\t<div class=\"elementor-container elementor-column-gap-default\">\n\t\t\t\t\t<div class=\"elementor-column elementor-col-100 elementor-top-column elementor-element elementor-element-44924324\" data-id=\"44924324\" data-element_type=\"column\">\n\t\t\t<div class=\"elementor-widget-wrap elementor-element-populated\">\n\t\t\t\t\t\t<div class=\"elementor-element elementor-element-15fa69a0 elementor-align-center elementor-widget elementor-widget-button\" data-id=\"15fa69a0\" data-element_type=\"widget\" data-widget_type=\"button.default\">\n\t\t\t\t<div class=\"elementor-widget-container\">\n\t\t\t\t\t<div class=\"elementor-button-wrapper\">\n\t\t\t<a class=\"elementor-button elementor-button-link elementor-size-sm\" href=\"http:\/\/ladoration.fr\/vanicet\/restitutions\/\">\n\t\t\t\t\t\t<span class=\"elementor-button-content-wrapper\">\n\t\t\t\t\t\t\t\t\t<span class=\"elementor-button-text\">Retour \u00e0 la liste des oeuvres<\/span>\n\t\t\t\t\t<\/span>\n\t\t\t\t\t<\/a>\n\t\t<\/div>\n\t\t\t\t<\/div>\n\t\t\t\t<\/div>\n\t\t\t\t\t<\/div>\n\t\t<\/div>\n\t\t\t\t\t<\/div>\n\t\t<\/section>\n\t\t\t\t<\/div>\n\t\t","protected":false},"excerpt":{"rendered":"<p>Retour \u00e0 la liste des oeuvres<\/p>\n","protected":false},"author":1,"featured_media":0,"parent":623,"menu_order":0,"comment_status":"closed","ping_status":"closed","template":"","meta":{"jetpack_post_was_ever_published":false,"footnotes":""},"class_list":["post-604","page","type-page","status-publish","hentry","blog-blocks-layout","blog-style-postblock","","blog-alt-odd"],"yoast_head":"<!-- This site is optimized with the Yoast SEO plugin v23.0 - https:\/\/yoast.com\/wordpress\/plugins\/seo\/ -->\n<title>c\u00e9ramiques originales de l&#039;artiste Martiniquais Victor Anicet<\/title>\n<meta name=\"description\" content=\"c\u00e9ramiques originales de l&#039;artiste Martiniquais Victor Anicet, membre de l&#039;AIC, Acad\u00e9mie Internationale de la C\u00e9ramique, Gen\u00e8ve.\" \/>\n<meta name=\"robots\" content=\"index, follow, max-snippet:-1, max-image-preview:large, max-video-preview:-1\" \/>\n<link rel=\"canonical\" href=\"http:\/\/ladoration.fr\/vanicet\/restitutions\/autres_ceramiques\/ceramiques-1\/\" \/>\n<meta property=\"og:locale\" content=\"fr_FR\" \/>\n<meta property=\"og:type\" content=\"article\" \/>\n<meta property=\"og:title\" content=\"c\u00e9ramiques originales de l&#039;artiste Martiniquais Victor Anicet\" \/>\n<meta property=\"og:description\" content=\"c\u00e9ramiques originales de l&#039;artiste Martiniquais Victor Anicet, membre de l&#039;AIC, Acad\u00e9mie Internationale de la C\u00e9ramique, Gen\u00e8ve.\" \/>\n<meta property=\"og:url\" content=\"http:\/\/ladoration.fr\/vanicet\/restitutions\/autres_ceramiques\/ceramiques-1\/\" \/>\n<meta property=\"og:site_name\" content=\"Victor Anicet\" \/>\n<meta property=\"article:modified_time\" content=\"2018-04-15T17:32:23+00:00\" \/>\n<meta name=\"twitter:card\" content=\"summary_large_image\" \/>\n<script type=\"application\/ld+json\" class=\"yoast-schema-graph\">{\"@context\":\"https:\/\/schema.org\",\"@graph\":[{\"@type\":\"WebPage\",\"@id\":\"http:\/\/ladoration.fr\/vanicet\/restitutions\/autres_ceramiques\/ceramiques-1\/\",\"url\":\"http:\/\/ladoration.fr\/vanicet\/restitutions\/autres_ceramiques\/ceramiques-1\/\",\"name\":\"c\u00e9ramiques originales de l'artiste Martiniquais Victor Anicet\",\"isPartOf\":{\"@id\":\"http:\/\/ladoration.fr\/vanicet\/#website\"},\"datePublished\":\"2018-04-14T10:02:49+00:00\",\"dateModified\":\"2018-04-15T17:32:23+00:00\",\"description\":\"c\u00e9ramiques originales de l'artiste Martiniquais Victor Anicet, membre de l'AIC, Acad\u00e9mie Internationale de la C\u00e9ramique, Gen\u00e8ve.\",\"breadcrumb\":{\"@id\":\"http:\/\/ladoration.fr\/vanicet\/restitutions\/autres_ceramiques\/ceramiques-1\/#breadcrumb\"},\"inLanguage\":\"fr-FR\",\"potentialAction\":[{\"@type\":\"ReadAction\",\"target\":[\"http:\/\/ladoration.fr\/vanicet\/restitutions\/autres_ceramiques\/ceramiques-1\/\"]}]},{\"@type\":\"BreadcrumbList\",\"@id\":\"http:\/\/ladoration.fr\/vanicet\/restitutions\/autres_ceramiques\/ceramiques-1\/#breadcrumb\",\"itemListElement\":[{\"@type\":\"ListItem\",\"position\":1,\"name\":\"Accueil\",\"item\":\"http:\/\/ladoration.fr\/vanicet\/\"},{\"@type\":\"ListItem\",\"position\":2,\"name\":\"Restitutions\",\"item\":\"https:\/\/ladoration.fr\/vanicet\/restitutions\/\"},{\"@type\":\"ListItem\",\"position\":3,\"name\":\"Autres c\u00e9ramiques\",\"item\":\"https:\/\/ladoration.fr\/vanicet\/restitutions\/autres_ceramiques\/\"},{\"@type\":\"ListItem\",\"position\":4,\"name\":\"C\u00e9ramiques 1\"}]},{\"@type\":\"WebSite\",\"@id\":\"http:\/\/ladoration.fr\/vanicet\/#website\",\"url\":\"http:\/\/ladoration.fr\/vanicet\/\",\"name\":\"Victor Anicet\",\"description\":\"Biface dit C\u00e9saire dans la Trag\u00e9die du Roi Christophe en pensant \u00e0 Janus, deux t\u00eates, deux directions, le pass\u00e9 et l&#039;Avenir\",\"potentialAction\":[{\"@type\":\"SearchAction\",\"target\":{\"@type\":\"EntryPoint\",\"urlTemplate\":\"http:\/\/ladoration.fr\/vanicet\/?s={search_term_string}\"},\"query-input\":\"required name=search_term_string\"}],\"inLanguage\":\"fr-FR\"}]}<\/script>\n<!-- \/ Yoast SEO plugin. -->","yoast_head_json":{"title":"c\u00e9ramiques originales de l'artiste Martiniquais Victor Anicet","description":"c\u00e9ramiques originales de l'artiste Martiniquais Victor Anicet, membre de l'AIC, Acad\u00e9mie Internationale de la C\u00e9ramique, Gen\u00e8ve.","robots":{"index":"index","follow":"follow","max-snippet":"max-snippet:-1","max-image-preview":"max-image-preview:large","max-video-preview":"max-video-preview:-1"},"canonical":"http:\/\/ladoration.fr\/vanicet\/restitutions\/autres_ceramiques\/ceramiques-1\/","og_locale":"fr_FR","og_type":"article","og_title":"c\u00e9ramiques originales de l'artiste Martiniquais Victor Anicet","og_description":"c\u00e9ramiques originales de l'artiste Martiniquais Victor Anicet, membre de l'AIC, Acad\u00e9mie Internationale de la C\u00e9ramique, Gen\u00e8ve.","og_url":"http:\/\/ladoration.fr\/vanicet\/restitutions\/autres_ceramiques\/ceramiques-1\/","og_site_name":"Victor Anicet","article_modified_time":"2018-04-15T17:32:23+00:00","twitter_card":"summary_large_image","schema":{"@context":"https:\/\/schema.org","@graph":[{"@type":"WebPage","@id":"http:\/\/ladoration.fr\/vanicet\/restitutions\/autres_ceramiques\/ceramiques-1\/","url":"http:\/\/ladoration.fr\/vanicet\/restitutions\/autres_ceramiques\/ceramiques-1\/","name":"c\u00e9ramiques originales de l'artiste Martiniquais Victor Anicet","isPartOf":{"@id":"http:\/\/ladoration.fr\/vanicet\/#website"},"datePublished":"2018-04-14T10:02:49+00:00","dateModified":"2018-04-15T17:32:23+00:00","description":"c\u00e9ramiques originales de l'artiste Martiniquais Victor Anicet, membre de l'AIC, Acad\u00e9mie Internationale de la C\u00e9ramique, Gen\u00e8ve.","breadcrumb":{"@id":"http:\/\/ladoration.fr\/vanicet\/restitutions\/autres_ceramiques\/ceramiques-1\/#breadcrumb"},"inLanguage":"fr-FR","potentialAction":[{"@type":"ReadAction","target":["http:\/\/ladoration.fr\/vanicet\/restitutions\/autres_ceramiques\/ceramiques-1\/"]}]},{"@type":"BreadcrumbList","@id":"http:\/\/ladoration.fr\/vanicet\/restitutions\/autres_ceramiques\/ceramiques-1\/#breadcrumb","itemListElement":[{"@type":"ListItem","position":1,"name":"Accueil","item":"http:\/\/ladoration.fr\/vanicet\/"},{"@type":"ListItem","position":2,"name":"Restitutions","item":"https:\/\/ladoration.fr\/vanicet\/restitutions\/"},{"@type":"ListItem","position":3,"name":"Autres c\u00e9ramiques","item":"https:\/\/ladoration.fr\/vanicet\/restitutions\/autres_ceramiques\/"},{"@type":"ListItem","position":4,"name":"C\u00e9ramiques 1"}]},{"@type":"WebSite","@id":"http:\/\/ladoration.fr\/vanicet\/#website","url":"http:\/\/ladoration.fr\/vanicet\/","name":"Victor Anicet","description":"Biface dit C\u00e9saire dans la Trag\u00e9die du Roi Christophe en pensant \u00e0 Janus, deux t\u00eates, deux directions, le pass\u00e9 et l&#039;Avenir","potentialAction":[{"@type":"SearchAction","target":{"@type":"EntryPoint","urlTemplate":"http:\/\/ladoration.fr\/vanicet\/?s={search_term_string}"},"query-input":"required name=search_term_string"}],"inLanguage":"fr-FR"}]}},"jetpack_sharing_enabled":true,"jetpack_shortlink":"https:\/\/wp.me\/Pax50O-9K","_links":{"self":[{"href":"http:\/\/ladoration.fr\/vanicet\/wp-json\/wp\/v2\/pages\/604","targetHints":{"allow":["GET"]}}],"collection":[{"href":"http:\/\/ladoration.fr\/vanicet\/wp-json\/wp\/v2\/pages"}],"about":[{"href":"http:\/\/ladoration.fr\/vanicet\/wp-json\/wp\/v2\/types\/page"}],"author":[{"embeddable":true,"href":"http:\/\/ladoration.fr\/vanicet\/wp-json\/wp\/v2\/users\/1"}],"replies":[{"embeddable":true,"href":"http:\/\/ladoration.fr\/vanicet\/wp-json\/wp\/v2\/comments?post=604"}],"version-history":[{"count":6,"href":"http:\/\/ladoration.fr\/vanicet\/wp-json\/wp\/v2\/pages\/604\/revisions"}],"predecessor-version":[{"id":784,"href":"http:\/\/ladoration.fr\/vanicet\/wp-json\/wp\/v2\/pages\/604\/revisions\/784"}],"up":[{"embeddable":true,"href":"http:\/\/ladoration.fr\/vanicet\/wp-json\/wp\/v2\/pages\/623"}],"wp:attachment":[{"href":"http:\/\/ladoration.fr\/vanicet\/wp-json\/wp\/v2\/media?parent=604"}],"curies":[{"name":"wp","href":"https:\/\/api.w.org\/{rel}","templated":true}]}}