{"id":623,"date":"2018-04-14T19:03:29","date_gmt":"2018-04-14T17:03:29","guid":{"rendered":"http:\/\/ladoration.fr\/vanicet\/?page_id=623"},"modified":"2019-12-31T10:48:21","modified_gmt":"2019-12-31T09:48:21","slug":"autres_ceramiques","status":"publish","type":"page","link":"http:\/\/ladoration.fr\/vanicet\/restitutions\/autres_ceramiques\/","title":{"rendered":"Autres c\u00e9ramiques"},"content":{"rendered":"\t\t<div data-elementor-type=\"wp-post\" data-elementor-id=\"623\" class=\"elementor elementor-623 elementor-bc-flex-widget\">\n\t\t\t\t\t\t<section class=\"elementor-section elementor-top-section elementor-element elementor-element-27265f70 elementor-section-boxed elementor-section-height-default elementor-section-height-default\" data-id=\"27265f70\" data-element_type=\"section\">\n\t\t\t\t\t\t<div class=\"elementor-container elementor-column-gap-default\">\n\t\t\t\t\t<div class=\"elementor-column elementor-col-100 elementor-top-column elementor-element elementor-element-480bcccc\" data-id=\"480bcccc\" data-element_type=\"column\">\n\t\t\t<div class=\"elementor-widget-wrap elementor-element-populated\">\n\t\t\t\t\t\t<div class=\"elementor-element elementor-element-795ef15f elementor-arrows-position-inside elementor-pagination-position-outside elementor-widget elementor-widget-image-carousel\" data-id=\"795ef15f\" data-element_type=\"widget\" data-settings=\"{&quot;navigation&quot;:&quot;both&quot;,&quot;autoplay&quot;:&quot;yes&quot;,&quot;pause_on_hover&quot;:&quot;yes&quot;,&quot;pause_on_interaction&quot;:&quot;yes&quot;,&quot;autoplay_speed&quot;:5000,&quot;infinite&quot;:&quot;yes&quot;,&quot;speed&quot;:500}\" data-widget_type=\"image-carousel.default\">\n\t\t\t\t<div class=\"elementor-widget-container\">\n\t\t\t\t\t<div class=\"elementor-image-carousel-wrapper swiper\" dir=\"ltr\">\n\t\t\t<div class=\"elementor-image-carousel swiper-wrapper\" aria-live=\"off\">\n\t\t\t\t\t\t\t\t<div class=\"swiper-slide\" role=\"group\" aria-roledescription=\"slide\" aria-label=\"1 sur 8\"><figure class=\"swiper-slide-inner\"><img decoding=\"async\" class=\"swiper-slide-image\" src=\"http:\/\/ladoration.fr\/vanicet\/wp-content\/uploads\/2018\/04\/30032018-c\u00e9ramique-20-150x150.jpg\" alt=\"C\u00e9ramique de l&#039;artiste martiniquais Victor Anicet\" \/><\/figure><\/div><div class=\"swiper-slide\" role=\"group\" aria-roledescription=\"slide\" aria-label=\"2 sur 8\"><figure class=\"swiper-slide-inner\"><img decoding=\"async\" class=\"swiper-slide-image\" src=\"http:\/\/ladoration.fr\/vanicet\/wp-content\/uploads\/2018\/04\/30032018-c\u00e9ramique-5-150x150.jpg\" alt=\"C\u00e9ramique de l&#039;artiste martiniquais Victor Anicet\" \/><\/figure><\/div><div class=\"swiper-slide\" role=\"group\" aria-roledescription=\"slide\" aria-label=\"3 sur 8\"><figure class=\"swiper-slide-inner\"><img decoding=\"async\" class=\"swiper-slide-image\" src=\"http:\/\/ladoration.fr\/vanicet\/wp-content\/uploads\/2018\/04\/30032018-c\u00e9ramique-6-150x150.jpg\" alt=\"C\u00e9ramique de l&#039;artiste martiniquais Victor Anicet\" \/><\/figure><\/div><div class=\"swiper-slide\" role=\"group\" aria-roledescription=\"slide\" aria-label=\"4 sur 8\"><figure class=\"swiper-slide-inner\"><img decoding=\"async\" class=\"swiper-slide-image\" src=\"http:\/\/ladoration.fr\/vanicet\/wp-content\/uploads\/2018\/04\/30032018-c\u00e9ramique-4-150x150.jpg\" alt=\"C\u00e9ramique de l&#039;artiste martiniquais Victor Anicet\" \/><\/figure><\/div><div class=\"swiper-slide\" role=\"group\" aria-roledescription=\"slide\" aria-label=\"5 sur 8\"><figure class=\"swiper-slide-inner\"><img decoding=\"async\" class=\"swiper-slide-image\" src=\"http:\/\/ladoration.fr\/vanicet\/wp-content\/uploads\/2018\/04\/30032018-Bonbon_Chouval-5-150x150.jpg\" alt=\"Bonbon Chouval. C\u00e9ramiques de l&#039;artiste martiniquais Victor Anicet.\" \/><\/figure><\/div><div class=\"swiper-slide\" role=\"group\" aria-roledescription=\"slide\" aria-label=\"6 sur 8\"><figure class=\"swiper-slide-inner\"><img decoding=\"async\" class=\"swiper-slide-image\" src=\"http:\/\/ladoration.fr\/vanicet\/wp-content\/uploads\/2018\/04\/caravelles2_Anicet-150x150.jpg\" alt=\"Caravelles. C\u00e9ramique de Victor Anicet expos\u00e9e en 2012 aux Foudres HSE. Cr\u00e9dits photographiques \u00a9Jean-Luc de Laguarigue\" \/><\/figure><\/div><div class=\"swiper-slide\" role=\"group\" aria-roledescription=\"slide\" aria-label=\"7 sur 8\"><figure class=\"swiper-slide-inner\"><img decoding=\"async\" class=\"swiper-slide-image\" src=\"http:\/\/ladoration.fr\/vanicet\/wp-content\/uploads\/2018\/04\/RESTITUTION-1-N-1536x1152_c-150x150.jpg\" alt=\"Restitution. C\u00e9ramique originale de l&#039;artiste Victor Anicet\" \/><\/figure><\/div><div class=\"swiper-slide\" role=\"group\" aria-roledescription=\"slide\" aria-label=\"8 sur 8\"><figure class=\"swiper-slide-inner\"><img decoding=\"async\" class=\"swiper-slide-image\" src=\"http:\/\/ladoration.fr\/vanicet\/wp-content\/uploads\/2018\/04\/RESTITUTION-1-F-1536x2048_c-150x150.jpg\" alt=\"Restitution. C\u00e9ramique originale de l&#039;artiste Victor Anicet\" \/><\/figure><\/div>\t\t\t<\/div>\n\t\t\t\t\t\t\t\t\t\t\t\t<div class=\"elementor-swiper-button elementor-swiper-button-prev\" role=\"button\" tabindex=\"0\">\n\t\t\t\t\t\t<i aria-hidden=\"true\" class=\"eicon-chevron-left\"><\/i>\t\t\t\t\t<\/div>\n\t\t\t\t\t<div class=\"elementor-swiper-button elementor-swiper-button-next\" role=\"button\" tabindex=\"0\">\n\t\t\t\t\t\t<i aria-hidden=\"true\" class=\"eicon-chevron-right\"><\/i>\t\t\t\t\t<\/div>\n\t\t\t\t\n\t\t\t\t\t\t\t\t\t<div class=\"swiper-pagination\"><\/div>\n\t\t\t\t\t\t\t\t\t<\/div>\n\t\t\t\t<\/div>\n\t\t\t\t<\/div>\n\t\t\t\t\t<\/div>\n\t\t<\/div>\n\t\t\t\t\t<\/div>\n\t\t<\/section>\n\t\t\t\t<section class=\"elementor-section elementor-top-section elementor-element elementor-element-3ed85a62 elementor-section-boxed elementor-section-height-default elementor-section-height-default\" data-id=\"3ed85a62\" data-element_type=\"section\">\n\t\t\t\t\t\t<div class=\"elementor-container elementor-column-gap-default\">\n\t\t\t\t\t<div class=\"elementor-column elementor-col-100 elementor-top-column elementor-element elementor-element-39afb53f\" data-id=\"39afb53f\" data-element_type=\"column\">\n\t\t\t<div class=\"elementor-widget-wrap elementor-element-populated\">\n\t\t\t\t\t\t<div class=\"elementor-element elementor-element-37a98a79 elementor-widget elementor-widget-wp-widget-nav_menu\" data-id=\"37a98a79\" data-element_type=\"widget\" data-widget_type=\"wp-widget-nav_menu.default\">\n\t\t\t\t<div class=\"elementor-widget-container\">\n\t\t\t<h5>Autres c\u00e9ramiques<\/h5><div class=\"menu-autres-ceramiques-container\"><ul id=\"menu-autres-ceramiques\" class=\"menu\"><li id=\"menu-item-720\" class=\"menu-item menu-item-type-post_type menu-item-object-page menu-item-720\"><a href=\"http:\/\/ladoration.fr\/vanicet\/restitutions\/autres_ceramiques\/bonbon-chouval\/\">Bonbon Chouval<\/a><\/li>\n<li id=\"menu-item-721\" class=\"menu-item menu-item-type-post_type menu-item-object-page menu-item-721\"><a href=\"http:\/\/ladoration.fr\/vanicet\/restitutions\/autres_ceramiques\/caravelles\/\">Caravelles<\/a><\/li>\n<li id=\"menu-item-722\" class=\"menu-item menu-item-type-post_type menu-item-object-page menu-item-722\"><a href=\"http:\/\/ladoration.fr\/vanicet\/restitutions\/autres_ceramiques\/ceramiques-1\/\">C\u00e9ramiques 1<\/a><\/li>\n<li id=\"menu-item-723\" class=\"menu-item menu-item-type-post_type menu-item-object-page menu-item-723\"><a href=\"http:\/\/ladoration.fr\/vanicet\/restitutions\/autres_ceramiques\/ceramiques-2\/\">C\u00e9ramiques 2<\/a><\/li>\n<li id=\"menu-item-724\" class=\"menu-item menu-item-type-post_type menu-item-object-page menu-item-724\"><a href=\"http:\/\/ladoration.fr\/vanicet\/restitutions\/autres_ceramiques\/ceramiques-3\/\">C\u00e9ramiques 3<\/a><\/li>\n<li id=\"menu-item-794\" class=\"menu-item menu-item-type-post_type menu-item-object-page menu-item-794\"><a href=\"http:\/\/ladoration.fr\/vanicet\/restitutions\/autres_ceramiques\/caldera\/\">Caldera<\/a><\/li>\n<li id=\"menu-item-725\" class=\"menu-item menu-item-type-post_type menu-item-object-page menu-item-725\"><a href=\"http:\/\/ladoration.fr\/vanicet\/restitutions\/autres_ceramiques\/restitution\/\">Restitution<\/a><\/li>\n<li id=\"menu-item-726\" class=\"menu-item menu-item-type-post_type menu-item-object-page menu-item-726\"><a href=\"http:\/\/ladoration.fr\/vanicet\/restitutions\/autres_ceramiques\/tray\/\">Tray<\/a><\/li>\n<\/ul><\/div>\t\t<\/div>\n\t\t\t\t<\/div>\n\t\t\t\t\t<\/div>\n\t\t<\/div>\n\t\t\t\t\t<\/div>\n\t\t<\/section>\n\t\t\t\t<section class=\"elementor-section elementor-top-section elementor-element elementor-element-60ffa640 elementor-section-boxed elementor-section-height-default elementor-section-height-default\" data-id=\"60ffa640\" data-element_type=\"section\">\n\t\t\t\t\t\t<div class=\"elementor-container elementor-column-gap-default\">\n\t\t\t\t\t<div class=\"elementor-column elementor-col-100 elementor-top-column elementor-element elementor-element-29b15ad7\" data-id=\"29b15ad7\" data-element_type=\"column\">\n\t\t\t<div class=\"elementor-widget-wrap elementor-element-populated\">\n\t\t\t\t\t\t<div class=\"elementor-element elementor-element-27512489 elementor-align-center elementor-widget elementor-widget-button\" data-id=\"27512489\" data-element_type=\"widget\" data-widget_type=\"button.default\">\n\t\t\t\t<div class=\"elementor-widget-container\">\n\t\t\t\t\t<div class=\"elementor-button-wrapper\">\n\t\t\t<a class=\"elementor-button elementor-button-link elementor-size-sm\" href=\"http:\/\/ladoration.fr\/vanicet\/restitutions\/\">\n\t\t\t\t\t\t<span class=\"elementor-button-content-wrapper\">\n\t\t\t\t\t\t\t\t\t<span class=\"elementor-button-text\">Retour \u00e0 la liste des oeuvres<\/span>\n\t\t\t\t\t<\/span>\n\t\t\t\t\t<\/a>\n\t\t<\/div>\n\t\t\t\t<\/div>\n\t\t\t\t<\/div>\n\t\t\t\t\t<\/div>\n\t\t<\/div>\n\t\t\t\t\t<\/div>\n\t\t<\/section>\n\t\t\t\t<\/div>\n\t\t","protected":false},"excerpt":{"rendered":"<p>Retour \u00e0 la liste des oeuvres<\/p>\n","protected":false},"author":1,"featured_media":0,"parent":241,"menu_order":0,"comment_status":"closed","ping_status":"closed","template":"","meta":{"jetpack_post_was_ever_published":false,"footnotes":""},"class_list":["post-623","page","type-page","status-publish","hentry","blog-blocks-layout","blog-style-postblock","","blog-alt-odd"],"yoast_head":"<!-- This site is optimized with the Yoast SEO plugin v23.0 - https:\/\/yoast.com\/wordpress\/plugins\/seo\/ -->\n<title>Autres c\u00e9ramiques - Victor Anicet<\/title>\n<meta name=\"robots\" content=\"index, follow, max-snippet:-1, max-image-preview:large, max-video-preview:-1\" \/>\n<link rel=\"canonical\" href=\"https:\/\/ladoration.fr\/vanicet\/restitutions\/autres_ceramiques\/\" \/>\n<meta property=\"og:locale\" content=\"fr_FR\" \/>\n<meta property=\"og:type\" content=\"article\" \/>\n<meta property=\"og:title\" content=\"Autres c\u00e9ramiques - Victor Anicet\" \/>\n<meta property=\"og:description\" content=\"Retour \u00e0 la liste des oeuvres\" \/>\n<meta property=\"og:url\" content=\"https:\/\/ladoration.fr\/vanicet\/restitutions\/autres_ceramiques\/\" \/>\n<meta property=\"og:site_name\" content=\"Victor Anicet\" \/>\n<meta property=\"article:modified_time\" content=\"2019-12-31T09:48:21+00:00\" \/>\n<meta property=\"og:image\" content=\"http:\/\/ladoration.fr\/vanicet\/wp-content\/uploads\/2018\/04\/30032018-Bonbon_Chouval-5-150x150.jpg\" \/>\n<meta name=\"twitter:card\" content=\"summary_large_image\" \/>\n<script type=\"application\/ld+json\" class=\"yoast-schema-graph\">{\"@context\":\"https:\/\/schema.org\",\"@graph\":[{\"@type\":\"WebPage\",\"@id\":\"https:\/\/ladoration.fr\/vanicet\/restitutions\/autres_ceramiques\/\",\"url\":\"https:\/\/ladoration.fr\/vanicet\/restitutions\/autres_ceramiques\/\",\"name\":\"Autres c\u00e9ramiques - Victor Anicet\",\"isPartOf\":{\"@id\":\"http:\/\/ladoration.fr\/vanicet\/#website\"},\"primaryImageOfPage\":{\"@id\":\"https:\/\/ladoration.fr\/vanicet\/restitutions\/autres_ceramiques\/#primaryimage\"},\"image\":{\"@id\":\"https:\/\/ladoration.fr\/vanicet\/restitutions\/autres_ceramiques\/#primaryimage\"},\"thumbnailUrl\":\"http:\/\/ladoration.fr\/vanicet\/wp-content\/uploads\/2018\/04\/30032018-Bonbon_Chouval-5-150x150.jpg\",\"datePublished\":\"2018-04-14T17:03:29+00:00\",\"dateModified\":\"2019-12-31T09:48:21+00:00\",\"breadcrumb\":{\"@id\":\"https:\/\/ladoration.fr\/vanicet\/restitutions\/autres_ceramiques\/#breadcrumb\"},\"inLanguage\":\"fr-FR\",\"potentialAction\":[{\"@type\":\"ReadAction\",\"target\":[\"https:\/\/ladoration.fr\/vanicet\/restitutions\/autres_ceramiques\/\"]}]},{\"@type\":\"ImageObject\",\"inLanguage\":\"fr-FR\",\"@id\":\"https:\/\/ladoration.fr\/vanicet\/restitutions\/autres_ceramiques\/#primaryimage\",\"url\":\"http:\/\/ladoration.fr\/vanicet\/wp-content\/uploads\/2018\/04\/30032018-Bonbon_Chouval-5.jpg\",\"contentUrl\":\"http:\/\/ladoration.fr\/vanicet\/wp-content\/uploads\/2018\/04\/30032018-Bonbon_Chouval-5.jpg\",\"width\":1000,\"height\":750,\"caption\":\"Bonbon Chouval. C\u00e9ramiques de l'artiste martiniquais Victor Anicet.\"},{\"@type\":\"BreadcrumbList\",\"@id\":\"https:\/\/ladoration.fr\/vanicet\/restitutions\/autres_ceramiques\/#breadcrumb\",\"itemListElement\":[{\"@type\":\"ListItem\",\"position\":1,\"name\":\"Accueil\",\"item\":\"http:\/\/ladoration.fr\/vanicet\/\"},{\"@type\":\"ListItem\",\"position\":2,\"name\":\"Restitutions\",\"item\":\"https:\/\/ladoration.fr\/vanicet\/restitutions\/\"},{\"@type\":\"ListItem\",\"position\":3,\"name\":\"Autres c\u00e9ramiques\"}]},{\"@type\":\"WebSite\",\"@id\":\"http:\/\/ladoration.fr\/vanicet\/#website\",\"url\":\"http:\/\/ladoration.fr\/vanicet\/\",\"name\":\"Victor Anicet\",\"description\":\"Biface dit C\u00e9saire dans la Trag\u00e9die du Roi Christophe en pensant \u00e0 Janus, deux t\u00eates, deux directions, le pass\u00e9 et l&#039;Avenir\",\"potentialAction\":[{\"@type\":\"SearchAction\",\"target\":{\"@type\":\"EntryPoint\",\"urlTemplate\":\"http:\/\/ladoration.fr\/vanicet\/?s={search_term_string}\"},\"query-input\":\"required name=search_term_string\"}],\"inLanguage\":\"fr-FR\"}]}<\/script>\n<!-- \/ Yoast SEO plugin. -->","yoast_head_json":{"title":"Autres c\u00e9ramiques - Victor Anicet","robots":{"index":"index","follow":"follow","max-snippet":"max-snippet:-1","max-image-preview":"max-image-preview:large","max-video-preview":"max-video-preview:-1"},"canonical":"https:\/\/ladoration.fr\/vanicet\/restitutions\/autres_ceramiques\/","og_locale":"fr_FR","og_type":"article","og_title":"Autres c\u00e9ramiques - Victor Anicet","og_description":"Retour \u00e0 la liste des oeuvres","og_url":"https:\/\/ladoration.fr\/vanicet\/restitutions\/autres_ceramiques\/","og_site_name":"Victor Anicet","article_modified_time":"2019-12-31T09:48:21+00:00","og_image":[{"url":"http:\/\/ladoration.fr\/vanicet\/wp-content\/uploads\/2018\/04\/30032018-Bonbon_Chouval-5-150x150.jpg"}],"twitter_card":"summary_large_image","schema":{"@context":"https:\/\/schema.org","@graph":[{"@type":"WebPage","@id":"https:\/\/ladoration.fr\/vanicet\/restitutions\/autres_ceramiques\/","url":"https:\/\/ladoration.fr\/vanicet\/restitutions\/autres_ceramiques\/","name":"Autres c\u00e9ramiques - Victor Anicet","isPartOf":{"@id":"http:\/\/ladoration.fr\/vanicet\/#website"},"primaryImageOfPage":{"@id":"https:\/\/ladoration.fr\/vanicet\/restitutions\/autres_ceramiques\/#primaryimage"},"image":{"@id":"https:\/\/ladoration.fr\/vanicet\/restitutions\/autres_ceramiques\/#primaryimage"},"thumbnailUrl":"http:\/\/ladoration.fr\/vanicet\/wp-content\/uploads\/2018\/04\/30032018-Bonbon_Chouval-5-150x150.jpg","datePublished":"2018-04-14T17:03:29+00:00","dateModified":"2019-12-31T09:48:21+00:00","breadcrumb":{"@id":"https:\/\/ladoration.fr\/vanicet\/restitutions\/autres_ceramiques\/#breadcrumb"},"inLanguage":"fr-FR","potentialAction":[{"@type":"ReadAction","target":["https:\/\/ladoration.fr\/vanicet\/restitutions\/autres_ceramiques\/"]}]},{"@type":"ImageObject","inLanguage":"fr-FR","@id":"https:\/\/ladoration.fr\/vanicet\/restitutions\/autres_ceramiques\/#primaryimage","url":"http:\/\/ladoration.fr\/vanicet\/wp-content\/uploads\/2018\/04\/30032018-Bonbon_Chouval-5.jpg","contentUrl":"http:\/\/ladoration.fr\/vanicet\/wp-content\/uploads\/2018\/04\/30032018-Bonbon_Chouval-5.jpg","width":1000,"height":750,"caption":"Bonbon Chouval. C\u00e9ramiques de l'artiste martiniquais Victor Anicet."},{"@type":"BreadcrumbList","@id":"https:\/\/ladoration.fr\/vanicet\/restitutions\/autres_ceramiques\/#breadcrumb","itemListElement":[{"@type":"ListItem","position":1,"name":"Accueil","item":"http:\/\/ladoration.fr\/vanicet\/"},{"@type":"ListItem","position":2,"name":"Restitutions","item":"https:\/\/ladoration.fr\/vanicet\/restitutions\/"},{"@type":"ListItem","position":3,"name":"Autres c\u00e9ramiques"}]},{"@type":"WebSite","@id":"http:\/\/ladoration.fr\/vanicet\/#website","url":"http:\/\/ladoration.fr\/vanicet\/","name":"Victor Anicet","description":"Biface dit C\u00e9saire dans la Trag\u00e9die du Roi Christophe en pensant \u00e0 Janus, deux t\u00eates, deux directions, le pass\u00e9 et l&#039;Avenir","potentialAction":[{"@type":"SearchAction","target":{"@type":"EntryPoint","urlTemplate":"http:\/\/ladoration.fr\/vanicet\/?s={search_term_string}"},"query-input":"required name=search_term_string"}],"inLanguage":"fr-FR"}]}},"jetpack_sharing_enabled":true,"jetpack_shortlink":"https:\/\/wp.me\/Pax50O-a3","_links":{"self":[{"href":"http:\/\/ladoration.fr\/vanicet\/wp-json\/wp\/v2\/pages\/623","targetHints":{"allow":["GET"]}}],"collection":[{"href":"http:\/\/ladoration.fr\/vanicet\/wp-json\/wp\/v2\/pages"}],"about":[{"href":"http:\/\/ladoration.fr\/vanicet\/wp-json\/wp\/v2\/types\/page"}],"author":[{"embeddable":true,"href":"http:\/\/ladoration.fr\/vanicet\/wp-json\/wp\/v2\/users\/1"}],"replies":[{"embeddable":true,"href":"http:\/\/ladoration.fr\/vanicet\/wp-json\/wp\/v2\/comments?post=623"}],"version-history":[{"count":7,"href":"http:\/\/ladoration.fr\/vanicet\/wp-json\/wp\/v2\/pages\/623\/revisions"}],"predecessor-version":[{"id":766,"href":"http:\/\/ladoration.fr\/vanicet\/wp-json\/wp\/v2\/pages\/623\/revisions\/766"}],"up":[{"embeddable":true,"href":"http:\/\/ladoration.fr\/vanicet\/wp-json\/wp\/v2\/pages\/241"}],"wp:attachment":[{"href":"http:\/\/ladoration.fr\/vanicet\/wp-json\/wp\/v2\/media?parent=623"}],"curies":[{"name":"wp","href":"https:\/\/api.w.org\/{rel}","templated":true}]}}