{"id":646,"date":"2018-04-14T19:16:46","date_gmt":"2018-04-14T17:16:46","guid":{"rendered":"http:\/\/ladoration.fr\/vanicet\/?page_id=646"},"modified":"2019-12-31T10:47:06","modified_gmt":"2019-12-31T09:47:06","slug":"signes","status":"publish","type":"page","link":"http:\/\/ladoration.fr\/vanicet\/restitutions\/signes\/","title":{"rendered":"Signes"},"content":{"rendered":"\t\t<div data-elementor-type=\"wp-post\" data-elementor-id=\"646\" class=\"elementor elementor-646 elementor-bc-flex-widget\">\n\t\t\t\t\t\t<section class=\"elementor-section elementor-top-section elementor-element elementor-element-56298bf elementor-section-boxed elementor-section-height-default elementor-section-height-default\" data-id=\"56298bf\" data-element_type=\"section\">\n\t\t\t\t\t\t<div class=\"elementor-container elementor-column-gap-default\">\n\t\t\t\t\t<div class=\"elementor-column elementor-col-100 elementor-top-column elementor-element elementor-element-a016677\" data-id=\"a016677\" data-element_type=\"column\">\n\t\t\t<div class=\"elementor-widget-wrap elementor-element-populated\">\n\t\t\t\t\t\t<div class=\"elementor-element elementor-element-32b295a elementor-arrows-position-inside elementor-pagination-position-outside elementor-widget elementor-widget-image-carousel\" data-id=\"32b295a\" data-element_type=\"widget\" data-settings=\"{&quot;navigation&quot;:&quot;both&quot;,&quot;autoplay&quot;:&quot;yes&quot;,&quot;pause_on_hover&quot;:&quot;yes&quot;,&quot;pause_on_interaction&quot;:&quot;yes&quot;,&quot;autoplay_speed&quot;:5000,&quot;infinite&quot;:&quot;yes&quot;,&quot;speed&quot;:500}\" data-widget_type=\"image-carousel.default\">\n\t\t\t\t<div class=\"elementor-widget-container\">\n\t\t\t\t\t<div class=\"elementor-image-carousel-wrapper swiper\" dir=\"ltr\">\n\t\t\t<div class=\"elementor-image-carousel swiper-wrapper\" aria-live=\"off\">\n\t\t\t\t\t\t\t\t<div class=\"swiper-slide\" role=\"group\" aria-roledescription=\"slide\" aria-label=\"1 sur 9\"><figure class=\"swiper-slide-inner\"><img decoding=\"async\" class=\"swiper-slide-image\" src=\"http:\/\/ladoration.fr\/vanicet\/wp-content\/uploads\/2018\/04\/30032018-DSC00688-1536x2048_c-150x150.jpg\" alt=\"Invocations am\u00e9rindiennes. Peinture originale de l&#039;artiste Victor Anicet\" \/><\/figure><\/div><div class=\"swiper-slide\" role=\"group\" aria-roledescription=\"slide\" aria-label=\"2 sur 9\"><figure class=\"swiper-slide-inner\"><img decoding=\"async\" class=\"swiper-slide-image\" src=\"http:\/\/ladoration.fr\/vanicet\/wp-content\/uploads\/2018\/04\/3032018DSC00704-1536x2048_c-150x150.jpg\" alt=\"Invocations am\u00e9rindiennes. Peinture originale de l&#039;artiste Victor Anicet\" \/><\/figure><\/div><div class=\"swiper-slide\" role=\"group\" aria-roledescription=\"slide\" aria-label=\"3 sur 9\"><figure class=\"swiper-slide-inner\"><img decoding=\"async\" class=\"swiper-slide-image\" src=\"http:\/\/ladoration.fr\/vanicet\/wp-content\/uploads\/2018\/04\/30032018-RESTIT2-1536x1156_c-150x150.jpg\" alt=\"Restitution. C\u00e9ramique originale de l&#039;artiste Victor Anicet\" \/><\/figure><\/div><div class=\"swiper-slide\" role=\"group\" aria-roledescription=\"slide\" aria-label=\"4 sur 9\"><figure class=\"swiper-slide-inner\"><img decoding=\"async\" class=\"swiper-slide-image\" src=\"http:\/\/ladoration.fr\/vanicet\/wp-content\/uploads\/2018\/04\/30032018-RESTIT1-1536x1152_c-150x150.jpg\" alt=\"Restitution. C\u00e9ramique originale de l&#039;artiste Victor Anicet\" \/><\/figure><\/div><div class=\"swiper-slide\" role=\"group\" aria-roledescription=\"slide\" aria-label=\"5 sur 9\"><figure class=\"swiper-slide-inner\"><img decoding=\"async\" class=\"swiper-slide-image\" src=\"http:\/\/ladoration.fr\/vanicet\/wp-content\/uploads\/2018\/04\/30032018-RESTITUTION-N\u00b0-7-1536x1602_c-150x150.jpg\" alt=\"Restitution. C\u00e9ramique originale de l&#039;artiste Victor Anicet\" \/><\/figure><\/div><div class=\"swiper-slide\" role=\"group\" aria-roledescription=\"slide\" aria-label=\"6 sur 9\"><figure class=\"swiper-slide-inner\"><img decoding=\"async\" class=\"swiper-slide-image\" src=\"http:\/\/ladoration.fr\/vanicet\/wp-content\/uploads\/2018\/04\/Ouap-ouap-ouap...-Sang-1536x1166_c-150x150.jpg\" alt=\"Ouap ouap ouap sang. Oeuvre originale \u00e0 l&#039;encre de Chine de l&#039;artiste Victor Anicet\" \/><\/figure><\/div><div class=\"swiper-slide\" role=\"group\" aria-roledescription=\"slide\" aria-label=\"7 sur 9\"><figure class=\"swiper-slide-inner\"><img decoding=\"async\" class=\"swiper-slide-image\" src=\"http:\/\/ladoration.fr\/vanicet\/wp-content\/uploads\/2018\/04\/Le-N\u00e9grier-1536x868_c-150x150.jpg\" alt=\"Le n\u00e9grier. Dessin \u00e0 l&#039;encre de chine de l&#039;artiste Victor Anicet. Oeuvre originale. 1970\" \/><\/figure><\/div><div class=\"swiper-slide\" role=\"group\" aria-roledescription=\"slide\" aria-label=\"8 sur 9\"><figure class=\"swiper-slide-inner\"><img decoding=\"async\" class=\"swiper-slide-image\" src=\"http:\/\/ladoration.fr\/vanicet\/wp-content\/uploads\/2018\/04\/La-Marchande-de-poissons-1536x2684_c-150x150.jpg\" alt=\"La marchande de poissons. Dessin \u00e0 l&#039;encre de chine de l&#039;artiste Victor Anicet. Oeuvre originale. Ann\u00e9e 1970\" \/><\/figure><\/div><div class=\"swiper-slide\" role=\"group\" aria-roledescription=\"slide\" aria-label=\"9 sur 9\"><figure class=\"swiper-slide-inner\"><img decoding=\"async\" class=\"swiper-slide-image\" src=\"http:\/\/ladoration.fr\/vanicet\/wp-content\/uploads\/2018\/04\/CARCAN-N\u00b0-3-08-1536x1536_c-150x150.jpg\" alt=\"Carcan 3. peinture de l&#039;artiste Victor Anicet.  Oeuvre originale. Ann\u00e9es 1975\" \/><\/figure><\/div>\t\t\t<\/div>\n\t\t\t\t\t\t\t\t\t\t\t\t<div class=\"elementor-swiper-button elementor-swiper-button-prev\" role=\"button\" tabindex=\"0\">\n\t\t\t\t\t\t<i aria-hidden=\"true\" class=\"eicon-chevron-left\"><\/i>\t\t\t\t\t<\/div>\n\t\t\t\t\t<div class=\"elementor-swiper-button elementor-swiper-button-next\" role=\"button\" tabindex=\"0\">\n\t\t\t\t\t\t<i aria-hidden=\"true\" class=\"eicon-chevron-right\"><\/i>\t\t\t\t\t<\/div>\n\t\t\t\t\n\t\t\t\t\t\t\t\t\t<div class=\"swiper-pagination\"><\/div>\n\t\t\t\t\t\t\t\t\t<\/div>\n\t\t\t\t<\/div>\n\t\t\t\t<\/div>\n\t\t\t\t\t<\/div>\n\t\t<\/div>\n\t\t\t\t\t<\/div>\n\t\t<\/section>\n\t\t\t\t<section class=\"elementor-section elementor-top-section elementor-element elementor-element-166c33d3 elementor-section-boxed elementor-section-height-default elementor-section-height-default\" data-id=\"166c33d3\" data-element_type=\"section\">\n\t\t\t\t\t\t<div class=\"elementor-container elementor-column-gap-default\">\n\t\t\t\t\t<div class=\"elementor-column elementor-col-100 elementor-top-column elementor-element elementor-element-7d73f778\" data-id=\"7d73f778\" data-element_type=\"column\">\n\t\t\t<div class=\"elementor-widget-wrap elementor-element-populated\">\n\t\t\t\t\t\t<div class=\"elementor-element elementor-element-20de67e7 elementor-widget elementor-widget-wp-widget-nav_menu\" data-id=\"20de67e7\" data-element_type=\"widget\" data-widget_type=\"wp-widget-nav_menu.default\">\n\t\t\t\t<div class=\"elementor-widget-container\">\n\t\t\t<h5>Signes<\/h5><div class=\"menu-signes-container\"><ul id=\"menu-signes\" class=\"menu\"><li id=\"menu-item-738\" class=\"menu-item menu-item-type-post_type menu-item-object-page menu-item-738\"><a href=\"http:\/\/ladoration.fr\/vanicet\/restitutions\/signes\/vitraux\/\">Vitraux<\/a><\/li>\n<li id=\"menu-item-730\" class=\"menu-item menu-item-type-post_type menu-item-object-page menu-item-730\"><a href=\"http:\/\/ladoration.fr\/vanicet\/restitutions\/signes\/carcans\/\">Carcans<\/a><\/li>\n<li id=\"menu-item-731\" class=\"menu-item menu-item-type-post_type menu-item-object-page menu-item-731\"><a href=\"http:\/\/ladoration.fr\/vanicet\/restitutions\/signes\/invocations-amerindiennes\/\">Invocations am\u00e9rindiennes<\/a><\/li>\n<li id=\"menu-item-732\" class=\"menu-item menu-item-type-post_type menu-item-object-page menu-item-732\"><a href=\"http:\/\/ladoration.fr\/vanicet\/restitutions\/signes\/signes\/\">Signes<\/a><\/li>\n<li id=\"menu-item-1052\" class=\"menu-item menu-item-type-post_type menu-item-object-page menu-item-1052\"><a href=\"http:\/\/ladoration.fr\/vanicet\/restitutions\/\">Restitutions<\/a><\/li>\n<li id=\"menu-item-1079\" class=\"menu-item menu-item-type-post_type menu-item-object-page menu-item-1079\"><a href=\"http:\/\/ladoration.fr\/vanicet\/videos-2\/\">Films<\/a><\/li>\n<li id=\"menu-item-1083\" class=\"menu-item menu-item-type-post_type menu-item-object-page menu-item-1083\"><a href=\"http:\/\/ladoration.fr\/vanicet\/biographie-demarche-2\/\">Biographie<\/a><\/li>\n<li id=\"menu-item-1088\" class=\"menu-item menu-item-type-post_type menu-item-object-page menu-item-1088\"><a href=\"http:\/\/ladoration.fr\/vanicet\/actualites\/\">Actualit\u00e9s<\/a><\/li>\n<\/ul><\/div>\t\t<\/div>\n\t\t\t\t<\/div>\n\t\t\t\t\t<\/div>\n\t\t<\/div>\n\t\t\t\t\t<\/div>\n\t\t<\/section>\n\t\t\t\t<section class=\"elementor-section elementor-top-section elementor-element elementor-element-6e19a57c elementor-section-boxed elementor-section-height-default elementor-section-height-default\" data-id=\"6e19a57c\" data-element_type=\"section\">\n\t\t\t\t\t\t<div class=\"elementor-container elementor-column-gap-default\">\n\t\t\t\t\t<div class=\"elementor-column elementor-col-100 elementor-top-column elementor-element elementor-element-7b336714\" data-id=\"7b336714\" data-element_type=\"column\">\n\t\t\t<div class=\"elementor-widget-wrap elementor-element-populated\">\n\t\t\t\t\t\t<div class=\"elementor-element elementor-element-6d0f309 elementor-align-center elementor-widget elementor-widget-button\" data-id=\"6d0f309\" data-element_type=\"widget\" data-widget_type=\"button.default\">\n\t\t\t\t<div class=\"elementor-widget-container\">\n\t\t\t\t\t<div class=\"elementor-button-wrapper\">\n\t\t\t<a class=\"elementor-button elementor-button-link elementor-size-sm\" href=\"http:\/\/ladoration.fr\/vanicet\/restitutions\/\">\n\t\t\t\t\t\t<span class=\"elementor-button-content-wrapper\">\n\t\t\t\t\t\t\t\t\t<span class=\"elementor-button-text\">Retour \u00e0 la liste des oeuvres<\/span>\n\t\t\t\t\t<\/span>\n\t\t\t\t\t<\/a>\n\t\t<\/div>\n\t\t\t\t<\/div>\n\t\t\t\t<\/div>\n\t\t\t\t\t<\/div>\n\t\t<\/div>\n\t\t\t\t\t<\/div>\n\t\t<\/section>\n\t\t\t\t<\/div>\n\t\t","protected":false},"excerpt":{"rendered":"<p>Retour \u00e0 la liste des oeuvres<\/p>\n","protected":false},"author":1,"featured_media":0,"parent":241,"menu_order":0,"comment_status":"closed","ping_status":"closed","template":"","meta":{"jetpack_post_was_ever_published":false,"footnotes":""},"class_list":["post-646","page","type-page","status-publish","hentry","blog-blocks-layout","blog-style-postblock","","blog-alt-odd"],"yoast_head":"<!-- This site is optimized with the Yoast SEO plugin v23.0 - https:\/\/yoast.com\/wordpress\/plugins\/seo\/ -->\n<title>Signes - Victor Anicet<\/title>\n<meta name=\"robots\" content=\"index, follow, max-snippet:-1, max-image-preview:large, max-video-preview:-1\" \/>\n<link rel=\"canonical\" href=\"https:\/\/ladoration.fr\/vanicet\/restitutions\/signes\/\" \/>\n<meta property=\"og:locale\" content=\"fr_FR\" \/>\n<meta property=\"og:type\" content=\"article\" \/>\n<meta property=\"og:title\" content=\"Signes - Victor Anicet\" \/>\n<meta property=\"og:description\" content=\"Retour \u00e0 la liste des oeuvres\" \/>\n<meta property=\"og:url\" content=\"https:\/\/ladoration.fr\/vanicet\/restitutions\/signes\/\" \/>\n<meta property=\"og:site_name\" content=\"Victor Anicet\" \/>\n<meta property=\"article:modified_time\" content=\"2019-12-31T09:47:06+00:00\" \/>\n<meta property=\"og:image\" content=\"http:\/\/ladoration.fr\/vanicet\/wp-content\/uploads\/2018\/04\/30032018-DSC00688-1536x2048_c-150x150.jpg\" \/>\n<meta name=\"twitter:card\" content=\"summary_large_image\" \/>\n<script type=\"application\/ld+json\" class=\"yoast-schema-graph\">{\"@context\":\"https:\/\/schema.org\",\"@graph\":[{\"@type\":\"WebPage\",\"@id\":\"https:\/\/ladoration.fr\/vanicet\/restitutions\/signes\/\",\"url\":\"https:\/\/ladoration.fr\/vanicet\/restitutions\/signes\/\",\"name\":\"Signes - Victor Anicet\",\"isPartOf\":{\"@id\":\"http:\/\/ladoration.fr\/vanicet\/#website\"},\"primaryImageOfPage\":{\"@id\":\"https:\/\/ladoration.fr\/vanicet\/restitutions\/signes\/#primaryimage\"},\"image\":{\"@id\":\"https:\/\/ladoration.fr\/vanicet\/restitutions\/signes\/#primaryimage\"},\"thumbnailUrl\":\"http:\/\/ladoration.fr\/vanicet\/wp-content\/uploads\/2018\/04\/30032018-DSC00688-1536x2048_c-150x150.jpg\",\"datePublished\":\"2018-04-14T17:16:46+00:00\",\"dateModified\":\"2019-12-31T09:47:06+00:00\",\"breadcrumb\":{\"@id\":\"https:\/\/ladoration.fr\/vanicet\/restitutions\/signes\/#breadcrumb\"},\"inLanguage\":\"fr-FR\",\"potentialAction\":[{\"@type\":\"ReadAction\",\"target\":[\"https:\/\/ladoration.fr\/vanicet\/restitutions\/signes\/\"]}]},{\"@type\":\"ImageObject\",\"inLanguage\":\"fr-FR\",\"@id\":\"https:\/\/ladoration.fr\/vanicet\/restitutions\/signes\/#primaryimage\",\"url\":\"http:\/\/ladoration.fr\/vanicet\/wp-content\/uploads\/2018\/04\/30032018-DSC00688-1536x2048_c.jpg\",\"contentUrl\":\"http:\/\/ladoration.fr\/vanicet\/wp-content\/uploads\/2018\/04\/30032018-DSC00688-1536x2048_c.jpg\",\"width\":608,\"height\":1000,\"caption\":\"Invocations am\u00e9rindiennes. Peinture originale de l'artiste Victor Anicet\"},{\"@type\":\"BreadcrumbList\",\"@id\":\"https:\/\/ladoration.fr\/vanicet\/restitutions\/signes\/#breadcrumb\",\"itemListElement\":[{\"@type\":\"ListItem\",\"position\":1,\"name\":\"Accueil\",\"item\":\"http:\/\/ladoration.fr\/vanicet\/\"},{\"@type\":\"ListItem\",\"position\":2,\"name\":\"Restitutions\",\"item\":\"https:\/\/ladoration.fr\/vanicet\/restitutions\/\"},{\"@type\":\"ListItem\",\"position\":3,\"name\":\"Signes\"}]},{\"@type\":\"WebSite\",\"@id\":\"http:\/\/ladoration.fr\/vanicet\/#website\",\"url\":\"http:\/\/ladoration.fr\/vanicet\/\",\"name\":\"Victor Anicet\",\"description\":\"Biface dit C\u00e9saire dans la Trag\u00e9die du Roi Christophe en pensant \u00e0 Janus, deux t\u00eates, deux directions, le pass\u00e9 et l&#039;Avenir\",\"potentialAction\":[{\"@type\":\"SearchAction\",\"target\":{\"@type\":\"EntryPoint\",\"urlTemplate\":\"http:\/\/ladoration.fr\/vanicet\/?s={search_term_string}\"},\"query-input\":\"required name=search_term_string\"}],\"inLanguage\":\"fr-FR\"}]}<\/script>\n<!-- \/ Yoast SEO plugin. -->","yoast_head_json":{"title":"Signes - Victor Anicet","robots":{"index":"index","follow":"follow","max-snippet":"max-snippet:-1","max-image-preview":"max-image-preview:large","max-video-preview":"max-video-preview:-1"},"canonical":"https:\/\/ladoration.fr\/vanicet\/restitutions\/signes\/","og_locale":"fr_FR","og_type":"article","og_title":"Signes - Victor Anicet","og_description":"Retour \u00e0 la liste des oeuvres","og_url":"https:\/\/ladoration.fr\/vanicet\/restitutions\/signes\/","og_site_name":"Victor Anicet","article_modified_time":"2019-12-31T09:47:06+00:00","og_image":[{"url":"http:\/\/ladoration.fr\/vanicet\/wp-content\/uploads\/2018\/04\/30032018-DSC00688-1536x2048_c-150x150.jpg"}],"twitter_card":"summary_large_image","schema":{"@context":"https:\/\/schema.org","@graph":[{"@type":"WebPage","@id":"https:\/\/ladoration.fr\/vanicet\/restitutions\/signes\/","url":"https:\/\/ladoration.fr\/vanicet\/restitutions\/signes\/","name":"Signes - Victor Anicet","isPartOf":{"@id":"http:\/\/ladoration.fr\/vanicet\/#website"},"primaryImageOfPage":{"@id":"https:\/\/ladoration.fr\/vanicet\/restitutions\/signes\/#primaryimage"},"image":{"@id":"https:\/\/ladoration.fr\/vanicet\/restitutions\/signes\/#primaryimage"},"thumbnailUrl":"http:\/\/ladoration.fr\/vanicet\/wp-content\/uploads\/2018\/04\/30032018-DSC00688-1536x2048_c-150x150.jpg","datePublished":"2018-04-14T17:16:46+00:00","dateModified":"2019-12-31T09:47:06+00:00","breadcrumb":{"@id":"https:\/\/ladoration.fr\/vanicet\/restitutions\/signes\/#breadcrumb"},"inLanguage":"fr-FR","potentialAction":[{"@type":"ReadAction","target":["https:\/\/ladoration.fr\/vanicet\/restitutions\/signes\/"]}]},{"@type":"ImageObject","inLanguage":"fr-FR","@id":"https:\/\/ladoration.fr\/vanicet\/restitutions\/signes\/#primaryimage","url":"http:\/\/ladoration.fr\/vanicet\/wp-content\/uploads\/2018\/04\/30032018-DSC00688-1536x2048_c.jpg","contentUrl":"http:\/\/ladoration.fr\/vanicet\/wp-content\/uploads\/2018\/04\/30032018-DSC00688-1536x2048_c.jpg","width":608,"height":1000,"caption":"Invocations am\u00e9rindiennes. Peinture originale de l'artiste Victor Anicet"},{"@type":"BreadcrumbList","@id":"https:\/\/ladoration.fr\/vanicet\/restitutions\/signes\/#breadcrumb","itemListElement":[{"@type":"ListItem","position":1,"name":"Accueil","item":"http:\/\/ladoration.fr\/vanicet\/"},{"@type":"ListItem","position":2,"name":"Restitutions","item":"https:\/\/ladoration.fr\/vanicet\/restitutions\/"},{"@type":"ListItem","position":3,"name":"Signes"}]},{"@type":"WebSite","@id":"http:\/\/ladoration.fr\/vanicet\/#website","url":"http:\/\/ladoration.fr\/vanicet\/","name":"Victor Anicet","description":"Biface dit C\u00e9saire dans la Trag\u00e9die du Roi Christophe en pensant \u00e0 Janus, deux t\u00eates, deux directions, le pass\u00e9 et l&#039;Avenir","potentialAction":[{"@type":"SearchAction","target":{"@type":"EntryPoint","urlTemplate":"http:\/\/ladoration.fr\/vanicet\/?s={search_term_string}"},"query-input":"required name=search_term_string"}],"inLanguage":"fr-FR"}]}},"jetpack_sharing_enabled":true,"jetpack_shortlink":"https:\/\/wp.me\/Pax50O-aq","_links":{"self":[{"href":"http:\/\/ladoration.fr\/vanicet\/wp-json\/wp\/v2\/pages\/646","targetHints":{"allow":["GET"]}}],"collection":[{"href":"http:\/\/ladoration.fr\/vanicet\/wp-json\/wp\/v2\/pages"}],"about":[{"href":"http:\/\/ladoration.fr\/vanicet\/wp-json\/wp\/v2\/types\/page"}],"author":[{"embeddable":true,"href":"http:\/\/ladoration.fr\/vanicet\/wp-json\/wp\/v2\/users\/1"}],"replies":[{"embeddable":true,"href":"http:\/\/ladoration.fr\/vanicet\/wp-json\/wp\/v2\/comments?post=646"}],"version-history":[{"count":5,"href":"http:\/\/ladoration.fr\/vanicet\/wp-json\/wp\/v2\/pages\/646\/revisions"}],"predecessor-version":[{"id":768,"href":"http:\/\/ladoration.fr\/vanicet\/wp-json\/wp\/v2\/pages\/646\/revisions\/768"}],"up":[{"embeddable":true,"href":"http:\/\/ladoration.fr\/vanicet\/wp-json\/wp\/v2\/pages\/241"}],"wp:attachment":[{"href":"http:\/\/ladoration.fr\/vanicet\/wp-json\/wp\/v2\/media?parent=646"}],"curies":[{"name":"wp","href":"https:\/\/api.w.org\/{rel}","templated":true}]}}