{"id":657,"date":"2018-04-14T19:24:36","date_gmt":"2018-04-14T17:24:36","guid":{"rendered":"http:\/\/ladoration.fr\/vanicet\/?page_id=657"},"modified":"2019-12-31T10:45:25","modified_gmt":"2019-12-31T09:45:25","slug":"sculptures","status":"publish","type":"page","link":"http:\/\/ladoration.fr\/vanicet\/restitutions\/sculptures\/","title":{"rendered":"Sculptures"},"content":{"rendered":"\t\t<div data-elementor-type=\"wp-post\" data-elementor-id=\"657\" class=\"elementor elementor-657 elementor-bc-flex-widget\">\n\t\t\t\t\t\t<section class=\"elementor-section elementor-top-section elementor-element elementor-element-dba5f72 elementor-section-boxed elementor-section-height-default elementor-section-height-default\" data-id=\"dba5f72\" data-element_type=\"section\">\n\t\t\t\t\t\t<div class=\"elementor-container elementor-column-gap-default\">\n\t\t\t\t\t<div class=\"elementor-column elementor-col-100 elementor-top-column elementor-element elementor-element-411ab96\" data-id=\"411ab96\" data-element_type=\"column\">\n\t\t\t<div class=\"elementor-widget-wrap elementor-element-populated\">\n\t\t\t\t\t\t<div class=\"elementor-element elementor-element-e3c78f0 elementor-arrows-position-inside elementor-pagination-position-outside elementor-widget elementor-widget-image-carousel\" data-id=\"e3c78f0\" data-element_type=\"widget\" data-settings=\"{&quot;navigation&quot;:&quot;both&quot;,&quot;autoplay&quot;:&quot;yes&quot;,&quot;pause_on_hover&quot;:&quot;yes&quot;,&quot;pause_on_interaction&quot;:&quot;yes&quot;,&quot;autoplay_speed&quot;:5000,&quot;infinite&quot;:&quot;yes&quot;,&quot;speed&quot;:500}\" data-widget_type=\"image-carousel.default\">\n\t\t\t\t<div class=\"elementor-widget-container\">\n\t\t\t\t\t<div class=\"elementor-image-carousel-wrapper swiper\" dir=\"ltr\">\n\t\t\t<div class=\"elementor-image-carousel swiper-wrapper\" aria-live=\"off\">\n\t\t\t\t\t\t\t\t<div class=\"swiper-slide\" role=\"group\" aria-roledescription=\"slide\" aria-label=\"1 sur 3\"><figure class=\"swiper-slide-inner\"><img decoding=\"async\" class=\"swiper-slide-image\" src=\"http:\/\/ladoration.fr\/vanicet\/wp-content\/uploads\/2018\/04\/biface-1-150x150.jpg\" alt=\"Biface. Oeuvre r\u00e9alis\u00e9e par Victor ANICET, cr\u00e9\u00e9e au quartier Eyma Aim\u00e9 CESAIRE et inaugur\u00e9e le 14 juin 2013.\" \/><\/figure><\/div><div class=\"swiper-slide\" role=\"group\" aria-roledescription=\"slide\" aria-label=\"2 sur 3\"><figure class=\"swiper-slide-inner\"><img decoding=\"async\" class=\"swiper-slide-image\" src=\"http:\/\/ladoration.fr\/vanicet\/wp-content\/uploads\/2018\/04\/11012018-_BRO27502-150x150.jpg\" alt=\"Le fer et la croix. Oeuvre de Victor Anicet expos\u00e9e dans les jardins de l&#039;Habitation Saint-Etienne, Martinique. Cr\u00e9dits photographiques \u00a9Christian Broise\" \/><\/figure><\/div><div class=\"swiper-slide\" role=\"group\" aria-roledescription=\"slide\" aria-label=\"3 sur 3\"><figure class=\"swiper-slide-inner\"><img decoding=\"async\" class=\"swiper-slide-image\" src=\"http:\/\/ladoration.fr\/vanicet\/wp-content\/uploads\/2018\/04\/11012018-_BRO27442-150x150.jpg\" alt=\"La vision du vaincu. Oeuvre de Victor Anicet expos\u00e9e dans les jardins de l&#039;Habitation Saint-Etienne, Martinique. Cr\u00e9dits photographiques \u00a9Christian Broise\" \/><\/figure><\/div>\t\t\t<\/div>\n\t\t\t\t\t\t\t\t\t\t\t\t<div class=\"elementor-swiper-button elementor-swiper-button-prev\" role=\"button\" tabindex=\"0\">\n\t\t\t\t\t\t<i aria-hidden=\"true\" class=\"eicon-chevron-left\"><\/i>\t\t\t\t\t<\/div>\n\t\t\t\t\t<div class=\"elementor-swiper-button elementor-swiper-button-next\" role=\"button\" tabindex=\"0\">\n\t\t\t\t\t\t<i aria-hidden=\"true\" class=\"eicon-chevron-right\"><\/i>\t\t\t\t\t<\/div>\n\t\t\t\t\n\t\t\t\t\t\t\t\t\t<div class=\"swiper-pagination\"><\/div>\n\t\t\t\t\t\t\t\t\t<\/div>\n\t\t\t\t<\/div>\n\t\t\t\t<\/div>\n\t\t\t\t\t<\/div>\n\t\t<\/div>\n\t\t\t\t\t<\/div>\n\t\t<\/section>\n\t\t\t\t<section class=\"elementor-section elementor-top-section elementor-element elementor-element-2a51457d elementor-section-boxed elementor-section-height-default elementor-section-height-default\" data-id=\"2a51457d\" data-element_type=\"section\">\n\t\t\t\t\t\t<div class=\"elementor-container elementor-column-gap-default\">\n\t\t\t\t\t<div class=\"elementor-column elementor-col-100 elementor-top-column elementor-element elementor-element-5e7e7aa2\" data-id=\"5e7e7aa2\" data-element_type=\"column\">\n\t\t\t<div class=\"elementor-widget-wrap elementor-element-populated\">\n\t\t\t\t\t\t<div class=\"elementor-element elementor-element-3977871b elementor-widget elementor-widget-wp-widget-nav_menu\" data-id=\"3977871b\" data-element_type=\"widget\" data-widget_type=\"wp-widget-nav_menu.default\">\n\t\t\t\t<div class=\"elementor-widget-container\">\n\t\t\t<h5>Sculptures<\/h5><div class=\"menu-sculptures-container\"><ul id=\"menu-sculptures\" class=\"menu\"><li id=\"menu-item-700\" class=\"menu-item menu-item-type-post_type menu-item-object-page menu-item-700\"><a href=\"http:\/\/ladoration.fr\/vanicet\/restitutions\/sculptures\/biface\/\">Biface<\/a><\/li>\n<li id=\"menu-item-701\" class=\"menu-item menu-item-type-post_type menu-item-object-page menu-item-701\"><a href=\"http:\/\/ladoration.fr\/vanicet\/restitutions\/sculptures\/la-vision-du-vaincu\/\">La vision du vaincu<\/a><\/li>\n<li id=\"menu-item-702\" class=\"menu-item menu-item-type-post_type menu-item-object-page menu-item-702\"><a href=\"http:\/\/ladoration.fr\/vanicet\/restitutions\/sculptures\/le-fer-et-la-croix\/\">Le fer et la croix<\/a><\/li>\n<\/ul><\/div>\t\t<\/div>\n\t\t\t\t<\/div>\n\t\t\t\t\t<\/div>\n\t\t<\/div>\n\t\t\t\t\t<\/div>\n\t\t<\/section>\n\t\t\t\t<section class=\"elementor-section elementor-top-section elementor-element elementor-element-44a443b6 elementor-section-boxed elementor-section-height-default elementor-section-height-default\" data-id=\"44a443b6\" data-element_type=\"section\">\n\t\t\t\t\t\t<div class=\"elementor-container elementor-column-gap-default\">\n\t\t\t\t\t<div class=\"elementor-column elementor-col-100 elementor-top-column elementor-element elementor-element-f50afc0\" data-id=\"f50afc0\" data-element_type=\"column\">\n\t\t\t<div class=\"elementor-widget-wrap elementor-element-populated\">\n\t\t\t\t\t\t<div class=\"elementor-element elementor-element-65b30ea7 elementor-align-center elementor-widget elementor-widget-button\" data-id=\"65b30ea7\" data-element_type=\"widget\" data-widget_type=\"button.default\">\n\t\t\t\t<div class=\"elementor-widget-container\">\n\t\t\t\t\t<div class=\"elementor-button-wrapper\">\n\t\t\t<a class=\"elementor-button elementor-button-link elementor-size-sm\" href=\"http:\/\/ladoration.fr\/vanicet\/restitutions\/\">\n\t\t\t\t\t\t<span class=\"elementor-button-content-wrapper\">\n\t\t\t\t\t\t\t\t\t<span class=\"elementor-button-text\">Retour \u00e0 la liste des oeuvres<\/span>\n\t\t\t\t\t<\/span>\n\t\t\t\t\t<\/a>\n\t\t<\/div>\n\t\t\t\t<\/div>\n\t\t\t\t<\/div>\n\t\t\t\t\t<\/div>\n\t\t<\/div>\n\t\t\t\t\t<\/div>\n\t\t<\/section>\n\t\t\t\t<\/div>\n\t\t","protected":false},"excerpt":{"rendered":"<p>Retour \u00e0 la liste des oeuvres<\/p>\n","protected":false},"author":1,"featured_media":0,"parent":241,"menu_order":0,"comment_status":"closed","ping_status":"closed","template":"","meta":{"jetpack_post_was_ever_published":false,"footnotes":""},"class_list":["post-657","page","type-page","status-publish","hentry","blog-blocks-layout","blog-style-postblock","","blog-alt-odd"],"yoast_head":"<!-- This site is optimized with the Yoast SEO plugin v23.0 - https:\/\/yoast.com\/wordpress\/plugins\/seo\/ -->\n<title>Sculptures - Victor Anicet<\/title>\n<meta name=\"robots\" content=\"index, follow, max-snippet:-1, max-image-preview:large, max-video-preview:-1\" \/>\n<link rel=\"canonical\" href=\"http:\/\/ladoration.fr\/vanicet\/restitutions\/sculptures\/\" \/>\n<meta property=\"og:locale\" content=\"fr_FR\" \/>\n<meta property=\"og:type\" content=\"article\" \/>\n<meta property=\"og:title\" content=\"Sculptures - Victor Anicet\" \/>\n<meta property=\"og:description\" content=\"Retour \u00e0 la liste des oeuvres\" \/>\n<meta property=\"og:url\" content=\"http:\/\/ladoration.fr\/vanicet\/restitutions\/sculptures\/\" \/>\n<meta property=\"og:site_name\" content=\"Victor Anicet\" \/>\n<meta property=\"article:modified_time\" content=\"2019-12-31T09:45:25+00:00\" \/>\n<meta property=\"og:image\" content=\"http:\/\/ladoration.fr\/vanicet\/wp-content\/uploads\/2018\/04\/biface-1-150x150.jpg\" \/>\n<meta name=\"twitter:card\" content=\"summary_large_image\" \/>\n<script type=\"application\/ld+json\" class=\"yoast-schema-graph\">{\"@context\":\"https:\/\/schema.org\",\"@graph\":[{\"@type\":\"WebPage\",\"@id\":\"http:\/\/ladoration.fr\/vanicet\/restitutions\/sculptures\/\",\"url\":\"http:\/\/ladoration.fr\/vanicet\/restitutions\/sculptures\/\",\"name\":\"Sculptures - Victor Anicet\",\"isPartOf\":{\"@id\":\"http:\/\/ladoration.fr\/vanicet\/#website\"},\"primaryImageOfPage\":{\"@id\":\"http:\/\/ladoration.fr\/vanicet\/restitutions\/sculptures\/#primaryimage\"},\"image\":{\"@id\":\"http:\/\/ladoration.fr\/vanicet\/restitutions\/sculptures\/#primaryimage\"},\"thumbnailUrl\":\"http:\/\/ladoration.fr\/vanicet\/wp-content\/uploads\/2018\/04\/biface-1-150x150.jpg\",\"datePublished\":\"2018-04-14T17:24:36+00:00\",\"dateModified\":\"2019-12-31T09:45:25+00:00\",\"breadcrumb\":{\"@id\":\"http:\/\/ladoration.fr\/vanicet\/restitutions\/sculptures\/#breadcrumb\"},\"inLanguage\":\"fr-FR\",\"potentialAction\":[{\"@type\":\"ReadAction\",\"target\":[\"http:\/\/ladoration.fr\/vanicet\/restitutions\/sculptures\/\"]}]},{\"@type\":\"ImageObject\",\"inLanguage\":\"fr-FR\",\"@id\":\"http:\/\/ladoration.fr\/vanicet\/restitutions\/sculptures\/#primaryimage\",\"url\":\"http:\/\/ladoration.fr\/vanicet\/wp-content\/uploads\/2018\/04\/biface-1.jpg\",\"contentUrl\":\"http:\/\/ladoration.fr\/vanicet\/wp-content\/uploads\/2018\/04\/biface-1.jpg\",\"width\":450,\"height\":298,\"caption\":\"Biface. Oeuvre r\u00e9alis\u00e9e par Victor ANICET, cr\u00e9\u00e9e au quartier Eyma Aim\u00e9 CESAIRE et inaugur\u00e9e le 14 juin 2013.\"},{\"@type\":\"BreadcrumbList\",\"@id\":\"http:\/\/ladoration.fr\/vanicet\/restitutions\/sculptures\/#breadcrumb\",\"itemListElement\":[{\"@type\":\"ListItem\",\"position\":1,\"name\":\"Accueil\",\"item\":\"http:\/\/ladoration.fr\/vanicet\/\"},{\"@type\":\"ListItem\",\"position\":2,\"name\":\"Restitutions\",\"item\":\"https:\/\/ladoration.fr\/vanicet\/restitutions\/\"},{\"@type\":\"ListItem\",\"position\":3,\"name\":\"Sculptures\"}]},{\"@type\":\"WebSite\",\"@id\":\"http:\/\/ladoration.fr\/vanicet\/#website\",\"url\":\"http:\/\/ladoration.fr\/vanicet\/\",\"name\":\"Victor Anicet\",\"description\":\"Biface dit C\u00e9saire dans la Trag\u00e9die du Roi Christophe en pensant \u00e0 Janus, deux t\u00eates, deux directions, le pass\u00e9 et l&#039;Avenir\",\"potentialAction\":[{\"@type\":\"SearchAction\",\"target\":{\"@type\":\"EntryPoint\",\"urlTemplate\":\"http:\/\/ladoration.fr\/vanicet\/?s={search_term_string}\"},\"query-input\":\"required name=search_term_string\"}],\"inLanguage\":\"fr-FR\"}]}<\/script>\n<!-- \/ Yoast SEO plugin. -->","yoast_head_json":{"title":"Sculptures - Victor Anicet","robots":{"index":"index","follow":"follow","max-snippet":"max-snippet:-1","max-image-preview":"max-image-preview:large","max-video-preview":"max-video-preview:-1"},"canonical":"http:\/\/ladoration.fr\/vanicet\/restitutions\/sculptures\/","og_locale":"fr_FR","og_type":"article","og_title":"Sculptures - Victor Anicet","og_description":"Retour \u00e0 la liste des oeuvres","og_url":"http:\/\/ladoration.fr\/vanicet\/restitutions\/sculptures\/","og_site_name":"Victor Anicet","article_modified_time":"2019-12-31T09:45:25+00:00","og_image":[{"url":"http:\/\/ladoration.fr\/vanicet\/wp-content\/uploads\/2018\/04\/biface-1-150x150.jpg"}],"twitter_card":"summary_large_image","schema":{"@context":"https:\/\/schema.org","@graph":[{"@type":"WebPage","@id":"http:\/\/ladoration.fr\/vanicet\/restitutions\/sculptures\/","url":"http:\/\/ladoration.fr\/vanicet\/restitutions\/sculptures\/","name":"Sculptures - Victor Anicet","isPartOf":{"@id":"http:\/\/ladoration.fr\/vanicet\/#website"},"primaryImageOfPage":{"@id":"http:\/\/ladoration.fr\/vanicet\/restitutions\/sculptures\/#primaryimage"},"image":{"@id":"http:\/\/ladoration.fr\/vanicet\/restitutions\/sculptures\/#primaryimage"},"thumbnailUrl":"http:\/\/ladoration.fr\/vanicet\/wp-content\/uploads\/2018\/04\/biface-1-150x150.jpg","datePublished":"2018-04-14T17:24:36+00:00","dateModified":"2019-12-31T09:45:25+00:00","breadcrumb":{"@id":"http:\/\/ladoration.fr\/vanicet\/restitutions\/sculptures\/#breadcrumb"},"inLanguage":"fr-FR","potentialAction":[{"@type":"ReadAction","target":["http:\/\/ladoration.fr\/vanicet\/restitutions\/sculptures\/"]}]},{"@type":"ImageObject","inLanguage":"fr-FR","@id":"http:\/\/ladoration.fr\/vanicet\/restitutions\/sculptures\/#primaryimage","url":"http:\/\/ladoration.fr\/vanicet\/wp-content\/uploads\/2018\/04\/biface-1.jpg","contentUrl":"http:\/\/ladoration.fr\/vanicet\/wp-content\/uploads\/2018\/04\/biface-1.jpg","width":450,"height":298,"caption":"Biface. Oeuvre r\u00e9alis\u00e9e par Victor ANICET, cr\u00e9\u00e9e au quartier Eyma Aim\u00e9 CESAIRE et inaugur\u00e9e le 14 juin 2013."},{"@type":"BreadcrumbList","@id":"http:\/\/ladoration.fr\/vanicet\/restitutions\/sculptures\/#breadcrumb","itemListElement":[{"@type":"ListItem","position":1,"name":"Accueil","item":"http:\/\/ladoration.fr\/vanicet\/"},{"@type":"ListItem","position":2,"name":"Restitutions","item":"https:\/\/ladoration.fr\/vanicet\/restitutions\/"},{"@type":"ListItem","position":3,"name":"Sculptures"}]},{"@type":"WebSite","@id":"http:\/\/ladoration.fr\/vanicet\/#website","url":"http:\/\/ladoration.fr\/vanicet\/","name":"Victor Anicet","description":"Biface dit C\u00e9saire dans la Trag\u00e9die du Roi Christophe en pensant \u00e0 Janus, deux t\u00eates, deux directions, le pass\u00e9 et l&#039;Avenir","potentialAction":[{"@type":"SearchAction","target":{"@type":"EntryPoint","urlTemplate":"http:\/\/ladoration.fr\/vanicet\/?s={search_term_string}"},"query-input":"required name=search_term_string"}],"inLanguage":"fr-FR"}]}},"jetpack_sharing_enabled":true,"jetpack_shortlink":"https:\/\/wp.me\/Pax50O-aB","_links":{"self":[{"href":"http:\/\/ladoration.fr\/vanicet\/wp-json\/wp\/v2\/pages\/657","targetHints":{"allow":["GET"]}}],"collection":[{"href":"http:\/\/ladoration.fr\/vanicet\/wp-json\/wp\/v2\/pages"}],"about":[{"href":"http:\/\/ladoration.fr\/vanicet\/wp-json\/wp\/v2\/types\/page"}],"author":[{"embeddable":true,"href":"http:\/\/ladoration.fr\/vanicet\/wp-json\/wp\/v2\/users\/1"}],"replies":[{"embeddable":true,"href":"http:\/\/ladoration.fr\/vanicet\/wp-json\/wp\/v2\/comments?post=657"}],"version-history":[{"count":6,"href":"http:\/\/ladoration.fr\/vanicet\/wp-json\/wp\/v2\/pages\/657\/revisions"}],"predecessor-version":[{"id":767,"href":"http:\/\/ladoration.fr\/vanicet\/wp-json\/wp\/v2\/pages\/657\/revisions\/767"}],"up":[{"embeddable":true,"href":"http:\/\/ladoration.fr\/vanicet\/wp-json\/wp\/v2\/pages\/241"}],"wp:attachment":[{"href":"http:\/\/ladoration.fr\/vanicet\/wp-json\/wp\/v2\/media?parent=657"}],"curies":[{"name":"wp","href":"https:\/\/api.w.org\/{rel}","templated":true}]}}