{"id":69,"date":"2018-04-02T19:38:05","date_gmt":"2018-04-02T17:38:05","guid":{"rendered":"http:\/\/ladoration.fr\/vanicet\/?page_id=69"},"modified":"2023-01-19T10:59:18","modified_gmt":"2023-01-19T09:59:18","slug":"accueil","status":"publish","type":"page","link":"http:\/\/ladoration.fr\/vanicet\/","title":{"rendered":"Anicet"},"content":{"rendered":"\t\t<div data-elementor-type=\"wp-page\" data-elementor-id=\"69\" class=\"elementor elementor-69\">\n\t\t\t\t\t\t<section class=\"elementor-section elementor-top-section elementor-element elementor-element-7ba3a2c elementor-section-boxed elementor-section-height-default elementor-section-height-default\" data-id=\"7ba3a2c\" data-element_type=\"section\">\n\t\t\t\t\t\t<div class=\"elementor-container elementor-column-gap-default\">\n\t\t\t\t\t<div class=\"elementor-column elementor-col-100 elementor-top-column elementor-element elementor-element-5ba9277\" data-id=\"5ba9277\" data-element_type=\"column\">\n\t\t\t<div class=\"elementor-widget-wrap elementor-element-populated\">\n\t\t\t\t\t\t<div class=\"elementor-element elementor-element-987115a elementor-widget elementor-widget-text-editor\" data-id=\"987115a\" data-element_type=\"widget\" data-widget_type=\"text-editor.default\">\n\t\t\t\t<div class=\"elementor-widget-container\">\n\t\t\t\t\t\t\t<p>Anicet Victor<\/p>\t\t\t\t\t\t<\/div>\n\t\t\t\t<\/div>\n\t\t\t\t<div class=\"elementor-element elementor-element-758b2c1 elementor-widget elementor-widget-image\" data-id=\"758b2c1\" data-element_type=\"widget\" data-widget_type=\"image.default\">\n\t\t\t\t<div class=\"elementor-widget-container\">\n\t\t\t\t\t\t\t\t\t\t\t\t\t<img fetchpriority=\"high\" decoding=\"async\" width=\"1000\" height=\"669\" src=\"http:\/\/ladoration.fr\/vanicet\/wp-content\/uploads\/2018\/04\/30032018-DSC_0046-1536x1028_c.jpg\" class=\"attachment-full size-full wp-image-422\" alt=\"Vitraux \u00e0 la cath\u00e9drale de Saint Pierre (Martinique) r\u00e9alisation de l&#039;artiste Victor Anicet\" srcset=\"http:\/\/ladoration.fr\/vanicet\/wp-content\/uploads\/2018\/04\/30032018-DSC_0046-1536x1028_c.jpg 1000w, http:\/\/ladoration.fr\/vanicet\/wp-content\/uploads\/2018\/04\/30032018-DSC_0046-1536x1028_c-300x201.jpg 300w, http:\/\/ladoration.fr\/vanicet\/wp-content\/uploads\/2018\/04\/30032018-DSC_0046-1536x1028_c-768x514.jpg 768w\" sizes=\"(max-width: 1000px) 100vw, 1000px\" \/>\t\t\t\t\t\t\t\t\t\t\t\t\t<\/div>\n\t\t\t\t<\/div>\n\t\t\t\t<section class=\"elementor-section elementor-inner-section elementor-element elementor-element-3b99b87 elementor-section-boxed elementor-section-height-default elementor-section-height-default\" data-id=\"3b99b87\" data-element_type=\"section\">\n\t\t\t\t\t\t<div class=\"elementor-container elementor-column-gap-default\">\n\t\t\t\t\t<div class=\"elementor-column elementor-col-50 elementor-inner-column elementor-element elementor-element-87ee556\" data-id=\"87ee556\" data-element_type=\"column\">\n\t\t\t<div class=\"elementor-widget-wrap elementor-element-populated\">\n\t\t\t\t\t\t<div class=\"elementor-element elementor-element-1fc290e elementor-widget elementor-widget-image\" data-id=\"1fc290e\" data-element_type=\"widget\" data-widget_type=\"image.default\">\n\t\t\t\t<div class=\"elementor-widget-container\">\n\t\t\t\t\t\t\t\t\t\t<figure class=\"wp-caption\">\n\t\t\t\t\t\t\t\t\t\t<img decoding=\"async\" width=\"760\" height=\"1000\" src=\"http:\/\/ladoration.fr\/vanicet\/wp-content\/uploads\/2023\/01\/Lignes-imaginaires.jpg\" class=\"attachment-large size-large wp-image-1151\" alt=\"Les lignes imaginaires de Victor Anicet\" srcset=\"http:\/\/ladoration.fr\/vanicet\/wp-content\/uploads\/2023\/01\/Lignes-imaginaires.jpg 760w, http:\/\/ladoration.fr\/vanicet\/wp-content\/uploads\/2023\/01\/Lignes-imaginaires-228x300.jpg 228w\" sizes=\"(max-width: 760px) 100vw, 760px\" \/>\t\t\t\t\t\t\t\t\t\t\t<figcaption class=\"widget-image-caption wp-caption-text\">Ouvrage sur Victor Anicet, contributeurs: Victor Anicet, Dominique Aur\u00e9lia, Olivia Berthon, Fernand Tiburce Fortun\u00e9, Guillaume Pigeard de Gurbert, NaimaHachad, Val\u00e9rie Loichot, Monchoachi. (ISBN 9791095177159) <\/figcaption>\n\t\t\t\t\t\t\t\t\t\t<\/figure>\n\t\t\t\t\t\t\t<\/div>\n\t\t\t\t<\/div>\n\t\t\t\t\t<\/div>\n\t\t<\/div>\n\t\t\t\t<div class=\"elementor-column elementor-col-50 elementor-inner-column elementor-element elementor-element-270f8d3\" data-id=\"270f8d3\" data-element_type=\"column\">\n\t\t\t<div class=\"elementor-widget-wrap elementor-element-populated\">\n\t\t\t\t\t\t<div class=\"elementor-element elementor-element-0c9d160 elementor-position-top elementor-widget elementor-widget-image-box\" data-id=\"0c9d160\" data-element_type=\"widget\" data-widget_type=\"image-box.default\">\n\t\t\t\t<div class=\"elementor-widget-container\">\n\t\t\t<div class=\"elementor-image-box-wrapper\"><figure class=\"elementor-image-box-img\"><img decoding=\"async\" width=\"724\" height=\"1024\" src=\"http:\/\/ladoration.fr\/vanicet\/wp-content\/uploads\/2019\/09\/08-Victor-Anicet1024_1.jpg\" class=\"attachment-full size-full wp-image-975\" alt=\"\" srcset=\"http:\/\/ladoration.fr\/vanicet\/wp-content\/uploads\/2019\/09\/08-Victor-Anicet1024_1.jpg 724w, http:\/\/ladoration.fr\/vanicet\/wp-content\/uploads\/2019\/09\/08-Victor-Anicet1024_1-212x300.jpg 212w\" sizes=\"(max-width: 724px) 100vw, 724px\" \/><\/figure><\/div>\t\t<\/div>\n\t\t\t\t<\/div>\n\t\t\t\t\t<\/div>\n\t\t<\/div>\n\t\t\t\t\t<\/div>\n\t\t<\/section>\n\t\t\t\t\t<\/div>\n\t\t<\/div>\n\t\t\t\t\t<\/div>\n\t\t<\/section>\n\t\t\t\t<\/div>\n\t\t","protected":false},"excerpt":{"rendered":"<p>Anicet Victor Ouvrage sur Victor Anicet, contributeurs: Victor Anicet, Dominique Aur\u00e9lia, Olivia Berthon, Fernand Tiburce Fortun\u00e9, Guillaume Pigeard de Gurbert, NaimaHachad, Val\u00e9rie Loichot, Monchoachi. (ISBN 9791095177159)<\/p>\n","protected":false},"author":1,"featured_media":0,"parent":0,"menu_order":0,"comment_status":"closed","ping_status":"closed","template":"","meta":{"jetpack_post_was_ever_published":false,"footnotes":""},"class_list":["post-69","page","type-page","status-publish","hentry","blog-blocks-layout","blog-style-postblock","","blog-alt-odd"],"yoast_head":"<!-- This site is optimized with the Yoast SEO plugin v23.0 - https:\/\/yoast.com\/wordpress\/plugins\/seo\/ -->\n<title>Anicet Victor. Site de cet artiste c\u00e9ramiste travaillant en Martinique.<\/title>\n<meta name=\"description\" content=\"Anicet Victor, n\u00e9 en 1938 , d\u00e9couvre le monde des Am\u00e9rindiens, alors que petit gar\u00e7on il aide le P\u00e8re PINCHON \u00e0 nettoyer les fragments de poterie sur le site de l\u2019Adoration, lieu zombi o\u00f9 les n\u00e8gres demandent pardon \u00e0 Dieu pour leur vie de mis\u00e8re, lieu sacr\u00e9 o\u00f9 voici 2000 ans les Am\u00e9rindiens b\u00e9nissaient leurs Dieux.\" \/>\n<meta name=\"robots\" content=\"index, follow, max-snippet:-1, max-image-preview:large, max-video-preview:-1\" \/>\n<link rel=\"canonical\" href=\"http:\/\/ladoration.fr\/vanicet\/\" \/>\n<meta property=\"og:locale\" content=\"fr_FR\" \/>\n<meta property=\"og:type\" content=\"article\" \/>\n<meta property=\"og:title\" content=\"Anicet Victor. Site de cet artiste c\u00e9ramiste travaillant en Martinique.\" \/>\n<meta property=\"og:description\" content=\"Anicet Victor, n\u00e9 en 1938 , d\u00e9couvre le monde des Am\u00e9rindiens, alors que petit gar\u00e7on il aide le P\u00e8re PINCHON \u00e0 nettoyer les fragments de poterie sur le site de l\u2019Adoration, lieu zombi o\u00f9 les n\u00e8gres demandent pardon \u00e0 Dieu pour leur vie de mis\u00e8re, lieu sacr\u00e9 o\u00f9 voici 2000 ans les Am\u00e9rindiens b\u00e9nissaient leurs Dieux.\" \/>\n<meta property=\"og:url\" content=\"http:\/\/ladoration.fr\/vanicet\/\" \/>\n<meta property=\"og:site_name\" content=\"Victor Anicet\" \/>\n<meta property=\"article:modified_time\" content=\"2023-01-19T09:59:18+00:00\" \/>\n<meta property=\"og:image\" content=\"http:\/\/ladoration.fr\/vanicet\/wp-content\/uploads\/2018\/04\/30032018-DSC_0046-1536x1028_c.jpg\" \/>\n<meta name=\"twitter:card\" content=\"summary_large_image\" \/>\n<meta name=\"twitter:label1\" content=\"Dur\u00e9e de lecture estim\u00e9e\" \/>\n\t<meta name=\"twitter:data1\" content=\"1 minute\" \/>\n<script type=\"application\/ld+json\" class=\"yoast-schema-graph\">{\"@context\":\"https:\/\/schema.org\",\"@graph\":[{\"@type\":\"WebPage\",\"@id\":\"http:\/\/ladoration.fr\/vanicet\/\",\"url\":\"http:\/\/ladoration.fr\/vanicet\/\",\"name\":\"Anicet Victor. Site de cet artiste c\u00e9ramiste travaillant en Martinique.\",\"isPartOf\":{\"@id\":\"http:\/\/ladoration.fr\/vanicet\/#website\"},\"primaryImageOfPage\":{\"@id\":\"http:\/\/ladoration.fr\/vanicet\/#primaryimage\"},\"image\":{\"@id\":\"http:\/\/ladoration.fr\/vanicet\/#primaryimage\"},\"thumbnailUrl\":\"http:\/\/ladoration.fr\/vanicet\/wp-content\/uploads\/2018\/04\/30032018-DSC_0046-1536x1028_c.jpg\",\"datePublished\":\"2018-04-02T17:38:05+00:00\",\"dateModified\":\"2023-01-19T09:59:18+00:00\",\"description\":\"Anicet Victor, n\u00e9 en 1938 , d\u00e9couvre le monde des Am\u00e9rindiens, alors que petit gar\u00e7on il aide le P\u00e8re PINCHON \u00e0 nettoyer les fragments de poterie sur le site de l\u2019Adoration, lieu zombi o\u00f9 les n\u00e8gres demandent pardon \u00e0 Dieu pour leur vie de mis\u00e8re, lieu sacr\u00e9 o\u00f9 voici 2000 ans les Am\u00e9rindiens b\u00e9nissaient leurs Dieux.\",\"breadcrumb\":{\"@id\":\"http:\/\/ladoration.fr\/vanicet\/#breadcrumb\"},\"inLanguage\":\"fr-FR\",\"potentialAction\":[{\"@type\":\"ReadAction\",\"target\":[\"http:\/\/ladoration.fr\/vanicet\/\"]}]},{\"@type\":\"ImageObject\",\"inLanguage\":\"fr-FR\",\"@id\":\"http:\/\/ladoration.fr\/vanicet\/#primaryimage\",\"url\":\"http:\/\/ladoration.fr\/vanicet\/wp-content\/uploads\/2018\/04\/30032018-DSC_0046-1536x1028_c.jpg\",\"contentUrl\":\"http:\/\/ladoration.fr\/vanicet\/wp-content\/uploads\/2018\/04\/30032018-DSC_0046-1536x1028_c.jpg\"},{\"@type\":\"BreadcrumbList\",\"@id\":\"http:\/\/ladoration.fr\/vanicet\/#breadcrumb\",\"itemListElement\":[{\"@type\":\"ListItem\",\"position\":1,\"name\":\"Accueil\",\"item\":\"http:\/\/ladoration.fr\/vanicet\/\"},{\"@type\":\"ListItem\",\"position\":2,\"name\":\"Anicet\"}]},{\"@type\":\"WebSite\",\"@id\":\"http:\/\/ladoration.fr\/vanicet\/#website\",\"url\":\"http:\/\/ladoration.fr\/vanicet\/\",\"name\":\"Victor Anicet\",\"description\":\"Biface dit C\u00e9saire dans la Trag\u00e9die du Roi Christophe en pensant \u00e0 Janus, deux t\u00eates, deux directions, le pass\u00e9 et l&#039;Avenir\",\"potentialAction\":[{\"@type\":\"SearchAction\",\"target\":{\"@type\":\"EntryPoint\",\"urlTemplate\":\"http:\/\/ladoration.fr\/vanicet\/?s={search_term_string}\"},\"query-input\":\"required name=search_term_string\"}],\"inLanguage\":\"fr-FR\"}]}<\/script>\n<!-- \/ Yoast SEO plugin. -->","yoast_head_json":{"title":"Anicet Victor. Site de cet artiste c\u00e9ramiste travaillant en Martinique.","description":"Anicet Victor, n\u00e9 en 1938 , d\u00e9couvre le monde des Am\u00e9rindiens, alors que petit gar\u00e7on il aide le P\u00e8re PINCHON \u00e0 nettoyer les fragments de poterie sur le site de l\u2019Adoration, lieu zombi o\u00f9 les n\u00e8gres demandent pardon \u00e0 Dieu pour leur vie de mis\u00e8re, lieu sacr\u00e9 o\u00f9 voici 2000 ans les Am\u00e9rindiens b\u00e9nissaient leurs Dieux.","robots":{"index":"index","follow":"follow","max-snippet":"max-snippet:-1","max-image-preview":"max-image-preview:large","max-video-preview":"max-video-preview:-1"},"canonical":"http:\/\/ladoration.fr\/vanicet\/","og_locale":"fr_FR","og_type":"article","og_title":"Anicet Victor. Site de cet artiste c\u00e9ramiste travaillant en Martinique.","og_description":"Anicet Victor, n\u00e9 en 1938 , d\u00e9couvre le monde des Am\u00e9rindiens, alors que petit gar\u00e7on il aide le P\u00e8re PINCHON \u00e0 nettoyer les fragments de poterie sur le site de l\u2019Adoration, lieu zombi o\u00f9 les n\u00e8gres demandent pardon \u00e0 Dieu pour leur vie de mis\u00e8re, lieu sacr\u00e9 o\u00f9 voici 2000 ans les Am\u00e9rindiens b\u00e9nissaient leurs Dieux.","og_url":"http:\/\/ladoration.fr\/vanicet\/","og_site_name":"Victor Anicet","article_modified_time":"2023-01-19T09:59:18+00:00","og_image":[{"url":"http:\/\/ladoration.fr\/vanicet\/wp-content\/uploads\/2018\/04\/30032018-DSC_0046-1536x1028_c.jpg"}],"twitter_card":"summary_large_image","twitter_misc":{"Dur\u00e9e de lecture estim\u00e9e":"1 minute"},"schema":{"@context":"https:\/\/schema.org","@graph":[{"@type":"WebPage","@id":"http:\/\/ladoration.fr\/vanicet\/","url":"http:\/\/ladoration.fr\/vanicet\/","name":"Anicet Victor. Site de cet artiste c\u00e9ramiste travaillant en Martinique.","isPartOf":{"@id":"http:\/\/ladoration.fr\/vanicet\/#website"},"primaryImageOfPage":{"@id":"http:\/\/ladoration.fr\/vanicet\/#primaryimage"},"image":{"@id":"http:\/\/ladoration.fr\/vanicet\/#primaryimage"},"thumbnailUrl":"http:\/\/ladoration.fr\/vanicet\/wp-content\/uploads\/2018\/04\/30032018-DSC_0046-1536x1028_c.jpg","datePublished":"2018-04-02T17:38:05+00:00","dateModified":"2023-01-19T09:59:18+00:00","description":"Anicet Victor, n\u00e9 en 1938 , d\u00e9couvre le monde des Am\u00e9rindiens, alors que petit gar\u00e7on il aide le P\u00e8re PINCHON \u00e0 nettoyer les fragments de poterie sur le site de l\u2019Adoration, lieu zombi o\u00f9 les n\u00e8gres demandent pardon \u00e0 Dieu pour leur vie de mis\u00e8re, lieu sacr\u00e9 o\u00f9 voici 2000 ans les Am\u00e9rindiens b\u00e9nissaient leurs Dieux.","breadcrumb":{"@id":"http:\/\/ladoration.fr\/vanicet\/#breadcrumb"},"inLanguage":"fr-FR","potentialAction":[{"@type":"ReadAction","target":["http:\/\/ladoration.fr\/vanicet\/"]}]},{"@type":"ImageObject","inLanguage":"fr-FR","@id":"http:\/\/ladoration.fr\/vanicet\/#primaryimage","url":"http:\/\/ladoration.fr\/vanicet\/wp-content\/uploads\/2018\/04\/30032018-DSC_0046-1536x1028_c.jpg","contentUrl":"http:\/\/ladoration.fr\/vanicet\/wp-content\/uploads\/2018\/04\/30032018-DSC_0046-1536x1028_c.jpg"},{"@type":"BreadcrumbList","@id":"http:\/\/ladoration.fr\/vanicet\/#breadcrumb","itemListElement":[{"@type":"ListItem","position":1,"name":"Accueil","item":"http:\/\/ladoration.fr\/vanicet\/"},{"@type":"ListItem","position":2,"name":"Anicet"}]},{"@type":"WebSite","@id":"http:\/\/ladoration.fr\/vanicet\/#website","url":"http:\/\/ladoration.fr\/vanicet\/","name":"Victor Anicet","description":"Biface dit C\u00e9saire dans la Trag\u00e9die du Roi Christophe en pensant \u00e0 Janus, deux t\u00eates, deux directions, le pass\u00e9 et l&#039;Avenir","potentialAction":[{"@type":"SearchAction","target":{"@type":"EntryPoint","urlTemplate":"http:\/\/ladoration.fr\/vanicet\/?s={search_term_string}"},"query-input":"required name=search_term_string"}],"inLanguage":"fr-FR"}]}},"jetpack_sharing_enabled":true,"jetpack_shortlink":"https:\/\/wp.me\/Pax50O-17","_links":{"self":[{"href":"http:\/\/ladoration.fr\/vanicet\/wp-json\/wp\/v2\/pages\/69","targetHints":{"allow":["GET"]}}],"collection":[{"href":"http:\/\/ladoration.fr\/vanicet\/wp-json\/wp\/v2\/pages"}],"about":[{"href":"http:\/\/ladoration.fr\/vanicet\/wp-json\/wp\/v2\/types\/page"}],"author":[{"embeddable":true,"href":"http:\/\/ladoration.fr\/vanicet\/wp-json\/wp\/v2\/users\/1"}],"replies":[{"embeddable":true,"href":"http:\/\/ladoration.fr\/vanicet\/wp-json\/wp\/v2\/comments?post=69"}],"version-history":[{"count":14,"href":"http:\/\/ladoration.fr\/vanicet\/wp-json\/wp\/v2\/pages\/69\/revisions"}],"predecessor-version":[{"id":1154,"href":"http:\/\/ladoration.fr\/vanicet\/wp-json\/wp\/v2\/pages\/69\/revisions\/1154"}],"wp:attachment":[{"href":"http:\/\/ladoration.fr\/vanicet\/wp-json\/wp\/v2\/media?parent=69"}],"curies":[{"name":"wp","href":"https:\/\/api.w.org\/{rel}","templated":true}]}}