{"id":957,"date":"2019-06-26T09:43:03","date_gmt":"2019-06-26T07:43:03","guid":{"rendered":"http:\/\/ladoration.fr\/vanicet\/?page_id=957"},"modified":"2019-06-26T09:44:09","modified_gmt":"2019-06-26T07:44:09","slug":"credits","status":"publish","type":"page","link":"http:\/\/ladoration.fr\/vanicet\/credits\/","title":{"rendered":"Cr\u00e9dits"},"content":{"rendered":"\t\t<div data-elementor-type=\"wp-post\" data-elementor-id=\"957\" class=\"elementor elementor-957 elementor-bc-flex-widget\">\n\t\t\t\t\t\t<section class=\"elementor-section elementor-top-section elementor-element elementor-element-dea04b0 elementor-section-boxed elementor-section-height-default elementor-section-height-default\" data-id=\"dea04b0\" data-element_type=\"section\">\n\t\t\t\t\t\t<div class=\"elementor-container elementor-column-gap-default\">\n\t\t\t\t\t<div class=\"elementor-column elementor-col-100 elementor-top-column elementor-element elementor-element-b092195\" data-id=\"b092195\" data-element_type=\"column\">\n\t\t\t<div class=\"elementor-widget-wrap elementor-element-populated\">\n\t\t\t\t\t\t<div class=\"elementor-element elementor-element-7162b23 elementor-widget elementor-widget-text-editor\" data-id=\"7162b23\" data-element_type=\"widget\" data-widget_type=\"text-editor.default\">\n\t\t\t\t<div class=\"elementor-widget-container\">\n\t\t\t\t\t\t\t<p>Les photographies, illustrations pr\u00e9sentes sur ce site sont prot\u00e9g\u00e9es par un copyright. Toute utilisation doit faire l&rsquo;objet d&rsquo;un accord pr\u00e9alable aupr\u00e8s du <a href=\"http:\/\/ladoration.fr\/vanicet\/wp-admin\/victor.anicet@gmail.com\">propri\u00e9taire de ce site<\/a>. Liste des auteurs: <br \/>\u00a9 Jean Popincourt, \u00a9 Robert Charlotte, \u00a9 Jean-Philippe Breleur, \u00a9 Philippe Bourgade, \u00a9 Victor Anicet<\/p>\t\t\t\t\t\t<\/div>\n\t\t\t\t<\/div>\n\t\t\t\t\t<\/div>\n\t\t<\/div>\n\t\t\t\t\t<\/div>\n\t\t<\/section>\n\t\t\t\t<\/div>\n\t\t","protected":false},"excerpt":{"rendered":"<p>Les photographies, illustrations pr\u00e9sentes sur ce site sont prot\u00e9g\u00e9es par un copyright. Toute utilisation doit faire l&rsquo;objet d&rsquo;un accord pr\u00e9alable aupr\u00e8s du propri\u00e9taire de ce site. Liste des auteurs: \u00a9 Jean Popincourt, \u00a9 Robert Charlotte, \u00a9 Jean-Philippe Breleur, \u00a9 Philippe Bourgade, \u00a9 Victor Anicet<\/p>\n","protected":false},"author":1,"featured_media":0,"parent":0,"menu_order":0,"comment_status":"closed","ping_status":"closed","template":"","meta":{"jetpack_post_was_ever_published":false,"footnotes":""},"class_list":["post-957","page","type-page","status-publish","hentry","blog-blocks-layout","blog-style-postblock","","blog-alt-odd"],"yoast_head":"<!-- This site is optimized with the Yoast SEO plugin v23.0 - https:\/\/yoast.com\/wordpress\/plugins\/seo\/ -->\n<title>Cr\u00e9dits - Victor Anicet<\/title>\n<meta name=\"robots\" content=\"index, follow, max-snippet:-1, max-image-preview:large, max-video-preview:-1\" \/>\n<link rel=\"canonical\" href=\"http:\/\/ladoration.fr\/vanicet\/credits\/\" \/>\n<meta property=\"og:locale\" content=\"fr_FR\" \/>\n<meta property=\"og:type\" content=\"article\" \/>\n<meta property=\"og:title\" content=\"Cr\u00e9dits - Victor Anicet\" \/>\n<meta property=\"og:description\" content=\"Les photographies, illustrations pr\u00e9sentes sur ce site sont prot\u00e9g\u00e9es par un copyright. Toute utilisation doit faire l&rsquo;objet d&rsquo;un accord pr\u00e9alable aupr\u00e8s du propri\u00e9taire de ce site. Liste des auteurs: \u00a9 Jean Popincourt, \u00a9 Robert Charlotte, \u00a9 Jean-Philippe Breleur, \u00a9 Philippe Bourgade, \u00a9 Victor Anicet\" \/>\n<meta property=\"og:url\" content=\"http:\/\/ladoration.fr\/vanicet\/credits\/\" \/>\n<meta property=\"og:site_name\" content=\"Victor Anicet\" \/>\n<meta property=\"article:modified_time\" content=\"2019-06-26T07:44:09+00:00\" \/>\n<meta name=\"twitter:card\" content=\"summary_large_image\" \/>\n<script type=\"application\/ld+json\" class=\"yoast-schema-graph\">{\"@context\":\"https:\/\/schema.org\",\"@graph\":[{\"@type\":\"WebPage\",\"@id\":\"http:\/\/ladoration.fr\/vanicet\/credits\/\",\"url\":\"http:\/\/ladoration.fr\/vanicet\/credits\/\",\"name\":\"Cr\u00e9dits - Victor Anicet\",\"isPartOf\":{\"@id\":\"http:\/\/ladoration.fr\/vanicet\/#website\"},\"datePublished\":\"2019-06-26T07:43:03+00:00\",\"dateModified\":\"2019-06-26T07:44:09+00:00\",\"breadcrumb\":{\"@id\":\"http:\/\/ladoration.fr\/vanicet\/credits\/#breadcrumb\"},\"inLanguage\":\"fr-FR\",\"potentialAction\":[{\"@type\":\"ReadAction\",\"target\":[\"http:\/\/ladoration.fr\/vanicet\/credits\/\"]}]},{\"@type\":\"BreadcrumbList\",\"@id\":\"http:\/\/ladoration.fr\/vanicet\/credits\/#breadcrumb\",\"itemListElement\":[{\"@type\":\"ListItem\",\"position\":1,\"name\":\"Accueil\",\"item\":\"http:\/\/ladoration.fr\/vanicet\/\"},{\"@type\":\"ListItem\",\"position\":2,\"name\":\"Cr\u00e9dits\"}]},{\"@type\":\"WebSite\",\"@id\":\"http:\/\/ladoration.fr\/vanicet\/#website\",\"url\":\"http:\/\/ladoration.fr\/vanicet\/\",\"name\":\"Victor Anicet\",\"description\":\"Biface dit C\u00e9saire dans la Trag\u00e9die du Roi Christophe en pensant \u00e0 Janus, deux t\u00eates, deux directions, le pass\u00e9 et l&#039;Avenir\",\"potentialAction\":[{\"@type\":\"SearchAction\",\"target\":{\"@type\":\"EntryPoint\",\"urlTemplate\":\"http:\/\/ladoration.fr\/vanicet\/?s={search_term_string}\"},\"query-input\":\"required name=search_term_string\"}],\"inLanguage\":\"fr-FR\"}]}<\/script>\n<!-- \/ Yoast SEO plugin. -->","yoast_head_json":{"title":"Cr\u00e9dits - Victor Anicet","robots":{"index":"index","follow":"follow","max-snippet":"max-snippet:-1","max-image-preview":"max-image-preview:large","max-video-preview":"max-video-preview:-1"},"canonical":"http:\/\/ladoration.fr\/vanicet\/credits\/","og_locale":"fr_FR","og_type":"article","og_title":"Cr\u00e9dits - Victor Anicet","og_description":"Les photographies, illustrations pr\u00e9sentes sur ce site sont prot\u00e9g\u00e9es par un copyright. Toute utilisation doit faire l&rsquo;objet d&rsquo;un accord pr\u00e9alable aupr\u00e8s du propri\u00e9taire de ce site. Liste des auteurs: \u00a9 Jean Popincourt, \u00a9 Robert Charlotte, \u00a9 Jean-Philippe Breleur, \u00a9 Philippe Bourgade, \u00a9 Victor Anicet","og_url":"http:\/\/ladoration.fr\/vanicet\/credits\/","og_site_name":"Victor Anicet","article_modified_time":"2019-06-26T07:44:09+00:00","twitter_card":"summary_large_image","schema":{"@context":"https:\/\/schema.org","@graph":[{"@type":"WebPage","@id":"http:\/\/ladoration.fr\/vanicet\/credits\/","url":"http:\/\/ladoration.fr\/vanicet\/credits\/","name":"Cr\u00e9dits - Victor Anicet","isPartOf":{"@id":"http:\/\/ladoration.fr\/vanicet\/#website"},"datePublished":"2019-06-26T07:43:03+00:00","dateModified":"2019-06-26T07:44:09+00:00","breadcrumb":{"@id":"http:\/\/ladoration.fr\/vanicet\/credits\/#breadcrumb"},"inLanguage":"fr-FR","potentialAction":[{"@type":"ReadAction","target":["http:\/\/ladoration.fr\/vanicet\/credits\/"]}]},{"@type":"BreadcrumbList","@id":"http:\/\/ladoration.fr\/vanicet\/credits\/#breadcrumb","itemListElement":[{"@type":"ListItem","position":1,"name":"Accueil","item":"http:\/\/ladoration.fr\/vanicet\/"},{"@type":"ListItem","position":2,"name":"Cr\u00e9dits"}]},{"@type":"WebSite","@id":"http:\/\/ladoration.fr\/vanicet\/#website","url":"http:\/\/ladoration.fr\/vanicet\/","name":"Victor Anicet","description":"Biface dit C\u00e9saire dans la Trag\u00e9die du Roi Christophe en pensant \u00e0 Janus, deux t\u00eates, deux directions, le pass\u00e9 et l&#039;Avenir","potentialAction":[{"@type":"SearchAction","target":{"@type":"EntryPoint","urlTemplate":"http:\/\/ladoration.fr\/vanicet\/?s={search_term_string}"},"query-input":"required name=search_term_string"}],"inLanguage":"fr-FR"}]}},"jetpack_sharing_enabled":true,"jetpack_shortlink":"https:\/\/wp.me\/Pax50O-fr","_links":{"self":[{"href":"http:\/\/ladoration.fr\/vanicet\/wp-json\/wp\/v2\/pages\/957","targetHints":{"allow":["GET"]}}],"collection":[{"href":"http:\/\/ladoration.fr\/vanicet\/wp-json\/wp\/v2\/pages"}],"about":[{"href":"http:\/\/ladoration.fr\/vanicet\/wp-json\/wp\/v2\/types\/page"}],"author":[{"embeddable":true,"href":"http:\/\/ladoration.fr\/vanicet\/wp-json\/wp\/v2\/users\/1"}],"replies":[{"embeddable":true,"href":"http:\/\/ladoration.fr\/vanicet\/wp-json\/wp\/v2\/comments?post=957"}],"version-history":[{"count":2,"href":"http:\/\/ladoration.fr\/vanicet\/wp-json\/wp\/v2\/pages\/957\/revisions"}],"predecessor-version":[{"id":959,"href":"http:\/\/ladoration.fr\/vanicet\/wp-json\/wp\/v2\/pages\/957\/revisions\/959"}],"wp:attachment":[{"href":"http:\/\/ladoration.fr\/vanicet\/wp-json\/wp\/v2\/media?parent=957"}],"curies":[{"name":"wp","href":"https:\/\/api.w.org\/{rel}","templated":true}]}}