{"id":96,"date":"2018-04-03T10:16:48","date_gmt":"2018-04-03T08:16:48","guid":{"rendered":"http:\/\/ladoration.fr\/vanicet\/?page_id=96"},"modified":"2019-12-31T11:12:39","modified_gmt":"2019-12-31T10:12:39","slug":"textes","status":"publish","type":"page","link":"http:\/\/ladoration.fr\/vanicet\/textes\/","title":{"rendered":"Textes"},"content":{"rendered":"\t\t<div data-elementor-type=\"wp-post\" data-elementor-id=\"96\" class=\"elementor elementor-96\">\n\t\t\t\t\t\t<section class=\"elementor-section elementor-top-section elementor-element elementor-element-1075777 elementor-section-boxed elementor-section-height-default elementor-section-height-default\" data-id=\"1075777\" data-element_type=\"section\">\n\t\t\t\t\t\t<div class=\"elementor-container elementor-column-gap-default\">\n\t\t\t\t\t<div class=\"elementor-column elementor-col-50 elementor-top-column elementor-element elementor-element-6279745\" data-id=\"6279745\" data-element_type=\"column\">\n\t\t\t<div class=\"elementor-widget-wrap elementor-element-populated\">\n\t\t\t\t\t\t<section class=\"elementor-section elementor-inner-section elementor-element elementor-element-3ce562c elementor-section-boxed elementor-section-height-default elementor-section-height-default\" data-id=\"3ce562c\" data-element_type=\"section\">\n\t\t\t\t\t\t<div class=\"elementor-container elementor-column-gap-default\">\n\t\t\t\t\t<div class=\"elementor-column elementor-col-33 elementor-inner-column elementor-element elementor-element-49029b7\" data-id=\"49029b7\" data-element_type=\"column\">\n\t\t\t<div class=\"elementor-widget-wrap elementor-element-populated\">\n\t\t\t\t\t\t<div class=\"elementor-element elementor-element-3e3b2eb elementor-widget elementor-widget-wp-widget-nav_menu\" data-id=\"3e3b2eb\" data-element_type=\"widget\" data-widget_type=\"wp-widget-nav_menu.default\">\n\t\t\t\t<div class=\"elementor-widget-container\">\n\t\t\t<h5>A propos du travail de Victor Anicet<\/h5><div class=\"menu-textes-container\"><ul id=\"menu-textes\" class=\"menu\"><li id=\"menu-item-815\" class=\"menu-item menu-item-type-post_type menu-item-object-page menu-item-815\"><a href=\"http:\/\/ladoration.fr\/vanicet\/textes\/victor-anicet-le-pays-martinique-ou-le-bleu-de-la-restitution\/\">Victor Anicet Le pays Martinique ou le bleu de la restitution<\/a><\/li>\n<li id=\"menu-item-117\" class=\"menu-item menu-item-type-post_type menu-item-object-page menu-item-117\"><a href=\"http:\/\/ladoration.fr\/vanicet\/textes\/venue-en-presence\/\">Victor Anicet ou une venue-en-pr\u00e9sence dans l&rsquo;accordance (Monchoati)<\/a><\/li>\n<li id=\"menu-item-121\" class=\"menu-item menu-item-type-post_type menu-item-object-page menu-item-121\"><a href=\"http:\/\/ladoration.fr\/vanicet\/textes\/6-100\/\">6 + 100 (Andr\u00e9 Pierre-Louis)<\/a><\/li>\n<li id=\"menu-item-134\" class=\"menu-item menu-item-type-post_type menu-item-object-page menu-item-134\"><a href=\"http:\/\/ladoration.fr\/vanicet\/textes\/bonbon-chouval\/\">Bonbon Chouval (Dominique Aur\u00e9lia)<\/a><\/li>\n<li id=\"menu-item-153\" class=\"menu-item menu-item-type-post_type menu-item-object-page menu-item-153\"><a href=\"http:\/\/ladoration.fr\/vanicet\/textes\/la-calebasse\/\">La calebasse (Dominique Aur\u00e9lia)<\/a><\/li>\n<li id=\"menu-item-884\" class=\"menu-item menu-item-type-custom menu-item-object-custom menu-item-884\"><a href=\"http:\/\/ladoration.fr\/vanicet\/wp-content\/uploads\/2018\/05\/Texte-de-Aur%C3%A9lia-Dominique-sur-VA.pdf\">\u00eflets: pays \u00e9br\u00e9ch\u00e9s, pays rapi\u00e9c\u00e9s (D. Aur\u00e9lia)<\/a><\/li>\n<li id=\"menu-item-160\" class=\"menu-item menu-item-type-post_type menu-item-object-page menu-item-160\"><a href=\"http:\/\/ladoration.fr\/vanicet\/textes\/nos-barques-sont-ouvertes-pour-tous-nous-les-naviguons\/\">Nos barques sont ouvertes, pour tous nous les naviguons (E. Glissant)<\/a><\/li>\n<li id=\"menu-item-166\" class=\"menu-item menu-item-type-post_type menu-item-object-page menu-item-166\"><a href=\"http:\/\/ladoration.fr\/vanicet\/textes\/les-maux-bleus-danicet-g-pigeard-de-gurbert\/\">Les maux bleus d\u2019Anicet (G. Pigeard de Gurbert)<\/a><\/li>\n<li id=\"menu-item-841\" class=\"menu-item menu-item-type-post_type menu-item-object-page menu-item-841\"><a href=\"http:\/\/ladoration.fr\/vanicet\/textes\/les-jardins-habites-de-lhabitation-saint-etienne-g-pigeard-de-gurbert\/\">Les jardins habit\u00e9s de l\u2019Habitation Saint-Etienne (G. Pigeard de Gurbert)<\/a><\/li>\n<li id=\"menu-item-1121\" class=\"menu-item menu-item-type-custom menu-item-object-custom menu-item-1121\"><a href=\"http:\/\/ladoration.fr\/vanicet\/wp-content\/uploads\/2021\/11\/03-BAT-Droits-culturels-Guillaume.pdf\">Droits Culturels de G. Pigeard de Gurbert.<\/a><\/li>\n<\/ul><\/div>\t\t<\/div>\n\t\t\t\t<\/div>\n\t\t\t\t\t<\/div>\n\t\t<\/div>\n\t\t\t\t<div class=\"elementor-column elementor-col-33 elementor-inner-column elementor-element elementor-element-5a1f4e8\" data-id=\"5a1f4e8\" data-element_type=\"column\">\n\t\t\t<div class=\"elementor-widget-wrap elementor-element-populated\">\n\t\t\t\t\t\t<div class=\"elementor-element elementor-element-48fa711 elementor-position-top elementor-widget elementor-widget-image-box\" data-id=\"48fa711\" data-element_type=\"widget\" data-widget_type=\"image-box.default\">\n\t\t\t\t<div class=\"elementor-widget-container\">\n\t\t\t<div class=\"elementor-image-box-wrapper\"><figure class=\"elementor-image-box-img\"><a href=\"http:\/\/ladoration.fr\/vanicet\/wp-content\/uploads\/2018\/04\/30032018-c\u00e9ramique-5.jpg\" target=\"_blank\" tabindex=\"-1\"><img fetchpriority=\"high\" decoding=\"async\" width=\"750\" height=\"1000\" src=\"http:\/\/ladoration.fr\/vanicet\/wp-content\/uploads\/2018\/04\/30032018-c\u00e9ramique-5.jpg\" class=\"attachment-full size-full wp-image-684\" alt=\"C\u00e9ramique de l&#039;artiste martiniquais Victor Anicet\" srcset=\"http:\/\/ladoration.fr\/vanicet\/wp-content\/uploads\/2018\/04\/30032018-c\u00e9ramique-5.jpg 750w, http:\/\/ladoration.fr\/vanicet\/wp-content\/uploads\/2018\/04\/30032018-c\u00e9ramique-5-225x300.jpg 225w\" sizes=\"(max-width: 750px) 100vw, 750px\" \/><\/a><\/figure><\/div>\t\t<\/div>\n\t\t\t\t<\/div>\n\t\t\t\t<div class=\"elementor-element elementor-element-0b8981c elementor-widget elementor-widget-text-editor\" data-id=\"0b8981c\" data-element_type=\"widget\" data-widget_type=\"text-editor.default\">\n\t\t\t\t<div class=\"elementor-widget-container\">\n\t\t\t\t\t\t\t<p><span style=\"font-size: 12pt;\"><a href=\"https:\/\/indd.adobe.com\/view\/dee743c8-3218-4119-9944-4f2f442fa7e2\" target=\"_blank\" rel=\"noopener\">Le silence de la terre. <\/a>(Philippe Yerro : 21\/07\/95 )<\/span><\/p>\t\t\t\t\t\t<\/div>\n\t\t\t\t<\/div>\n\t\t\t\t<div class=\"elementor-element elementor-element-a7c0a2f elementor-widget elementor-widget-text-editor\" data-id=\"a7c0a2f\" data-element_type=\"widget\" data-widget_type=\"text-editor.default\">\n\t\t\t\t<div class=\"elementor-widget-container\">\n\t\t\t\t\t\t\t<p><span style=\"font-size: 12pt;\"><a href=\"http:\/\/ladoration.fr\/vanicet\/wp-content\/uploads\/2018\/08\/Les-tre\u0300s-polyphoniques-de-V.-Anicet.pdf\" target=\"_blank\" rel=\"noopener\">Les \u00ab\u00a0tr\u00e9s\u00a0\u00bb polyphoniques de Victor Anicet<\/a> par Alexandre Alaric, 2018. (Extrait d&rsquo;un ouvrage \u00e0 para\u00eetre sur le discours postcolonial)<\/span><\/p>\t\t\t\t\t\t<\/div>\n\t\t\t\t<\/div>\n\t\t\t\t<div class=\"elementor-element elementor-element-9f7c62b elementor-widget elementor-widget-text-editor\" data-id=\"9f7c62b\" data-element_type=\"widget\" data-widget_type=\"text-editor.default\">\n\t\t\t\t<div class=\"elementor-widget-container\">\n\t\t\t\t\t\t\t<p><span style=\"font-size: 12pt;\"><a href=\"http:\/\/ladoration.fr\/vanicet\/wp-content\/uploads\/2018\/08\/SARTORIUS-LE-ROMAN-DES-BATOUTOS-revu.pdf\" target=\"_blank\" rel=\"noopener\">Sartorius &#8211; Le roman des Batoutos<\/a> (Edouard Glissant)<\/span><\/p>\t\t\t\t\t\t<\/div>\n\t\t\t\t<\/div>\n\t\t\t\t\t<\/div>\n\t\t<\/div>\n\t\t\t\t<div class=\"elementor-column elementor-col-33 elementor-inner-column elementor-element elementor-element-506f4e0\" data-id=\"506f4e0\" data-element_type=\"column\">\n\t\t\t<div class=\"elementor-widget-wrap elementor-element-populated\">\n\t\t\t\t\t\t<div class=\"elementor-element elementor-element-4ebc4c3 elementor-widget elementor-widget-wp-widget-nav_menu\" data-id=\"4ebc4c3\" data-element_type=\"widget\" data-widget_type=\"wp-widget-nav_menu.default\">\n\t\t\t\t<div class=\"elementor-widget-container\">\n\t\t\t<h5>A propos du travail de Victor Anicet<\/h5><div class=\"menu-textes-2-container\"><ul id=\"menu-textes-2\" class=\"menu\"><li id=\"menu-item-803\" class=\"menu-item menu-item-type-post_type menu-item-object-page menu-item-803\"><a href=\"http:\/\/ladoration.fr\/vanicet\/textes\/150-ans-apres-lesclavage-sommes-nous-libres-anicet\/\">150 ans apr\u00e8s l&rsquo;esclavage, sommes-nous libres? (Victor Anicet)<\/a><\/li>\n<li id=\"menu-item-804\" class=\"menu-item menu-item-type-post_type menu-item-object-page menu-item-804\"><a href=\"http:\/\/ladoration.fr\/vanicet\/textes\/culture-et-artisanat-victor-anicet\/\">Culture et Artisanat (Victor Anicet)<\/a><\/li>\n<li id=\"menu-item-805\" class=\"menu-item menu-item-type-post_type menu-item-object-page menu-item-805\"><a href=\"http:\/\/ladoration.fr\/vanicet\/textes\/discours-dinauguration-a-saint-etienne-le-21-mai-2014\/\">Discours d&rsquo;inauguration \u00e0 Saint-Etienne le 21 mai 2014 (Victor Anicet)<\/a><\/li>\n<li id=\"menu-item-806\" class=\"menu-item menu-item-type-post_type menu-item-object-page menu-item-806\"><a href=\"http:\/\/ladoration.fr\/vanicet\/textes\/les-arts-amerindiens-et-lart-contemporain-anicet\/\">Les arts am\u00e9rindiens et l&rsquo;art contemporain (Victor Anicet)<\/a><\/li>\n<li id=\"menu-item-886\" class=\"menu-item menu-item-type-custom menu-item-object-custom menu-item-886\"><a href=\"http:\/\/ladoration.fr\/vanicet\/wp-content\/uploads\/2018\/06\/Texte-de-Goudin-Thebia.pdf\">Un texte de Serge Goudin-Th\u00e9bia<\/a><\/li>\n<\/ul><\/div>\t\t<\/div>\n\t\t\t\t<\/div>\n\t\t\t\t\t<\/div>\n\t\t<\/div>\n\t\t\t\t\t<\/div>\n\t\t<\/section>\n\t\t\t\t\t<\/div>\n\t\t<\/div>\n\t\t\t\t<div class=\"elementor-column elementor-col-50 elementor-top-column elementor-element elementor-element-77abe0d\" data-id=\"77abe0d\" data-element_type=\"column\">\n\t\t\t<div class=\"elementor-widget-wrap elementor-element-populated\">\n\t\t\t\t\t\t<div class=\"elementor-element elementor-element-3d2ffa9 elementor-widget elementor-widget-wp-widget-nav_menu\" data-id=\"3d2ffa9\" data-element_type=\"widget\" data-widget_type=\"wp-widget-nav_menu.default\">\n\t\t\t\t<div class=\"elementor-widget-container\">\n\t\t\t<h5>Conf\u00e9rence: G. Pigeard de Gurbert<\/h5><div class=\"menu-conferences-container\"><ul id=\"menu-conferences\" class=\"menu\"><li id=\"menu-item-967\" class=\"menu-item menu-item-type-post_type menu-item-object-page menu-item-967\"><a href=\"http:\/\/ladoration.fr\/vanicet\/textes\/diversalite-culturelle-et-droit-a-lopacite\/\">Diversalit\u00e9 culturelle et droit \u00e0 l&rsquo;opacit\u00e9<\/a><\/li>\n<\/ul><\/div>\t\t<\/div>\n\t\t\t\t<\/div>\n\t\t\t\t\t<\/div>\n\t\t<\/div>\n\t\t\t\t\t<\/div>\n\t\t<\/section>\n\t\t\t\t<\/div>\n\t\t","protected":false},"excerpt":{"rendered":"<p>Le silence de la terre. (Philippe Yerro : 21\/07\/95 ) Les \u00ab\u00a0tr\u00e9s\u00a0\u00bb polyphoniques de Victor Anicet par Alexandre Alaric, 2018. (Extrait d&rsquo;un ouvrage \u00e0 para\u00eetre sur le discours postcolonial) Sartorius &#8211; Le roman des Batoutos (Edouard Glissant)<\/p>\n","protected":false},"author":1,"featured_media":0,"parent":0,"menu_order":0,"comment_status":"closed","ping_status":"closed","template":"","meta":{"jetpack_post_was_ever_published":false,"footnotes":""},"class_list":["post-96","page","type-page","status-publish","hentry","blog-blocks-layout","blog-style-postblock","","blog-alt-odd"],"yoast_head":"<!-- This site is optimized with the Yoast SEO plugin v23.0 - https:\/\/yoast.com\/wordpress\/plugins\/seo\/ -->\n<title>Table de mati\u00e8res des textes figurant sur le site de Victor Anicet<\/title>\n<meta name=\"robots\" content=\"index, follow, max-snippet:-1, max-image-preview:large, max-video-preview:-1\" \/>\n<link rel=\"canonical\" href=\"http:\/\/ladoration.fr\/vanicet\/textes\/\" \/>\n<meta property=\"og:locale\" content=\"fr_FR\" \/>\n<meta property=\"og:type\" content=\"article\" \/>\n<meta property=\"og:title\" content=\"Table de mati\u00e8res des textes figurant sur le site de Victor Anicet\" \/>\n<meta property=\"og:description\" content=\"Le silence de la terre. (Philippe Yerro : 21\/07\/95 ) Les \u00ab\u00a0tr\u00e9s\u00a0\u00bb polyphoniques de Victor Anicet par Alexandre Alaric, 2018. (Extrait d&rsquo;un ouvrage \u00e0 para\u00eetre sur le discours postcolonial) Sartorius &#8211; Le roman des Batoutos (Edouard Glissant)\" \/>\n<meta property=\"og:url\" content=\"http:\/\/ladoration.fr\/vanicet\/textes\/\" \/>\n<meta property=\"og:site_name\" content=\"Victor Anicet\" \/>\n<meta property=\"article:modified_time\" content=\"2019-12-31T10:12:39+00:00\" \/>\n<meta name=\"twitter:card\" content=\"summary_large_image\" \/>\n<script type=\"application\/ld+json\" class=\"yoast-schema-graph\">{\"@context\":\"https:\/\/schema.org\",\"@graph\":[{\"@type\":\"WebPage\",\"@id\":\"http:\/\/ladoration.fr\/vanicet\/textes\/\",\"url\":\"http:\/\/ladoration.fr\/vanicet\/textes\/\",\"name\":\"Table de mati\u00e8res des textes figurant sur le site de Victor Anicet\",\"isPartOf\":{\"@id\":\"http:\/\/ladoration.fr\/vanicet\/#website\"},\"datePublished\":\"2018-04-03T08:16:48+00:00\",\"dateModified\":\"2019-12-31T10:12:39+00:00\",\"breadcrumb\":{\"@id\":\"http:\/\/ladoration.fr\/vanicet\/textes\/#breadcrumb\"},\"inLanguage\":\"fr-FR\",\"potentialAction\":[{\"@type\":\"ReadAction\",\"target\":[\"http:\/\/ladoration.fr\/vanicet\/textes\/\"]}]},{\"@type\":\"BreadcrumbList\",\"@id\":\"http:\/\/ladoration.fr\/vanicet\/textes\/#breadcrumb\",\"itemListElement\":[{\"@type\":\"ListItem\",\"position\":1,\"name\":\"Accueil\",\"item\":\"http:\/\/ladoration.fr\/vanicet\/\"},{\"@type\":\"ListItem\",\"position\":2,\"name\":\"Textes\"}]},{\"@type\":\"WebSite\",\"@id\":\"http:\/\/ladoration.fr\/vanicet\/#website\",\"url\":\"http:\/\/ladoration.fr\/vanicet\/\",\"name\":\"Victor Anicet\",\"description\":\"Biface dit C\u00e9saire dans la Trag\u00e9die du Roi Christophe en pensant \u00e0 Janus, deux t\u00eates, deux directions, le pass\u00e9 et l&#039;Avenir\",\"potentialAction\":[{\"@type\":\"SearchAction\",\"target\":{\"@type\":\"EntryPoint\",\"urlTemplate\":\"http:\/\/ladoration.fr\/vanicet\/?s={search_term_string}\"},\"query-input\":\"required name=search_term_string\"}],\"inLanguage\":\"fr-FR\"}]}<\/script>\n<!-- \/ Yoast SEO plugin. -->","yoast_head_json":{"title":"Table de mati\u00e8res des textes figurant sur le site de Victor Anicet","robots":{"index":"index","follow":"follow","max-snippet":"max-snippet:-1","max-image-preview":"max-image-preview:large","max-video-preview":"max-video-preview:-1"},"canonical":"http:\/\/ladoration.fr\/vanicet\/textes\/","og_locale":"fr_FR","og_type":"article","og_title":"Table de mati\u00e8res des textes figurant sur le site de Victor Anicet","og_description":"Le silence de la terre. (Philippe Yerro : 21\/07\/95 ) Les \u00ab\u00a0tr\u00e9s\u00a0\u00bb polyphoniques de Victor Anicet par Alexandre Alaric, 2018. (Extrait d&rsquo;un ouvrage \u00e0 para\u00eetre sur le discours postcolonial) Sartorius &#8211; Le roman des Batoutos (Edouard Glissant)","og_url":"http:\/\/ladoration.fr\/vanicet\/textes\/","og_site_name":"Victor Anicet","article_modified_time":"2019-12-31T10:12:39+00:00","twitter_card":"summary_large_image","schema":{"@context":"https:\/\/schema.org","@graph":[{"@type":"WebPage","@id":"http:\/\/ladoration.fr\/vanicet\/textes\/","url":"http:\/\/ladoration.fr\/vanicet\/textes\/","name":"Table de mati\u00e8res des textes figurant sur le site de Victor Anicet","isPartOf":{"@id":"http:\/\/ladoration.fr\/vanicet\/#website"},"datePublished":"2018-04-03T08:16:48+00:00","dateModified":"2019-12-31T10:12:39+00:00","breadcrumb":{"@id":"http:\/\/ladoration.fr\/vanicet\/textes\/#breadcrumb"},"inLanguage":"fr-FR","potentialAction":[{"@type":"ReadAction","target":["http:\/\/ladoration.fr\/vanicet\/textes\/"]}]},{"@type":"BreadcrumbList","@id":"http:\/\/ladoration.fr\/vanicet\/textes\/#breadcrumb","itemListElement":[{"@type":"ListItem","position":1,"name":"Accueil","item":"http:\/\/ladoration.fr\/vanicet\/"},{"@type":"ListItem","position":2,"name":"Textes"}]},{"@type":"WebSite","@id":"http:\/\/ladoration.fr\/vanicet\/#website","url":"http:\/\/ladoration.fr\/vanicet\/","name":"Victor Anicet","description":"Biface dit C\u00e9saire dans la Trag\u00e9die du Roi Christophe en pensant \u00e0 Janus, deux t\u00eates, deux directions, le pass\u00e9 et l&#039;Avenir","potentialAction":[{"@type":"SearchAction","target":{"@type":"EntryPoint","urlTemplate":"http:\/\/ladoration.fr\/vanicet\/?s={search_term_string}"},"query-input":"required name=search_term_string"}],"inLanguage":"fr-FR"}]}},"jetpack_sharing_enabled":true,"jetpack_shortlink":"https:\/\/wp.me\/Pax50O-1y","_links":{"self":[{"href":"http:\/\/ladoration.fr\/vanicet\/wp-json\/wp\/v2\/pages\/96","targetHints":{"allow":["GET"]}}],"collection":[{"href":"http:\/\/ladoration.fr\/vanicet\/wp-json\/wp\/v2\/pages"}],"about":[{"href":"http:\/\/ladoration.fr\/vanicet\/wp-json\/wp\/v2\/types\/page"}],"author":[{"embeddable":true,"href":"http:\/\/ladoration.fr\/vanicet\/wp-json\/wp\/v2\/users\/1"}],"replies":[{"embeddable":true,"href":"http:\/\/ladoration.fr\/vanicet\/wp-json\/wp\/v2\/comments?post=96"}],"version-history":[{"count":21,"href":"http:\/\/ladoration.fr\/vanicet\/wp-json\/wp\/v2\/pages\/96\/revisions"}],"predecessor-version":[{"id":1061,"href":"http:\/\/ladoration.fr\/vanicet\/wp-json\/wp\/v2\/pages\/96\/revisions\/1061"}],"wp:attachment":[{"href":"http:\/\/ladoration.fr\/vanicet\/wp-json\/wp\/v2\/media?parent=96"}],"curies":[{"name":"wp","href":"https:\/\/api.w.org\/{rel}","templated":true}]}}