{"id":962,"date":"2019-07-12T11:47:20","date_gmt":"2019-07-12T09:47:20","guid":{"rendered":"http:\/\/ladoration.fr\/vanicet\/?page_id=962"},"modified":"2019-07-12T11:51:09","modified_gmt":"2019-07-12T09:51:09","slug":"diversalite-culturelle-et-droit-a-lopacite","status":"publish","type":"page","link":"http:\/\/ladoration.fr\/vanicet\/textes\/diversalite-culturelle-et-droit-a-lopacite\/","title":{"rendered":"Diversalit\u00e9 culturelle et droit \u00e0 l&rsquo;opacit\u00e9"},"content":{"rendered":"\t\t<div data-elementor-type=\"wp-post\" data-elementor-id=\"962\" class=\"elementor elementor-962\">\n\t\t\t\t\t\t<section class=\"elementor-section elementor-top-section elementor-element elementor-element-e27d33e elementor-section-boxed elementor-section-height-default elementor-section-height-default\" data-id=\"e27d33e\" data-element_type=\"section\">\n\t\t\t\t\t\t<div class=\"elementor-container elementor-column-gap-default\">\n\t\t\t\t\t<div class=\"elementor-column elementor-col-100 elementor-top-column elementor-element elementor-element-94e2272\" data-id=\"94e2272\" data-element_type=\"column\">\n\t\t\t<div class=\"elementor-widget-wrap elementor-element-populated\">\n\t\t\t\t\t\t<div class=\"elementor-element elementor-element-f63c6b0 elementor-widget elementor-widget-audio\" data-id=\"f63c6b0\" data-element_type=\"widget\" data-widget_type=\"audio.default\">\n\t\t\t\t<div class=\"elementor-widget-container\">\n\t\t\t\t\t\t<div class=\"elementor-soundcloud-wrapper\">\n\t\t\t\t\n\n<iframe width=\"100%\" height=\"400\" scrolling=\"no\" frameborder=\"no\" src=\"https:\/\/w.soundcloud.com\/player\/?url=https%3A%2F%2Fapi.soundcloud.com%2Ftracks%2F546838506&auto_play=false&hide_related=false&visual=true&show_comments=true&show_user=true&show_reposts=false\"><\/iframe>\n\n\t\t\t<\/div>\n\t\t\t\t\t<\/div>\n\t\t\t\t<\/div>\n\t\t\t\t\t<\/div>\n\t\t<\/div>\n\t\t\t\t\t<\/div>\n\t\t<\/section>\n\t\t\t\t<\/div>\n\t\t","protected":false},"excerpt":{"rendered":"","protected":false},"author":1,"featured_media":0,"parent":96,"menu_order":0,"comment_status":"closed","ping_status":"closed","template":"","meta":{"jetpack_post_was_ever_published":false,"footnotes":""},"class_list":["post-962","page","type-page","status-publish","hentry","blog-blocks-layout","blog-style-postblock","","blog-alt-odd"],"yoast_head":"<!-- This site is optimized with the Yoast SEO plugin v23.0 - https:\/\/yoast.com\/wordpress\/plugins\/seo\/ -->\n<title>Diversalit\u00e9 culturelle et droit \u00e0 l&#039;opacit\u00e9 - Victor Anicet<\/title>\n<meta name=\"robots\" content=\"index, follow, max-snippet:-1, max-image-preview:large, max-video-preview:-1\" \/>\n<link rel=\"canonical\" href=\"https:\/\/ladoration.fr\/vanicet\/textes\/diversalite-culturelle-et-droit-a-lopacite\/\" \/>\n<meta property=\"og:locale\" content=\"fr_FR\" \/>\n<meta property=\"og:type\" content=\"article\" \/>\n<meta property=\"og:title\" content=\"Diversalit\u00e9 culturelle et droit \u00e0 l&#039;opacit\u00e9 - Victor Anicet\" \/>\n<meta property=\"og:url\" content=\"https:\/\/ladoration.fr\/vanicet\/textes\/diversalite-culturelle-et-droit-a-lopacite\/\" \/>\n<meta property=\"og:site_name\" content=\"Victor Anicet\" \/>\n<meta property=\"article:modified_time\" content=\"2019-07-12T09:51:09+00:00\" \/>\n<meta name=\"twitter:card\" content=\"summary_large_image\" \/>\n<script type=\"application\/ld+json\" class=\"yoast-schema-graph\">{\"@context\":\"https:\/\/schema.org\",\"@graph\":[{\"@type\":\"WebPage\",\"@id\":\"https:\/\/ladoration.fr\/vanicet\/textes\/diversalite-culturelle-et-droit-a-lopacite\/\",\"url\":\"https:\/\/ladoration.fr\/vanicet\/textes\/diversalite-culturelle-et-droit-a-lopacite\/\",\"name\":\"Diversalit\u00e9 culturelle et droit \u00e0 l'opacit\u00e9 - Victor Anicet\",\"isPartOf\":{\"@id\":\"http:\/\/ladoration.fr\/vanicet\/#website\"},\"datePublished\":\"2019-07-12T09:47:20+00:00\",\"dateModified\":\"2019-07-12T09:51:09+00:00\",\"breadcrumb\":{\"@id\":\"https:\/\/ladoration.fr\/vanicet\/textes\/diversalite-culturelle-et-droit-a-lopacite\/#breadcrumb\"},\"inLanguage\":\"fr-FR\",\"potentialAction\":[{\"@type\":\"ReadAction\",\"target\":[\"https:\/\/ladoration.fr\/vanicet\/textes\/diversalite-culturelle-et-droit-a-lopacite\/\"]}]},{\"@type\":\"BreadcrumbList\",\"@id\":\"https:\/\/ladoration.fr\/vanicet\/textes\/diversalite-culturelle-et-droit-a-lopacite\/#breadcrumb\",\"itemListElement\":[{\"@type\":\"ListItem\",\"position\":1,\"name\":\"Accueil\",\"item\":\"http:\/\/ladoration.fr\/vanicet\/\"},{\"@type\":\"ListItem\",\"position\":2,\"name\":\"Textes\",\"item\":\"http:\/\/ladoration.fr\/vanicet\/textes\/\"},{\"@type\":\"ListItem\",\"position\":3,\"name\":\"Diversalit\u00e9 culturelle et droit \u00e0 l&rsquo;opacit\u00e9\"}]},{\"@type\":\"WebSite\",\"@id\":\"http:\/\/ladoration.fr\/vanicet\/#website\",\"url\":\"http:\/\/ladoration.fr\/vanicet\/\",\"name\":\"Victor Anicet\",\"description\":\"Biface dit C\u00e9saire dans la Trag\u00e9die du Roi Christophe en pensant \u00e0 Janus, deux t\u00eates, deux directions, le pass\u00e9 et l&#039;Avenir\",\"potentialAction\":[{\"@type\":\"SearchAction\",\"target\":{\"@type\":\"EntryPoint\",\"urlTemplate\":\"http:\/\/ladoration.fr\/vanicet\/?s={search_term_string}\"},\"query-input\":\"required name=search_term_string\"}],\"inLanguage\":\"fr-FR\"}]}<\/script>\n<!-- \/ Yoast SEO plugin. -->","yoast_head_json":{"title":"Diversalit\u00e9 culturelle et droit \u00e0 l'opacit\u00e9 - Victor Anicet","robots":{"index":"index","follow":"follow","max-snippet":"max-snippet:-1","max-image-preview":"max-image-preview:large","max-video-preview":"max-video-preview:-1"},"canonical":"https:\/\/ladoration.fr\/vanicet\/textes\/diversalite-culturelle-et-droit-a-lopacite\/","og_locale":"fr_FR","og_type":"article","og_title":"Diversalit\u00e9 culturelle et droit \u00e0 l'opacit\u00e9 - Victor Anicet","og_url":"https:\/\/ladoration.fr\/vanicet\/textes\/diversalite-culturelle-et-droit-a-lopacite\/","og_site_name":"Victor Anicet","article_modified_time":"2019-07-12T09:51:09+00:00","twitter_card":"summary_large_image","schema":{"@context":"https:\/\/schema.org","@graph":[{"@type":"WebPage","@id":"https:\/\/ladoration.fr\/vanicet\/textes\/diversalite-culturelle-et-droit-a-lopacite\/","url":"https:\/\/ladoration.fr\/vanicet\/textes\/diversalite-culturelle-et-droit-a-lopacite\/","name":"Diversalit\u00e9 culturelle et droit \u00e0 l'opacit\u00e9 - Victor Anicet","isPartOf":{"@id":"http:\/\/ladoration.fr\/vanicet\/#website"},"datePublished":"2019-07-12T09:47:20+00:00","dateModified":"2019-07-12T09:51:09+00:00","breadcrumb":{"@id":"https:\/\/ladoration.fr\/vanicet\/textes\/diversalite-culturelle-et-droit-a-lopacite\/#breadcrumb"},"inLanguage":"fr-FR","potentialAction":[{"@type":"ReadAction","target":["https:\/\/ladoration.fr\/vanicet\/textes\/diversalite-culturelle-et-droit-a-lopacite\/"]}]},{"@type":"BreadcrumbList","@id":"https:\/\/ladoration.fr\/vanicet\/textes\/diversalite-culturelle-et-droit-a-lopacite\/#breadcrumb","itemListElement":[{"@type":"ListItem","position":1,"name":"Accueil","item":"http:\/\/ladoration.fr\/vanicet\/"},{"@type":"ListItem","position":2,"name":"Textes","item":"http:\/\/ladoration.fr\/vanicet\/textes\/"},{"@type":"ListItem","position":3,"name":"Diversalit\u00e9 culturelle et droit \u00e0 l&rsquo;opacit\u00e9"}]},{"@type":"WebSite","@id":"http:\/\/ladoration.fr\/vanicet\/#website","url":"http:\/\/ladoration.fr\/vanicet\/","name":"Victor Anicet","description":"Biface dit C\u00e9saire dans la Trag\u00e9die du Roi Christophe en pensant \u00e0 Janus, deux t\u00eates, deux directions, le pass\u00e9 et l&#039;Avenir","potentialAction":[{"@type":"SearchAction","target":{"@type":"EntryPoint","urlTemplate":"http:\/\/ladoration.fr\/vanicet\/?s={search_term_string}"},"query-input":"required name=search_term_string"}],"inLanguage":"fr-FR"}]}},"jetpack_sharing_enabled":true,"jetpack_shortlink":"https:\/\/wp.me\/Pax50O-fw","_links":{"self":[{"href":"http:\/\/ladoration.fr\/vanicet\/wp-json\/wp\/v2\/pages\/962","targetHints":{"allow":["GET"]}}],"collection":[{"href":"http:\/\/ladoration.fr\/vanicet\/wp-json\/wp\/v2\/pages"}],"about":[{"href":"http:\/\/ladoration.fr\/vanicet\/wp-json\/wp\/v2\/types\/page"}],"author":[{"embeddable":true,"href":"http:\/\/ladoration.fr\/vanicet\/wp-json\/wp\/v2\/users\/1"}],"replies":[{"embeddable":true,"href":"http:\/\/ladoration.fr\/vanicet\/wp-json\/wp\/v2\/comments?post=962"}],"version-history":[{"count":4,"href":"http:\/\/ladoration.fr\/vanicet\/wp-json\/wp\/v2\/pages\/962\/revisions"}],"predecessor-version":[{"id":966,"href":"http:\/\/ladoration.fr\/vanicet\/wp-json\/wp\/v2\/pages\/962\/revisions\/966"}],"up":[{"embeddable":true,"href":"http:\/\/ladoration.fr\/vanicet\/wp-json\/wp\/v2\/pages\/96"}],"wp:attachment":[{"href":"http:\/\/ladoration.fr\/vanicet\/wp-json\/wp\/v2\/media?parent=962"}],"curies":[{"name":"wp","href":"https:\/\/api.w.org\/{rel}","templated":true}]}}