{"id":145,"date":"2018-04-03T11:28:09","date_gmt":"2018-04-03T09:28:09","guid":{"rendered":"http:\/\/ladoration.fr\/vanicet\/?page_id=145"},"modified":"2019-12-30T18:48:54","modified_gmt":"2019-12-30T17:48:54","slug":"150-ans-apres-lesclavage-sommes-nous-libres-anicet","status":"publish","type":"page","link":"https:\/\/ladoration.fr\/vanicet\/textes\/150-ans-apres-lesclavage-sommes-nous-libres-anicet\/","title":{"rendered":"150 ans apr\u00e8s l&rsquo;esclavage, sommes-nous libres? (Victor Anicet)"},"content":{"rendered":"\t\t<div data-elementor-type=\"wp-post\" data-elementor-id=\"145\" class=\"elementor elementor-145 elementor-bc-flex-widget\">\n\t\t\t\t\t\t<section class=\"elementor-section elementor-top-section elementor-element elementor-element-52b00531 elementor-section-boxed elementor-section-height-default elementor-section-height-default\" data-id=\"52b00531\" data-element_type=\"section\">\n\t\t\t\t\t\t<div class=\"elementor-container elementor-column-gap-default\">\n\t\t\t\t\t<div class=\"elementor-column elementor-col-100 elementor-top-column elementor-element elementor-element-43e48d3d\" data-id=\"43e48d3d\" data-element_type=\"column\">\n\t\t\t<div class=\"elementor-widget-wrap elementor-element-populated\">\n\t\t\t\t\t\t<div class=\"elementor-element elementor-element-76a633ba elementor-widget elementor-widget-text-editor\" data-id=\"76a633ba\" data-element_type=\"widget\" data-widget_type=\"text-editor.default\">\n\t\t\t\t<div class=\"elementor-widget-container\">\n\t\t\t\t\t\t\t<h1 style=\"text-align: center;\">150 ans apr\u00e8s l&rsquo;esclavage, sommes-nous libres?<\/h1>\t\t\t\t\t\t<\/div>\n\t\t\t\t<\/div>\n\t\t\t\t<div class=\"elementor-element elementor-element-7ee58bbb elementor-widget elementor-widget-text-editor\" data-id=\"7ee58bbb\" data-element_type=\"widget\" data-widget_type=\"text-editor.default\">\n\t\t\t\t<div class=\"elementor-widget-container\">\n\t\t\t\t\t\t\t<p style=\"text-align: center;\"><span style=\"font-size: 14pt;\">\u201cO\u00f9 sont vos monuments, vos batailles, vos martyrs? O\u00f9 est votre m\u00e9moire tribale?\u00a0Messieurs, dans ce gris coffre-fort, la mer, la mer les a enferm\u00e9s. La mer est l\u2019Histoire.\u201d *<\/span><\/p><p><span style=\"font-size: 14pt;\">J\u2019ai choisi \u00e0 dessein, ces vers de Walcott, notre voisin sainte-lucien, prix Nobel de litt\u00e9rature,\u00a0qui comme nous, partage la m\u00e9moire bris\u00e9e de bouts de n\u00e8gres, de chinois, d\u2019indiens\u00a0d\u00e9pouill\u00e9s et jet\u00e9s sur un bout d\u2019\u00eele.<\/span><\/p><p><span style=\"font-size: 14pt;\">Ce soir, puisqu\u2019il faut parler de libert\u00e9, de d\u00e9pendance et de m\u00e9moire, je prendrai donc la\u00a0libert\u00e9 d\u2019\u00eatre d\u00e9pendant des anc\u00eatres que je me serai choisi.<\/span><\/p><p><span style=\"font-size: 14pt;\">Selon la d\u00e9finition du Robert, un anc\u00eatre \u201cest une personne qui est \u00e0 l\u2019origine d\u2019une famille,\u00a0dont on descend\u201d<\/span><\/p><p><span style=\"font-size: 14pt;\">Le mot \u201corigine\u201d d\u00e9clenche en moi des turbulences. De quelles racines, de quel arbre\u00a0sommes-nous les fruits?<\/span><\/p><p><span style=\"font-size: 14pt;\">Dans ce champ de ruines o\u00f9 trouver nos p\u00e8res?<\/span><\/p><p><span style=\"font-size: 14pt;\">Les Am\u00e9rindiens, premier peuple fier et guerrier, se sont battus pour garder leurs \u00eeles, leur\u00a0libert\u00e9 et refuser l\u2019asservissement impos\u00e9 par l\u2019envahisseur.<\/span><\/p><p><span style=\"font-size: 14pt;\">Ils nous ont laiss\u00e9s dans les entrailles de la terre, et les mots de tous les jours, les traces de leur culture.<\/span><\/p><p><span style=\"font-size: 14pt;\">Les Africains, import\u00e9s pour remplacer les Am\u00e9rindiens ont v\u00e9cu sous le joug de\u00a0l\u2019oppression, ils ont perdu leur nom, leur force tribale, leurs rep\u00e8res symboliques et n\u2019ont pu\u00a0transmettre les valeurs h\u00e9rit\u00e9es de leurs anc\u00eatres.<\/span><\/p><p><span style=\"font-size: 14pt;\">L\u2019interdiction qui leur \u00e9tait faite de cr\u00e9er, a emp\u00each\u00e9 la transmission de leur culture par des\u00a0\u0153uvres d\u2019art. Il n\u2019est pas possible de remonter \u00e0 la source, de dresser un arbre g\u00e9n\u00e9alogique.<\/span><\/p><p><span style=\"font-size: 14pt;\">Nous, Antillais, descendants d\u2019esclaves, avons donc d\u00fb nous battre pour nous lib\u00e9rer de\u00a0l\u2019esclavage et acqu\u00e9rir notre libert\u00e9 pour ne plus \u00eatre soumis \u00e0 des contraintes physiques, \u00e0\u00a0une autorit\u00e9 arbitraire, pour \u00eatre libres de nos faits et gestes.<\/span><\/p><p><span style=\"font-size: 14pt;\">Mais force est de constater que nous sommes rest\u00e9s d\u00e9pendants d\u2019une mani\u00e8re de penser, de\u00a0vivre de regarder le monde, nous sommes rattach\u00e9s \u00e0 une entit\u00e9 culturelle, politique qui nous\u00a0r\u00e9v\u00e8le ce qu\u2019elle veut bien.<\/span><\/p><p><span style=\"font-size: 14pt;\">\u201cPour qu\u2019il n\u2019y ait pas de futur, il leur vole leur pass\u00e9\u201d dit Eduardo GALEANO.<\/span><\/p><p><span style=\"font-size: 14pt;\">Dans ces ruines, l\u2019artiste doit devenir qu\u00eateur d\u2019ombres, qu\u00eateur de sens. Il doit tout restituer\u00a0pour proposer un monde nouveau; produire pour lib\u00e9rer la mani\u00e8re de penser, de vivre, de se regarder.<\/span><\/p><p><span style=\"font-size: 14pt;\">Il ne faut rien occulter; mais aller \u00e0 la source, restituer toutes les traces de ce brassage.<\/span><\/p><p><span style=\"font-size: 14pt;\">Mon exposition en 1970, en noir et blanc (en n\u00e9gatif) est une fresque sur l\u2019esclavage avec son\u00a0c\u00f4t\u00e9 avilissant et culpabilisateur; il fallait le dire, l\u2019expliquer surtout aux jeunes, mais ne pas\u00a0s\u2019y arr\u00eater. Il fallait aller \u00e0 la recherche des peuples de l\u2019AVANT, des peuples fiers et\u00a0guerriers, les Am\u00e9rindiens.<\/span><\/p><p><span style=\"font-size: 14pt;\">Puis ult\u00e9rieurement, les signes Am\u00e9rindiens ont envahi mes images, ont travers\u00e9 les signes\u00a0Africains pos\u00e9s dans le tray indou ; ce tray est peupl\u00e9 d\u2019adornos, chaque adorno est un z\u00e9mi,\u00a0un dieu; le tray voyage dans le temps et l\u2019espace de notre cara\u00efbe, il voyage telle une barque,\u00a0la barque qu\u2019empruntaient les Am\u00e9rindiens depuis les rives de l\u2019Or\u00e9noque ramant d\u2019\u00eeles en \u00eeles.<\/span><\/p><p><span style=\"font-size: 14pt;\">Ces signes sont comme autant de membres \u00e9pars, \u00e9parpill\u00e9s qui pourraient restituer notre \u00eatre.<\/span><\/p><p><span style=\"font-size: 14pt;\">Les signes peuvent \u00eatre recharg\u00e9s de nos propres esp\u00e9rances, de notre propre tragique.<\/span><\/p><p><span style=\"font-size: 14pt;\">A mon avis, le r\u00f4le de l\u2019artiste,est d\u2019aider le peuple \u00e0 se regarder dans son propre miroir afin\u00a0de lui permettre de se retrouver, de rompre les liens culturels impos\u00e9s par l\u2019autre, d\u2019acqu\u00e9rir\u00a0sa pleine libert\u00e9, et cr\u00e9er un sursaut, une coh\u00e9sion chez notre peuple m\u00e9tiss\u00e9.<\/span><\/p><p><span style=\"font-size: 14pt;\">Car la libert\u00e9 n\u2019est pas une chose dont on vous fait cadeau, la libert\u00e9, il faut la prendre; mais\u00a0c\u2019est l\u2019homme qui pense avec sa t\u00eate \u00e0 lui qui est un homme libre.<\/span><\/p><p>\u00a0<\/p><p><span style=\"font-size: 14pt;\">*Derek Walkot , <em>The sea is history<\/em>, p.49,\u00a0 Star apple kingdom<\/span><\/p><p><span style=\"font-size: 14pt;\">Intervention de Victor Anicet, le 12 juin 1998 \u00e0\u00a0<\/span><span style=\"font-size: 14pt;\">l\u2019h\u00f4tel Frantour des\u00a0 Trois-\u00celets (Martinique)<\/span><\/p>\t\t\t\t\t\t<\/div>\n\t\t\t\t<\/div>\n\t\t\t\t\t<\/div>\n\t\t<\/div>\n\t\t\t\t\t<\/div>\n\t\t<\/section>\n\t\t\t\t<section class=\"elementor-section elementor-top-section elementor-element elementor-element-556d63a1 elementor-section-boxed elementor-section-height-default elementor-section-height-default\" data-id=\"556d63a1\" data-element_type=\"section\">\n\t\t\t\t\t\t<div class=\"elementor-container elementor-column-gap-default\">\n\t\t\t\t\t<div class=\"elementor-column elementor-col-100 elementor-top-column elementor-element elementor-element-29e9dab\" data-id=\"29e9dab\" data-element_type=\"column\">\n\t\t\t<div class=\"elementor-widget-wrap elementor-element-populated\">\n\t\t\t\t\t\t<div class=\"elementor-element elementor-element-6b2db70e elementor-widget elementor-widget-text-editor\" data-id=\"6b2db70e\" data-element_type=\"widget\" data-widget_type=\"text-editor.default\">\n\t\t\t\t<div class=\"elementor-widget-container\">\n\t\t\t\t\t\t\t<p style=\"text-align: left;\"><span style=\"font-size: 14pt;\">Autres textes de Victor Anicet:<\/span><\/p><p style=\"text-align: left;\"><a href=\"http:\/\/ladoration.fr\/vanicet\/index.php\/textes\/culture-et-artisanat-victor-anicet\/\" target=\"_blank\" rel=\"noopener\"><span style=\"font-size: 18.6667px;\">Culture et artisanat<\/span><\/a><\/p><p style=\"text-align: left;\"><span style=\"font-size: 14pt;\"><a href=\"http:\/\/ladoration.fr\/vanicet\/index.php\/textes\/discours-dinauguration-a-saint-etienne-le-21-mai-2014\/\" target=\"_blank\" rel=\"noopener\">Discours d&rsquo;inauguration \u00e0 Saint Etienne le 21 mai 2014<\/a><\/span><\/p><p style=\"text-align: left;\"><span style=\"font-size: 14pt;\"><a href=\"http:\/\/ladoration.fr\/vanicet\/index.php\/textes\/les-arts-amerindiens-et-lart-contemporain-anicet\/\" target=\"_blank\" rel=\"noopener\">Les arts am\u00e9rindiens et l&rsquo;art contemporain<\/a><\/span><\/p><p style=\"text-align: left;\">\u00a0<\/p>\t\t\t\t\t\t<\/div>\n\t\t\t\t<\/div>\n\t\t\t\t<div class=\"elementor-element elementor-element-426dbe7f elementor-widget elementor-widget-text-editor\" data-id=\"426dbe7f\" data-element_type=\"widget\" data-widget_type=\"text-editor.default\">\n\t\t\t\t<div class=\"elementor-widget-container\">\n\t\t\t\t\t\t\t<p style=\"text-align: left;\"><a href=\"http:\/\/ladoration.fr\/vanicet\/index.php\/biographie-demarche\/\" target=\"_blank\" rel=\"noopener\"><span style=\"font-size: 14pt;\">Biographie de Victor Anicet<\/span><\/a><\/p>\t\t\t\t\t\t<\/div>\n\t\t\t\t<\/div>\n\t\t\t\t\t<\/div>\n\t\t<\/div>\n\t\t\t\t\t<\/div>\n\t\t<\/section>\n\t\t\t\t<\/div>\n\t\t","protected":false},"excerpt":{"rendered":"<p>150 ans apr\u00e8s l&rsquo;esclavage, sommes-nous libres? \u201cO\u00f9 sont vos monuments, vos batailles, vos martyrs? O\u00f9 est votre m\u00e9moire tribale?\u00a0Messieurs, dans ce gris coffre-fort, la mer, la mer les a enferm\u00e9s. La mer est l\u2019Histoire.\u201d * J\u2019ai choisi \u00e0 dessein, ces vers de Walcott, notre voisin sainte-lucien, prix Nobel de litt\u00e9rature,\u00a0qui comme nous, partage la m\u00e9moire [&hellip;]<\/p>\n","protected":false},"author":1,"featured_media":0,"parent":96,"menu_order":0,"comment_status":"closed","ping_status":"closed","template":"","meta":{"jetpack_post_was_ever_published":false,"footnotes":""},"class_list":["post-145","page","type-page","status-publish","hentry","blog-blocks-layout","blog-style-postblock","","blog-alt-odd"],"yoast_head":"<!-- This site is optimized with the Yoast SEO plugin v23.0 - https:\/\/yoast.com\/wordpress\/plugins\/seo\/ -->\n<title>Esclavage; 150 ans apr\u00e8s sommes-nous libres? Un texte de Victor Anicet.<\/title>\n<meta name=\"description\" content=\"Esclavage; 150 ans apr\u00e8s sommes-nous libres? Un discours de Victor Anicet prononc\u00e9 le 12 juin 1998 \u00e0 l&#039;h\u00f4tel Frantour des Trois-Ilets (Martinique)\" \/>\n<meta name=\"robots\" content=\"index, follow, max-snippet:-1, max-image-preview:large, max-video-preview:-1\" \/>\n<link rel=\"canonical\" href=\"http:\/\/ladoration.fr\/vanicet\/textes\/150-ans-apres-lesclavage-sommes-nous-libres-anicet\/\" \/>\n<meta property=\"og:locale\" content=\"fr_FR\" \/>\n<meta property=\"og:type\" content=\"article\" \/>\n<meta property=\"og:title\" content=\"Esclavage; 150 ans apr\u00e8s sommes-nous libres? Un texte de Victor Anicet.\" \/>\n<meta property=\"og:description\" content=\"Esclavage; 150 ans apr\u00e8s sommes-nous libres? Un discours de Victor Anicet prononc\u00e9 le 12 juin 1998 \u00e0 l&#039;h\u00f4tel Frantour des Trois-Ilets (Martinique)\" \/>\n<meta property=\"og:url\" content=\"http:\/\/ladoration.fr\/vanicet\/textes\/150-ans-apres-lesclavage-sommes-nous-libres-anicet\/\" \/>\n<meta property=\"og:site_name\" content=\"Victor Anicet\" \/>\n<meta property=\"article:modified_time\" content=\"2019-12-30T17:48:54+00:00\" \/>\n<meta name=\"twitter:card\" content=\"summary_large_image\" \/>\n<meta name=\"twitter:label1\" content=\"Dur\u00e9e de lecture estim\u00e9e\" \/>\n\t<meta name=\"twitter:data1\" content=\"4 minutes\" \/>\n<script type=\"application\/ld+json\" class=\"yoast-schema-graph\">{\"@context\":\"https:\/\/schema.org\",\"@graph\":[{\"@type\":\"WebPage\",\"@id\":\"http:\/\/ladoration.fr\/vanicet\/textes\/150-ans-apres-lesclavage-sommes-nous-libres-anicet\/\",\"url\":\"http:\/\/ladoration.fr\/vanicet\/textes\/150-ans-apres-lesclavage-sommes-nous-libres-anicet\/\",\"name\":\"Esclavage; 150 ans apr\u00e8s sommes-nous libres? Un texte de Victor Anicet.\",\"isPartOf\":{\"@id\":\"http:\/\/ladoration.fr\/vanicet\/#website\"},\"datePublished\":\"2018-04-03T09:28:09+00:00\",\"dateModified\":\"2019-12-30T17:48:54+00:00\",\"description\":\"Esclavage; 150 ans apr\u00e8s sommes-nous libres? Un discours de Victor Anicet prononc\u00e9 le 12 juin 1998 \u00e0 l'h\u00f4tel Frantour des Trois-Ilets (Martinique)\",\"breadcrumb\":{\"@id\":\"http:\/\/ladoration.fr\/vanicet\/textes\/150-ans-apres-lesclavage-sommes-nous-libres-anicet\/#breadcrumb\"},\"inLanguage\":\"fr-FR\",\"potentialAction\":[{\"@type\":\"ReadAction\",\"target\":[\"http:\/\/ladoration.fr\/vanicet\/textes\/150-ans-apres-lesclavage-sommes-nous-libres-anicet\/\"]}]},{\"@type\":\"BreadcrumbList\",\"@id\":\"http:\/\/ladoration.fr\/vanicet\/textes\/150-ans-apres-lesclavage-sommes-nous-libres-anicet\/#breadcrumb\",\"itemListElement\":[{\"@type\":\"ListItem\",\"position\":1,\"name\":\"Accueil\",\"item\":\"http:\/\/ladoration.fr\/vanicet\/\"},{\"@type\":\"ListItem\",\"position\":2,\"name\":\"Textes\",\"item\":\"http:\/\/ladoration.fr\/vanicet\/textes\/\"},{\"@type\":\"ListItem\",\"position\":3,\"name\":\"150 ans apr\u00e8s l&rsquo;esclavage, sommes-nous libres? (Victor Anicet)\"}]},{\"@type\":\"WebSite\",\"@id\":\"http:\/\/ladoration.fr\/vanicet\/#website\",\"url\":\"http:\/\/ladoration.fr\/vanicet\/\",\"name\":\"Victor Anicet\",\"description\":\"Biface dit C\u00e9saire dans la Trag\u00e9die du Roi Christophe en pensant \u00e0 Janus, deux t\u00eates, deux directions, le pass\u00e9 et l&#039;Avenir\",\"potentialAction\":[{\"@type\":\"SearchAction\",\"target\":{\"@type\":\"EntryPoint\",\"urlTemplate\":\"http:\/\/ladoration.fr\/vanicet\/?s={search_term_string}\"},\"query-input\":\"required name=search_term_string\"}],\"inLanguage\":\"fr-FR\"}]}<\/script>\n<!-- \/ Yoast SEO plugin. -->","yoast_head_json":{"title":"Esclavage; 150 ans apr\u00e8s sommes-nous libres? Un texte de Victor Anicet.","description":"Esclavage; 150 ans apr\u00e8s sommes-nous libres? Un discours de Victor Anicet prononc\u00e9 le 12 juin 1998 \u00e0 l'h\u00f4tel Frantour des Trois-Ilets (Martinique)","robots":{"index":"index","follow":"follow","max-snippet":"max-snippet:-1","max-image-preview":"max-image-preview:large","max-video-preview":"max-video-preview:-1"},"canonical":"http:\/\/ladoration.fr\/vanicet\/textes\/150-ans-apres-lesclavage-sommes-nous-libres-anicet\/","og_locale":"fr_FR","og_type":"article","og_title":"Esclavage; 150 ans apr\u00e8s sommes-nous libres? Un texte de Victor Anicet.","og_description":"Esclavage; 150 ans apr\u00e8s sommes-nous libres? Un discours de Victor Anicet prononc\u00e9 le 12 juin 1998 \u00e0 l'h\u00f4tel Frantour des Trois-Ilets (Martinique)","og_url":"http:\/\/ladoration.fr\/vanicet\/textes\/150-ans-apres-lesclavage-sommes-nous-libres-anicet\/","og_site_name":"Victor Anicet","article_modified_time":"2019-12-30T17:48:54+00:00","twitter_card":"summary_large_image","twitter_misc":{"Dur\u00e9e de lecture estim\u00e9e":"4 minutes"},"schema":{"@context":"https:\/\/schema.org","@graph":[{"@type":"WebPage","@id":"http:\/\/ladoration.fr\/vanicet\/textes\/150-ans-apres-lesclavage-sommes-nous-libres-anicet\/","url":"http:\/\/ladoration.fr\/vanicet\/textes\/150-ans-apres-lesclavage-sommes-nous-libres-anicet\/","name":"Esclavage; 150 ans apr\u00e8s sommes-nous libres? Un texte de Victor Anicet.","isPartOf":{"@id":"http:\/\/ladoration.fr\/vanicet\/#website"},"datePublished":"2018-04-03T09:28:09+00:00","dateModified":"2019-12-30T17:48:54+00:00","description":"Esclavage; 150 ans apr\u00e8s sommes-nous libres? Un discours de Victor Anicet prononc\u00e9 le 12 juin 1998 \u00e0 l'h\u00f4tel Frantour des Trois-Ilets (Martinique)","breadcrumb":{"@id":"http:\/\/ladoration.fr\/vanicet\/textes\/150-ans-apres-lesclavage-sommes-nous-libres-anicet\/#breadcrumb"},"inLanguage":"fr-FR","potentialAction":[{"@type":"ReadAction","target":["http:\/\/ladoration.fr\/vanicet\/textes\/150-ans-apres-lesclavage-sommes-nous-libres-anicet\/"]}]},{"@type":"BreadcrumbList","@id":"http:\/\/ladoration.fr\/vanicet\/textes\/150-ans-apres-lesclavage-sommes-nous-libres-anicet\/#breadcrumb","itemListElement":[{"@type":"ListItem","position":1,"name":"Accueil","item":"http:\/\/ladoration.fr\/vanicet\/"},{"@type":"ListItem","position":2,"name":"Textes","item":"http:\/\/ladoration.fr\/vanicet\/textes\/"},{"@type":"ListItem","position":3,"name":"150 ans apr\u00e8s l&rsquo;esclavage, sommes-nous libres? (Victor Anicet)"}]},{"@type":"WebSite","@id":"http:\/\/ladoration.fr\/vanicet\/#website","url":"http:\/\/ladoration.fr\/vanicet\/","name":"Victor Anicet","description":"Biface dit C\u00e9saire dans la Trag\u00e9die du Roi Christophe en pensant \u00e0 Janus, deux t\u00eates, deux directions, le pass\u00e9 et l&#039;Avenir","potentialAction":[{"@type":"SearchAction","target":{"@type":"EntryPoint","urlTemplate":"http:\/\/ladoration.fr\/vanicet\/?s={search_term_string}"},"query-input":"required name=search_term_string"}],"inLanguage":"fr-FR"}]}},"jetpack_sharing_enabled":true,"jetpack_shortlink":"https:\/\/wp.me\/Pax50O-2l","_links":{"self":[{"href":"https:\/\/ladoration.fr\/vanicet\/wp-json\/wp\/v2\/pages\/145","targetHints":{"allow":["GET"]}}],"collection":[{"href":"https:\/\/ladoration.fr\/vanicet\/wp-json\/wp\/v2\/pages"}],"about":[{"href":"https:\/\/ladoration.fr\/vanicet\/wp-json\/wp\/v2\/types\/page"}],"author":[{"embeddable":true,"href":"https:\/\/ladoration.fr\/vanicet\/wp-json\/wp\/v2\/users\/1"}],"replies":[{"embeddable":true,"href":"https:\/\/ladoration.fr\/vanicet\/wp-json\/wp\/v2\/comments?post=145"}],"version-history":[{"count":17,"href":"https:\/\/ladoration.fr\/vanicet\/wp-json\/wp\/v2\/pages\/145\/revisions"}],"predecessor-version":[{"id":844,"href":"https:\/\/ladoration.fr\/vanicet\/wp-json\/wp\/v2\/pages\/145\/revisions\/844"}],"up":[{"embeddable":true,"href":"https:\/\/ladoration.fr\/vanicet\/wp-json\/wp\/v2\/pages\/96"}],"wp:attachment":[{"href":"https:\/\/ladoration.fr\/vanicet\/wp-json\/wp\/v2\/media?parent=145"}],"curies":[{"name":"wp","href":"https:\/\/api.w.org\/{rel}","templated":true}]}}