{"id":348,"date":"2018-04-06T10:26:26","date_gmt":"2018-04-06T08:26:26","guid":{"rendered":"http:\/\/ladoration.fr\/vanicet\/?page_id=348"},"modified":"2018-05-31T20:02:26","modified_gmt":"2018-05-31T18:02:26","slug":"tray","status":"publish","type":"page","link":"https:\/\/ladoration.fr\/vanicet\/restitutions\/autres_ceramiques\/tray\/","title":{"rendered":"Tray"},"content":{"rendered":"\t\t<div data-elementor-type=\"wp-post\" data-elementor-id=\"348\" class=\"elementor elementor-348 elementor-bc-flex-widget\">\n\t\t\t\t\t\t<section class=\"elementor-section elementor-top-section elementor-element elementor-element-9e1723a elementor-section-boxed elementor-section-height-default elementor-section-height-default\" data-id=\"9e1723a\" data-element_type=\"section\">\n\t\t\t\t\t\t<div class=\"elementor-container elementor-column-gap-default\">\n\t\t\t\t\t<div class=\"elementor-column elementor-col-100 elementor-top-column elementor-element elementor-element-8d3bd3b\" data-id=\"8d3bd3b\" data-element_type=\"column\">\n\t\t\t<div class=\"elementor-widget-wrap elementor-element-populated\">\n\t\t\t\t\t\t<div class=\"elementor-element elementor-element-3a63042 elementor-position-top elementor-widget elementor-widget-image-box\" data-id=\"3a63042\" data-element_type=\"widget\" data-widget_type=\"image-box.default\">\n\t\t\t\t<div class=\"elementor-widget-container\">\n\t\t\t<div class=\"elementor-image-box-wrapper\"><figure class=\"elementor-image-box-img\"><a href=\"http:\/\/ladoration.fr\/vanicet\/wp-content\/uploads\/2018\/04\/30032018-RESTITUTION-N\u00b0-2-06-1536x1536_c.jpg\" target=\"_blank\" tabindex=\"-1\"><img fetchpriority=\"high\" decoding=\"async\" width=\"1000\" height=\"997\" src=\"https:\/\/ladoration.fr\/vanicet\/wp-content\/uploads\/2018\/04\/30032018-RESTITUTION-N\u00b0-2-06-1536x1536_c.jpg\" class=\"attachment-full size-full wp-image-353\" alt=\"Restitution. C\u00e9ramique originale de l&#039;artiste Victor Anicet\" srcset=\"https:\/\/ladoration.fr\/vanicet\/wp-content\/uploads\/2018\/04\/30032018-RESTITUTION-N\u00b0-2-06-1536x1536_c.jpg 1000w, https:\/\/ladoration.fr\/vanicet\/wp-content\/uploads\/2018\/04\/30032018-RESTITUTION-N\u00b0-2-06-1536x1536_c-150x150.jpg 150w, https:\/\/ladoration.fr\/vanicet\/wp-content\/uploads\/2018\/04\/30032018-RESTITUTION-N\u00b0-2-06-1536x1536_c-300x300.jpg 300w, https:\/\/ladoration.fr\/vanicet\/wp-content\/uploads\/2018\/04\/30032018-RESTITUTION-N\u00b0-2-06-1536x1536_c-768x766.jpg 768w\" sizes=\"(max-width: 1000px) 100vw, 1000px\" \/><\/a><\/figure><\/div>\t\t<\/div>\n\t\t\t\t<\/div>\n\t\t\t\t\t<\/div>\n\t\t<\/div>\n\t\t\t\t\t<\/div>\n\t\t<\/section>\n\t\t\t\t<section class=\"elementor-section elementor-top-section elementor-element elementor-element-4bfcc14 elementor-section-boxed elementor-section-height-default elementor-section-height-default\" data-id=\"4bfcc14\" data-element_type=\"section\">\n\t\t\t\t\t\t<div class=\"elementor-container elementor-column-gap-default\">\n\t\t\t\t\t<div class=\"elementor-column elementor-col-100 elementor-top-column elementor-element elementor-element-32effc5\" data-id=\"32effc5\" data-element_type=\"column\">\n\t\t\t<div class=\"elementor-widget-wrap elementor-element-populated\">\n\t\t\t\t\t\t<div class=\"elementor-element elementor-element-3168a4b elementor-position-top elementor-widget elementor-widget-image-box\" data-id=\"3168a4b\" data-element_type=\"widget\" data-widget_type=\"image-box.default\">\n\t\t\t\t<div class=\"elementor-widget-container\">\n\t\t\t<div class=\"elementor-image-box-wrapper\"><figure class=\"elementor-image-box-img\"><a href=\"http:\/\/ladoration.fr\/vanicet\/wp-content\/uploads\/2018\/04\/30032018-Restitution-5-1536x1532_c.jpg\" target=\"_blank\" tabindex=\"-1\"><img decoding=\"async\" width=\"1000\" height=\"997\" src=\"https:\/\/ladoration.fr\/vanicet\/wp-content\/uploads\/2018\/04\/30032018-Restitution-5-1536x1532_c.jpg\" class=\"attachment-full size-full wp-image-354\" alt=\"Restitution. C\u00e9ramique originale de l&#039;artiste Victor Anicet\" srcset=\"https:\/\/ladoration.fr\/vanicet\/wp-content\/uploads\/2018\/04\/30032018-Restitution-5-1536x1532_c.jpg 1000w, https:\/\/ladoration.fr\/vanicet\/wp-content\/uploads\/2018\/04\/30032018-Restitution-5-1536x1532_c-150x150.jpg 150w, https:\/\/ladoration.fr\/vanicet\/wp-content\/uploads\/2018\/04\/30032018-Restitution-5-1536x1532_c-300x300.jpg 300w, https:\/\/ladoration.fr\/vanicet\/wp-content\/uploads\/2018\/04\/30032018-Restitution-5-1536x1532_c-768x766.jpg 768w\" sizes=\"(max-width: 1000px) 100vw, 1000px\" \/><\/a><\/figure><\/div>\t\t<\/div>\n\t\t\t\t<\/div>\n\t\t\t\t\t<\/div>\n\t\t<\/div>\n\t\t\t\t\t<\/div>\n\t\t<\/section>\n\t\t\t\t<section class=\"elementor-section elementor-top-section elementor-element elementor-element-74aac8a elementor-section-boxed elementor-section-height-default elementor-section-height-default\" data-id=\"74aac8a\" data-element_type=\"section\">\n\t\t\t\t\t\t<div class=\"elementor-container elementor-column-gap-default\">\n\t\t\t\t\t<div class=\"elementor-column elementor-col-100 elementor-top-column elementor-element elementor-element-4fb5386\" data-id=\"4fb5386\" data-element_type=\"column\">\n\t\t\t<div class=\"elementor-widget-wrap elementor-element-populated\">\n\t\t\t\t\t\t<div class=\"elementor-element elementor-element-472586f elementor-position-top elementor-widget elementor-widget-image-box\" data-id=\"472586f\" data-element_type=\"widget\" data-widget_type=\"image-box.default\">\n\t\t\t\t<div class=\"elementor-widget-container\">\n\t\t\t<div class=\"elementor-image-box-wrapper\"><figure class=\"elementor-image-box-img\"><a href=\"http:\/\/ladoration.fr\/vanicet\/wp-content\/uploads\/2018\/04\/30032018-RESTITUTION-N\u00b0-7-1536x1602_c.jpg\" target=\"_blank\" tabindex=\"-1\"><img decoding=\"async\" width=\"1000\" height=\"997\" src=\"https:\/\/ladoration.fr\/vanicet\/wp-content\/uploads\/2018\/04\/30032018-RESTITUTION-N\u00b0-7-1536x1602_c.jpg\" class=\"attachment-full size-full wp-image-355\" alt=\"Restitution. C\u00e9ramique originale de l&#039;artiste Victor Anicet\" srcset=\"https:\/\/ladoration.fr\/vanicet\/wp-content\/uploads\/2018\/04\/30032018-RESTITUTION-N\u00b0-7-1536x1602_c.jpg 1000w, https:\/\/ladoration.fr\/vanicet\/wp-content\/uploads\/2018\/04\/30032018-RESTITUTION-N\u00b0-7-1536x1602_c-150x150.jpg 150w, https:\/\/ladoration.fr\/vanicet\/wp-content\/uploads\/2018\/04\/30032018-RESTITUTION-N\u00b0-7-1536x1602_c-300x300.jpg 300w, https:\/\/ladoration.fr\/vanicet\/wp-content\/uploads\/2018\/04\/30032018-RESTITUTION-N\u00b0-7-1536x1602_c-768x766.jpg 768w\" sizes=\"(max-width: 1000px) 100vw, 1000px\" \/><\/a><\/figure><\/div>\t\t<\/div>\n\t\t\t\t<\/div>\n\t\t\t\t\t<\/div>\n\t\t<\/div>\n\t\t\t\t\t<\/div>\n\t\t<\/section>\n\t\t\t\t<section class=\"elementor-section elementor-top-section elementor-element elementor-element-7f28d20 elementor-section-boxed elementor-section-height-default elementor-section-height-default\" data-id=\"7f28d20\" data-element_type=\"section\">\n\t\t\t\t\t\t<div class=\"elementor-container elementor-column-gap-default\">\n\t\t\t\t\t<div class=\"elementor-column elementor-col-100 elementor-top-column elementor-element elementor-element-89658db\" data-id=\"89658db\" data-element_type=\"column\">\n\t\t\t<div class=\"elementor-widget-wrap elementor-element-populated\">\n\t\t\t\t\t\t<div class=\"elementor-element elementor-element-8cc25d0 elementor-position-top elementor-widget elementor-widget-image-box\" data-id=\"8cc25d0\" data-element_type=\"widget\" data-widget_type=\"image-box.default\">\n\t\t\t\t<div class=\"elementor-widget-container\">\n\t\t\t<div class=\"elementor-image-box-wrapper\"><figure class=\"elementor-image-box-img\"><a href=\"http:\/\/ladoration.fr\/vanicet\/wp-content\/uploads\/2018\/04\/30032018-RESTIT1-1536x1152_c.jpg\" target=\"_blank\" tabindex=\"-1\"><img loading=\"lazy\" decoding=\"async\" width=\"1000\" height=\"750\" src=\"https:\/\/ladoration.fr\/vanicet\/wp-content\/uploads\/2018\/04\/30032018-RESTIT1-1536x1152_c.jpg\" class=\"attachment-full size-full wp-image-356\" alt=\"Restitution. C\u00e9ramique originale de l&#039;artiste Victor Anicet\" srcset=\"https:\/\/ladoration.fr\/vanicet\/wp-content\/uploads\/2018\/04\/30032018-RESTIT1-1536x1152_c.jpg 1000w, https:\/\/ladoration.fr\/vanicet\/wp-content\/uploads\/2018\/04\/30032018-RESTIT1-1536x1152_c-300x225.jpg 300w, https:\/\/ladoration.fr\/vanicet\/wp-content\/uploads\/2018\/04\/30032018-RESTIT1-1536x1152_c-768x576.jpg 768w\" sizes=\"(max-width: 1000px) 100vw, 1000px\" \/><\/a><\/figure><\/div>\t\t<\/div>\n\t\t\t\t<\/div>\n\t\t\t\t\t<\/div>\n\t\t<\/div>\n\t\t\t\t\t<\/div>\n\t\t<\/section>\n\t\t\t\t<section class=\"elementor-section elementor-top-section elementor-element elementor-element-3114465 elementor-section-boxed elementor-section-height-default elementor-section-height-default\" data-id=\"3114465\" data-element_type=\"section\">\n\t\t\t\t\t\t<div class=\"elementor-container elementor-column-gap-default\">\n\t\t\t\t\t<div class=\"elementor-column elementor-col-100 elementor-top-column elementor-element elementor-element-bba0221\" data-id=\"bba0221\" data-element_type=\"column\">\n\t\t\t<div class=\"elementor-widget-wrap elementor-element-populated\">\n\t\t\t\t\t\t<div class=\"elementor-element elementor-element-6dfcab4 elementor-position-top elementor-widget elementor-widget-image-box\" data-id=\"6dfcab4\" data-element_type=\"widget\" data-widget_type=\"image-box.default\">\n\t\t\t\t<div class=\"elementor-widget-container\">\n\t\t\t<div class=\"elementor-image-box-wrapper\"><figure class=\"elementor-image-box-img\"><a href=\"http:\/\/ladoration.fr\/vanicet\/wp-content\/uploads\/2018\/04\/30032018-RESTIT2-1536x1156_c.jpg\" target=\"_blank\" tabindex=\"-1\"><img loading=\"lazy\" decoding=\"async\" width=\"1000\" height=\"753\" src=\"https:\/\/ladoration.fr\/vanicet\/wp-content\/uploads\/2018\/04\/30032018-RESTIT2-1536x1156_c.jpg\" class=\"attachment-full size-full wp-image-357\" alt=\"Restitution. C\u00e9ramique originale de l&#039;artiste Victor Anicet\" srcset=\"https:\/\/ladoration.fr\/vanicet\/wp-content\/uploads\/2018\/04\/30032018-RESTIT2-1536x1156_c.jpg 1000w, https:\/\/ladoration.fr\/vanicet\/wp-content\/uploads\/2018\/04\/30032018-RESTIT2-1536x1156_c-300x226.jpg 300w, https:\/\/ladoration.fr\/vanicet\/wp-content\/uploads\/2018\/04\/30032018-RESTIT2-1536x1156_c-768x578.jpg 768w\" sizes=\"(max-width: 1000px) 100vw, 1000px\" \/><\/a><\/figure><\/div>\t\t<\/div>\n\t\t\t\t<\/div>\n\t\t\t\t<div class=\"elementor-element elementor-element-2694472 elementor-position-top elementor-widget elementor-widget-image-box\" data-id=\"2694472\" data-element_type=\"widget\" data-widget_type=\"image-box.default\">\n\t\t\t\t<div class=\"elementor-widget-container\">\n\t\t\t<div class=\"elementor-image-box-wrapper\"><figure class=\"elementor-image-box-img\"><a href=\"http:\/\/ladoration.fr\/vanicet\/wp-content\/uploads\/2018\/05\/Texte-de-Aur\u00e9lia-Dominique-sur-VA.pdf\" target=\"_blank\" tabindex=\"-1\"><img loading=\"lazy\" decoding=\"async\" width=\"300\" height=\"218\" src=\"https:\/\/ladoration.fr\/vanicet\/wp-content\/uploads\/2018\/04\/texte-Aur\u00e9lia-Dominique-pays-\u00e9br\u00e9ch\u00e9s-300x218.png\" class=\"attachment-medium size-medium wp-image-801\" alt=\"Texte de Dominique Aur\u00e9lia sur le &quot;tray&quot; , support de travail de l&#039;artiste martiniquais Victor Anicet\" srcset=\"https:\/\/ladoration.fr\/vanicet\/wp-content\/uploads\/2018\/04\/texte-Aur\u00e9lia-Dominique-pays-\u00e9br\u00e9ch\u00e9s-300x218.png 300w, https:\/\/ladoration.fr\/vanicet\/wp-content\/uploads\/2018\/04\/texte-Aur\u00e9lia-Dominique-pays-\u00e9br\u00e9ch\u00e9s-768x559.png 768w, https:\/\/ladoration.fr\/vanicet\/wp-content\/uploads\/2018\/04\/texte-Aur\u00e9lia-Dominique-pays-\u00e9br\u00e9ch\u00e9s.png 1000w\" sizes=\"(max-width: 300px) 100vw, 300px\" \/><\/a><\/figure><div class=\"elementor-image-box-content\"><h3 class=\"elementor-image-box-title\"><a href=\"http:\/\/ladoration.fr\/vanicet\/wp-content\/uploads\/2018\/05\/Texte-de-Aur\u00e9lia-Dominique-sur-VA.pdf\" target=\"_blank\">Cliquer sur l'image pour lire le texte de Dominique Aur\u00e9lia<\/a><\/h3><\/div><\/div>\t\t<\/div>\n\t\t\t\t<\/div>\n\t\t\t\t<div class=\"elementor-element elementor-element-dabcb07 elementor-widget elementor-widget-text-editor\" data-id=\"dabcb07\" data-element_type=\"widget\" data-widget_type=\"text-editor.default\">\n\t\t\t\t<div class=\"elementor-widget-container\">\n\t\t\t\t\t\t\t<p style=\"text-align: left;\"><span style=\"font-size: 14pt;\">La rencontre avec une personnalit\u00e9 d\u2019exception, le P\u00e8re Pinchon, qui l\u2019a initi\u00e9 aux fouilles arch\u00e9ologiques sur le site de Viv\u00e9\u00a0 au Lorrain, alors qu\u2019il \u00e9tait encore enfant, a \u00e9t\u00e9 \u00e9galement d\u00e9terminante. Deux s\u00e9ries distinctes na\u00eetront de ce patient travail de d\u00e9couverte, d\u2019appropriation et de restitution : Invocations am\u00e9rindiennes, suite de tableaux sur bois ou sur toile r\u00e9alis\u00e9e entre 1975 et \u00a01989, puis Restitution, \u00e0 partir de 1989, o\u00f9 dialoguent outre les graphismes arawaks ou cara\u00efbes, des adornos am\u00e9rindiens, des tissus africains, des produits \u00e9changes \u00a0du troc triangulaire comme les f\u00e8ves de cacao, le roucou, le caf\u00e9, les \u00e9pices, la verroterie, r\u00e9unis dans le tray traditionnel, d\u00e9tourn\u00e9 ici de son usage premier.\u00a0<\/span><\/p><p><span style=\"font-size: 14pt;\">Extrait d&rsquo;un article <em>Victor Anicet: restitution,<\/em>\u00a0 Dominique Breton, paru dans ARTHEME n\u00b010 et repris sur le site de l&rsquo;AICA Cara\u00eebe du sud:\u00a0 \u00ab\u00a0https:\/\/aica-sc.net\/2013\/09\/27\/victor-anicet-restitution\/\u00a0\u00bb<\/span><\/p><p style=\"text-align: center;\"><span style=\"font-size: 14pt;\"><a href=\"https:\/\/aica-sc.net\/2013\/09\/27\/victor-anicet-restitution\/\" target=\"_blank\" rel=\"noopener\">Voir l&rsquo;article complet<\/a><\/span><\/p>\t\t\t\t\t\t<\/div>\n\t\t\t\t<\/div>\n\t\t\t\t\t<\/div>\n\t\t<\/div>\n\t\t\t\t\t<\/div>\n\t\t<\/section>\n\t\t\t\t<section class=\"elementor-section elementor-top-section elementor-element elementor-element-260c4633 elementor-section-boxed elementor-section-height-default elementor-section-height-default\" data-id=\"260c4633\" data-element_type=\"section\">\n\t\t\t\t\t\t<div class=\"elementor-container elementor-column-gap-default\">\n\t\t\t\t\t<div class=\"elementor-column elementor-col-100 elementor-top-column elementor-element elementor-element-325f696a\" data-id=\"325f696a\" data-element_type=\"column\">\n\t\t\t<div class=\"elementor-widget-wrap elementor-element-populated\">\n\t\t\t\t\t\t<div class=\"elementor-element elementor-element-169c6701 elementor-align-center elementor-widget elementor-widget-button\" data-id=\"169c6701\" data-element_type=\"widget\" data-widget_type=\"button.default\">\n\t\t\t\t<div class=\"elementor-widget-container\">\n\t\t\t\t\t<div class=\"elementor-button-wrapper\">\n\t\t\t<a class=\"elementor-button elementor-button-link elementor-size-sm\" href=\"http:\/\/ladoration.fr\/vanicet\/restitutions\/\">\n\t\t\t\t\t\t<span class=\"elementor-button-content-wrapper\">\n\t\t\t\t\t\t\t\t\t<span class=\"elementor-button-text\">Retour \u00e0 la liste des oeuvres<\/span>\n\t\t\t\t\t<\/span>\n\t\t\t\t\t<\/a>\n\t\t<\/div>\n\t\t\t\t<\/div>\n\t\t\t\t<\/div>\n\t\t\t\t\t<\/div>\n\t\t<\/div>\n\t\t\t\t\t<\/div>\n\t\t<\/section>\n\t\t\t\t<\/div>\n\t\t","protected":false},"excerpt":{"rendered":"<p>Cliquer sur l&rsquo;image pour lire le texte de Dominique Aur\u00e9lia La rencontre avec une personnalit\u00e9 d\u2019exception, le P\u00e8re Pinchon, qui l\u2019a initi\u00e9 aux fouilles arch\u00e9ologiques sur le site de Viv\u00e9\u00a0 au Lorrain, alors qu\u2019il \u00e9tait encore enfant, a \u00e9t\u00e9 \u00e9galement d\u00e9terminante. Deux s\u00e9ries distinctes na\u00eetront de ce patient travail de d\u00e9couverte, d\u2019appropriation et de restitution [&hellip;]<\/p>\n","protected":false},"author":1,"featured_media":0,"parent":623,"menu_order":0,"comment_status":"closed","ping_status":"closed","template":"","meta":{"jetpack_post_was_ever_published":false,"footnotes":""},"class_list":["post-348","page","type-page","status-publish","hentry","blog-blocks-layout","blog-style-postblock","","blog-alt-odd"],"yoast_head":"<!-- This site is optimized with the Yoast SEO plugin v23.0 - https:\/\/yoast.com\/wordpress\/plugins\/seo\/ -->\n<title>Tray. Oeuvre originale de l&#039;artiste martiniquais Victor Anicet.<\/title>\n<meta name=\"description\" content=\"Tray. A partir de 1989, V. Anicet fait dialoguer les graphismes arawaks ou cara\u00efbes, avec les adornos am\u00e9rindiens, les tissus africains, les produits d&#039;\u00e9changes comme les f\u00e8ves de cacao, le roucou, le caf\u00e9, les \u00e9pices, la verroterie, et il les r\u00e9unit dans le tray traditionnel, d\u00e9tourn\u00e9 de son usage premier.\" \/>\n<meta name=\"robots\" content=\"index, follow, max-snippet:-1, max-image-preview:large, max-video-preview:-1\" \/>\n<link rel=\"canonical\" href=\"http:\/\/ladoration.fr\/vanicet\/restitutions\/autres_ceramiques\/tray\/\" \/>\n<meta property=\"og:locale\" content=\"fr_FR\" \/>\n<meta property=\"og:type\" content=\"article\" \/>\n<meta property=\"og:title\" content=\"Tray. Oeuvre originale de l&#039;artiste martiniquais Victor Anicet.\" \/>\n<meta property=\"og:description\" content=\"Tray. A partir de 1989, V. Anicet fait dialoguer les graphismes arawaks ou cara\u00efbes, avec les adornos am\u00e9rindiens, les tissus africains, les produits d&#039;\u00e9changes comme les f\u00e8ves de cacao, le roucou, le caf\u00e9, les \u00e9pices, la verroterie, et il les r\u00e9unit dans le tray traditionnel, d\u00e9tourn\u00e9 de son usage premier.\" \/>\n<meta property=\"og:url\" content=\"http:\/\/ladoration.fr\/vanicet\/restitutions\/autres_ceramiques\/tray\/\" \/>\n<meta property=\"og:site_name\" content=\"Victor Anicet\" \/>\n<meta property=\"article:modified_time\" content=\"2018-05-31T18:02:26+00:00\" \/>\n<meta property=\"og:image\" content=\"http:\/\/ladoration.fr\/vanicet\/wp-content\/uploads\/2018\/04\/30032018-Restitution-5-1536x1532_c.jpg\" \/>\n<meta name=\"twitter:card\" content=\"summary_large_image\" \/>\n<meta name=\"twitter:label1\" content=\"Dur\u00e9e de lecture estim\u00e9e\" \/>\n\t<meta name=\"twitter:data1\" content=\"1 minute\" \/>\n<script type=\"application\/ld+json\" class=\"yoast-schema-graph\">{\"@context\":\"https:\/\/schema.org\",\"@graph\":[{\"@type\":\"WebPage\",\"@id\":\"http:\/\/ladoration.fr\/vanicet\/restitutions\/autres_ceramiques\/tray\/\",\"url\":\"http:\/\/ladoration.fr\/vanicet\/restitutions\/autres_ceramiques\/tray\/\",\"name\":\"Tray. Oeuvre originale de l'artiste martiniquais Victor Anicet.\",\"isPartOf\":{\"@id\":\"https:\/\/ladoration.fr\/vanicet\/#website\"},\"primaryImageOfPage\":{\"@id\":\"http:\/\/ladoration.fr\/vanicet\/restitutions\/autres_ceramiques\/tray\/#primaryimage\"},\"image\":{\"@id\":\"http:\/\/ladoration.fr\/vanicet\/restitutions\/autres_ceramiques\/tray\/#primaryimage\"},\"thumbnailUrl\":\"http:\/\/ladoration.fr\/vanicet\/wp-content\/uploads\/2018\/04\/30032018-Restitution-5-1536x1532_c.jpg\",\"datePublished\":\"2018-04-06T08:26:26+00:00\",\"dateModified\":\"2018-05-31T18:02:26+00:00\",\"description\":\"Tray. A partir de 1989, V. Anicet fait dialoguer les graphismes arawaks ou cara\u00efbes, avec les adornos am\u00e9rindiens, les tissus africains, les produits d'\u00e9changes comme les f\u00e8ves de cacao, le roucou, le caf\u00e9, les \u00e9pices, la verroterie, et il les r\u00e9unit dans le tray traditionnel, d\u00e9tourn\u00e9 de son usage premier.\",\"breadcrumb\":{\"@id\":\"http:\/\/ladoration.fr\/vanicet\/restitutions\/autres_ceramiques\/tray\/#breadcrumb\"},\"inLanguage\":\"fr-FR\",\"potentialAction\":[{\"@type\":\"ReadAction\",\"target\":[\"http:\/\/ladoration.fr\/vanicet\/restitutions\/autres_ceramiques\/tray\/\"]}]},{\"@type\":\"ImageObject\",\"inLanguage\":\"fr-FR\",\"@id\":\"http:\/\/ladoration.fr\/vanicet\/restitutions\/autres_ceramiques\/tray\/#primaryimage\",\"url\":\"http:\/\/ladoration.fr\/vanicet\/wp-content\/uploads\/2018\/04\/30032018-Restitution-5-1536x1532_c.jpg\",\"contentUrl\":\"http:\/\/ladoration.fr\/vanicet\/wp-content\/uploads\/2018\/04\/30032018-Restitution-5-1536x1532_c.jpg\"},{\"@type\":\"BreadcrumbList\",\"@id\":\"http:\/\/ladoration.fr\/vanicet\/restitutions\/autres_ceramiques\/tray\/#breadcrumb\",\"itemListElement\":[{\"@type\":\"ListItem\",\"position\":1,\"name\":\"Accueil\",\"item\":\"https:\/\/ladoration.fr\/vanicet\/\"},{\"@type\":\"ListItem\",\"position\":2,\"name\":\"Restitutions\",\"item\":\"https:\/\/ladoration.fr\/vanicet\/restitutions\/\"},{\"@type\":\"ListItem\",\"position\":3,\"name\":\"Autres c\u00e9ramiques\",\"item\":\"http:\/\/ladoration.fr\/vanicet\/restitutions\/autres_ceramiques\/\"},{\"@type\":\"ListItem\",\"position\":4,\"name\":\"Tray\"}]},{\"@type\":\"WebSite\",\"@id\":\"https:\/\/ladoration.fr\/vanicet\/#website\",\"url\":\"https:\/\/ladoration.fr\/vanicet\/\",\"name\":\"Victor Anicet\",\"description\":\"Biface dit C\u00e9saire dans la Trag\u00e9die du Roi Christophe en pensant \u00e0 Janus, deux t\u00eates, deux directions, le pass\u00e9 et l&#039;Avenir\",\"potentialAction\":[{\"@type\":\"SearchAction\",\"target\":{\"@type\":\"EntryPoint\",\"urlTemplate\":\"https:\/\/ladoration.fr\/vanicet\/?s={search_term_string}\"},\"query-input\":\"required name=search_term_string\"}],\"inLanguage\":\"fr-FR\"}]}<\/script>\n<!-- \/ Yoast SEO plugin. -->","yoast_head_json":{"title":"Tray. Oeuvre originale de l'artiste martiniquais Victor Anicet.","description":"Tray. A partir de 1989, V. Anicet fait dialoguer les graphismes arawaks ou cara\u00efbes, avec les adornos am\u00e9rindiens, les tissus africains, les produits d'\u00e9changes comme les f\u00e8ves de cacao, le roucou, le caf\u00e9, les \u00e9pices, la verroterie, et il les r\u00e9unit dans le tray traditionnel, d\u00e9tourn\u00e9 de son usage premier.","robots":{"index":"index","follow":"follow","max-snippet":"max-snippet:-1","max-image-preview":"max-image-preview:large","max-video-preview":"max-video-preview:-1"},"canonical":"http:\/\/ladoration.fr\/vanicet\/restitutions\/autres_ceramiques\/tray\/","og_locale":"fr_FR","og_type":"article","og_title":"Tray. Oeuvre originale de l'artiste martiniquais Victor Anicet.","og_description":"Tray. A partir de 1989, V. Anicet fait dialoguer les graphismes arawaks ou cara\u00efbes, avec les adornos am\u00e9rindiens, les tissus africains, les produits d'\u00e9changes comme les f\u00e8ves de cacao, le roucou, le caf\u00e9, les \u00e9pices, la verroterie, et il les r\u00e9unit dans le tray traditionnel, d\u00e9tourn\u00e9 de son usage premier.","og_url":"http:\/\/ladoration.fr\/vanicet\/restitutions\/autres_ceramiques\/tray\/","og_site_name":"Victor Anicet","article_modified_time":"2018-05-31T18:02:26+00:00","og_image":[{"url":"http:\/\/ladoration.fr\/vanicet\/wp-content\/uploads\/2018\/04\/30032018-Restitution-5-1536x1532_c.jpg"}],"twitter_card":"summary_large_image","twitter_misc":{"Dur\u00e9e de lecture estim\u00e9e":"1 minute"},"schema":{"@context":"https:\/\/schema.org","@graph":[{"@type":"WebPage","@id":"http:\/\/ladoration.fr\/vanicet\/restitutions\/autres_ceramiques\/tray\/","url":"http:\/\/ladoration.fr\/vanicet\/restitutions\/autres_ceramiques\/tray\/","name":"Tray. Oeuvre originale de l'artiste martiniquais Victor Anicet.","isPartOf":{"@id":"https:\/\/ladoration.fr\/vanicet\/#website"},"primaryImageOfPage":{"@id":"http:\/\/ladoration.fr\/vanicet\/restitutions\/autres_ceramiques\/tray\/#primaryimage"},"image":{"@id":"http:\/\/ladoration.fr\/vanicet\/restitutions\/autres_ceramiques\/tray\/#primaryimage"},"thumbnailUrl":"http:\/\/ladoration.fr\/vanicet\/wp-content\/uploads\/2018\/04\/30032018-Restitution-5-1536x1532_c.jpg","datePublished":"2018-04-06T08:26:26+00:00","dateModified":"2018-05-31T18:02:26+00:00","description":"Tray. A partir de 1989, V. Anicet fait dialoguer les graphismes arawaks ou cara\u00efbes, avec les adornos am\u00e9rindiens, les tissus africains, les produits d'\u00e9changes comme les f\u00e8ves de cacao, le roucou, le caf\u00e9, les \u00e9pices, la verroterie, et il les r\u00e9unit dans le tray traditionnel, d\u00e9tourn\u00e9 de son usage premier.","breadcrumb":{"@id":"http:\/\/ladoration.fr\/vanicet\/restitutions\/autres_ceramiques\/tray\/#breadcrumb"},"inLanguage":"fr-FR","potentialAction":[{"@type":"ReadAction","target":["http:\/\/ladoration.fr\/vanicet\/restitutions\/autres_ceramiques\/tray\/"]}]},{"@type":"ImageObject","inLanguage":"fr-FR","@id":"http:\/\/ladoration.fr\/vanicet\/restitutions\/autres_ceramiques\/tray\/#primaryimage","url":"http:\/\/ladoration.fr\/vanicet\/wp-content\/uploads\/2018\/04\/30032018-Restitution-5-1536x1532_c.jpg","contentUrl":"http:\/\/ladoration.fr\/vanicet\/wp-content\/uploads\/2018\/04\/30032018-Restitution-5-1536x1532_c.jpg"},{"@type":"BreadcrumbList","@id":"http:\/\/ladoration.fr\/vanicet\/restitutions\/autres_ceramiques\/tray\/#breadcrumb","itemListElement":[{"@type":"ListItem","position":1,"name":"Accueil","item":"https:\/\/ladoration.fr\/vanicet\/"},{"@type":"ListItem","position":2,"name":"Restitutions","item":"https:\/\/ladoration.fr\/vanicet\/restitutions\/"},{"@type":"ListItem","position":3,"name":"Autres c\u00e9ramiques","item":"http:\/\/ladoration.fr\/vanicet\/restitutions\/autres_ceramiques\/"},{"@type":"ListItem","position":4,"name":"Tray"}]},{"@type":"WebSite","@id":"https:\/\/ladoration.fr\/vanicet\/#website","url":"https:\/\/ladoration.fr\/vanicet\/","name":"Victor Anicet","description":"Biface dit C\u00e9saire dans la Trag\u00e9die du Roi Christophe en pensant \u00e0 Janus, deux t\u00eates, deux directions, le pass\u00e9 et l&#039;Avenir","potentialAction":[{"@type":"SearchAction","target":{"@type":"EntryPoint","urlTemplate":"https:\/\/ladoration.fr\/vanicet\/?s={search_term_string}"},"query-input":"required name=search_term_string"}],"inLanguage":"fr-FR"}]}},"jetpack_sharing_enabled":true,"jetpack_shortlink":"https:\/\/wp.me\/Pax50O-5C","_links":{"self":[{"href":"https:\/\/ladoration.fr\/vanicet\/wp-json\/wp\/v2\/pages\/348","targetHints":{"allow":["GET"]}}],"collection":[{"href":"https:\/\/ladoration.fr\/vanicet\/wp-json\/wp\/v2\/pages"}],"about":[{"href":"https:\/\/ladoration.fr\/vanicet\/wp-json\/wp\/v2\/types\/page"}],"author":[{"embeddable":true,"href":"https:\/\/ladoration.fr\/vanicet\/wp-json\/wp\/v2\/users\/1"}],"replies":[{"embeddable":true,"href":"https:\/\/ladoration.fr\/vanicet\/wp-json\/wp\/v2\/comments?post=348"}],"version-history":[{"count":14,"href":"https:\/\/ladoration.fr\/vanicet\/wp-json\/wp\/v2\/pages\/348\/revisions"}],"predecessor-version":[{"id":876,"href":"https:\/\/ladoration.fr\/vanicet\/wp-json\/wp\/v2\/pages\/348\/revisions\/876"}],"up":[{"embeddable":true,"href":"https:\/\/ladoration.fr\/vanicet\/wp-json\/wp\/v2\/pages\/623"}],"wp:attachment":[{"href":"https:\/\/ladoration.fr\/vanicet\/wp-json\/wp\/v2\/media?parent=348"}],"curies":[{"name":"wp","href":"https:\/\/api.w.org\/{rel}","templated":true}]}}