{"id":382,"date":"2018-04-06T11:52:03","date_gmt":"2018-04-06T09:52:03","guid":{"rendered":"http:\/\/ladoration.fr\/vanicet\/?page_id=382"},"modified":"2018-04-15T19:35:46","modified_gmt":"2018-04-15T17:35:46","slug":"invocations-amerindiennes","status":"publish","type":"page","link":"https:\/\/ladoration.fr\/vanicet\/restitutions\/signes\/invocations-amerindiennes\/","title":{"rendered":"Invocations am\u00e9rindiennes"},"content":{"rendered":"\t\t<div data-elementor-type=\"wp-post\" data-elementor-id=\"382\" class=\"elementor elementor-382 elementor-bc-flex-widget\">\n\t\t\t\t\t\t<section class=\"elementor-section elementor-top-section elementor-element elementor-element-ec4008b elementor-section-boxed elementor-section-height-default elementor-section-height-default\" data-id=\"ec4008b\" data-element_type=\"section\">\n\t\t\t\t\t\t<div class=\"elementor-container elementor-column-gap-default\">\n\t\t\t\t\t<div class=\"elementor-column elementor-col-100 elementor-top-column elementor-element elementor-element-daae0ae\" data-id=\"daae0ae\" data-element_type=\"column\">\n\t\t\t<div class=\"elementor-widget-wrap elementor-element-populated\">\n\t\t\t\t\t\t<div class=\"elementor-element elementor-element-d4b54c8 elementor-position-top elementor-widget elementor-widget-image-box\" data-id=\"d4b54c8\" data-element_type=\"widget\" data-widget_type=\"image-box.default\">\n\t\t\t\t<div class=\"elementor-widget-container\">\n\t\t\t<div class=\"elementor-image-box-wrapper\"><figure class=\"elementor-image-box-img\"><a href=\"http:\/\/ladoration.fr\/vanicet\/wp-content\/uploads\/2018\/04\/30032018-INVOCATION-AMERIENDIENNE-N\u00b01-03-1536x1638_c.jpg\" target=\"_blank\" tabindex=\"-1\"><img fetchpriority=\"high\" decoding=\"async\" width=\"875\" height=\"1000\" src=\"https:\/\/ladoration.fr\/vanicet\/wp-content\/uploads\/2018\/04\/30032018-INVOCATION-AMERIENDIENNE-N\u00b01-03-1536x1638_c.jpg\" class=\"attachment-full size-full wp-image-385\" alt=\"Invocations am\u00e9rindiennes. Peinture originale de l&#039;artiste Victor Anicet\" srcset=\"https:\/\/ladoration.fr\/vanicet\/wp-content\/uploads\/2018\/04\/30032018-INVOCATION-AMERIENDIENNE-N\u00b01-03-1536x1638_c.jpg 875w, https:\/\/ladoration.fr\/vanicet\/wp-content\/uploads\/2018\/04\/30032018-INVOCATION-AMERIENDIENNE-N\u00b01-03-1536x1638_c-263x300.jpg 263w, https:\/\/ladoration.fr\/vanicet\/wp-content\/uploads\/2018\/04\/30032018-INVOCATION-AMERIENDIENNE-N\u00b01-03-1536x1638_c-768x878.jpg 768w\" sizes=\"(max-width: 875px) 100vw, 875px\" \/><\/a><\/figure><\/div>\t\t<\/div>\n\t\t\t\t<\/div>\n\t\t\t\t<div class=\"elementor-element elementor-element-555f489 elementor-position-top elementor-widget elementor-widget-image-box\" data-id=\"555f489\" data-element_type=\"widget\" data-widget_type=\"image-box.default\">\n\t\t\t\t<div class=\"elementor-widget-container\">\n\t\t\t<div class=\"elementor-image-box-wrapper\"><figure class=\"elementor-image-box-img\"><a href=\"http:\/\/ladoration.fr\/vanicet\/wp-content\/uploads\/2018\/04\/30032018-DSC00695-1536x2048_c.jpg\" target=\"_blank\" tabindex=\"-1\"><img decoding=\"async\" width=\"510\" height=\"1000\" src=\"https:\/\/ladoration.fr\/vanicet\/wp-content\/uploads\/2018\/04\/30032018-DSC00695-1536x2048_c.jpg\" class=\"attachment-full size-full wp-image-394\" alt=\"Invocations am\u00e9rindiennes. Peinture originale de l&#039;artiste Victor Anicet\" srcset=\"https:\/\/ladoration.fr\/vanicet\/wp-content\/uploads\/2018\/04\/30032018-DSC00695-1536x2048_c.jpg 510w, https:\/\/ladoration.fr\/vanicet\/wp-content\/uploads\/2018\/04\/30032018-DSC00695-1536x2048_c-153x300.jpg 153w\" sizes=\"(max-width: 510px) 100vw, 510px\" \/><\/a><\/figure><\/div>\t\t<\/div>\n\t\t\t\t<\/div>\n\t\t\t\t<div class=\"elementor-element elementor-element-8eacba8 elementor-position-top elementor-widget elementor-widget-image-box\" data-id=\"8eacba8\" data-element_type=\"widget\" data-widget_type=\"image-box.default\">\n\t\t\t\t<div class=\"elementor-widget-container\">\n\t\t\t<div class=\"elementor-image-box-wrapper\"><figure class=\"elementor-image-box-img\"><a href=\"http:\/\/ladoration.fr\/vanicet\/wp-content\/uploads\/2018\/04\/30032018-DSC00697-1536x2048_c.jpg\" target=\"_blank\" tabindex=\"-1\"><img decoding=\"async\" width=\"750\" height=\"1000\" src=\"https:\/\/ladoration.fr\/vanicet\/wp-content\/uploads\/2018\/04\/30032018-DSC00697-1536x2048_c.jpg\" class=\"attachment-full size-full wp-image-391\" alt=\"Invocations am\u00e9rindiennes. Peinture originale de l&#039;artiste Victor Anicet\" srcset=\"https:\/\/ladoration.fr\/vanicet\/wp-content\/uploads\/2018\/04\/30032018-DSC00697-1536x2048_c.jpg 750w, https:\/\/ladoration.fr\/vanicet\/wp-content\/uploads\/2018\/04\/30032018-DSC00697-1536x2048_c-225x300.jpg 225w\" sizes=\"(max-width: 750px) 100vw, 750px\" \/><\/a><\/figure><\/div>\t\t<\/div>\n\t\t\t\t<\/div>\n\t\t\t\t<div class=\"elementor-element elementor-element-802bdde elementor-position-top elementor-widget elementor-widget-image-box\" data-id=\"802bdde\" data-element_type=\"widget\" data-widget_type=\"image-box.default\">\n\t\t\t\t<div class=\"elementor-widget-container\">\n\t\t\t<div class=\"elementor-image-box-wrapper\"><figure class=\"elementor-image-box-img\"><a href=\"http:\/\/ladoration.fr\/vanicet\/wp-content\/uploads\/2018\/04\/30032018-DSC00698-1536x2048_c-1.jpg\" target=\"_blank\" tabindex=\"-1\"><img loading=\"lazy\" decoding=\"async\" width=\"1131\" height=\"1896\" src=\"https:\/\/ladoration.fr\/vanicet\/wp-content\/uploads\/2018\/04\/30032018-DSC00698-1536x2048_c-1.jpg\" class=\"attachment-full size-full wp-image-401\" alt=\"Invocations am\u00e9rindiennes. Peinture originale de l&#039;artiste Victor Anicet\" srcset=\"https:\/\/ladoration.fr\/vanicet\/wp-content\/uploads\/2018\/04\/30032018-DSC00698-1536x2048_c-1.jpg 1131w, https:\/\/ladoration.fr\/vanicet\/wp-content\/uploads\/2018\/04\/30032018-DSC00698-1536x2048_c-1-179x300.jpg 179w, https:\/\/ladoration.fr\/vanicet\/wp-content\/uploads\/2018\/04\/30032018-DSC00698-1536x2048_c-1-768x1287.jpg 768w, https:\/\/ladoration.fr\/vanicet\/wp-content\/uploads\/2018\/04\/30032018-DSC00698-1536x2048_c-1-611x1024.jpg 611w\" sizes=\"(max-width: 1131px) 100vw, 1131px\" \/><\/a><\/figure><\/div>\t\t<\/div>\n\t\t\t\t<\/div>\n\t\t\t\t<div class=\"elementor-element elementor-element-9ff909b elementor-position-top elementor-widget elementor-widget-image-box\" data-id=\"9ff909b\" data-element_type=\"widget\" data-widget_type=\"image-box.default\">\n\t\t\t\t<div class=\"elementor-widget-container\">\n\t\t\t<div class=\"elementor-image-box-wrapper\"><figure class=\"elementor-image-box-img\"><a href=\"http:\/\/ladoration.fr\/vanicet\/wp-content\/uploads\/2018\/04\/3032018DSC00704-1536x2048_c.jpg\" target=\"_blank\" tabindex=\"-1\"><img loading=\"lazy\" decoding=\"async\" width=\"819\" height=\"1853\" src=\"https:\/\/ladoration.fr\/vanicet\/wp-content\/uploads\/2018\/04\/3032018DSC00704-1536x2048_c.jpg\" class=\"attachment-full size-full wp-image-404\" alt=\"Invocations am\u00e9rindiennes. Peinture originale de l&#039;artiste Victor Anicet\" srcset=\"https:\/\/ladoration.fr\/vanicet\/wp-content\/uploads\/2018\/04\/3032018DSC00704-1536x2048_c.jpg 819w, https:\/\/ladoration.fr\/vanicet\/wp-content\/uploads\/2018\/04\/3032018DSC00704-1536x2048_c-133x300.jpg 133w, https:\/\/ladoration.fr\/vanicet\/wp-content\/uploads\/2018\/04\/3032018DSC00704-1536x2048_c-768x1738.jpg 768w, https:\/\/ladoration.fr\/vanicet\/wp-content\/uploads\/2018\/04\/3032018DSC00704-1536x2048_c-453x1024.jpg 453w\" sizes=\"(max-width: 819px) 100vw, 819px\" \/><\/a><\/figure><\/div>\t\t<\/div>\n\t\t\t\t<\/div>\n\t\t\t\t<div class=\"elementor-element elementor-element-deef8d1 elementor-position-top elementor-widget elementor-widget-image-box\" data-id=\"deef8d1\" data-element_type=\"widget\" data-widget_type=\"image-box.default\">\n\t\t\t\t<div class=\"elementor-widget-container\">\n\t\t\t<div class=\"elementor-image-box-wrapper\"><figure class=\"elementor-image-box-img\"><a href=\"http:\/\/ladoration.fr\/vanicet\/wp-content\/uploads\/2018\/04\/30032018-DSC00688-1536x2048_c.jpg\" target=\"_blank\" tabindex=\"-1\"><img loading=\"lazy\" decoding=\"async\" width=\"608\" height=\"1000\" src=\"https:\/\/ladoration.fr\/vanicet\/wp-content\/uploads\/2018\/04\/30032018-DSC00688-1536x2048_c.jpg\" class=\"attachment-full size-full wp-image-405\" alt=\"Invocations am\u00e9rindiennes. Peinture originale de l&#039;artiste Victor Anicet\" srcset=\"https:\/\/ladoration.fr\/vanicet\/wp-content\/uploads\/2018\/04\/30032018-DSC00688-1536x2048_c.jpg 608w, https:\/\/ladoration.fr\/vanicet\/wp-content\/uploads\/2018\/04\/30032018-DSC00688-1536x2048_c-182x300.jpg 182w\" sizes=\"(max-width: 608px) 100vw, 608px\" \/><\/a><\/figure><\/div>\t\t<\/div>\n\t\t\t\t<\/div>\n\t\t\t\t<div class=\"elementor-element elementor-element-615bc02 elementor-widget elementor-widget-text-editor\" data-id=\"615bc02\" data-element_type=\"widget\" data-widget_type=\"text-editor.default\">\n\t\t\t\t<div class=\"elementor-widget-container\">\n\t\t\t\t\t\t\t<p><span style=\"font-size: 14pt;\">Voir aussi l&rsquo;article de Thierry L&rsquo;Etang sur\u00a0 l&rsquo;esth\u00e9tique et l&rsquo;influence am\u00e9rindiennes dans la peinture en Martinique sur le site de promotion des cultures et des langues cr\u00e9oles, <a href=\"http:\/\/www.potomitan.info\/bibliographie\/peinture_martinique10.php\" target=\"_blank\" rel=\"noopener\">Potomitan<\/a><\/span><\/p>\t\t\t\t\t\t<\/div>\n\t\t\t\t<\/div>\n\t\t\t\t\t<\/div>\n\t\t<\/div>\n\t\t\t\t\t<\/div>\n\t\t<\/section>\n\t\t\t\t<section class=\"elementor-section elementor-top-section elementor-element elementor-element-43e8f95f elementor-section-boxed elementor-section-height-default elementor-section-height-default\" data-id=\"43e8f95f\" data-element_type=\"section\">\n\t\t\t\t\t\t<div class=\"elementor-container elementor-column-gap-default\">\n\t\t\t\t\t<div class=\"elementor-column elementor-col-100 elementor-top-column elementor-element elementor-element-4df63e80\" data-id=\"4df63e80\" data-element_type=\"column\">\n\t\t\t<div class=\"elementor-widget-wrap elementor-element-populated\">\n\t\t\t\t\t\t<div class=\"elementor-element elementor-element-1a60fa22 elementor-align-center elementor-widget elementor-widget-button\" data-id=\"1a60fa22\" data-element_type=\"widget\" data-widget_type=\"button.default\">\n\t\t\t\t<div class=\"elementor-widget-container\">\n\t\t\t\t\t<div class=\"elementor-button-wrapper\">\n\t\t\t<a class=\"elementor-button elementor-button-link elementor-size-sm\" href=\"http:\/\/ladoration.fr\/vanicet\/restitutions\/\">\n\t\t\t\t\t\t<span class=\"elementor-button-content-wrapper\">\n\t\t\t\t\t\t\t\t\t<span class=\"elementor-button-text\">Retour \u00e0 la liste des oeuvres<\/span>\n\t\t\t\t\t<\/span>\n\t\t\t\t\t<\/a>\n\t\t<\/div>\n\t\t\t\t<\/div>\n\t\t\t\t<\/div>\n\t\t\t\t\t<\/div>\n\t\t<\/div>\n\t\t\t\t\t<\/div>\n\t\t<\/section>\n\t\t\t\t<\/div>\n\t\t","protected":false},"excerpt":{"rendered":"<p>Voir aussi l&rsquo;article de Thierry L&rsquo;Etang sur\u00a0 l&rsquo;esth\u00e9tique et l&rsquo;influence am\u00e9rindiennes dans la peinture en Martinique sur le site de promotion des cultures et des langues cr\u00e9oles, Potomitan Retour \u00e0 la liste des oeuvres<\/p>\n","protected":false},"author":1,"featured_media":0,"parent":646,"menu_order":0,"comment_status":"closed","ping_status":"closed","template":"","meta":{"jetpack_post_was_ever_published":false,"footnotes":""},"class_list":["post-382","page","type-page","status-publish","hentry","blog-blocks-layout","blog-style-postblock","","blog-alt-odd"],"yoast_head":"<!-- This site is optimized with the Yoast SEO plugin v23.0 - https:\/\/yoast.com\/wordpress\/plugins\/seo\/ -->\n<title>Invocations am\u00e9rindiennes. Peintures originales de l&#039;artiste Victor Anicet.<\/title>\n<meta name=\"description\" content=\"Invocations am\u00e9rindiennes. Tableaux sur bois ou sur toile r\u00e9alis\u00e9s entre 1975 et 1989 par l&#039;artiste martiniquais Victor Anicet.\" \/>\n<meta name=\"robots\" content=\"index, follow, max-snippet:-1, max-image-preview:large, max-video-preview:-1\" \/>\n<link rel=\"canonical\" href=\"https:\/\/ladoration.fr\/vanicet\/restitutions\/signes\/invocations-amerindiennes\/\" \/>\n<meta property=\"og:locale\" content=\"fr_FR\" \/>\n<meta property=\"og:type\" content=\"article\" \/>\n<meta property=\"og:title\" content=\"Invocations am\u00e9rindiennes. Peintures originales de l&#039;artiste Victor Anicet.\" \/>\n<meta property=\"og:description\" content=\"Invocations am\u00e9rindiennes. Tableaux sur bois ou sur toile r\u00e9alis\u00e9s entre 1975 et 1989 par l&#039;artiste martiniquais Victor Anicet.\" \/>\n<meta property=\"og:url\" content=\"https:\/\/ladoration.fr\/vanicet\/restitutions\/signes\/invocations-amerindiennes\/\" \/>\n<meta property=\"og:site_name\" content=\"Victor Anicet\" \/>\n<meta property=\"article:modified_time\" content=\"2018-04-15T17:35:46+00:00\" \/>\n<meta property=\"og:image\" content=\"http:\/\/ladoration.fr\/vanicet\/wp-content\/uploads\/2018\/04\/30032018-DSC00695-1536x2048_c.jpg\" \/>\n<meta name=\"twitter:card\" content=\"summary_large_image\" \/>\n<script type=\"application\/ld+json\" class=\"yoast-schema-graph\">{\"@context\":\"https:\/\/schema.org\",\"@graph\":[{\"@type\":\"WebPage\",\"@id\":\"https:\/\/ladoration.fr\/vanicet\/restitutions\/signes\/invocations-amerindiennes\/\",\"url\":\"https:\/\/ladoration.fr\/vanicet\/restitutions\/signes\/invocations-amerindiennes\/\",\"name\":\"Invocations am\u00e9rindiennes. Peintures originales de l'artiste Victor Anicet.\",\"isPartOf\":{\"@id\":\"https:\/\/ladoration.fr\/vanicet\/#website\"},\"primaryImageOfPage\":{\"@id\":\"https:\/\/ladoration.fr\/vanicet\/restitutions\/signes\/invocations-amerindiennes\/#primaryimage\"},\"image\":{\"@id\":\"https:\/\/ladoration.fr\/vanicet\/restitutions\/signes\/invocations-amerindiennes\/#primaryimage\"},\"thumbnailUrl\":\"http:\/\/ladoration.fr\/vanicet\/wp-content\/uploads\/2018\/04\/30032018-DSC00695-1536x2048_c.jpg\",\"datePublished\":\"2018-04-06T09:52:03+00:00\",\"dateModified\":\"2018-04-15T17:35:46+00:00\",\"description\":\"Invocations am\u00e9rindiennes. Tableaux sur bois ou sur toile r\u00e9alis\u00e9s entre 1975 et 1989 par l'artiste martiniquais Victor Anicet.\",\"breadcrumb\":{\"@id\":\"https:\/\/ladoration.fr\/vanicet\/restitutions\/signes\/invocations-amerindiennes\/#breadcrumb\"},\"inLanguage\":\"fr-FR\",\"potentialAction\":[{\"@type\":\"ReadAction\",\"target\":[\"https:\/\/ladoration.fr\/vanicet\/restitutions\/signes\/invocations-amerindiennes\/\"]}]},{\"@type\":\"ImageObject\",\"inLanguage\":\"fr-FR\",\"@id\":\"https:\/\/ladoration.fr\/vanicet\/restitutions\/signes\/invocations-amerindiennes\/#primaryimage\",\"url\":\"http:\/\/ladoration.fr\/vanicet\/wp-content\/uploads\/2018\/04\/30032018-DSC00695-1536x2048_c.jpg\",\"contentUrl\":\"http:\/\/ladoration.fr\/vanicet\/wp-content\/uploads\/2018\/04\/30032018-DSC00695-1536x2048_c.jpg\"},{\"@type\":\"BreadcrumbList\",\"@id\":\"https:\/\/ladoration.fr\/vanicet\/restitutions\/signes\/invocations-amerindiennes\/#breadcrumb\",\"itemListElement\":[{\"@type\":\"ListItem\",\"position\":1,\"name\":\"Accueil\",\"item\":\"https:\/\/ladoration.fr\/vanicet\/\"},{\"@type\":\"ListItem\",\"position\":2,\"name\":\"Restitutions\",\"item\":\"https:\/\/ladoration.fr\/vanicet\/restitutions\/\"},{\"@type\":\"ListItem\",\"position\":3,\"name\":\"Signes\",\"item\":\"https:\/\/ladoration.fr\/vanicet\/restitutions\/signes\/\"},{\"@type\":\"ListItem\",\"position\":4,\"name\":\"Invocations am\u00e9rindiennes\"}]},{\"@type\":\"WebSite\",\"@id\":\"https:\/\/ladoration.fr\/vanicet\/#website\",\"url\":\"https:\/\/ladoration.fr\/vanicet\/\",\"name\":\"Victor Anicet\",\"description\":\"Biface dit C\u00e9saire dans la Trag\u00e9die du Roi Christophe en pensant \u00e0 Janus, deux t\u00eates, deux directions, le pass\u00e9 et l&#039;Avenir\",\"potentialAction\":[{\"@type\":\"SearchAction\",\"target\":{\"@type\":\"EntryPoint\",\"urlTemplate\":\"https:\/\/ladoration.fr\/vanicet\/?s={search_term_string}\"},\"query-input\":\"required name=search_term_string\"}],\"inLanguage\":\"fr-FR\"}]}<\/script>\n<!-- \/ Yoast SEO plugin. -->","yoast_head_json":{"title":"Invocations am\u00e9rindiennes. Peintures originales de l'artiste Victor Anicet.","description":"Invocations am\u00e9rindiennes. Tableaux sur bois ou sur toile r\u00e9alis\u00e9s entre 1975 et 1989 par l'artiste martiniquais Victor Anicet.","robots":{"index":"index","follow":"follow","max-snippet":"max-snippet:-1","max-image-preview":"max-image-preview:large","max-video-preview":"max-video-preview:-1"},"canonical":"https:\/\/ladoration.fr\/vanicet\/restitutions\/signes\/invocations-amerindiennes\/","og_locale":"fr_FR","og_type":"article","og_title":"Invocations am\u00e9rindiennes. Peintures originales de l'artiste Victor Anicet.","og_description":"Invocations am\u00e9rindiennes. Tableaux sur bois ou sur toile r\u00e9alis\u00e9s entre 1975 et 1989 par l'artiste martiniquais Victor Anicet.","og_url":"https:\/\/ladoration.fr\/vanicet\/restitutions\/signes\/invocations-amerindiennes\/","og_site_name":"Victor Anicet","article_modified_time":"2018-04-15T17:35:46+00:00","og_image":[{"url":"http:\/\/ladoration.fr\/vanicet\/wp-content\/uploads\/2018\/04\/30032018-DSC00695-1536x2048_c.jpg"}],"twitter_card":"summary_large_image","schema":{"@context":"https:\/\/schema.org","@graph":[{"@type":"WebPage","@id":"https:\/\/ladoration.fr\/vanicet\/restitutions\/signes\/invocations-amerindiennes\/","url":"https:\/\/ladoration.fr\/vanicet\/restitutions\/signes\/invocations-amerindiennes\/","name":"Invocations am\u00e9rindiennes. Peintures originales de l'artiste Victor Anicet.","isPartOf":{"@id":"https:\/\/ladoration.fr\/vanicet\/#website"},"primaryImageOfPage":{"@id":"https:\/\/ladoration.fr\/vanicet\/restitutions\/signes\/invocations-amerindiennes\/#primaryimage"},"image":{"@id":"https:\/\/ladoration.fr\/vanicet\/restitutions\/signes\/invocations-amerindiennes\/#primaryimage"},"thumbnailUrl":"http:\/\/ladoration.fr\/vanicet\/wp-content\/uploads\/2018\/04\/30032018-DSC00695-1536x2048_c.jpg","datePublished":"2018-04-06T09:52:03+00:00","dateModified":"2018-04-15T17:35:46+00:00","description":"Invocations am\u00e9rindiennes. Tableaux sur bois ou sur toile r\u00e9alis\u00e9s entre 1975 et 1989 par l'artiste martiniquais Victor Anicet.","breadcrumb":{"@id":"https:\/\/ladoration.fr\/vanicet\/restitutions\/signes\/invocations-amerindiennes\/#breadcrumb"},"inLanguage":"fr-FR","potentialAction":[{"@type":"ReadAction","target":["https:\/\/ladoration.fr\/vanicet\/restitutions\/signes\/invocations-amerindiennes\/"]}]},{"@type":"ImageObject","inLanguage":"fr-FR","@id":"https:\/\/ladoration.fr\/vanicet\/restitutions\/signes\/invocations-amerindiennes\/#primaryimage","url":"http:\/\/ladoration.fr\/vanicet\/wp-content\/uploads\/2018\/04\/30032018-DSC00695-1536x2048_c.jpg","contentUrl":"http:\/\/ladoration.fr\/vanicet\/wp-content\/uploads\/2018\/04\/30032018-DSC00695-1536x2048_c.jpg"},{"@type":"BreadcrumbList","@id":"https:\/\/ladoration.fr\/vanicet\/restitutions\/signes\/invocations-amerindiennes\/#breadcrumb","itemListElement":[{"@type":"ListItem","position":1,"name":"Accueil","item":"https:\/\/ladoration.fr\/vanicet\/"},{"@type":"ListItem","position":2,"name":"Restitutions","item":"https:\/\/ladoration.fr\/vanicet\/restitutions\/"},{"@type":"ListItem","position":3,"name":"Signes","item":"https:\/\/ladoration.fr\/vanicet\/restitutions\/signes\/"},{"@type":"ListItem","position":4,"name":"Invocations am\u00e9rindiennes"}]},{"@type":"WebSite","@id":"https:\/\/ladoration.fr\/vanicet\/#website","url":"https:\/\/ladoration.fr\/vanicet\/","name":"Victor Anicet","description":"Biface dit C\u00e9saire dans la Trag\u00e9die du Roi Christophe en pensant \u00e0 Janus, deux t\u00eates, deux directions, le pass\u00e9 et l&#039;Avenir","potentialAction":[{"@type":"SearchAction","target":{"@type":"EntryPoint","urlTemplate":"https:\/\/ladoration.fr\/vanicet\/?s={search_term_string}"},"query-input":"required name=search_term_string"}],"inLanguage":"fr-FR"}]}},"jetpack_sharing_enabled":true,"jetpack_shortlink":"https:\/\/wp.me\/Pax50O-6a","_links":{"self":[{"href":"https:\/\/ladoration.fr\/vanicet\/wp-json\/wp\/v2\/pages\/382","targetHints":{"allow":["GET"]}}],"collection":[{"href":"https:\/\/ladoration.fr\/vanicet\/wp-json\/wp\/v2\/pages"}],"about":[{"href":"https:\/\/ladoration.fr\/vanicet\/wp-json\/wp\/v2\/types\/page"}],"author":[{"embeddable":true,"href":"https:\/\/ladoration.fr\/vanicet\/wp-json\/wp\/v2\/users\/1"}],"replies":[{"embeddable":true,"href":"https:\/\/ladoration.fr\/vanicet\/wp-json\/wp\/v2\/comments?post=382"}],"version-history":[{"count":16,"href":"https:\/\/ladoration.fr\/vanicet\/wp-json\/wp\/v2\/pages\/382\/revisions"}],"predecessor-version":[{"id":791,"href":"https:\/\/ladoration.fr\/vanicet\/wp-json\/wp\/v2\/pages\/382\/revisions\/791"}],"up":[{"embeddable":true,"href":"https:\/\/ladoration.fr\/vanicet\/wp-json\/wp\/v2\/pages\/646"}],"wp:attachment":[{"href":"https:\/\/ladoration.fr\/vanicet\/wp-json\/wp\/v2\/media?parent=382"}],"curies":[{"name":"wp","href":"https:\/\/api.w.org\/{rel}","templated":true}]}}