{"id":466,"date":"2018-04-09T11:45:31","date_gmt":"2018-04-09T09:45:31","guid":{"rendered":"http:\/\/ladoration.fr\/vanicet\/?page_id=466"},"modified":"2018-05-31T19:38:41","modified_gmt":"2018-05-31T17:38:41","slug":"caravelles","status":"publish","type":"page","link":"https:\/\/ladoration.fr\/vanicet\/restitutions\/autres_ceramiques\/caravelles\/","title":{"rendered":"Caravelles"},"content":{"rendered":"\t\t<div data-elementor-type=\"wp-post\" data-elementor-id=\"466\" class=\"elementor elementor-466 elementor-bc-flex-widget\">\n\t\t\t\t\t\t<section class=\"elementor-section elementor-top-section elementor-element elementor-element-6da253a elementor-section-boxed elementor-section-height-default elementor-section-height-default\" data-id=\"6da253a\" data-element_type=\"section\">\n\t\t\t\t\t\t<div class=\"elementor-container elementor-column-gap-default\">\n\t\t\t\t\t<div class=\"elementor-column elementor-col-100 elementor-top-column elementor-element elementor-element-27392d70\" data-id=\"27392d70\" data-element_type=\"column\">\n\t\t\t<div class=\"elementor-widget-wrap elementor-element-populated\">\n\t\t\t\t\t\t<div class=\"elementor-element elementor-element-4ba97219 elementor-position-top elementor-widget elementor-widget-image-box\" data-id=\"4ba97219\" data-element_type=\"widget\" data-widget_type=\"image-box.default\">\n\t\t\t\t<div class=\"elementor-widget-container\">\n\t\t\t<div class=\"elementor-image-box-wrapper\"><figure class=\"elementor-image-box-img\"><a href=\"http:\/\/ladoration.fr\/vanicet\/wp-content\/uploads\/2018\/04\/caravelles1_Anicet.jpg\" target=\"_blank\" tabindex=\"-1\"><img fetchpriority=\"high\" decoding=\"async\" width=\"709\" height=\"475\" src=\"https:\/\/ladoration.fr\/vanicet\/wp-content\/uploads\/2018\/05\/Victor-Anicet-caravelles.jpg\" class=\"attachment-full size-full wp-image-870\" alt=\"Caravelles. C\u00e9ramique de Victor Anicet expos\u00e9e en 2012 aux Foudres HSE.\" srcset=\"https:\/\/ladoration.fr\/vanicet\/wp-content\/uploads\/2018\/05\/Victor-Anicet-caravelles.jpg 709w, https:\/\/ladoration.fr\/vanicet\/wp-content\/uploads\/2018\/05\/Victor-Anicet-caravelles-300x201.jpg 300w\" sizes=\"(max-width: 709px) 100vw, 709px\" \/><\/a><\/figure><div class=\"elementor-image-box-content\"><h3 class=\"elementor-image-box-title\"><a href=\"http:\/\/ladoration.fr\/vanicet\/wp-content\/uploads\/2018\/04\/caravelles1_Anicet.jpg\" target=\"_blank\">Caravelles. C\u00e9ramiques de Victor Anicet. Foudres HSE, 2012<\/a><\/h3><\/div><\/div>\t\t<\/div>\n\t\t\t\t<\/div>\n\t\t\t\t<div class=\"elementor-element elementor-element-8accdf3 elementor-position-top elementor-widget elementor-widget-image-box\" data-id=\"8accdf3\" data-element_type=\"widget\" data-widget_type=\"image-box.default\">\n\t\t\t\t<div class=\"elementor-widget-container\">\n\t\t\t<div class=\"elementor-image-box-wrapper\"><figure class=\"elementor-image-box-img\"><a href=\"http:\/\/ladoration.fr\/vanicet\/wp-content\/uploads\/2018\/04\/caravelles1_Anicet.jpg\" target=\"_blank\" tabindex=\"-1\"><img decoding=\"async\" width=\"750\" height=\"609\" src=\"https:\/\/ladoration.fr\/vanicet\/wp-content\/uploads\/2018\/04\/caravelles1_Anicet.jpg\" class=\"attachment-full size-full wp-image-470\" alt=\"Caravelles. C\u00e9ramique de Victor Anicet expos\u00e9e en 2012 aux Foudres HSE. Cr\u00e9dits photographiques \u00a9Jean-Luc de Laguarigue\" srcset=\"https:\/\/ladoration.fr\/vanicet\/wp-content\/uploads\/2018\/04\/caravelles1_Anicet.jpg 750w, https:\/\/ladoration.fr\/vanicet\/wp-content\/uploads\/2018\/04\/caravelles1_Anicet-300x244.jpg 300w\" sizes=\"(max-width: 750px) 100vw, 750px\" \/><\/a><\/figure><div class=\"elementor-image-box-content\"><h3 class=\"elementor-image-box-title\"><a href=\"http:\/\/ladoration.fr\/vanicet\/wp-content\/uploads\/2018\/04\/caravelles1_Anicet.jpg\" target=\"_blank\">Caravelles. C\u00e9ramiques de Victor Anicet. Foudres HSE, 2012<\/a><\/h3><p class=\"elementor-image-box-description\">\u00a9Photo Jean-Luc de Laguarigue<\/p><\/div><\/div>\t\t<\/div>\n\t\t\t\t<\/div>\n\t\t\t\t<div class=\"elementor-element elementor-element-597f4d6 elementor-position-top elementor-widget elementor-widget-image-box\" data-id=\"597f4d6\" data-element_type=\"widget\" data-widget_type=\"image-box.default\">\n\t\t\t\t<div class=\"elementor-widget-container\">\n\t\t\t<div class=\"elementor-image-box-wrapper\"><figure class=\"elementor-image-box-img\"><a href=\"http:\/\/ladoration.fr\/vanicet\/wp-content\/uploads\/2018\/04\/caravelles2_Anicet.jpg\" target=\"_blank\" tabindex=\"-1\"><img decoding=\"async\" width=\"750\" height=\"602\" src=\"https:\/\/ladoration.fr\/vanicet\/wp-content\/uploads\/2018\/04\/caravelles2_Anicet.jpg\" class=\"attachment-full size-full wp-image-471\" alt=\"Caravelles. C\u00e9ramique de Victor Anicet expos\u00e9e en 2012 aux Foudres HSE. Cr\u00e9dits photographiques \u00a9Jean-Luc de Laguarigue\" srcset=\"https:\/\/ladoration.fr\/vanicet\/wp-content\/uploads\/2018\/04\/caravelles2_Anicet.jpg 750w, https:\/\/ladoration.fr\/vanicet\/wp-content\/uploads\/2018\/04\/caravelles2_Anicet-300x241.jpg 300w\" sizes=\"(max-width: 750px) 100vw, 750px\" \/><\/a><\/figure><div class=\"elementor-image-box-content\"><h3 class=\"elementor-image-box-title\"><a href=\"http:\/\/ladoration.fr\/vanicet\/wp-content\/uploads\/2018\/04\/caravelles2_Anicet.jpg\" target=\"_blank\">Caravelles. C\u00e9ramiques de Victor Anicet. Foudres HSE, 2012<\/a><\/h3><p class=\"elementor-image-box-description\">\u00a9Photo Jean-Luc de Laguarigue<\/p><\/div><\/div>\t\t<\/div>\n\t\t\t\t<\/div>\n\t\t\t\t<div class=\"elementor-element elementor-element-527dce9b elementor-position-top elementor-widget elementor-widget-image-box\" data-id=\"527dce9b\" data-element_type=\"widget\" data-widget_type=\"image-box.default\">\n\t\t\t\t<div class=\"elementor-widget-container\">\n\t\t\t<div class=\"elementor-image-box-wrapper\"><figure class=\"elementor-image-box-img\"><a href=\"http:\/\/ladoration.fr\/vanicet\/wp-content\/uploads\/2018\/04\/30032018-DSC00584-1536x1152_c2.jpg\" target=\"_blank\" tabindex=\"-1\"><img loading=\"lazy\" decoding=\"async\" width=\"1000\" height=\"750\" src=\"https:\/\/ladoration.fr\/vanicet\/wp-content\/uploads\/2018\/04\/30032018-DSC00584-1536x1152_c2.jpg\" class=\"attachment-full size-full wp-image-472\" alt=\"\" srcset=\"https:\/\/ladoration.fr\/vanicet\/wp-content\/uploads\/2018\/04\/30032018-DSC00584-1536x1152_c2.jpg 1000w, https:\/\/ladoration.fr\/vanicet\/wp-content\/uploads\/2018\/04\/30032018-DSC00584-1536x1152_c2-300x225.jpg 300w, https:\/\/ladoration.fr\/vanicet\/wp-content\/uploads\/2018\/04\/30032018-DSC00584-1536x1152_c2-768x576.jpg 768w\" sizes=\"(max-width: 1000px) 100vw, 1000px\" \/><\/a><\/figure><div class=\"elementor-image-box-content\"><h3 class=\"elementor-image-box-title\"><a href=\"http:\/\/ladoration.fr\/vanicet\/wp-content\/uploads\/2018\/04\/30032018-DSC00584-1536x1152_c2.jpg\" target=\"_blank\">Caravelles. C\u00e9ramiques (travail en cours) de Victor Anicet.<\/a><\/h3><\/div><\/div>\t\t<\/div>\n\t\t\t\t<\/div>\n\t\t\t\t<div class=\"elementor-element elementor-element-4d4ee2d6 elementor-widget elementor-widget-text-editor\" data-id=\"4d4ee2d6\" data-element_type=\"widget\" data-widget_type=\"text-editor.default\">\n\t\t\t\t<div class=\"elementor-widget-container\">\n\t\t\t\t\t\t\t<p>Sur ce projet, voir <a href=\"https:\/\/aica-sc.net\/2014\/05\/22\/nos-barques-sont-ouvertes-pour-tous-nous-les-naviguons-1\/\" target=\"_blank\" rel=\"noopener\">l&rsquo;article\u00a0<\/a> sur le site de l&rsquo;Aica<\/p><p>Voir aussi la r\u00e9alisation \u00ab\u00a0<a href=\"http:\/\/ladoration.fr\/vanicet\/restitutions\/annees-2000\/la-vision-du-vaincu\/\" target=\"_blank\" rel=\"noopener\"> la vision du vaincu<\/a>\u00a0\u00bb de 2014 dans les jardins HSE.<\/p><p>Lire \u00e9galement le texte de Guillaume Pigeard de Gurbert \u00ab\u00a0<a href=\"http:\/\/ladoration.fr\/vanicet\/textes-2\/les-maux-bleus-danicet-g-pigeard-de-gurbert\/\" target=\"_blank\" rel=\"noopener\">les maux bleus<\/a>\u00ab\u00a0<\/p>\t\t\t\t\t\t<\/div>\n\t\t\t\t<\/div>\n\t\t\t\t\t<\/div>\n\t\t<\/div>\n\t\t\t\t\t<\/div>\n\t\t<\/section>\n\t\t\t\t<section class=\"elementor-section elementor-top-section elementor-element elementor-element-57c565cb elementor-section-boxed elementor-section-height-default elementor-section-height-default\" data-id=\"57c565cb\" data-element_type=\"section\">\n\t\t\t\t\t\t<div class=\"elementor-container elementor-column-gap-default\">\n\t\t\t\t\t<div class=\"elementor-column elementor-col-100 elementor-top-column elementor-element elementor-element-4e33de52\" data-id=\"4e33de52\" data-element_type=\"column\">\n\t\t\t<div class=\"elementor-widget-wrap elementor-element-populated\">\n\t\t\t\t\t\t<div class=\"elementor-element elementor-element-2a252ebb elementor-align-center elementor-widget elementor-widget-button\" data-id=\"2a252ebb\" data-element_type=\"widget\" data-widget_type=\"button.default\">\n\t\t\t\t<div class=\"elementor-widget-container\">\n\t\t\t\t\t<div class=\"elementor-button-wrapper\">\n\t\t\t<a class=\"elementor-button elementor-button-link elementor-size-sm\" href=\"http:\/\/ladoration.fr\/vanicet\/restitutions\/\">\n\t\t\t\t\t\t<span class=\"elementor-button-content-wrapper\">\n\t\t\t\t\t\t\t\t\t<span class=\"elementor-button-text\">Retour \u00e0 la liste des oeuvres<\/span>\n\t\t\t\t\t<\/span>\n\t\t\t\t\t<\/a>\n\t\t<\/div>\n\t\t\t\t<\/div>\n\t\t\t\t<\/div>\n\t\t\t\t\t<\/div>\n\t\t<\/div>\n\t\t\t\t\t<\/div>\n\t\t<\/section>\n\t\t\t\t<\/div>\n\t\t","protected":false},"excerpt":{"rendered":"<p>Caravelles. C\u00e9ramiques de Victor Anicet. Foudres HSE, 2012 Caravelles. C\u00e9ramiques de Victor Anicet. Foudres HSE, 2012 \u00a9Photo Jean-Luc de Laguarigue Caravelles. C\u00e9ramiques de Victor Anicet. Foudres HSE, 2012 \u00a9Photo Jean-Luc de Laguarigue Caravelles. C\u00e9ramiques (travail en cours) de Victor Anicet. Sur ce projet, voir l&rsquo;article\u00a0 sur le site de l&rsquo;Aica Voir aussi la r\u00e9alisation \u00ab\u00a0 [&hellip;]<\/p>\n","protected":false},"author":1,"featured_media":0,"parent":623,"menu_order":0,"comment_status":"closed","ping_status":"closed","template":"","meta":{"jetpack_post_was_ever_published":false,"footnotes":""},"class_list":["post-466","page","type-page","status-publish","hentry","blog-blocks-layout","blog-style-postblock","","blog-alt-odd"],"yoast_head":"<!-- This site is optimized with the Yoast SEO plugin v23.0 - https:\/\/yoast.com\/wordpress\/plugins\/seo\/ -->\n<title>caravelles. C\u00e9ramiques de l&#039;artiste martiniquais Victor Anicet<\/title>\n<meta name=\"description\" content=\"Caravelles. C\u00e9ramiques de l&#039;artiste martiniquais Victor Anicet. Ce travail a \u00e9t\u00e9 repris plus tard pour le projet &quot;la vision du vaincu&quot;, oeuvre monumentale expos\u00e9es dans les jardins de l&#039;Habitation Saint-Etienne (Martinique).\" \/>\n<meta name=\"robots\" content=\"index, follow, max-snippet:-1, max-image-preview:large, max-video-preview:-1\" \/>\n<link rel=\"canonical\" href=\"https:\/\/ladoration.fr\/vanicet\/restitutions\/autres_ceramiques\/caravelles\/\" \/>\n<meta property=\"og:locale\" content=\"fr_FR\" \/>\n<meta property=\"og:type\" content=\"article\" \/>\n<meta property=\"og:title\" content=\"caravelles. C\u00e9ramiques de l&#039;artiste martiniquais Victor Anicet\" \/>\n<meta property=\"og:description\" content=\"Caravelles. C\u00e9ramiques de l&#039;artiste martiniquais Victor Anicet. Ce travail a \u00e9t\u00e9 repris plus tard pour le projet &quot;la vision du vaincu&quot;, oeuvre monumentale expos\u00e9es dans les jardins de l&#039;Habitation Saint-Etienne (Martinique).\" \/>\n<meta property=\"og:url\" content=\"https:\/\/ladoration.fr\/vanicet\/restitutions\/autres_ceramiques\/caravelles\/\" \/>\n<meta property=\"og:site_name\" content=\"Victor Anicet\" \/>\n<meta property=\"article:modified_time\" content=\"2018-05-31T17:38:41+00:00\" \/>\n<meta property=\"og:image\" content=\"http:\/\/ladoration.fr\/vanicet\/wp-content\/uploads\/2018\/05\/Victor-Anicet-caravelles.jpg\" \/>\n<meta name=\"twitter:card\" content=\"summary_large_image\" \/>\n<script type=\"application\/ld+json\" class=\"yoast-schema-graph\">{\"@context\":\"https:\/\/schema.org\",\"@graph\":[{\"@type\":\"WebPage\",\"@id\":\"https:\/\/ladoration.fr\/vanicet\/restitutions\/autres_ceramiques\/caravelles\/\",\"url\":\"https:\/\/ladoration.fr\/vanicet\/restitutions\/autres_ceramiques\/caravelles\/\",\"name\":\"caravelles. C\u00e9ramiques de l'artiste martiniquais Victor Anicet\",\"isPartOf\":{\"@id\":\"http:\/\/ladoration.fr\/vanicet\/#website\"},\"primaryImageOfPage\":{\"@id\":\"https:\/\/ladoration.fr\/vanicet\/restitutions\/autres_ceramiques\/caravelles\/#primaryimage\"},\"image\":{\"@id\":\"https:\/\/ladoration.fr\/vanicet\/restitutions\/autres_ceramiques\/caravelles\/#primaryimage\"},\"thumbnailUrl\":\"http:\/\/ladoration.fr\/vanicet\/wp-content\/uploads\/2018\/05\/Victor-Anicet-caravelles.jpg\",\"datePublished\":\"2018-04-09T09:45:31+00:00\",\"dateModified\":\"2018-05-31T17:38:41+00:00\",\"description\":\"Caravelles. C\u00e9ramiques de l'artiste martiniquais Victor Anicet. Ce travail a \u00e9t\u00e9 repris plus tard pour le projet \\\"la vision du vaincu\\\", oeuvre monumentale expos\u00e9es dans les jardins de l'Habitation Saint-Etienne (Martinique).\",\"breadcrumb\":{\"@id\":\"https:\/\/ladoration.fr\/vanicet\/restitutions\/autres_ceramiques\/caravelles\/#breadcrumb\"},\"inLanguage\":\"fr-FR\",\"potentialAction\":[{\"@type\":\"ReadAction\",\"target\":[\"https:\/\/ladoration.fr\/vanicet\/restitutions\/autres_ceramiques\/caravelles\/\"]}]},{\"@type\":\"ImageObject\",\"inLanguage\":\"fr-FR\",\"@id\":\"https:\/\/ladoration.fr\/vanicet\/restitutions\/autres_ceramiques\/caravelles\/#primaryimage\",\"url\":\"https:\/\/ladoration.fr\/vanicet\/wp-content\/uploads\/2018\/05\/Victor-Anicet-caravelles.jpg\",\"contentUrl\":\"https:\/\/ladoration.fr\/vanicet\/wp-content\/uploads\/2018\/05\/Victor-Anicet-caravelles.jpg\",\"width\":709,\"height\":475,\"caption\":\"Caravelles. C\u00e9ramique de Victor Anicet expos\u00e9e en 2012 aux Foudres HSE.\"},{\"@type\":\"BreadcrumbList\",\"@id\":\"https:\/\/ladoration.fr\/vanicet\/restitutions\/autres_ceramiques\/caravelles\/#breadcrumb\",\"itemListElement\":[{\"@type\":\"ListItem\",\"position\":1,\"name\":\"Accueil\",\"item\":\"http:\/\/ladoration.fr\/vanicet\/\"},{\"@type\":\"ListItem\",\"position\":2,\"name\":\"Restitutions\",\"item\":\"https:\/\/ladoration.fr\/vanicet\/restitutions\/\"},{\"@type\":\"ListItem\",\"position\":3,\"name\":\"Autres c\u00e9ramiques\",\"item\":\"https:\/\/ladoration.fr\/vanicet\/restitutions\/autres_ceramiques\/\"},{\"@type\":\"ListItem\",\"position\":4,\"name\":\"Caravelles\"}]},{\"@type\":\"WebSite\",\"@id\":\"http:\/\/ladoration.fr\/vanicet\/#website\",\"url\":\"http:\/\/ladoration.fr\/vanicet\/\",\"name\":\"Victor Anicet\",\"description\":\"Biface dit C\u00e9saire dans la Trag\u00e9die du Roi Christophe en pensant \u00e0 Janus, deux t\u00eates, deux directions, le pass\u00e9 et l&#039;Avenir\",\"potentialAction\":[{\"@type\":\"SearchAction\",\"target\":{\"@type\":\"EntryPoint\",\"urlTemplate\":\"http:\/\/ladoration.fr\/vanicet\/?s={search_term_string}\"},\"query-input\":\"required name=search_term_string\"}],\"inLanguage\":\"fr-FR\"}]}<\/script>\n<!-- \/ Yoast SEO plugin. -->","yoast_head_json":{"title":"caravelles. C\u00e9ramiques de l'artiste martiniquais Victor Anicet","description":"Caravelles. C\u00e9ramiques de l'artiste martiniquais Victor Anicet. Ce travail a \u00e9t\u00e9 repris plus tard pour le projet \"la vision du vaincu\", oeuvre monumentale expos\u00e9es dans les jardins de l'Habitation Saint-Etienne (Martinique).","robots":{"index":"index","follow":"follow","max-snippet":"max-snippet:-1","max-image-preview":"max-image-preview:large","max-video-preview":"max-video-preview:-1"},"canonical":"https:\/\/ladoration.fr\/vanicet\/restitutions\/autres_ceramiques\/caravelles\/","og_locale":"fr_FR","og_type":"article","og_title":"caravelles. C\u00e9ramiques de l'artiste martiniquais Victor Anicet","og_description":"Caravelles. C\u00e9ramiques de l'artiste martiniquais Victor Anicet. Ce travail a \u00e9t\u00e9 repris plus tard pour le projet \"la vision du vaincu\", oeuvre monumentale expos\u00e9es dans les jardins de l'Habitation Saint-Etienne (Martinique).","og_url":"https:\/\/ladoration.fr\/vanicet\/restitutions\/autres_ceramiques\/caravelles\/","og_site_name":"Victor Anicet","article_modified_time":"2018-05-31T17:38:41+00:00","og_image":[{"url":"http:\/\/ladoration.fr\/vanicet\/wp-content\/uploads\/2018\/05\/Victor-Anicet-caravelles.jpg"}],"twitter_card":"summary_large_image","schema":{"@context":"https:\/\/schema.org","@graph":[{"@type":"WebPage","@id":"https:\/\/ladoration.fr\/vanicet\/restitutions\/autres_ceramiques\/caravelles\/","url":"https:\/\/ladoration.fr\/vanicet\/restitutions\/autres_ceramiques\/caravelles\/","name":"caravelles. C\u00e9ramiques de l'artiste martiniquais Victor Anicet","isPartOf":{"@id":"http:\/\/ladoration.fr\/vanicet\/#website"},"primaryImageOfPage":{"@id":"https:\/\/ladoration.fr\/vanicet\/restitutions\/autres_ceramiques\/caravelles\/#primaryimage"},"image":{"@id":"https:\/\/ladoration.fr\/vanicet\/restitutions\/autres_ceramiques\/caravelles\/#primaryimage"},"thumbnailUrl":"http:\/\/ladoration.fr\/vanicet\/wp-content\/uploads\/2018\/05\/Victor-Anicet-caravelles.jpg","datePublished":"2018-04-09T09:45:31+00:00","dateModified":"2018-05-31T17:38:41+00:00","description":"Caravelles. C\u00e9ramiques de l'artiste martiniquais Victor Anicet. Ce travail a \u00e9t\u00e9 repris plus tard pour le projet \"la vision du vaincu\", oeuvre monumentale expos\u00e9es dans les jardins de l'Habitation Saint-Etienne (Martinique).","breadcrumb":{"@id":"https:\/\/ladoration.fr\/vanicet\/restitutions\/autres_ceramiques\/caravelles\/#breadcrumb"},"inLanguage":"fr-FR","potentialAction":[{"@type":"ReadAction","target":["https:\/\/ladoration.fr\/vanicet\/restitutions\/autres_ceramiques\/caravelles\/"]}]},{"@type":"ImageObject","inLanguage":"fr-FR","@id":"https:\/\/ladoration.fr\/vanicet\/restitutions\/autres_ceramiques\/caravelles\/#primaryimage","url":"https:\/\/ladoration.fr\/vanicet\/wp-content\/uploads\/2018\/05\/Victor-Anicet-caravelles.jpg","contentUrl":"https:\/\/ladoration.fr\/vanicet\/wp-content\/uploads\/2018\/05\/Victor-Anicet-caravelles.jpg","width":709,"height":475,"caption":"Caravelles. C\u00e9ramique de Victor Anicet expos\u00e9e en 2012 aux Foudres HSE."},{"@type":"BreadcrumbList","@id":"https:\/\/ladoration.fr\/vanicet\/restitutions\/autres_ceramiques\/caravelles\/#breadcrumb","itemListElement":[{"@type":"ListItem","position":1,"name":"Accueil","item":"http:\/\/ladoration.fr\/vanicet\/"},{"@type":"ListItem","position":2,"name":"Restitutions","item":"https:\/\/ladoration.fr\/vanicet\/restitutions\/"},{"@type":"ListItem","position":3,"name":"Autres c\u00e9ramiques","item":"https:\/\/ladoration.fr\/vanicet\/restitutions\/autres_ceramiques\/"},{"@type":"ListItem","position":4,"name":"Caravelles"}]},{"@type":"WebSite","@id":"http:\/\/ladoration.fr\/vanicet\/#website","url":"http:\/\/ladoration.fr\/vanicet\/","name":"Victor Anicet","description":"Biface dit C\u00e9saire dans la Trag\u00e9die du Roi Christophe en pensant \u00e0 Janus, deux t\u00eates, deux directions, le pass\u00e9 et l&#039;Avenir","potentialAction":[{"@type":"SearchAction","target":{"@type":"EntryPoint","urlTemplate":"http:\/\/ladoration.fr\/vanicet\/?s={search_term_string}"},"query-input":"required name=search_term_string"}],"inLanguage":"fr-FR"}]}},"jetpack_sharing_enabled":true,"jetpack_shortlink":"https:\/\/wp.me\/Pax50O-7w","_links":{"self":[{"href":"https:\/\/ladoration.fr\/vanicet\/wp-json\/wp\/v2\/pages\/466","targetHints":{"allow":["GET"]}}],"collection":[{"href":"https:\/\/ladoration.fr\/vanicet\/wp-json\/wp\/v2\/pages"}],"about":[{"href":"https:\/\/ladoration.fr\/vanicet\/wp-json\/wp\/v2\/types\/page"}],"author":[{"embeddable":true,"href":"https:\/\/ladoration.fr\/vanicet\/wp-json\/wp\/v2\/users\/1"}],"replies":[{"embeddable":true,"href":"https:\/\/ladoration.fr\/vanicet\/wp-json\/wp\/v2\/comments?post=466"}],"version-history":[{"count":14,"href":"https:\/\/ladoration.fr\/vanicet\/wp-json\/wp\/v2\/pages\/466\/revisions"}],"predecessor-version":[{"id":874,"href":"https:\/\/ladoration.fr\/vanicet\/wp-json\/wp\/v2\/pages\/466\/revisions\/874"}],"up":[{"embeddable":true,"href":"https:\/\/ladoration.fr\/vanicet\/wp-json\/wp\/v2\/pages\/623"}],"wp:attachment":[{"href":"https:\/\/ladoration.fr\/vanicet\/wp-json\/wp\/v2\/media?parent=466"}],"curies":[{"name":"wp","href":"https:\/\/api.w.org\/{rel}","templated":true}]}}