{"id":581,"date":"2018-04-14T11:02:12","date_gmt":"2018-04-14T09:02:12","guid":{"rendered":"http:\/\/ladoration.fr\/vanicet\/?page_id=581"},"modified":"2018-04-15T19:28:29","modified_gmt":"2018-04-15T17:28:29","slug":"choeur-de-la-paroisse-notre-dame-de-la-nativite-de-schoelcher","status":"publish","type":"page","link":"https:\/\/ladoration.fr\/vanicet\/restitutions\/animations-murales\/choeur-de-la-paroisse-notre-dame-de-la-nativite-de-schoelcher\/","title":{"rendered":"Choeur de la paroisse Notre Dame de la Nativit\u00e9 de Schoelcher"},"content":{"rendered":"\t\t<div data-elementor-type=\"wp-post\" data-elementor-id=\"581\" class=\"elementor elementor-581 elementor-bc-flex-widget\">\n\t\t\t\t\t\t<section class=\"elementor-section elementor-top-section elementor-element elementor-element-0ce4057 elementor-section-boxed elementor-section-height-default elementor-section-height-default\" data-id=\"0ce4057\" data-element_type=\"section\">\n\t\t\t\t\t\t<div class=\"elementor-container elementor-column-gap-default\">\n\t\t\t\t\t<div class=\"elementor-column elementor-col-100 elementor-top-column elementor-element elementor-element-8f5af81\" data-id=\"8f5af81\" data-element_type=\"column\">\n\t\t\t<div class=\"elementor-widget-wrap elementor-element-populated\">\n\t\t\t\t\t\t<div class=\"elementor-element elementor-element-7e7aaa1 elementor-position-top elementor-widget elementor-widget-image-box\" data-id=\"7e7aaa1\" data-element_type=\"widget\" data-widget_type=\"image-box.default\">\n\t\t\t\t<div class=\"elementor-widget-container\">\n\t\t\t<div class=\"elementor-image-box-wrapper\"><figure class=\"elementor-image-box-img\"><a href=\"http:\/\/ladoration.fr\/vanicet\/wp-content\/uploads\/2018\/04\/30032018-paroisse_Schoelcher.jpg\" target=\"_blank\" tabindex=\"-1\"><img fetchpriority=\"high\" decoding=\"async\" width=\"1000\" height=\"667\" src=\"https:\/\/ladoration.fr\/vanicet\/wp-content\/uploads\/2018\/04\/30032018-paroisse_Schoelcher.jpg\" class=\"attachment-full size-full wp-image-586\" alt=\"Paroisse de Schoelcher. Oeuvre en terre cuite de l&#039;artiste Victor Anicet.\" srcset=\"https:\/\/ladoration.fr\/vanicet\/wp-content\/uploads\/2018\/04\/30032018-paroisse_Schoelcher.jpg 1000w, https:\/\/ladoration.fr\/vanicet\/wp-content\/uploads\/2018\/04\/30032018-paroisse_Schoelcher-300x200.jpg 300w, https:\/\/ladoration.fr\/vanicet\/wp-content\/uploads\/2018\/04\/30032018-paroisse_Schoelcher-768x512.jpg 768w\" sizes=\"(max-width: 1000px) 100vw, 1000px\" \/><\/a><\/figure><div class=\"elementor-image-box-content\"><h3 class=\"elementor-image-box-title\"><a href=\"http:\/\/ladoration.fr\/vanicet\/wp-content\/uploads\/2018\/04\/30032018-paroisse_Schoelcher.jpg\" target=\"_blank\">Terre cuite. Victor Anicet<\/a><\/h3><p class=\"elementor-image-box-description\">Choeur de la paroisse Notre Dame de la Nativit\u00e9. (Schoelcher)<\/p><\/div><\/div>\t\t<\/div>\n\t\t\t\t<\/div>\n\t\t\t\t<div class=\"elementor-element elementor-element-7b04c96 elementor-widget elementor-widget-text-editor\" data-id=\"7b04c96\" data-element_type=\"widget\" data-widget_type=\"text-editor.default\">\n\t\t\t\t<div class=\"elementor-widget-container\">\n\t\t\t\t\t\t\t<p style=\"text-align: left;\"><span style=\"font-size: 14pt;\">(&#8230;) La lumi\u00e8re naturelle est ma\u00eetris\u00e9e au travers d&rsquo;un unique vitrail situ\u00e9 derri\u00e8re lema\u00eetre-autel. Le fond du ch\u0153ur est r\u00e9alis\u00e9 enti\u00e8rement \u00e0 l&rsquo;aide de produits de la terre, terre cuite et sable provenant des plages de la Martinique, \u0153uvre du plasticien Victor Anicet, symbolisant la manifestation de l\u2019Esprit Saint (&#8230;)<\/span><\/p><p style=\"text-align: left;\"><span style=\"font-size: 14pt;\">Extrait de <a href=\"http:\/\/paroisse-de-schoelcher.fr\/pr%C3%A9sentation-de-la-paroisse\/histoire\/\" target=\"_blank\" rel=\"noopener\">l&rsquo;article<\/a> sur l&rsquo;histoire de l&rsquo;\u00e9glise sur le site de la paroisse.<\/span><\/p>\t\t\t\t\t\t<\/div>\n\t\t\t\t<\/div>\n\t\t\t\t<div class=\"elementor-element elementor-element-26d4244 elementor-widget elementor-widget-text-editor\" data-id=\"26d4244\" data-element_type=\"widget\" data-widget_type=\"text-editor.default\">\n\t\t\t\t<div class=\"elementor-widget-container\">\n\t\t\t\t\t\t\t<p style=\"text-align: left;\"><span style=\"font-size: 14pt;\">Voir aussi un autre projet: <a href=\"http:\/\/ladoration.fr\/vanicet\/restitutions\/annees-2000\/vitraux\/\" target=\"_blank\" rel=\"noopener\">les vitraux de la cath\u00e9drale<\/a>\u00a0Notre-Dame du Bon Port de Saint-Pierre (Martinique)<\/span><\/p>\t\t\t\t\t\t<\/div>\n\t\t\t\t<\/div>\n\t\t\t\t\t<\/div>\n\t\t<\/div>\n\t\t\t\t\t<\/div>\n\t\t<\/section>\n\t\t\t\t<section class=\"elementor-section elementor-top-section elementor-element elementor-element-1a1f59e6 elementor-section-boxed elementor-section-height-default elementor-section-height-default\" data-id=\"1a1f59e6\" data-element_type=\"section\">\n\t\t\t\t\t\t<div class=\"elementor-container elementor-column-gap-default\">\n\t\t\t\t\t<div class=\"elementor-column elementor-col-100 elementor-top-column elementor-element elementor-element-763d5cfc\" data-id=\"763d5cfc\" data-element_type=\"column\">\n\t\t\t<div class=\"elementor-widget-wrap elementor-element-populated\">\n\t\t\t\t\t\t<div class=\"elementor-element elementor-element-3797dd55 elementor-align-center elementor-widget elementor-widget-button\" data-id=\"3797dd55\" data-element_type=\"widget\" data-widget_type=\"button.default\">\n\t\t\t\t<div class=\"elementor-widget-container\">\n\t\t\t\t\t<div class=\"elementor-button-wrapper\">\n\t\t\t<a class=\"elementor-button elementor-button-link elementor-size-sm\" href=\"http:\/\/ladoration.fr\/vanicet\/restitutions\/\">\n\t\t\t\t\t\t<span class=\"elementor-button-content-wrapper\">\n\t\t\t\t\t\t\t\t\t<span class=\"elementor-button-text\">Retour \u00e0 la liste des oeuvres<\/span>\n\t\t\t\t\t<\/span>\n\t\t\t\t\t<\/a>\n\t\t<\/div>\n\t\t\t\t<\/div>\n\t\t\t\t<\/div>\n\t\t\t\t\t<\/div>\n\t\t<\/div>\n\t\t\t\t\t<\/div>\n\t\t<\/section>\n\t\t\t\t<\/div>\n\t\t","protected":false},"excerpt":{"rendered":"<p>Terre cuite. Victor Anicet Choeur de la paroisse Notre Dame de la Nativit\u00e9. (Schoelcher) (&#8230;) La lumi\u00e8re naturelle est ma\u00eetris\u00e9e au travers d&rsquo;un unique vitrail situ\u00e9 derri\u00e8re lema\u00eetre-autel. Le fond du ch\u0153ur est r\u00e9alis\u00e9 enti\u00e8rement \u00e0 l&rsquo;aide de produits de la terre, terre cuite et sable provenant des plages de la Martinique, \u0153uvre du plasticien [&hellip;]<\/p>\n","protected":false},"author":1,"featured_media":0,"parent":630,"menu_order":0,"comment_status":"closed","ping_status":"closed","template":"","meta":{"jetpack_post_was_ever_published":false,"footnotes":""},"class_list":["post-581","page","type-page","status-publish","hentry","blog-blocks-layout","blog-style-postblock","","blog-alt-odd"],"yoast_head":"<!-- This site is optimized with the Yoast SEO plugin v23.0 - https:\/\/yoast.com\/wordpress\/plugins\/seo\/ -->\n<title>Paroisse Schoelcher. Oeuvre en terre cuite de l&#039;artiste Victor Anicet.<\/title>\n<meta name=\"description\" content=\"Paroisse Schoelcher. Le fond du ch\u0153ur est r\u00e9alis\u00e9 enti\u00e8rement \u00e0 l&#039;aide de produits de la terre, terre cuite et sable provenant des plages de la Martinique, \u0153uvre du plasticien Victor Anicet, symbolisant la manifestation de l\u2019Esprit Saint.\" \/>\n<meta name=\"robots\" content=\"index, follow, max-snippet:-1, max-image-preview:large, max-video-preview:-1\" \/>\n<link rel=\"canonical\" href=\"https:\/\/ladoration.fr\/vanicet\/restitutions\/animations-murales\/choeur-de-la-paroisse-notre-dame-de-la-nativite-de-schoelcher\/\" \/>\n<meta property=\"og:locale\" content=\"fr_FR\" \/>\n<meta property=\"og:type\" content=\"article\" \/>\n<meta property=\"og:title\" content=\"Paroisse Schoelcher. Oeuvre en terre cuite de l&#039;artiste Victor Anicet.\" \/>\n<meta property=\"og:description\" content=\"Paroisse Schoelcher. Le fond du ch\u0153ur est r\u00e9alis\u00e9 enti\u00e8rement \u00e0 l&#039;aide de produits de la terre, terre cuite et sable provenant des plages de la Martinique, \u0153uvre du plasticien Victor Anicet, symbolisant la manifestation de l\u2019Esprit Saint.\" \/>\n<meta property=\"og:url\" content=\"https:\/\/ladoration.fr\/vanicet\/restitutions\/animations-murales\/choeur-de-la-paroisse-notre-dame-de-la-nativite-de-schoelcher\/\" \/>\n<meta property=\"og:site_name\" content=\"Victor Anicet\" \/>\n<meta property=\"article:modified_time\" content=\"2018-04-15T17:28:29+00:00\" \/>\n<meta property=\"og:image\" content=\"http:\/\/ladoration.fr\/vanicet\/wp-content\/uploads\/2018\/04\/30032018-paroisse_Schoelcher.jpg\" \/>\n<meta name=\"twitter:card\" content=\"summary_large_image\" \/>\n<meta name=\"twitter:label1\" content=\"Dur\u00e9e de lecture estim\u00e9e\" \/>\n\t<meta name=\"twitter:data1\" content=\"1 minute\" \/>\n<script type=\"application\/ld+json\" class=\"yoast-schema-graph\">{\"@context\":\"https:\/\/schema.org\",\"@graph\":[{\"@type\":\"WebPage\",\"@id\":\"https:\/\/ladoration.fr\/vanicet\/restitutions\/animations-murales\/choeur-de-la-paroisse-notre-dame-de-la-nativite-de-schoelcher\/\",\"url\":\"https:\/\/ladoration.fr\/vanicet\/restitutions\/animations-murales\/choeur-de-la-paroisse-notre-dame-de-la-nativite-de-schoelcher\/\",\"name\":\"Paroisse Schoelcher. Oeuvre en terre cuite de l'artiste Victor Anicet.\",\"isPartOf\":{\"@id\":\"http:\/\/ladoration.fr\/vanicet\/#website\"},\"primaryImageOfPage\":{\"@id\":\"https:\/\/ladoration.fr\/vanicet\/restitutions\/animations-murales\/choeur-de-la-paroisse-notre-dame-de-la-nativite-de-schoelcher\/#primaryimage\"},\"image\":{\"@id\":\"https:\/\/ladoration.fr\/vanicet\/restitutions\/animations-murales\/choeur-de-la-paroisse-notre-dame-de-la-nativite-de-schoelcher\/#primaryimage\"},\"thumbnailUrl\":\"http:\/\/ladoration.fr\/vanicet\/wp-content\/uploads\/2018\/04\/30032018-paroisse_Schoelcher.jpg\",\"datePublished\":\"2018-04-14T09:02:12+00:00\",\"dateModified\":\"2018-04-15T17:28:29+00:00\",\"description\":\"Paroisse Schoelcher. Le fond du ch\u0153ur est r\u00e9alis\u00e9 enti\u00e8rement \u00e0 l'aide de produits de la terre, terre cuite et sable provenant des plages de la Martinique, \u0153uvre du plasticien Victor Anicet, symbolisant la manifestation de l\u2019Esprit Saint.\",\"breadcrumb\":{\"@id\":\"https:\/\/ladoration.fr\/vanicet\/restitutions\/animations-murales\/choeur-de-la-paroisse-notre-dame-de-la-nativite-de-schoelcher\/#breadcrumb\"},\"inLanguage\":\"fr-FR\",\"potentialAction\":[{\"@type\":\"ReadAction\",\"target\":[\"https:\/\/ladoration.fr\/vanicet\/restitutions\/animations-murales\/choeur-de-la-paroisse-notre-dame-de-la-nativite-de-schoelcher\/\"]}]},{\"@type\":\"ImageObject\",\"inLanguage\":\"fr-FR\",\"@id\":\"https:\/\/ladoration.fr\/vanicet\/restitutions\/animations-murales\/choeur-de-la-paroisse-notre-dame-de-la-nativite-de-schoelcher\/#primaryimage\",\"url\":\"http:\/\/ladoration.fr\/vanicet\/wp-content\/uploads\/2018\/04\/30032018-paroisse_Schoelcher.jpg\",\"contentUrl\":\"http:\/\/ladoration.fr\/vanicet\/wp-content\/uploads\/2018\/04\/30032018-paroisse_Schoelcher.jpg\"},{\"@type\":\"BreadcrumbList\",\"@id\":\"https:\/\/ladoration.fr\/vanicet\/restitutions\/animations-murales\/choeur-de-la-paroisse-notre-dame-de-la-nativite-de-schoelcher\/#breadcrumb\",\"itemListElement\":[{\"@type\":\"ListItem\",\"position\":1,\"name\":\"Accueil\",\"item\":\"http:\/\/ladoration.fr\/vanicet\/\"},{\"@type\":\"ListItem\",\"position\":2,\"name\":\"Restitutions\",\"item\":\"https:\/\/ladoration.fr\/vanicet\/restitutions\/\"},{\"@type\":\"ListItem\",\"position\":3,\"name\":\"Animations murales\",\"item\":\"http:\/\/ladoration.fr\/vanicet\/restitutions\/animations-murales\/\"},{\"@type\":\"ListItem\",\"position\":4,\"name\":\"Choeur de la paroisse Notre Dame de la Nativit\u00e9 de Schoelcher\"}]},{\"@type\":\"WebSite\",\"@id\":\"http:\/\/ladoration.fr\/vanicet\/#website\",\"url\":\"http:\/\/ladoration.fr\/vanicet\/\",\"name\":\"Victor Anicet\",\"description\":\"Biface dit C\u00e9saire dans la Trag\u00e9die du Roi Christophe en pensant \u00e0 Janus, deux t\u00eates, deux directions, le pass\u00e9 et l&#039;Avenir\",\"potentialAction\":[{\"@type\":\"SearchAction\",\"target\":{\"@type\":\"EntryPoint\",\"urlTemplate\":\"http:\/\/ladoration.fr\/vanicet\/?s={search_term_string}\"},\"query-input\":\"required name=search_term_string\"}],\"inLanguage\":\"fr-FR\"}]}<\/script>\n<!-- \/ Yoast SEO plugin. -->","yoast_head_json":{"title":"Paroisse Schoelcher. Oeuvre en terre cuite de l'artiste Victor Anicet.","description":"Paroisse Schoelcher. Le fond du ch\u0153ur est r\u00e9alis\u00e9 enti\u00e8rement \u00e0 l'aide de produits de la terre, terre cuite et sable provenant des plages de la Martinique, \u0153uvre du plasticien Victor Anicet, symbolisant la manifestation de l\u2019Esprit Saint.","robots":{"index":"index","follow":"follow","max-snippet":"max-snippet:-1","max-image-preview":"max-image-preview:large","max-video-preview":"max-video-preview:-1"},"canonical":"https:\/\/ladoration.fr\/vanicet\/restitutions\/animations-murales\/choeur-de-la-paroisse-notre-dame-de-la-nativite-de-schoelcher\/","og_locale":"fr_FR","og_type":"article","og_title":"Paroisse Schoelcher. Oeuvre en terre cuite de l'artiste Victor Anicet.","og_description":"Paroisse Schoelcher. Le fond du ch\u0153ur est r\u00e9alis\u00e9 enti\u00e8rement \u00e0 l'aide de produits de la terre, terre cuite et sable provenant des plages de la Martinique, \u0153uvre du plasticien Victor Anicet, symbolisant la manifestation de l\u2019Esprit Saint.","og_url":"https:\/\/ladoration.fr\/vanicet\/restitutions\/animations-murales\/choeur-de-la-paroisse-notre-dame-de-la-nativite-de-schoelcher\/","og_site_name":"Victor Anicet","article_modified_time":"2018-04-15T17:28:29+00:00","og_image":[{"url":"http:\/\/ladoration.fr\/vanicet\/wp-content\/uploads\/2018\/04\/30032018-paroisse_Schoelcher.jpg"}],"twitter_card":"summary_large_image","twitter_misc":{"Dur\u00e9e de lecture estim\u00e9e":"1 minute"},"schema":{"@context":"https:\/\/schema.org","@graph":[{"@type":"WebPage","@id":"https:\/\/ladoration.fr\/vanicet\/restitutions\/animations-murales\/choeur-de-la-paroisse-notre-dame-de-la-nativite-de-schoelcher\/","url":"https:\/\/ladoration.fr\/vanicet\/restitutions\/animations-murales\/choeur-de-la-paroisse-notre-dame-de-la-nativite-de-schoelcher\/","name":"Paroisse Schoelcher. Oeuvre en terre cuite de l'artiste Victor Anicet.","isPartOf":{"@id":"http:\/\/ladoration.fr\/vanicet\/#website"},"primaryImageOfPage":{"@id":"https:\/\/ladoration.fr\/vanicet\/restitutions\/animations-murales\/choeur-de-la-paroisse-notre-dame-de-la-nativite-de-schoelcher\/#primaryimage"},"image":{"@id":"https:\/\/ladoration.fr\/vanicet\/restitutions\/animations-murales\/choeur-de-la-paroisse-notre-dame-de-la-nativite-de-schoelcher\/#primaryimage"},"thumbnailUrl":"http:\/\/ladoration.fr\/vanicet\/wp-content\/uploads\/2018\/04\/30032018-paroisse_Schoelcher.jpg","datePublished":"2018-04-14T09:02:12+00:00","dateModified":"2018-04-15T17:28:29+00:00","description":"Paroisse Schoelcher. Le fond du ch\u0153ur est r\u00e9alis\u00e9 enti\u00e8rement \u00e0 l'aide de produits de la terre, terre cuite et sable provenant des plages de la Martinique, \u0153uvre du plasticien Victor Anicet, symbolisant la manifestation de l\u2019Esprit Saint.","breadcrumb":{"@id":"https:\/\/ladoration.fr\/vanicet\/restitutions\/animations-murales\/choeur-de-la-paroisse-notre-dame-de-la-nativite-de-schoelcher\/#breadcrumb"},"inLanguage":"fr-FR","potentialAction":[{"@type":"ReadAction","target":["https:\/\/ladoration.fr\/vanicet\/restitutions\/animations-murales\/choeur-de-la-paroisse-notre-dame-de-la-nativite-de-schoelcher\/"]}]},{"@type":"ImageObject","inLanguage":"fr-FR","@id":"https:\/\/ladoration.fr\/vanicet\/restitutions\/animations-murales\/choeur-de-la-paroisse-notre-dame-de-la-nativite-de-schoelcher\/#primaryimage","url":"http:\/\/ladoration.fr\/vanicet\/wp-content\/uploads\/2018\/04\/30032018-paroisse_Schoelcher.jpg","contentUrl":"http:\/\/ladoration.fr\/vanicet\/wp-content\/uploads\/2018\/04\/30032018-paroisse_Schoelcher.jpg"},{"@type":"BreadcrumbList","@id":"https:\/\/ladoration.fr\/vanicet\/restitutions\/animations-murales\/choeur-de-la-paroisse-notre-dame-de-la-nativite-de-schoelcher\/#breadcrumb","itemListElement":[{"@type":"ListItem","position":1,"name":"Accueil","item":"http:\/\/ladoration.fr\/vanicet\/"},{"@type":"ListItem","position":2,"name":"Restitutions","item":"https:\/\/ladoration.fr\/vanicet\/restitutions\/"},{"@type":"ListItem","position":3,"name":"Animations murales","item":"http:\/\/ladoration.fr\/vanicet\/restitutions\/animations-murales\/"},{"@type":"ListItem","position":4,"name":"Choeur de la paroisse Notre Dame de la Nativit\u00e9 de Schoelcher"}]},{"@type":"WebSite","@id":"http:\/\/ladoration.fr\/vanicet\/#website","url":"http:\/\/ladoration.fr\/vanicet\/","name":"Victor Anicet","description":"Biface dit C\u00e9saire dans la Trag\u00e9die du Roi Christophe en pensant \u00e0 Janus, deux t\u00eates, deux directions, le pass\u00e9 et l&#039;Avenir","potentialAction":[{"@type":"SearchAction","target":{"@type":"EntryPoint","urlTemplate":"http:\/\/ladoration.fr\/vanicet\/?s={search_term_string}"},"query-input":"required name=search_term_string"}],"inLanguage":"fr-FR"}]}},"jetpack_sharing_enabled":true,"jetpack_shortlink":"https:\/\/wp.me\/Pax50O-9n","_links":{"self":[{"href":"https:\/\/ladoration.fr\/vanicet\/wp-json\/wp\/v2\/pages\/581","targetHints":{"allow":["GET"]}}],"collection":[{"href":"https:\/\/ladoration.fr\/vanicet\/wp-json\/wp\/v2\/pages"}],"about":[{"href":"https:\/\/ladoration.fr\/vanicet\/wp-json\/wp\/v2\/types\/page"}],"author":[{"embeddable":true,"href":"https:\/\/ladoration.fr\/vanicet\/wp-json\/wp\/v2\/users\/1"}],"replies":[{"embeddable":true,"href":"https:\/\/ladoration.fr\/vanicet\/wp-json\/wp\/v2\/comments?post=581"}],"version-history":[{"count":10,"href":"https:\/\/ladoration.fr\/vanicet\/wp-json\/wp\/v2\/pages\/581\/revisions"}],"predecessor-version":[{"id":776,"href":"https:\/\/ladoration.fr\/vanicet\/wp-json\/wp\/v2\/pages\/581\/revisions\/776"}],"up":[{"embeddable":true,"href":"https:\/\/ladoration.fr\/vanicet\/wp-json\/wp\/v2\/pages\/630"}],"wp:attachment":[{"href":"https:\/\/ladoration.fr\/vanicet\/wp-json\/wp\/v2\/media?parent=581"}],"curies":[{"name":"wp","href":"https:\/\/api.w.org\/{rel}","templated":true}]}}